{"id":4018,"date":"2022-05-19T12:22:29","date_gmt":"2022-05-19T12:22:29","guid":{"rendered":"https:\/\/www.filtoprofiles.com\/product\/t-profile\/"},"modified":"2023-03-16T04:37:41","modified_gmt":"2023-03-16T04:37:41","slug":"t-profile","status":"publish","type":"product","link":"https:\/\/www.filtoprofiles.com\/fr\/produit\/t-profile\/","title":{"rendered":"Profil\u00e9s En T"},"content":{"rendered":"<h4>Profil en T LAITON M\u00c9TRIQUE STANDARD L X H XT (millim\u00e8tres)<\/h4>\n<div id=\"tablepress-17-scroll-wrapper\" class=\"tablepress-scroll-wrapper\">\n\n<table id=\"tablepress-17\" class=\"tablepress tablepress-id-17 tablepress-responsive\">\n<tbody class=\"row-striping row-hover\">\n<tr class=\"row-1\">\n\t<td class=\"column-1\">8X8X2<br \/>\n<br \/>\n<\/td><td class=\"column-2\">10X10X1.5<\/td><td class=\"column-3\">15X8X1.5 <\/td><td class=\"column-4\">20X20X2<\/td><td class=\"column-5\">25X25X2<\/td><td class=\"column-6\">30X30X2<\/td><td class=\"column-7\">40x40x3 <\/td><td class=\"column-8\">50X50X5<\/td>\n<\/tr>\n<tr class=\"row-2\">\n\t<td class=\"column-1\"><\/td><td class=\"column-2\">10X10X2<\/td><td class=\"column-3\">15X9X4 <\/td><td class=\"column-4\">20X20X3<\/td><td class=\"column-5\">25X25X3<\/td><td class=\"column-6\">30X30X3<\/td><td class=\"column-7\">40X40X4<\/td><td class=\"column-8\">50X50X3<\/td>\n<\/tr>\n<tr class=\"row-3\">\n\t<td class=\"column-1\"><\/td><td class=\"column-2\"><\/td><td class=\"column-3\">15X15X2<\/td><td class=\"column-4\">20X6X3<\/td><td class=\"column-5\">25X25X4<\/td><td class=\"column-6\"><\/td><td class=\"column-7\">40X40X20<\/td><td class=\"column-8\"><\/td>\n<\/tr>\n<tr class=\"row-4\">\n\t<td class=\"column-1\"><\/td><td class=\"column-2\">12X12X3<\/td><td class=\"column-3\">15X12X2<\/td><td class=\"column-4\"><\/td><td class=\"column-5\">25X15X5<\/td><td class=\"column-6\">35x35x3<\/td><td class=\"column-7\"><\/td><td class=\"column-8\"><\/td>\n<\/tr>\n<\/tbody>\n<\/table>\n\n<\/div><!-- #tablepress-17 from cache -->\n<p><strong>*Autres tailles de profils en T en laiton m\u00e9triques sur demande.<\/strong><\/p>\n<p><strong>LAITON IMP\u00c9RIAL STANDARD Profil en T L X H XT (millim\u00e8tres)<\/strong><\/p>\n<div id=\"tablepress-18-scroll-wrapper\" class=\"tablepress-scroll-wrapper\">\n\n<table id=\"tablepress-18\" class=\"tablepress tablepress-id-18 tablepress-responsive\">\n<tbody class=\"row-striping row-hover\">\n<tr class=\"row-1\">\n\t<td class=\"column-1\">1\/2\" X 1\/2\" X 1\/16\"<br \/>\n<br \/>\n<\/td><td class=\"column-2\">1\/2\"X1\/2\"X1\/8\"<\/td><td class=\"column-3\">3\/4\" X 3\/4\" X 3\/16\"<\/td><td class=\"column-4\">1.1\/2\" X 1.1\/2\" X 1\/4\u201d<\/td>\n<\/tr>\n<tr class=\"row-2\">\n\t<td class=\"column-1\">3\/4\" X 3\/4\" X 1\/16\"<\/td><td class=\"column-2\">5\/8\" X 5\/8\" X 1\/8\"<\/td><td class=\"column-3\">5\/8\" X 5\/8\" X 1\/16\"<\/td><td class=\"column-4\"><\/td>\n<\/tr>\n<tr class=\"row-3\">\n\t<td class=\"column-1\"><\/td><td class=\"column-2\">3\/4\" X 3\/4\" X 1\/8\"<\/td><td class=\"column-3\"><\/td><td class=\"column-4\"><\/td>\n<\/tr>\n<tr class=\"row-4\">\n\t<td class=\"column-1\"><\/td><td class=\"column-2\">1.1\/2\" X 1.1\/2\" X 1\/8\"<br \/>\n<br \/>\n<\/td><td class=\"column-3\"><\/td><td class=\"column-4\"><\/td>\n<\/tr>\n<tr class=\"row-5\">\n\t<td class=\"column-1\"><\/td><td class=\"column-2\">1\" X 1\" X 1\/8\"<br \/>\n<br \/>\n<\/td><td class=\"column-3\"><\/td><td class=\"column-4\"><\/td>\n<\/tr>\n<\/tbody>\n<\/table>\n\n<\/div><!-- #tablepress-18 from cache -->\n<p><strong>*\u00a0Autres tailles de profil\u00e9s en T en laiton imp\u00e9rial\u00a0sur\u00a0demande.<\/strong><\/p>\n<p>&nbsp;<\/p>\n","protected":false},"excerpt":{"rendered":"<p>Filto Profiles produit des t\u00e9s en laiton ou des profils en T g\u00e9n\u00e9ralement utilis\u00e9s \u00e0 des fins d\u00e9coratives. Nous fournissons des t\u00e9s imp\u00e9riaux et m\u00e9triques dans une large gamme de qualit\u00e9s et de tailles \u00e0 des prix comp\u00e9titifs et de haute qualit\u00e9.<\/p>\n<p>Couper \u00e0 la longueur requise jusqu&rsquo;\u00e0 6 m\u00e8tres.<\/p>\n<p>Nos ing\u00e9nieurs exp\u00e9riment\u00e9s se feront un plaisir de vous aider \u00e0 choisir la taille, l&rsquo;alliage et la longueur de notre profil\u00e9 en T en laiton qui vous conviendront le mieux.<\/p>\n<p>Vous trouverez ci-dessous la liste mise \u00e0 jour de nos profils en T en laiton m\u00e9triques et imp\u00e9riaux, des t\u00e9s en laiton \u00e9gaux et des profils en T en laiton in\u00e9gaux.<\/p>\n","protected":false},"featured_media":1662,"template":"","meta":[],"product_cat":[68],"product_tag":[],"class_list":["post-4018","product","type-product","status-publish","has-post-thumbnail","hentry","product_cat-sections-fr"],"yoast_head":"<!-- This site is optimized with the Yoast SEO Premium plugin v27.1 (Yoast SEO v27.1.1) - https:\/\/yoast.com\/product\/yoast-seo-premium-wordpress\/ -->\n<title>Profil\u00e9s En T - Filto Profiles<\/title>\n<meta name=\"robots\" content=\"index, follow, max-snippet:-1, max-image-preview:large, max-video-preview:-1\" \/>\n<link rel=\"canonical\" href=\"https:\/\/www.filtoprofiles.com\/fr\/produit\/t-profile\/\" \/>\n<meta property=\"og:locale\" content=\"fr_FR\" \/>\n<meta property=\"og:type\" content=\"article\" \/>\n<meta property=\"og:title\" content=\"Profil\u00e9s En T\" \/>\n<meta property=\"og:description\" content=\"Filto Profiles produit des t\u00e9s en laiton ou des profils en T g\u00e9n\u00e9ralement utilis\u00e9s \u00e0 des fins d\u00e9coratives. Nous fournissons des t\u00e9s imp\u00e9riaux et m\u00e9triques dans une large gamme de qualit\u00e9s et de tailles \u00e0 des prix comp\u00e9titifs et de haute qualit\u00e9.  Couper \u00e0 la longueur requise jusqu&#039;\u00e0 6 m\u00e8tres.  Nos ing\u00e9nieurs exp\u00e9riment\u00e9s se feront un plaisir de vous aider \u00e0 choisir la taille, l&#039;alliage et la longueur de notre profil\u00e9 en T en laiton qui vous conviendront le mieux.  Vous trouverez ci-dessous la liste mise \u00e0 jour de nos profils en T en laiton m\u00e9triques et imp\u00e9riaux, des t\u00e9s en laiton \u00e9gaux et des profils en T en laiton in\u00e9gaux.\" \/>\n<meta property=\"og:url\" content=\"https:\/\/www.filtoprofiles.com\/fr\/produit\/t-profile\/\" \/>\n<meta property=\"og:site_name\" content=\"Filto Profiles\" \/>\n<meta property=\"article:publisher\" content=\"https:\/\/www.facebook.com\/filtoprofiles\" \/>\n<meta property=\"article:modified_time\" content=\"2023-03-16T04:37:41+00:00\" \/>\n<meta property=\"og:image\" content=\"https:\/\/www.filtoprofiles.com\/wp-content\/uploads\/2022\/04\/STANDProfiles054-1-scaled.jpg\" \/>\n\t<meta property=\"og:image:width\" content=\"1707\" \/>\n\t<meta property=\"og:image:height\" content=\"2560\" \/>\n\t<meta property=\"og:image:type\" content=\"image\/jpeg\" \/>\n<meta name=\"twitter:card\" content=\"summary_large_image\" \/>\n<script type=\"application\/ld+json\" class=\"yoast-schema-graph\">{\"@context\":\"https:\/\/schema.org\",\"@graph\":[{\"@type\":\"WebPage\",\"@id\":\"https:\/\/www.filtoprofiles.com\/fr\/produit\/t-profile\/\",\"url\":\"https:\/\/www.filtoprofiles.com\/fr\/produit\/t-profile\/\",\"name\":\"Profil\u00e9s En T - Filto Profiles\",\"isPartOf\":{\"@id\":\"https:\/\/www.filtoprofiles.com\/#website\"},\"primaryImageOfPage\":{\"@id\":\"https:\/\/www.filtoprofiles.com\/fr\/produit\/t-profile\/#primaryimage\"},\"image\":{\"@id\":\"https:\/\/www.filtoprofiles.com\/fr\/produit\/t-profile\/#primaryimage\"},\"thumbnailUrl\":\"https:\/\/www.filtoprofiles.com\/wp-content\/uploads\/2022\/04\/STANDProfiles054-1-scaled.jpg\",\"datePublished\":\"2022-05-19T12:22:29+00:00\",\"dateModified\":\"2023-03-16T04:37:41+00:00\",\"breadcrumb\":{\"@id\":\"https:\/\/www.filtoprofiles.com\/fr\/produit\/t-profile\/#breadcrumb\"},\"inLanguage\":\"fr-FR\",\"potentialAction\":[{\"@type\":\"ReadAction\",\"target\":[\"https:\/\/www.filtoprofiles.com\/fr\/produit\/t-profile\/\"]}]},{\"@type\":\"ImageObject\",\"inLanguage\":\"fr-FR\",\"@id\":\"https:\/\/www.filtoprofiles.com\/fr\/produit\/t-profile\/#primaryimage\",\"url\":\"https:\/\/www.filtoprofiles.com\/wp-content\/uploads\/2022\/04\/STANDProfiles054-1-scaled.jpg\",\"contentUrl\":\"https:\/\/www.filtoprofiles.com\/wp-content\/uploads\/2022\/04\/STANDProfiles054-1-scaled.jpg\",\"width\":1707,\"height\":2560,\"caption\":\"Filto Profiles T brass profile\"},{\"@type\":\"BreadcrumbList\",\"@id\":\"https:\/\/www.filtoprofiles.com\/fr\/produit\/t-profile\/#breadcrumb\",\"itemListElement\":[{\"@type\":\"ListItem\",\"position\":1,\"name\":\"Home\",\"item\":\"https:\/\/www.filtoprofiles.com\/ca\/\"},{\"@type\":\"ListItem\",\"position\":2,\"name\":\"Boutique\",\"item\":\"https:\/\/www.filtoprofiles.com\/fr\/boutique\/\"},{\"@type\":\"ListItem\",\"position\":3,\"name\":\"Profil\u00e9s En T\"}]},{\"@type\":\"WebSite\",\"@id\":\"https:\/\/www.filtoprofiles.com\/#website\",\"url\":\"https:\/\/www.filtoprofiles.com\/\",\"name\":\"Filto Profiles\",\"description\":\"Brass Profiles Producer\",\"publisher\":{\"@id\":\"https:\/\/www.filtoprofiles.com\/#organization\"},\"alternateName\":\"Filto\",\"potentialAction\":[{\"@type\":\"SearchAction\",\"target\":{\"@type\":\"EntryPoint\",\"urlTemplate\":\"https:\/\/www.filtoprofiles.com\/?s={search_term_string}\"},\"query-input\":{\"@type\":\"PropertyValueSpecification\",\"valueRequired\":true,\"valueName\":\"search_term_string\"}}],\"inLanguage\":\"fr-FR\"},{\"@type\":\"Organization\",\"@id\":\"https:\/\/www.filtoprofiles.com\/#organization\",\"name\":\"Filto Profiles\",\"alternateName\":\"Filto\",\"url\":\"https:\/\/www.filtoprofiles.com\/\",\"logo\":{\"@type\":\"ImageObject\",\"inLanguage\":\"fr-FR\",\"@id\":\"https:\/\/www.filtoprofiles.com\/#\/schema\/logo\/image\/\",\"url\":\"https:\/\/www.filtoprofiles.com\/wp-content\/uploads\/2023\/04\/filto-logo.jpg\",\"contentUrl\":\"https:\/\/www.filtoprofiles.com\/wp-content\/uploads\/2023\/04\/filto-logo.jpg\",\"width\":420,\"height\":420,\"caption\":\"Filto Profiles\"},\"image\":{\"@id\":\"https:\/\/www.filtoprofiles.com\/#\/schema\/logo\/image\/\"},\"sameAs\":[\"https:\/\/www.facebook.com\/filtoprofiles\",\"https:\/\/www.linkedin.com\/company\/3302369\"]}]}<\/script>\n<!-- \/ Yoast SEO Premium plugin. -->","yoast_head_json":{"title":"Profil\u00e9s En T - Filto Profiles","robots":{"index":"index","follow":"follow","max-snippet":"max-snippet:-1","max-image-preview":"max-image-preview:large","max-video-preview":"max-video-preview:-1"},"canonical":"https:\/\/www.filtoprofiles.com\/fr\/produit\/t-profile\/","og_locale":"fr_FR","og_type":"article","og_title":"Profil\u00e9s En T","og_description":"Filto Profiles produit des t\u00e9s en laiton ou des profils en T g\u00e9n\u00e9ralement utilis\u00e9s \u00e0 des fins d\u00e9coratives. Nous fournissons des t\u00e9s imp\u00e9riaux et m\u00e9triques dans une large gamme de qualit\u00e9s et de tailles \u00e0 des prix comp\u00e9titifs et de haute qualit\u00e9.  Couper \u00e0 la longueur requise jusqu'\u00e0 6 m\u00e8tres.  Nos ing\u00e9nieurs exp\u00e9riment\u00e9s se feront un plaisir de vous aider \u00e0 choisir la taille, l'alliage et la longueur de notre profil\u00e9 en T en laiton qui vous conviendront le mieux.  Vous trouverez ci-dessous la liste mise \u00e0 jour de nos profils en T en laiton m\u00e9triques et imp\u00e9riaux, des t\u00e9s en laiton \u00e9gaux et des profils en T en laiton in\u00e9gaux.","og_url":"https:\/\/www.filtoprofiles.com\/fr\/produit\/t-profile\/","og_site_name":"Filto Profiles","article_publisher":"https:\/\/www.facebook.com\/filtoprofiles","article_modified_time":"2023-03-16T04:37:41+00:00","og_image":[{"width":1707,"height":2560,"url":"https:\/\/www.filtoprofiles.com\/wp-content\/uploads\/2022\/04\/STANDProfiles054-1-scaled.jpg","type":"image\/jpeg"}],"twitter_card":"summary_large_image","schema":{"@context":"https:\/\/schema.org","@graph":[{"@type":"WebPage","@id":"https:\/\/www.filtoprofiles.com\/fr\/produit\/t-profile\/","url":"https:\/\/www.filtoprofiles.com\/fr\/produit\/t-profile\/","name":"Profil\u00e9s En T - Filto Profiles","isPartOf":{"@id":"https:\/\/www.filtoprofiles.com\/#website"},"primaryImageOfPage":{"@id":"https:\/\/www.filtoprofiles.com\/fr\/produit\/t-profile\/#primaryimage"},"image":{"@id":"https:\/\/www.filtoprofiles.com\/fr\/produit\/t-profile\/#primaryimage"},"thumbnailUrl":"https:\/\/www.filtoprofiles.com\/wp-content\/uploads\/2022\/04\/STANDProfiles054-1-scaled.jpg","datePublished":"2022-05-19T12:22:29+00:00","dateModified":"2023-03-16T04:37:41+00:00","breadcrumb":{"@id":"https:\/\/www.filtoprofiles.com\/fr\/produit\/t-profile\/#breadcrumb"},"inLanguage":"fr-FR","potentialAction":[{"@type":"ReadAction","target":["https:\/\/www.filtoprofiles.com\/fr\/produit\/t-profile\/"]}]},{"@type":"ImageObject","inLanguage":"fr-FR","@id":"https:\/\/www.filtoprofiles.com\/fr\/produit\/t-profile\/#primaryimage","url":"https:\/\/www.filtoprofiles.com\/wp-content\/uploads\/2022\/04\/STANDProfiles054-1-scaled.jpg","contentUrl":"https:\/\/www.filtoprofiles.com\/wp-content\/uploads\/2022\/04\/STANDProfiles054-1-scaled.jpg","width":1707,"height":2560,"caption":"Filto Profiles T brass profile"},{"@type":"BreadcrumbList","@id":"https:\/\/www.filtoprofiles.com\/fr\/produit\/t-profile\/#breadcrumb","itemListElement":[{"@type":"ListItem","position":1,"name":"Home","item":"https:\/\/www.filtoprofiles.com\/ca\/"},{"@type":"ListItem","position":2,"name":"Boutique","item":"https:\/\/www.filtoprofiles.com\/fr\/boutique\/"},{"@type":"ListItem","position":3,"name":"Profil\u00e9s En T"}]},{"@type":"WebSite","@id":"https:\/\/www.filtoprofiles.com\/#website","url":"https:\/\/www.filtoprofiles.com\/","name":"Filto Profiles","description":"Brass Profiles Producer","publisher":{"@id":"https:\/\/www.filtoprofiles.com\/#organization"},"alternateName":"Filto","potentialAction":[{"@type":"SearchAction","target":{"@type":"EntryPoint","urlTemplate":"https:\/\/www.filtoprofiles.com\/?s={search_term_string}"},"query-input":{"@type":"PropertyValueSpecification","valueRequired":true,"valueName":"search_term_string"}}],"inLanguage":"fr-FR"},{"@type":"Organization","@id":"https:\/\/www.filtoprofiles.com\/#organization","name":"Filto Profiles","alternateName":"Filto","url":"https:\/\/www.filtoprofiles.com\/","logo":{"@type":"ImageObject","inLanguage":"fr-FR","@id":"https:\/\/www.filtoprofiles.com\/#\/schema\/logo\/image\/","url":"https:\/\/www.filtoprofiles.com\/wp-content\/uploads\/2023\/04\/filto-logo.jpg","contentUrl":"https:\/\/www.filtoprofiles.com\/wp-content\/uploads\/2023\/04\/filto-logo.jpg","width":420,"height":420,"caption":"Filto Profiles"},"image":{"@id":"https:\/\/www.filtoprofiles.com\/#\/schema\/logo\/image\/"},"sameAs":["https:\/\/www.facebook.com\/filtoprofiles","https:\/\/www.linkedin.com\/company\/3302369"]}]}},"_links":{"self":[{"href":"https:\/\/www.filtoprofiles.com\/fr\/wp-json\/wp\/v2\/product\/4018","targetHints":{"allow":["GET"]}}],"collection":[{"href":"https:\/\/www.filtoprofiles.com\/fr\/wp-json\/wp\/v2\/product"}],"about":[{"href":"https:\/\/www.filtoprofiles.com\/fr\/wp-json\/wp\/v2\/types\/product"}],"wp:featuredmedia":[{"embeddable":true,"href":"https:\/\/www.filtoprofiles.com\/fr\/wp-json\/wp\/v2\/media\/1662"}],"wp:attachment":[{"href":"https:\/\/www.filtoprofiles.com\/fr\/wp-json\/wp\/v2\/media?parent=4018"}],"wp:term":[{"taxonomy":"product_cat","embeddable":true,"href":"https:\/\/www.filtoprofiles.com\/fr\/wp-json\/wp\/v2\/product_cat?post=4018"},{"taxonomy":"product_tag","embeddable":true,"href":"https:\/\/www.filtoprofiles.com\/fr\/wp-json\/wp\/v2\/product_tag?post=4018"}],"curies":[{"name":"wp","href":"https:\/\/api.w.org\/{rel}","templated":true}]}}