{"id":3095,"date":"2022-05-19T12:14:19","date_gmt":"2022-05-19T12:14:19","guid":{"rendered":"https:\/\/www.filtoprofiles.com\/product\/ronds\/"},"modified":"2023-01-18T20:42:57","modified_gmt":"2023-01-18T20:42:57","slug":"ronds","status":"publish","type":"product","link":"https:\/\/www.filtoprofiles.com\/fr\/produit\/ronds\/","title":{"rendered":"\ufeffbarres rondes"},"content":{"rendered":"<h4>*\u00d8 LAITON ROND M\u00c9TRIQUE STANDARD (millim\u00e8tres)<\/h4>\n<div id=\"tablepress-10-scroll-wrapper\" class=\"tablepress-scroll-wrapper\">\n\n<table id=\"tablepress-10\" class=\"tablepress tablepress-id-10 tablepress-responsive\">\n<tbody class=\"row-striping row-hover\">\n<tr class=\"row-1\">\n\t<td class=\"column-1\">\u00d8 4<br \/>\n<br \/>\n<\/td><td class=\"column-2\">\u00d8 5.3<\/td><td class=\"column-3\">\u00d8 6<\/td><td class=\"column-4\">\u00d8 8<\/td><td class=\"column-5\">\u00d8 10<\/td><td class=\"column-6\">\u00d8 16<\/td><td class=\"column-7\">\u00d8 19.6<\/td><td class=\"column-8\">\u00d820.32<\/td><td class=\"column-9\">\u00d8 28<\/td>\n<\/tr>\n<tr class=\"row-2\">\n\t<td class=\"column-1\">\u00d8 5<\/td><td class=\"column-2\">\u00d8 5.5<\/td><td class=\"column-3\">\u00d8 7<\/td><td class=\"column-4\">\u00d8 9<\/td><td class=\"column-5\">\u00d8 12<\/td><td class=\"column-6\">\u00d8 17<\/td><td class=\"column-7\">\u00d8 20<\/td><td class=\"column-8\">\u00d8 24<\/td><td class=\"column-9\">\u00d8 30<\/td>\n<\/tr>\n<\/tbody>\n<\/table>\n\n<\/div><!-- #tablepress-10 from cache -->\n<h4>*\u00d8 LAITON STANDARD ROND IMP\u00c9RIAL (pouces)<\/h4>\n<div id=\"tablepress-11-scroll-wrapper\" class=\"tablepress-scroll-wrapper\">\n\n<table id=\"tablepress-11\" class=\"tablepress tablepress-id-11 tablepress-responsive\">\n<tbody class=\"row-striping row-hover\">\n<tr class=\"row-1\">\n\t<td class=\"column-1\">\u00d8 1\/8\u201d<br \/>\n<br \/>\n<\/td><td class=\"column-2\"><\/td><td class=\"column-3\"><\/td><td class=\"column-4\"><\/td><td class=\"column-5\"><\/td><td class=\"column-6\"><\/td><td class=\"column-7\"><\/td><td class=\"column-8\"><\/td><td class=\"column-9\"><\/td>\n<\/tr>\n<\/tbody>\n<\/table>\n\n<\/div><!-- #tablepress-11 from cache -->\n<p><em><strong>* Autres tailles de laiton rond en syst\u00e8me m\u00e9trique et syst\u00e8me imp\u00e9rial sur demande.<\/strong><\/em><\/p>\n<p>&nbsp;<\/p>\n","protected":false},"excerpt":{"rendered":"<p>Filto Profiles produit des profil\u00e9s ronds en laiton qui sont g\u00e9n\u00e9ralement utilis\u00e9s \u00e0 des fins d\u00e9coratives. Nous fournissons des barres rondes m\u00e9triques et imp\u00e9riales dans une large gamme d&rsquo;alliages et de tailles \u00e0 des prix comp\u00e9titifs et de haute qualit\u00e9.<\/p>\n<p>Coupe \u00e0 la longueur demand\u00e9e jusqu&rsquo;\u00e0 6 m\u00e8tres.<\/p>\n<p>Nos ing\u00e9nieurs exp\u00e9riment\u00e9s vous aideront \u00e0 choisir la taille, l&rsquo;alliage et la longueur de notre profil\u00e9 rond en laiton qui vous conviendront le mieux.<\/p>\n<p>Vous trouverez ci-dessous la liste mise \u00e0 jour de nos ronds en laiton m\u00e9triques et imp\u00e9riaux.<\/p>\n","protected":false},"featured_media":1654,"template":"","meta":[],"product_cat":[68],"product_tag":[],"class_list":["post-3095","product","type-product","status-publish","has-post-thumbnail","hentry","product_cat-sections-fr"],"yoast_head":"<!-- This site is optimized with the Yoast SEO Premium plugin v27.1 (Yoast SEO v27.1.1) - https:\/\/yoast.com\/product\/yoast-seo-premium-wordpress\/ -->\n<title>\ufeffbarres rondes - Filto Profiles<\/title>\n<meta name=\"robots\" content=\"index, follow, max-snippet:-1, max-image-preview:large, max-video-preview:-1\" \/>\n<link rel=\"canonical\" href=\"https:\/\/www.filtoprofiles.com\/fr\/produit\/ronds\/\" \/>\n<meta property=\"og:locale\" content=\"fr_FR\" \/>\n<meta property=\"og:type\" content=\"article\" \/>\n<meta property=\"og:title\" content=\"\ufeffbarres rondes\" \/>\n<meta property=\"og:description\" content=\"Filto Profiles produit des profil\u00e9s ronds en laiton qui sont g\u00e9n\u00e9ralement utilis\u00e9s \u00e0 des fins d\u00e9coratives. Nous fournissons des barres rondes m\u00e9triques et imp\u00e9riales dans une large gamme d&#039;alliages et de tailles \u00e0 des prix comp\u00e9titifs et de haute qualit\u00e9.  Coupe \u00e0 la longueur demand\u00e9e jusqu&#039;\u00e0 6 m\u00e8tres.  Nos ing\u00e9nieurs exp\u00e9riment\u00e9s vous aideront \u00e0 choisir la taille, l&#039;alliage et la longueur de notre profil\u00e9 rond en laiton qui vous conviendront le mieux.  Vous trouverez ci-dessous la liste mise \u00e0 jour de nos ronds en laiton m\u00e9triques et imp\u00e9riaux.\" \/>\n<meta property=\"og:url\" content=\"https:\/\/www.filtoprofiles.com\/fr\/produit\/ronds\/\" \/>\n<meta property=\"og:site_name\" content=\"Filto Profiles\" \/>\n<meta property=\"article:publisher\" content=\"https:\/\/www.facebook.com\/filtoprofiles\" \/>\n<meta property=\"article:modified_time\" content=\"2023-01-18T20:42:57+00:00\" \/>\n<meta property=\"og:image\" content=\"https:\/\/www.filtoprofiles.com\/wp-content\/uploads\/2022\/04\/foto13b.jpg\" \/>\n\t<meta property=\"og:image:width\" content=\"1704\" \/>\n\t<meta property=\"og:image:height\" content=\"1624\" \/>\n\t<meta property=\"og:image:type\" content=\"image\/jpeg\" \/>\n<meta name=\"twitter:card\" content=\"summary_large_image\" \/>\n<script type=\"application\/ld+json\" class=\"yoast-schema-graph\">{\"@context\":\"https:\/\/schema.org\",\"@graph\":[{\"@type\":\"WebPage\",\"@id\":\"https:\/\/www.filtoprofiles.com\/fr\/produit\/ronds\/\",\"url\":\"https:\/\/www.filtoprofiles.com\/fr\/produit\/ronds\/\",\"name\":\"\ufeffbarres rondes - Filto Profiles\",\"isPartOf\":{\"@id\":\"https:\/\/www.filtoprofiles.com\/#website\"},\"primaryImageOfPage\":{\"@id\":\"https:\/\/www.filtoprofiles.com\/fr\/produit\/ronds\/#primaryimage\"},\"image\":{\"@id\":\"https:\/\/www.filtoprofiles.com\/fr\/produit\/ronds\/#primaryimage\"},\"thumbnailUrl\":\"https:\/\/www.filtoprofiles.com\/wp-content\/uploads\/2022\/04\/foto13b.jpg\",\"datePublished\":\"2022-05-19T12:14:19+00:00\",\"dateModified\":\"2023-01-18T20:42:57+00:00\",\"breadcrumb\":{\"@id\":\"https:\/\/www.filtoprofiles.com\/fr\/produit\/ronds\/#breadcrumb\"},\"inLanguage\":\"fr-FR\",\"potentialAction\":[{\"@type\":\"ReadAction\",\"target\":[\"https:\/\/www.filtoprofiles.com\/fr\/produit\/ronds\/\"]}]},{\"@type\":\"ImageObject\",\"inLanguage\":\"fr-FR\",\"@id\":\"https:\/\/www.filtoprofiles.com\/fr\/produit\/ronds\/#primaryimage\",\"url\":\"https:\/\/www.filtoprofiles.com\/wp-content\/uploads\/2022\/04\/foto13b.jpg\",\"contentUrl\":\"https:\/\/www.filtoprofiles.com\/wp-content\/uploads\/2022\/04\/foto13b.jpg\",\"width\":1704,\"height\":1624},{\"@type\":\"BreadcrumbList\",\"@id\":\"https:\/\/www.filtoprofiles.com\/fr\/produit\/ronds\/#breadcrumb\",\"itemListElement\":[{\"@type\":\"ListItem\",\"position\":1,\"name\":\"Home\",\"item\":\"https:\/\/www.filtoprofiles.com\/ca\/\"},{\"@type\":\"ListItem\",\"position\":2,\"name\":\"Boutique\",\"item\":\"https:\/\/www.filtoprofiles.com\/fr\/boutique\/\"},{\"@type\":\"ListItem\",\"position\":3,\"name\":\"\ufeffbarres rondes\"}]},{\"@type\":\"WebSite\",\"@id\":\"https:\/\/www.filtoprofiles.com\/#website\",\"url\":\"https:\/\/www.filtoprofiles.com\/\",\"name\":\"Filto Profiles\",\"description\":\"Brass Profiles Producer\",\"publisher\":{\"@id\":\"https:\/\/www.filtoprofiles.com\/#organization\"},\"alternateName\":\"Filto\",\"potentialAction\":[{\"@type\":\"SearchAction\",\"target\":{\"@type\":\"EntryPoint\",\"urlTemplate\":\"https:\/\/www.filtoprofiles.com\/?s={search_term_string}\"},\"query-input\":{\"@type\":\"PropertyValueSpecification\",\"valueRequired\":true,\"valueName\":\"search_term_string\"}}],\"inLanguage\":\"fr-FR\"},{\"@type\":\"Organization\",\"@id\":\"https:\/\/www.filtoprofiles.com\/#organization\",\"name\":\"Filto Profiles\",\"alternateName\":\"Filto\",\"url\":\"https:\/\/www.filtoprofiles.com\/\",\"logo\":{\"@type\":\"ImageObject\",\"inLanguage\":\"fr-FR\",\"@id\":\"https:\/\/www.filtoprofiles.com\/#\/schema\/logo\/image\/\",\"url\":\"https:\/\/www.filtoprofiles.com\/wp-content\/uploads\/2023\/04\/filto-logo.jpg\",\"contentUrl\":\"https:\/\/www.filtoprofiles.com\/wp-content\/uploads\/2023\/04\/filto-logo.jpg\",\"width\":420,\"height\":420,\"caption\":\"Filto Profiles\"},\"image\":{\"@id\":\"https:\/\/www.filtoprofiles.com\/#\/schema\/logo\/image\/\"},\"sameAs\":[\"https:\/\/www.facebook.com\/filtoprofiles\",\"https:\/\/www.linkedin.com\/company\/3302369\"]}]}<\/script>\n<!-- \/ Yoast SEO Premium plugin. -->","yoast_head_json":{"title":"\ufeffbarres rondes - Filto Profiles","robots":{"index":"index","follow":"follow","max-snippet":"max-snippet:-1","max-image-preview":"max-image-preview:large","max-video-preview":"max-video-preview:-1"},"canonical":"https:\/\/www.filtoprofiles.com\/fr\/produit\/ronds\/","og_locale":"fr_FR","og_type":"article","og_title":"\ufeffbarres rondes","og_description":"Filto Profiles produit des profil\u00e9s ronds en laiton qui sont g\u00e9n\u00e9ralement utilis\u00e9s \u00e0 des fins d\u00e9coratives. Nous fournissons des barres rondes m\u00e9triques et imp\u00e9riales dans une large gamme d'alliages et de tailles \u00e0 des prix comp\u00e9titifs et de haute qualit\u00e9.  Coupe \u00e0 la longueur demand\u00e9e jusqu'\u00e0 6 m\u00e8tres.  Nos ing\u00e9nieurs exp\u00e9riment\u00e9s vous aideront \u00e0 choisir la taille, l'alliage et la longueur de notre profil\u00e9 rond en laiton qui vous conviendront le mieux.  Vous trouverez ci-dessous la liste mise \u00e0 jour de nos ronds en laiton m\u00e9triques et imp\u00e9riaux.","og_url":"https:\/\/www.filtoprofiles.com\/fr\/produit\/ronds\/","og_site_name":"Filto Profiles","article_publisher":"https:\/\/www.facebook.com\/filtoprofiles","article_modified_time":"2023-01-18T20:42:57+00:00","og_image":[{"width":1704,"height":1624,"url":"https:\/\/www.filtoprofiles.com\/wp-content\/uploads\/2022\/04\/foto13b.jpg","type":"image\/jpeg"}],"twitter_card":"summary_large_image","schema":{"@context":"https:\/\/schema.org","@graph":[{"@type":"WebPage","@id":"https:\/\/www.filtoprofiles.com\/fr\/produit\/ronds\/","url":"https:\/\/www.filtoprofiles.com\/fr\/produit\/ronds\/","name":"\ufeffbarres rondes - Filto Profiles","isPartOf":{"@id":"https:\/\/www.filtoprofiles.com\/#website"},"primaryImageOfPage":{"@id":"https:\/\/www.filtoprofiles.com\/fr\/produit\/ronds\/#primaryimage"},"image":{"@id":"https:\/\/www.filtoprofiles.com\/fr\/produit\/ronds\/#primaryimage"},"thumbnailUrl":"https:\/\/www.filtoprofiles.com\/wp-content\/uploads\/2022\/04\/foto13b.jpg","datePublished":"2022-05-19T12:14:19+00:00","dateModified":"2023-01-18T20:42:57+00:00","breadcrumb":{"@id":"https:\/\/www.filtoprofiles.com\/fr\/produit\/ronds\/#breadcrumb"},"inLanguage":"fr-FR","potentialAction":[{"@type":"ReadAction","target":["https:\/\/www.filtoprofiles.com\/fr\/produit\/ronds\/"]}]},{"@type":"ImageObject","inLanguage":"fr-FR","@id":"https:\/\/www.filtoprofiles.com\/fr\/produit\/ronds\/#primaryimage","url":"https:\/\/www.filtoprofiles.com\/wp-content\/uploads\/2022\/04\/foto13b.jpg","contentUrl":"https:\/\/www.filtoprofiles.com\/wp-content\/uploads\/2022\/04\/foto13b.jpg","width":1704,"height":1624},{"@type":"BreadcrumbList","@id":"https:\/\/www.filtoprofiles.com\/fr\/produit\/ronds\/#breadcrumb","itemListElement":[{"@type":"ListItem","position":1,"name":"Home","item":"https:\/\/www.filtoprofiles.com\/ca\/"},{"@type":"ListItem","position":2,"name":"Boutique","item":"https:\/\/www.filtoprofiles.com\/fr\/boutique\/"},{"@type":"ListItem","position":3,"name":"\ufeffbarres rondes"}]},{"@type":"WebSite","@id":"https:\/\/www.filtoprofiles.com\/#website","url":"https:\/\/www.filtoprofiles.com\/","name":"Filto Profiles","description":"Brass Profiles Producer","publisher":{"@id":"https:\/\/www.filtoprofiles.com\/#organization"},"alternateName":"Filto","potentialAction":[{"@type":"SearchAction","target":{"@type":"EntryPoint","urlTemplate":"https:\/\/www.filtoprofiles.com\/?s={search_term_string}"},"query-input":{"@type":"PropertyValueSpecification","valueRequired":true,"valueName":"search_term_string"}}],"inLanguage":"fr-FR"},{"@type":"Organization","@id":"https:\/\/www.filtoprofiles.com\/#organization","name":"Filto Profiles","alternateName":"Filto","url":"https:\/\/www.filtoprofiles.com\/","logo":{"@type":"ImageObject","inLanguage":"fr-FR","@id":"https:\/\/www.filtoprofiles.com\/#\/schema\/logo\/image\/","url":"https:\/\/www.filtoprofiles.com\/wp-content\/uploads\/2023\/04\/filto-logo.jpg","contentUrl":"https:\/\/www.filtoprofiles.com\/wp-content\/uploads\/2023\/04\/filto-logo.jpg","width":420,"height":420,"caption":"Filto Profiles"},"image":{"@id":"https:\/\/www.filtoprofiles.com\/#\/schema\/logo\/image\/"},"sameAs":["https:\/\/www.facebook.com\/filtoprofiles","https:\/\/www.linkedin.com\/company\/3302369"]}]}},"_links":{"self":[{"href":"https:\/\/www.filtoprofiles.com\/fr\/wp-json\/wp\/v2\/product\/3095","targetHints":{"allow":["GET"]}}],"collection":[{"href":"https:\/\/www.filtoprofiles.com\/fr\/wp-json\/wp\/v2\/product"}],"about":[{"href":"https:\/\/www.filtoprofiles.com\/fr\/wp-json\/wp\/v2\/types\/product"}],"wp:featuredmedia":[{"embeddable":true,"href":"https:\/\/www.filtoprofiles.com\/fr\/wp-json\/wp\/v2\/media\/1654"}],"wp:attachment":[{"href":"https:\/\/www.filtoprofiles.com\/fr\/wp-json\/wp\/v2\/media?parent=3095"}],"wp:term":[{"taxonomy":"product_cat","embeddable":true,"href":"https:\/\/www.filtoprofiles.com\/fr\/wp-json\/wp\/v2\/product_cat?post=3095"},{"taxonomy":"product_tag","embeddable":true,"href":"https:\/\/www.filtoprofiles.com\/fr\/wp-json\/wp\/v2\/product_tag?post=3095"}],"curies":[{"name":"wp","href":"https:\/\/api.w.org\/{rel}","templated":true}]}}