{"id":3094,"date":"2022-05-19T12:37:04","date_gmt":"2022-05-19T12:37:04","guid":{"rendered":"https:\/\/www.filtoprofiles.com\/product\/profils-en-u\/"},"modified":"2023-03-14T14:18:29","modified_gmt":"2023-03-14T14:18:29","slug":"profils-en-u","status":"publish","type":"product","link":"https:\/\/www.filtoprofiles.com\/fr\/produit\/profils-en-u\/","title":{"rendered":"Profil\u00e9s en U  laiton &#8211; Coulisse"},"content":{"rendered":"<h4>LAITON M\u00c9TRIQUE STANDARD PROFILS \u00c9GAUX EN \u00ab U \u00bb A X HAUTEUR XT (millim\u00e8tres)<\/h4>\n<div id=\"tablepress-14-scroll-wrapper\" class=\"tablepress-scroll-wrapper\">\n\n<table id=\"tablepress-14\" class=\"tablepress tablepress-id-14 tablepress-responsive\">\n<tbody class=\"row-striping row-hover\">\n<tr class=\"row-1\">\n\t<td class=\"column-1\">6X6X6X1<br \/>\n<br \/>\n<\/td><td class=\"column-2\">10X10X10X1<\/td><td class=\"column-3\">12X12X12X1<\/td><td class=\"column-4\">15X15X15X1<\/td><td class=\"column-5\">20X20X20X1.5<\/td><td class=\"column-6\">25X25X25X2<\/td><td class=\"column-7\">30X30X30X1.5<\/td><td class=\"column-8\">40X40X40X1,5<\/td>\n<\/tr>\n<tr class=\"row-2\">\n\t<td class=\"column-1\"><\/td><td class=\"column-2\">10X10X10X1.5<\/td><td class=\"column-3\">12X12X12X2<\/td><td class=\"column-4\">15X15X15X1.5<\/td><td class=\"column-5\">20X20X20X2<\/td><td class=\"column-6\">25X25X25X3<\/td><td class=\"column-7\">30X30X30X2<\/td><td class=\"column-8\">40X40X40X2<\/td>\n<\/tr>\n<tr class=\"row-3\">\n\t<td class=\"column-1\"><\/td><td class=\"column-2\">10X10X10X2<\/td><td class=\"column-3\"><\/td><td class=\"column-4\">15X15X15X2<\/td><td class=\"column-5\">20X20X20X3<\/td><td class=\"column-6\">25X25X25X4<\/td><td class=\"column-7\">30X30X30X3<\/td><td class=\"column-8\">40X40X40X3<\/td>\n<\/tr>\n<tr class=\"row-4\">\n\t<td class=\"column-1\">8X8X8X1<\/td><td class=\"column-2\"><\/td><td class=\"column-3\"><\/td><td class=\"column-4\"><\/td><td class=\"column-5\"><\/td><td class=\"column-6\">25X25X25X5<\/td><td class=\"column-7\">30X30X30X5 <\/td><td class=\"column-8\">40X40X40X4<\/td>\n<\/tr>\n<tr class=\"row-5\">\n\t<td class=\"column-1\">8X8X8X1.5  <\/td><td class=\"column-2\"><\/td><td class=\"column-3\"><\/td><td class=\"column-4\"><\/td><td class=\"column-5\"><\/td><td class=\"column-6\"><\/td><td class=\"column-7\">35X35X35X3<\/td><td class=\"column-8\"> 50X50X50X5<\/td>\n<\/tr>\n<tr class=\"row-6\">\n\t<td class=\"column-1\">9X9X9X1.5 <\/td><td class=\"column-2\"><\/td><td class=\"column-3\"><\/td><td class=\"column-4\"><\/td><td class=\"column-5\"><\/td><td class=\"column-6\"><\/td><td class=\"column-7\"><\/td><td class=\"column-8\"> <\/td>\n<\/tr>\n<\/tbody>\n<\/table>\n\n<\/div><!-- #tablepress-14 from cache -->\n<p><em><strong>* Autres tailles de profil\u00e9s en \u00ab\u00a0U\u00a0\u00bb en laiton \u00e0 c\u00f4t\u00e9s \u00e9gaux en syst\u00e8me m\u00e9trique sur demande.<\/strong><\/em><\/p>\n<h4>LAITON M\u00c9TRIQUE STANDARD PROFILS \u00ab U \u00bb IN\u00c9GAUX A X HAUTEUR XT (millim\u00e8tres)<\/h4>\n<div id=\"tablepress-15-scroll-wrapper\" class=\"tablepress-scroll-wrapper\">\n\n<table id=\"tablepress-15\" class=\"tablepress tablepress-id-15 tablepress-responsive\">\n<tbody class=\"row-striping row-hover\">\n<tr class=\"row-1\">\n\t<td class=\"column-1\">5X10X5X1<\/td><td class=\"column-2\">10X10X8.15X1<\/td><td class=\"column-3\">12X5X12X1<\/td><td class=\"column-4\">15X10X15X1.5<\/td><td class=\"column-5\">20X13X20X2<\/td><td class=\"column-6\">25X20X25X2<\/td><td class=\"column-7\">30X25X30X2<\/td><td class=\"column-8\">40X40X10X2<\/td>\n<\/tr>\n<tr class=\"row-2\">\n\t<td class=\"column-1\"><\/td><td class=\"column-2\">10X15X10X2<\/td><td class=\"column-3\">12X8X12X1<\/td><td class=\"column-4\">15X10X15X2<\/td><td class=\"column-5\">20X20X30X6<\/td><td class=\"column-6\">25X40X25X3<\/td><td class=\"column-7\">30X15X30X2 <\/td><td class=\"column-8\">40X46X40X7<\/td>\n<\/tr>\n<tr class=\"row-3\">\n\t<td class=\"column-1\">6X10X6X1<\/td><td class=\"column-2\">10X20X10X2<\/td><td class=\"column-3\"><\/td><td class=\"column-4\">15X12X15X2<\/td><td class=\"column-5\">20X20X40X6<\/td><td class=\"column-6\"><\/td><td class=\"column-7\"><\/td><td class=\"column-8\"> <\/td>\n<\/tr>\n<tr class=\"row-4\">\n\t<td class=\"column-1\"><\/td><td class=\"column-2\">10X40X10X2<\/td><td class=\"column-3\">14X12X14X2,3 <\/td><td class=\"column-4\">15X20X15X3<\/td><td class=\"column-5\">20X40X20X2<\/td><td class=\"column-6\"><\/td><td class=\"column-7\">32X32X32X1.5<\/td><td class=\"column-8\">43X20X25X2<\/td>\n<\/tr>\n<tr class=\"row-5\">\n\t<td class=\"column-1\">7X7X5,3X1,05<\/td><td class=\"column-2\"><\/td><td class=\"column-3\"><\/td><td class=\"column-4\"><\/td><td class=\"column-5\"><\/td><td class=\"column-6\">27X16X27X3<\/td><td class=\"column-7\"> <\/td><td class=\"column-8\"> <\/td>\n<\/tr>\n<tr class=\"row-6\">\n\t<td class=\"column-1\">7X12X7X1<\/td><td class=\"column-2\"><\/td><td class=\"column-3\">15.5X15.5X55.2X2.5<\/td><td class=\"column-4\">17X56X17X3<\/td><td class=\"column-5\">22,5X35X22,5X2<\/td><td class=\"column-6\"><\/td><td class=\"column-7\">35X18X35X2<\/td><td class=\"column-8\">44X35X3<\/td>\n<\/tr>\n<tr class=\"row-7\">\n\t<td class=\"column-1\">7X12X7X2<\/td><td class=\"column-2\"><\/td><td class=\"column-3\"><\/td><td class=\"column-4\"><\/td><td class=\"column-5\"><\/td><td class=\"column-6\">27X18X27X3<\/td><td class=\"column-7\">35X16X16X3<\/td><td class=\"column-8\"> <\/td>\n<\/tr>\n<tr class=\"row-8\">\n\t<td class=\"column-1\"><\/td><td class=\"column-2\"><\/td><td class=\"column-3\">16.5X16.5X20.6X4<\/td><td class=\"column-4\">18X7X18X2<\/td><td class=\"column-5\"><\/td><td class=\"column-6\">27X15.5X27X2.5<\/td><td class=\"column-7\"><\/td><td class=\"column-8\">50X20X10X3<\/td>\n<\/tr>\n<tr class=\"row-9\">\n\t<td class=\"column-1\">7.5X6X7.5X1.5<\/td><td class=\"column-2\"><\/td><td class=\"column-3\"><\/td><td class=\"column-4\">18X13X18X1.5<\/td><td class=\"column-5\"><\/td><td class=\"column-6\"><\/td><td class=\"column-7\"><\/td><td class=\"column-8\"> <\/td>\n<\/tr>\n<\/tbody>\n<\/table>\n\n<\/div><!-- #tablepress-15 from cache -->\n<p><em><strong>* Autres dimensions de profil\u00e9s en \u00ab\u00a0U\u00a0\u00bb en laiton \u00e0 c\u00f4t\u00e9s in\u00e9gaux en syst\u00e8me m\u00e9trique sur demande.<\/strong><\/em><\/p>\n<pre class=\"a-b-r-La\"><strong>PROFILS EN \u00ab U \u00bb STANDARD EN LAITON IMP\u00c9RIAL H X L X H (pouces)\r\n<\/strong><\/pre>\n<div id=\"tablepress-16-scroll-wrapper\" class=\"tablepress-scroll-wrapper\">\n\n<table id=\"tablepress-16\" class=\"tablepress tablepress-id-16 tablepress-responsive\">\n<tbody class=\"row-striping row-hover\">\n<tr class=\"row-1\">\n\t<td class=\"column-1\">1\u201d X 2\" X 1\" X 1\/8\"<br \/>\n<br \/>\n<br \/>\n<\/td><td class=\"column-2\">3\/8\u201dX3\/4\u201dX3\/8\u201dX1\/8\u201d<\/td>\n<\/tr>\n<tr class=\"row-2\">\n\t<td class=\"column-1\">1\u201d X 1\" X 1\" X 1\/8\"<\/td><td class=\"column-2\">3\/4\" X 1\/2\" X 3\/4\" X 1\/8\"<\/td>\n<\/tr>\n<tr class=\"row-3\">\n\t<td class=\"column-1\">3\/4\" X 3\/4\" X 3\/4\" X 1\/16\"<br \/>\n<br \/>\n<\/td><td class=\"column-2\">3\/4\" X 3\/4\" X 1\/2\" X 3\/32\"<\/td>\n<\/tr>\n<tr class=\"row-4\">\n\t<td class=\"column-1\">3\/4\" X 3\/4\" X 3\/4\" X 1\/8\"<br \/>\n<br \/>\n<\/td><td class=\"column-2\">3\/8\u201dX3\/8\u201dX3\/8\u201dX1\/16\u201d<br \/>\n<br \/>\n<\/td>\n<\/tr>\n<tr class=\"row-5\">\n\t<td class=\"column-1\">3\/4\" X 3\/4\" X 3\/4\" X 3\/32\"<br \/>\n<br \/>\n<\/td><td class=\"column-2\">1\/2\u201d X 1\" X 1\/2\" X 1\/8\"<\/td>\n<\/tr>\n<tr class=\"row-6\">\n\t<td class=\"column-1\">5\/8\" X 5\/8\" X 5\/8\" X 5\/8\"<\/td><td class=\"column-2\">1\u201dX1.1\/2\u201dX1\u201dX1\/4\u201d<\/td>\n<\/tr>\n<tr class=\"row-7\">\n\t<td class=\"column-1\">5\/8\" X 5\/8\" X 5\/8\" X 3\/32\"<\/td><td class=\"column-2\">1.1\/2\u201dX1.1\/2\u201dX1.1\/2\u201dX1\/8\u201d<\/td>\n<\/tr>\n<tr class=\"row-8\">\n\t<td class=\"column-1\">5\/8\" X 5\/8\" X 5\/8\" X 1\/16\"<\/td><td class=\"column-2\">2\u201d X 2\" X 2\" X 1\/8\"<\/td>\n<\/tr>\n<tr class=\"row-9\">\n\t<td class=\"column-1\">5\/8\" X 5\/8\" X 5\/8\" X 1\/8\"<\/td><td class=\"column-2\">2\u201d X 2\" X 2\" X 3\/8\"<\/td>\n<\/tr>\n<tr class=\"row-10\">\n\t<td class=\"column-1\">1\/2\u201d X 1\/2\" X 1\/2\" X 1\/8\"<\/td><td class=\"column-2\">1.1\/4\u201dX1.1\/4\u201dX1.1\/4\u201dX1\/8\u201d<\/td>\n<\/tr>\n<tr class=\"row-11\">\n\t<td class=\"column-1\">1\/2\u201c X 1\/2\" X 1\/2\" X 1\/16\"<\/td><td class=\"column-2\"><\/td>\n<\/tr>\n<\/tbody>\n<\/table>\n\n<\/div><!-- #tablepress-16 from cache -->\n<p><em><strong>* Autres tailles de profil\u00e9s en \u00ab\u00a0U\u00a0\u00bb en laiton dans le syst\u00e8me imp\u00e9rial sur demande.<\/strong><\/em><\/p>\n<p>&nbsp;<\/p>\n<p>&nbsp;<\/p>\n","protected":false},"excerpt":{"rendered":"<p>Filto Profiles produit des canaux en laiton ou \u00ab\u00a0U\u00a0\u00bb format qui sont normalement utilis\u00e9s \u00e0 des fins d\u00e9coratives. Nous fournissons des profil\u00e9s en \u00ab\u00a0U\u00a0\u00bb dans les syst\u00e8mes m\u00e9triques et imp\u00e9riaux, avec une large gamme d&rsquo;alliages et de tailles avec des prix comp\u00e9titifs et de haute qualit\u00e9.<\/p>\n<p>Coupe \u00e0 la longueur demand\u00e9e jusqu&rsquo;\u00e0 6 m\u00e8tres.<\/p>\n<p>Nos ing\u00e9nieurs exp\u00e9riment\u00e9s vous aideront \u00e0 choisir la taille, l&rsquo;alliage et la longueur de nos profil\u00e9s en \u00ab\u00a0U\u00a0\u00bb en laiton qui vous conviendront le mieux.<\/p>\n<p>Vous trouverez ci-dessous la liste \u00e0 jour de nos formes en U en laiton imp\u00e9rial et m\u00e9trique, des formes en U en laiton \u00e0 c\u00f4t\u00e9s \u00e9gaux et des formes en U en laiton \u00e0 c\u00f4t\u00e9s in\u00e9gaux.<\/p>\n","protected":false},"featured_media":1614,"template":"","meta":[],"product_cat":[68],"product_tag":[],"class_list":["post-3094","product","type-product","status-publish","has-post-thumbnail","hentry","product_cat-sections-fr"],"yoast_head":"<!-- This site is optimized with the Yoast SEO Premium plugin v27.1 (Yoast SEO v27.1.1) - https:\/\/yoast.com\/product\/yoast-seo-premium-wordpress\/ -->\n<title>Profil\u00e9s en U laiton - Coulisse - Filto Profiles<\/title>\n<meta name=\"robots\" content=\"index, follow, max-snippet:-1, max-image-preview:large, max-video-preview:-1\" \/>\n<link rel=\"canonical\" href=\"https:\/\/www.filtoprofiles.com\/fr\/produit\/profils-en-u\/\" \/>\n<meta property=\"og:locale\" content=\"fr_FR\" \/>\n<meta property=\"og:type\" content=\"article\" \/>\n<meta property=\"og:title\" content=\"Profil\u00e9s en U laiton - Coulisse\" \/>\n<meta property=\"og:description\" content=\"Filto Profiles produit des canaux en laiton ou &quot;U&quot; format qui sont normalement utilis\u00e9s \u00e0 des fins d\u00e9coratives. Nous fournissons des profil\u00e9s en &quot;U&quot; dans les syst\u00e8mes m\u00e9triques et imp\u00e9riaux, avec une large gamme d&#039;alliages et de tailles avec des prix comp\u00e9titifs et de haute qualit\u00e9.  Coupe \u00e0 la longueur demand\u00e9e jusqu&#039;\u00e0 6 m\u00e8tres.  Nos ing\u00e9nieurs exp\u00e9riment\u00e9s vous aideront \u00e0 choisir la taille, l&#039;alliage et la longueur de nos profil\u00e9s en &quot;U&quot; en laiton qui vous conviendront le mieux.  Vous trouverez ci-dessous la liste \u00e0 jour de nos formes en U en laiton imp\u00e9rial et m\u00e9trique, des formes en U en laiton \u00e0 c\u00f4t\u00e9s \u00e9gaux et des formes en U en laiton \u00e0 c\u00f4t\u00e9s in\u00e9gaux.\" \/>\n<meta property=\"og:url\" content=\"https:\/\/www.filtoprofiles.com\/fr\/produit\/profils-en-u\/\" \/>\n<meta property=\"og:site_name\" content=\"Filto Profiles\" \/>\n<meta property=\"article:publisher\" content=\"https:\/\/www.facebook.com\/filtoprofiles\" \/>\n<meta property=\"article:modified_time\" content=\"2023-03-14T14:18:29+00:00\" \/>\n<meta property=\"og:image\" content=\"https:\/\/www.filtoprofiles.com\/wp-content\/uploads\/2022\/04\/foto02b_1.jpg\" \/>\n\t<meta property=\"og:image:width\" content=\"1388\" \/>\n\t<meta property=\"og:image:height\" content=\"2116\" \/>\n\t<meta property=\"og:image:type\" content=\"image\/jpeg\" \/>\n<meta name=\"twitter:card\" content=\"summary_large_image\" \/>\n<meta name=\"twitter:label1\" content=\"Dur\u00e9e de lecture estim\u00e9e\" \/>\n\t<meta name=\"twitter:data1\" content=\"1 minute\" \/>\n<script type=\"application\/ld+json\" class=\"yoast-schema-graph\">{\"@context\":\"https:\/\/schema.org\",\"@graph\":[{\"@type\":\"WebPage\",\"@id\":\"https:\/\/www.filtoprofiles.com\/fr\/produit\/profils-en-u\/\",\"url\":\"https:\/\/www.filtoprofiles.com\/fr\/produit\/profils-en-u\/\",\"name\":\"Profil\u00e9s en U laiton - Coulisse - Filto Profiles\",\"isPartOf\":{\"@id\":\"https:\/\/www.filtoprofiles.com\/#website\"},\"primaryImageOfPage\":{\"@id\":\"https:\/\/www.filtoprofiles.com\/fr\/produit\/profils-en-u\/#primaryimage\"},\"image\":{\"@id\":\"https:\/\/www.filtoprofiles.com\/fr\/produit\/profils-en-u\/#primaryimage\"},\"thumbnailUrl\":\"https:\/\/www.filtoprofiles.com\/wp-content\/uploads\/2022\/04\/foto02b_1.jpg\",\"datePublished\":\"2022-05-19T12:37:04+00:00\",\"dateModified\":\"2023-03-14T14:18:29+00:00\",\"breadcrumb\":{\"@id\":\"https:\/\/www.filtoprofiles.com\/fr\/produit\/profils-en-u\/#breadcrumb\"},\"inLanguage\":\"fr-FR\",\"potentialAction\":[{\"@type\":\"ReadAction\",\"target\":[\"https:\/\/www.filtoprofiles.com\/fr\/produit\/profils-en-u\/\"]}]},{\"@type\":\"ImageObject\",\"inLanguage\":\"fr-FR\",\"@id\":\"https:\/\/www.filtoprofiles.com\/fr\/produit\/profils-en-u\/#primaryimage\",\"url\":\"https:\/\/www.filtoprofiles.com\/wp-content\/uploads\/2022\/04\/foto02b_1.jpg\",\"contentUrl\":\"https:\/\/www.filtoprofiles.com\/wp-content\/uploads\/2022\/04\/foto02b_1.jpg\",\"width\":1388,\"height\":2116},{\"@type\":\"BreadcrumbList\",\"@id\":\"https:\/\/www.filtoprofiles.com\/fr\/produit\/profils-en-u\/#breadcrumb\",\"itemListElement\":[{\"@type\":\"ListItem\",\"position\":1,\"name\":\"Home\",\"item\":\"https:\/\/www.filtoprofiles.com\/ca\/\"},{\"@type\":\"ListItem\",\"position\":2,\"name\":\"Boutique\",\"item\":\"https:\/\/www.filtoprofiles.com\/fr\/boutique\/\"},{\"@type\":\"ListItem\",\"position\":3,\"name\":\"Profil\u00e9s en U laiton &#8211; Coulisse\"}]},{\"@type\":\"WebSite\",\"@id\":\"https:\/\/www.filtoprofiles.com\/#website\",\"url\":\"https:\/\/www.filtoprofiles.com\/\",\"name\":\"Filto Profiles\",\"description\":\"Brass Profiles Producer\",\"publisher\":{\"@id\":\"https:\/\/www.filtoprofiles.com\/#organization\"},\"alternateName\":\"Filto\",\"potentialAction\":[{\"@type\":\"SearchAction\",\"target\":{\"@type\":\"EntryPoint\",\"urlTemplate\":\"https:\/\/www.filtoprofiles.com\/?s={search_term_string}\"},\"query-input\":{\"@type\":\"PropertyValueSpecification\",\"valueRequired\":true,\"valueName\":\"search_term_string\"}}],\"inLanguage\":\"fr-FR\"},{\"@type\":\"Organization\",\"@id\":\"https:\/\/www.filtoprofiles.com\/#organization\",\"name\":\"Filto Profiles\",\"alternateName\":\"Filto\",\"url\":\"https:\/\/www.filtoprofiles.com\/\",\"logo\":{\"@type\":\"ImageObject\",\"inLanguage\":\"fr-FR\",\"@id\":\"https:\/\/www.filtoprofiles.com\/#\/schema\/logo\/image\/\",\"url\":\"https:\/\/www.filtoprofiles.com\/wp-content\/uploads\/2023\/04\/filto-logo.jpg\",\"contentUrl\":\"https:\/\/www.filtoprofiles.com\/wp-content\/uploads\/2023\/04\/filto-logo.jpg\",\"width\":420,\"height\":420,\"caption\":\"Filto Profiles\"},\"image\":{\"@id\":\"https:\/\/www.filtoprofiles.com\/#\/schema\/logo\/image\/\"},\"sameAs\":[\"https:\/\/www.facebook.com\/filtoprofiles\",\"https:\/\/www.linkedin.com\/company\/3302369\"]}]}<\/script>\n<!-- \/ Yoast SEO Premium plugin. -->","yoast_head_json":{"title":"Profil\u00e9s en U laiton - Coulisse - Filto Profiles","robots":{"index":"index","follow":"follow","max-snippet":"max-snippet:-1","max-image-preview":"max-image-preview:large","max-video-preview":"max-video-preview:-1"},"canonical":"https:\/\/www.filtoprofiles.com\/fr\/produit\/profils-en-u\/","og_locale":"fr_FR","og_type":"article","og_title":"Profil\u00e9s en U laiton - Coulisse","og_description":"Filto Profiles produit des canaux en laiton ou \"U\" format qui sont normalement utilis\u00e9s \u00e0 des fins d\u00e9coratives. Nous fournissons des profil\u00e9s en \"U\" dans les syst\u00e8mes m\u00e9triques et imp\u00e9riaux, avec une large gamme d'alliages et de tailles avec des prix comp\u00e9titifs et de haute qualit\u00e9.  Coupe \u00e0 la longueur demand\u00e9e jusqu'\u00e0 6 m\u00e8tres.  Nos ing\u00e9nieurs exp\u00e9riment\u00e9s vous aideront \u00e0 choisir la taille, l'alliage et la longueur de nos profil\u00e9s en \"U\" en laiton qui vous conviendront le mieux.  Vous trouverez ci-dessous la liste \u00e0 jour de nos formes en U en laiton imp\u00e9rial et m\u00e9trique, des formes en U en laiton \u00e0 c\u00f4t\u00e9s \u00e9gaux et des formes en U en laiton \u00e0 c\u00f4t\u00e9s in\u00e9gaux.","og_url":"https:\/\/www.filtoprofiles.com\/fr\/produit\/profils-en-u\/","og_site_name":"Filto Profiles","article_publisher":"https:\/\/www.facebook.com\/filtoprofiles","article_modified_time":"2023-03-14T14:18:29+00:00","og_image":[{"width":1388,"height":2116,"url":"https:\/\/www.filtoprofiles.com\/wp-content\/uploads\/2022\/04\/foto02b_1.jpg","type":"image\/jpeg"}],"twitter_card":"summary_large_image","twitter_misc":{"Dur\u00e9e de lecture estim\u00e9e":"1 minute"},"schema":{"@context":"https:\/\/schema.org","@graph":[{"@type":"WebPage","@id":"https:\/\/www.filtoprofiles.com\/fr\/produit\/profils-en-u\/","url":"https:\/\/www.filtoprofiles.com\/fr\/produit\/profils-en-u\/","name":"Profil\u00e9s en U laiton - Coulisse - Filto Profiles","isPartOf":{"@id":"https:\/\/www.filtoprofiles.com\/#website"},"primaryImageOfPage":{"@id":"https:\/\/www.filtoprofiles.com\/fr\/produit\/profils-en-u\/#primaryimage"},"image":{"@id":"https:\/\/www.filtoprofiles.com\/fr\/produit\/profils-en-u\/#primaryimage"},"thumbnailUrl":"https:\/\/www.filtoprofiles.com\/wp-content\/uploads\/2022\/04\/foto02b_1.jpg","datePublished":"2022-05-19T12:37:04+00:00","dateModified":"2023-03-14T14:18:29+00:00","breadcrumb":{"@id":"https:\/\/www.filtoprofiles.com\/fr\/produit\/profils-en-u\/#breadcrumb"},"inLanguage":"fr-FR","potentialAction":[{"@type":"ReadAction","target":["https:\/\/www.filtoprofiles.com\/fr\/produit\/profils-en-u\/"]}]},{"@type":"ImageObject","inLanguage":"fr-FR","@id":"https:\/\/www.filtoprofiles.com\/fr\/produit\/profils-en-u\/#primaryimage","url":"https:\/\/www.filtoprofiles.com\/wp-content\/uploads\/2022\/04\/foto02b_1.jpg","contentUrl":"https:\/\/www.filtoprofiles.com\/wp-content\/uploads\/2022\/04\/foto02b_1.jpg","width":1388,"height":2116},{"@type":"BreadcrumbList","@id":"https:\/\/www.filtoprofiles.com\/fr\/produit\/profils-en-u\/#breadcrumb","itemListElement":[{"@type":"ListItem","position":1,"name":"Home","item":"https:\/\/www.filtoprofiles.com\/ca\/"},{"@type":"ListItem","position":2,"name":"Boutique","item":"https:\/\/www.filtoprofiles.com\/fr\/boutique\/"},{"@type":"ListItem","position":3,"name":"Profil\u00e9s en U laiton &#8211; Coulisse"}]},{"@type":"WebSite","@id":"https:\/\/www.filtoprofiles.com\/#website","url":"https:\/\/www.filtoprofiles.com\/","name":"Filto Profiles","description":"Brass Profiles Producer","publisher":{"@id":"https:\/\/www.filtoprofiles.com\/#organization"},"alternateName":"Filto","potentialAction":[{"@type":"SearchAction","target":{"@type":"EntryPoint","urlTemplate":"https:\/\/www.filtoprofiles.com\/?s={search_term_string}"},"query-input":{"@type":"PropertyValueSpecification","valueRequired":true,"valueName":"search_term_string"}}],"inLanguage":"fr-FR"},{"@type":"Organization","@id":"https:\/\/www.filtoprofiles.com\/#organization","name":"Filto Profiles","alternateName":"Filto","url":"https:\/\/www.filtoprofiles.com\/","logo":{"@type":"ImageObject","inLanguage":"fr-FR","@id":"https:\/\/www.filtoprofiles.com\/#\/schema\/logo\/image\/","url":"https:\/\/www.filtoprofiles.com\/wp-content\/uploads\/2023\/04\/filto-logo.jpg","contentUrl":"https:\/\/www.filtoprofiles.com\/wp-content\/uploads\/2023\/04\/filto-logo.jpg","width":420,"height":420,"caption":"Filto Profiles"},"image":{"@id":"https:\/\/www.filtoprofiles.com\/#\/schema\/logo\/image\/"},"sameAs":["https:\/\/www.facebook.com\/filtoprofiles","https:\/\/www.linkedin.com\/company\/3302369"]}]}},"_links":{"self":[{"href":"https:\/\/www.filtoprofiles.com\/fr\/wp-json\/wp\/v2\/product\/3094","targetHints":{"allow":["GET"]}}],"collection":[{"href":"https:\/\/www.filtoprofiles.com\/fr\/wp-json\/wp\/v2\/product"}],"about":[{"href":"https:\/\/www.filtoprofiles.com\/fr\/wp-json\/wp\/v2\/types\/product"}],"wp:featuredmedia":[{"embeddable":true,"href":"https:\/\/www.filtoprofiles.com\/fr\/wp-json\/wp\/v2\/media\/1614"}],"wp:attachment":[{"href":"https:\/\/www.filtoprofiles.com\/fr\/wp-json\/wp\/v2\/media?parent=3094"}],"wp:term":[{"taxonomy":"product_cat","embeddable":true,"href":"https:\/\/www.filtoprofiles.com\/fr\/wp-json\/wp\/v2\/product_cat?post=3094"},{"taxonomy":"product_tag","embeddable":true,"href":"https:\/\/www.filtoprofiles.com\/fr\/wp-json\/wp\/v2\/product_tag?post=3094"}],"curies":[{"name":"wp","href":"https:\/\/api.w.org\/{rel}","templated":true}]}}