{"id":3628,"date":"2023-01-16T20:44:48","date_gmt":"2023-01-16T20:44:48","guid":{"rendered":"https:\/\/www.filtoprofiles.com\/politica-de-privacidad\/"},"modified":"2023-03-31T09:07:58","modified_gmt":"2023-03-31T09:07:58","slug":"politica-de-privacidad","status":"publish","type":"page","link":"https:\/\/www.filtoprofiles.com\/fr\/politica-de-privacidad\/","title":{"rendered":"Pol\u00edtica de privacidad"},"content":{"rendered":"\t\t<div data-elementor-type=\"wp-page\" data-elementor-id=\"3628\" class=\"elementor elementor-3628 elementor-3607\">\n\t\t\t\t\t\t\t\t\t<section class=\"elementor-section elementor-top-section elementor-element elementor-element-290e890 elementor-section-boxed elementor-section-height-default elementor-section-height-default\" data-id=\"290e890\" data-element_type=\"section\" data-settings=\"{&quot;background_background&quot;:&quot;classic&quot;}\">\n\t\t\t\t\t\t\t<div class=\"elementor-background-overlay\"><\/div>\n\t\t\t\t\t\t\t<div class=\"elementor-container elementor-column-gap-default\">\n\t\t\t\t\t<div class=\"elementor-column elementor-col-100 elementor-top-column elementor-element elementor-element-601fda0\" data-id=\"601fda0\" data-element_type=\"column\">\n\t\t\t<div class=\"elementor-widget-wrap elementor-element-populated\">\n\t\t\t\t\t\t\t\t<div class=\"elementor-element elementor-element-c7ca651 elementor-invisible elementor-widget elementor-widget-heading\" data-id=\"c7ca651\" data-element_type=\"widget\" data-settings=\"{&quot;_animation&quot;:&quot;fadeInUp&quot;,&quot;_animation_delay&quot;:&quot;550&quot;}\" data-widget_type=\"heading.default\">\n\t\t\t\t<div class=\"elementor-widget-container\">\n\t\t\t<style>\/*! elementor - v3.15.0 - 20-08-2023 *\/\n.elementor-heading-title{padding:0;margin:0;line-height:1}.elementor-widget-heading .elementor-heading-title[class*=elementor-size-]>a{color:inherit;font-size:inherit;line-height:inherit}.elementor-widget-heading .elementor-heading-title.elementor-size-small{font-size:15px}.elementor-widget-heading .elementor-heading-title.elementor-size-medium{font-size:19px}.elementor-widget-heading .elementor-heading-title.elementor-size-large{font-size:29px}.elementor-widget-heading .elementor-heading-title.elementor-size-xl{font-size:39px}.elementor-widget-heading .elementor-heading-title.elementor-size-xxl{font-size:59px}<\/style><h2 class=\"elementor-heading-title elementor-size-default\">Politique de confidentialit\u00e9<\/h2>\t\t<\/div>\n\t\t\t\t<\/div>\n\t\t\t\t\t<\/div>\n\t\t<\/div>\n\t\t\t\t\t\t\t<\/div>\n\t\t<\/section>\n\t\t\t\t<section class=\"elementor-section elementor-top-section elementor-element elementor-element-d40818e elementor-section-boxed elementor-section-height-default elementor-section-height-default\" data-id=\"d40818e\" data-element_type=\"section\">\n\t\t\t\t\t\t<div class=\"elementor-container elementor-column-gap-default\">\n\t\t\t\t\t<div class=\"elementor-column elementor-col-100 elementor-top-column elementor-element elementor-element-4601abe\" data-id=\"4601abe\" data-element_type=\"column\">\n\t\t\t<div class=\"elementor-widget-wrap elementor-element-populated\">\n\t\t\t\t\t\t\t\t<div class=\"elementor-element elementor-element-918da5e elementor-widget elementor-widget-spacer\" data-id=\"918da5e\" data-element_type=\"widget\" data-widget_type=\"spacer.default\">\n\t\t\t\t<div class=\"elementor-widget-container\">\n\t\t\t<style>\/*! elementor - v3.15.0 - 20-08-2023 *\/\n.elementor-column .elementor-spacer-inner{height:var(--spacer-size)}.e-con{--container-widget-width:100%}.e-con-inner>.elementor-widget-spacer,.e-con>.elementor-widget-spacer{width:var(--container-widget-width,var(--spacer-size));--align-self:var(--container-widget-align-self,initial);--flex-shrink:0}.e-con-inner>.elementor-widget-spacer>.elementor-widget-container,.e-con-inner>.elementor-widget-spacer>.elementor-widget-container>.elementor-spacer,.e-con>.elementor-widget-spacer>.elementor-widget-container,.e-con>.elementor-widget-spacer>.elementor-widget-container>.elementor-spacer{height:100%}.e-con-inner>.elementor-widget-spacer>.elementor-widget-container>.elementor-spacer>.elementor-spacer-inner,.e-con>.elementor-widget-spacer>.elementor-widget-container>.elementor-spacer>.elementor-spacer-inner{height:var(--container-widget-height,var(--spacer-size))}<\/style>\t\t<div class=\"elementor-spacer\">\n\t\t\t<div class=\"elementor-spacer-inner\"><\/div>\n\t\t<\/div>\n\t\t\t\t<\/div>\n\t\t\t\t<\/div>\n\t\t\t\t<div class=\"elementor-element elementor-element-711667e elementor-widget elementor-widget-text-editor\" data-id=\"711667e\" data-element_type=\"widget\" data-widget_type=\"text-editor.default\">\n\t\t\t\t<div class=\"elementor-widget-container\">\n\t\t\t<style>\/*! elementor - v3.15.0 - 20-08-2023 *\/\n.elementor-widget-text-editor.elementor-drop-cap-view-stacked .elementor-drop-cap{background-color:#69727d;color:#fff}.elementor-widget-text-editor.elementor-drop-cap-view-framed .elementor-drop-cap{color:#69727d;border:3px solid;background-color:transparent}.elementor-widget-text-editor:not(.elementor-drop-cap-view-default) .elementor-drop-cap{margin-top:8px}.elementor-widget-text-editor:not(.elementor-drop-cap-view-default) .elementor-drop-cap-letter{width:1em;height:1em}.elementor-widget-text-editor .elementor-drop-cap{float:left;text-align:center;line-height:1;font-size:50px}.elementor-widget-text-editor .elementor-drop-cap-letter{display:inline-block}<\/style>\t\t\t\t<ol>\n<li><span style=\"color: #000000;\"><strong>Informations \u00e0 l&rsquo;utilisateur<\/strong><\/span><\/li>\n<\/ol>\n<p><span style=\"color: #000000;\"><strong>Filto Profiles&nbsp;<\/strong>, en tant que responsable du traitement, vous informe que, conform\u00e9ment aux dispositions du r\u00e8glement (UE) 2016\/679, du 27 avril (RGPD) et LO 3\/2018, du 5 d\u00e9cembre, sur la protection des donn\u00e9es et la garantie des droits num\u00e9riques ( LOPDGDD), nous traiterons vos donn\u00e9es comme indiqu\u00e9 dans la pr\u00e9sente politique de confidentialit\u00e9.<\/span><\/p>\n<p><span style=\"color: #000000;\">Dans cette politique de confidentialit\u00e9, nous d\u00e9crivons comment nous collectons vos donn\u00e9es personnelles et pourquoi nous les collectons, ce que nous en faisons, avec qui nous les partageons, comment nous les prot\u00e9geons et vos choix concernant le traitement de vos donn\u00e9es personnelles.<\/span><\/p>\n<p><span style=\"color: #000000;\">Cette politique s&rsquo;applique au traitement de vos donn\u00e9es personnelles collect\u00e9es par la soci\u00e9t\u00e9 pour la fourniture de ses services. Si vous acceptez les mesures de cette politique, vous acceptez que nous traitions vos donn\u00e9es personnelles comme d\u00e9fini dans cette politique.<\/span><\/p>\n<ol start=\"2\">\n<li><span style=\"color: #000000;\"><strong> Contacter<\/strong><\/span><\/li>\n<\/ol>\n<p><span style=\"color: #000000;\">Nom de l&rsquo;entreprise : Filto Profiles S.L.<\/span><\/p>\n<p><span style=\"color: #000000;\">Nom commercial : <strong>Filto Profiles, S.L.<\/strong><\/span><br><span style=\"color: #000000;\">CIF : <strong>ES<\/strong>&nbsp;<b>B65992638<\/b><\/span><br><span style=\"color: #000000;\">Adresse&nbsp;: Pol. Ind . Can Prunera , Carrer Solson\u00e8s 14 Nau \u00ab\u00a0A\u00a0\u00bb, 08759 VALLIRANA (Barcelone)<\/span><\/p>\n<p><span style=\"color: #000000;\">e-mail : filto@filto.com<\/span><br><span style=\"color: #000000;\">&nbsp;<\/span><br><span style=\"color: #000000;\"><strong>3. Principes cl\u00e9s<\/strong><\/span><\/p>\n<p><span style=\"color: #000000;\">Nous nous sommes toujours engag\u00e9s \u00e0 fournir nos services avec le plus haut degr\u00e9 de qualit\u00e9, ce qui inclut le traitement de vos donn\u00e9es avec s\u00e9curit\u00e9 et transparence. Nos principes sont :<\/span><\/p>\n<ul>\n<li><span style=\"color: #000000;\"><strong>L\u00e9galit\u00e9 <\/strong>: Nous ne collecterons vos Donn\u00e9es Personnelles qu&rsquo;\u00e0 des fins pr\u00e9cises, explicites et l\u00e9gitimes.<\/span><\/li>\n<li><span style=\"color: #000000;\"><strong>Minimisation des donn\u00e9es <\/strong>: Nous limitons la collecte des donn\u00e9es personnelles \u00e0 ce qui est strictement pertinent et n\u00e9cessaire au regard des finalit\u00e9s pour lesquelles elles ont \u00e9t\u00e9 collect\u00e9es.<\/span><\/li>\n<li><span style=\"color: #000000;\"><strong>Limitation <\/strong>de la finalit\u00e9 : Nous ne collecterons vos donn\u00e9es personnelles qu&rsquo;aux fins indiqu\u00e9es et uniquement conform\u00e9ment \u00e0 vos souhaits.<\/span><\/li>\n<li><span style=\"color: #000000;\"><strong>Exactitude <\/strong>: Nous garderons vos donn\u00e9es personnelles exactes et \u00e0 jour.<\/span><\/li>\n<li><span style=\"color: #000000;\"><strong>S\u00e9curit\u00e9 des donn\u00e9es <\/strong>: Nous appliquons des mesures techniques et organisationnelles appropri\u00e9es proportionnelles aux risques pour garantir que vos donn\u00e9es ne subissent pas de dommages, tels que la divulgation ou l&rsquo;acc\u00e8s non autoris\u00e9, la destruction accidentelle ou illicite ou la perte ou l&rsquo;alt\u00e9ration accidentelle et toute autre forme de traitement illicite.<\/span><\/li>\n<li><span style=\"color: #000000;\"><strong>Acc\u00e8s et rectification <\/strong>: Nous mettons \u00e0 votre disposition les moyens d&rsquo;acc\u00e9der ou de rectifier vos donn\u00e9es lorsque vous le jugez opportun.<\/span><\/li>\n<li><span style=\"color: #000000;\"><strong>Conservation <\/strong>: Nous conservons vos donn\u00e9es personnelles de mani\u00e8re licite et appropri\u00e9e et uniquement pendant la dur\u00e9e n\u00e9cessaire aux finalit\u00e9s pour lesquelles elles ont \u00e9t\u00e9 collect\u00e9es.<\/span><\/li>\n<li><span style=\"color: #000000;\"><strong>Transferts internationaux <\/strong>: lorsqu&rsquo;il est pr\u00e9vu que vos donn\u00e9es soient transf\u00e9r\u00e9es en dehors de l&rsquo;UE\/EEE, elles seront prot\u00e9g\u00e9es de mani\u00e8re ad\u00e9quate.<\/span><\/li>\n<li><span style=\"color: #000000;\"><strong>Tiers <\/strong>: L&rsquo;acc\u00e8s et le transfert des donn\u00e9es personnelles \u00e0 des tiers s&rsquo;effectuent dans le respect des lois et r\u00e8glements applicables et avec les garanties contractuelles appropri\u00e9es.<\/span><\/li>\n<li><span style=\"color: #000000;\"><strong>Marketing direct et cookies <\/strong>: Nous respectons la l\u00e9gislation applicable en mati\u00e8re de publicit\u00e9 et de cookies.<\/span><\/li>\n<\/ul>\n<ol start=\"4\">\n<li><span style=\"color: #000000;\"><strong> Collecte et traitement de vos donn\u00e9es personnelles <\/strong><\/span><br><span style=\"color: #000000;\">Les types de donn\u00e9es qui peuvent \u00eatre demand\u00e9es et trait\u00e9es sont :<\/span><\/li>\n<\/ol>\n<ul>\n<li><span style=\"color: #000000;\">Donn\u00e9es d&rsquo;identification.<\/span><\/li>\n<\/ul>\n<p><span style=\"color: #000000;\">Nous collectons \u00e9galement automatiquement des donn\u00e9es sur votre visite sur notre site Web, comme d\u00e9crit dans la politique relative aux cookies.<\/span><\/p>\n<p><span style=\"color: #000000;\">Chaque fois que nous demanderons vos donn\u00e9es personnelles, nous vous informerons clairement des donn\u00e9es personnelles que nous collectons et dans quel but. De mani\u00e8re g\u00e9n\u00e9rale, nous collectons et traitons vos donn\u00e9es personnelles dans le but de :<\/span><\/p>\n<ul>\n<li><span style=\"color: #000000;\">Fournir des informations, des services, des produits, des informations pertinentes et des nouvelles dans le secteur.<\/span><\/li>\n<li><span style=\"color: #000000;\">Envoi de communications.<\/span><\/li>\n<\/ul>\n<ol start=\"5\">\n<li><span style=\"color: #000000;\"><strong> L\u00e9gitimit\u00e9<\/strong><\/span><\/li>\n<\/ol>\n<p><span style=\"color: #000000;\">Conform\u00e9ment \u00e0 la r\u00e9glementation applicable en mati\u00e8re de protection des donn\u00e9es, vos donn\u00e9es personnelles peuvent \u00eatre trait\u00e9es \u00e0 condition que :<\/span><\/p>\n<ul>\n<li><span style=\"color: #000000;\">Vous nous avez donn\u00e9 votre consentement aux fins de traitement. Bien entendu, vous pouvez retirer votre consentement \u00e0 tout moment.<\/span><\/li>\n<li><span style=\"color: #000000;\">Par obligation l\u00e9gale.<\/span><\/li>\n<li><span style=\"color: #000000;\">Parce qu&rsquo;il existe un int\u00e9r\u00eat l\u00e9gitime qui n&rsquo;est pas mis en cause par vos droits \u00e0 la vie priv\u00e9e, comme l&rsquo;envoi d&rsquo;informations commerciales soit en vous inscrivant \u00e0 notre newsletter , soit en \u00e9tant client.<\/span><\/li>\n<li><span style=\"color: #000000;\">Parce qu&rsquo;il est n\u00e9cessaire \u00e0 la fourniture de l&rsquo;un de nos services par le biais d&rsquo;une relation contractuelle entre vous et nous.<\/span><\/li>\n<\/ul>\n<ol start=\"6\">\n<li><span style=\"color: #000000;\"><strong> Communication des donn\u00e9es personnelles<\/strong><\/span><\/li>\n<\/ol>\n<p><span style=\"color: #000000;\">Les donn\u00e9es peuvent \u00eatre communiqu\u00e9es \u00e0 des soci\u00e9t\u00e9s li\u00e9es \u00e0 <strong>Filto <\/strong>pour la fourniture de divers services en tant que Responsables de traitement. La soci\u00e9t\u00e9 ne proc\u00e9dera \u00e0 aucune cession, sauf obligation l\u00e9gale.<\/span><\/p>\n<ol start=\"7\">\n<li><span style=\"color: #000000;\"><strong> Vos droits<\/strong><\/span><\/li>\n<\/ol>\n<p><span style=\"color: #000000;\">Dans le cadre de la collecte et du traitement de vos donn\u00e9es personnelles, vous pouvez nous contacter \u00e0 tout moment pour :<\/span><\/p>\n<ul>\n<li><span style=\"color: #000000;\">Acc\u00e9dez \u00e0 vos donn\u00e9es personnelles et \u00e0 toute autre information indiqu\u00e9e \u00e0 l&rsquo;article 15.1 du RGPD.<\/span><\/li>\n<li><span style=\"color: #000000;\">Rectifier vos donn\u00e9es personnelles inexactes ou incompl\u00e8tes conform\u00e9ment \u00e0 l&rsquo;article 16 du RGPD.<\/span><\/li>\n<li><span style=\"color: #000000;\">Supprimer vos donn\u00e9es personnelles conform\u00e9ment \u00e0 l&rsquo;article 17 du RGPD.<\/span><\/li>\n<li><span style=\"color: #000000;\">Limitez le traitement de vos donn\u00e9es personnelles conform\u00e9ment \u00e0 l&rsquo;article 18 du RGPD.<\/span><\/li>\n<li><span style=\"color: #000000;\">Demander la portabilit\u00e9 de vos donn\u00e9es conform\u00e9ment \u00e0 l&rsquo;article 20 du <a style=\"color: #000000;\" href=\"https:\/\/presencialismo.com\/\">RGPD <\/a>.<\/span><\/li>\n<li><span style=\"color: #000000;\">Vous opposer au traitement de vos donn\u00e9es personnelles conform\u00e9ment \u00e0 l&rsquo;article 21 du RGPD.<\/span><\/li>\n<\/ul>\n<p><span style=\"color: #000000;\">Si vous avez donn\u00e9 votre consentement \u00e0 une fin sp\u00e9cifique, vous avez le droit de retirer le consentement accord\u00e9 \u00e0 tout moment, sans affecter la l\u00e9galit\u00e9 du traitement bas\u00e9 sur le consentement avant son retrait <a style=\"color: #000000;\" href=\"https:\/\/presencialismo.com\/\">rrhh <\/a>.<\/span><\/p>\n<p><span style=\"color: #000000;\">Vous pouvez exercer ces droits en adressant une communication motiv\u00e9e et accr\u00e9dit\u00e9e \u00e0 filto@filto.com<\/span><\/p>\n<p><span style=\"color: #000000;\">Vous avez \u00e9galement le droit de d\u00e9poser une r\u00e9clamation aupr\u00e8s de l&rsquo;autorit\u00e9 de contr\u00f4le comp\u00e9tente ( <a style=\"color: #000000;\" href=\"https:\/\/aepd.es\/\">www.aepd.es <\/a>) si vous consid\u00e9rez que le traitement n&rsquo;est pas conforme \u00e0 la r\u00e9glementation en vigueur.<\/span><\/p>\n<ol start=\"8\">\n<li><span style=\"color: #000000;\"><strong> Informations juridiques <\/strong><\/span><br><span style=\"color: #000000;\">Les exigences de la pr\u00e9sente politique compl\u00e8tent et ne remplacent pas les autres exigences existantes en vertu de la loi applicable en mati\u00e8re de protection des donn\u00e9es, qui pr\u00e9vaudront dans tous les cas.<\/span><\/li>\n<\/ol>\n<p><span style=\"color: #000000;\">Cette Politique est soumise \u00e0 un examen p\u00e9riodique et peut \u00eatre modifi\u00e9e par la Soci\u00e9t\u00e9 \u00e0 tout moment. Lorsque cela se produit, nous vous informerons de tout changement et vous demanderons de relire la version la plus r\u00e9cente de notre politique et de confirmer votre acceptation.<\/span><\/p>\n<p><\/p>\n<p><\/p>\t\t\t\t\t\t<\/div>\n\t\t\t\t<\/div>\n\t\t\t\t\t<\/div>\n\t\t<\/div>\n\t\t\t\t\t\t\t<\/div>\n\t\t<\/section>\n\t\t\t\t\t\t\t<\/div>\n\t\t","protected":false},"excerpt":{"rendered":"<p>Politique de confidentialit\u00e9 Informations \u00e0 l&rsquo;utilisateur Filto Profiles&nbsp;, en tant que responsable du traitement, vous informe que, conform\u00e9ment aux dispositions du r\u00e8glement (UE) 2016\/679, du 27 avril (RGPD) et LO 3\/2018, du 5 d\u00e9cembre, sur la protection des donn\u00e9es et la garantie des droits num\u00e9riques ( LOPDGDD), nous traiterons vos donn\u00e9es comme indiqu\u00e9 dans la [&hellip;]<\/p>\n","protected":false},"author":2,"featured_media":0,"parent":0,"menu_order":0,"comment_status":"closed","ping_status":"closed","template":"","meta":{"footnotes":""},"class_list":["post-3628","page","type-page","status-publish","hentry"],"yoast_head":"<!-- This site is optimized with the Yoast SEO Premium plugin v27.1 (Yoast SEO v27.1.1) - https:\/\/yoast.com\/product\/yoast-seo-premium-wordpress\/ -->\n<title>Pol\u00edtica de privacidad - Filto Profiles<\/title>\n<meta name=\"robots\" content=\"index, follow, max-snippet:-1, max-image-preview:large, max-video-preview:-1\" \/>\n<link rel=\"canonical\" href=\"https:\/\/www.filtoprofiles.com\/fr\/politica-de-privacidad\/\" \/>\n<meta property=\"og:locale\" content=\"fr_FR\" \/>\n<meta property=\"og:type\" content=\"article\" \/>\n<meta property=\"og:title\" content=\"Pol\u00edtica de privacidad\" \/>\n<meta property=\"og:description\" content=\"Politique de confidentialit\u00e9 Informations \u00e0 l&rsquo;utilisateur Filto Profiles&nbsp;, en tant que responsable du traitement, vous informe que, conform\u00e9ment aux dispositions du r\u00e8glement (UE) 2016\/679, du 27 avril (RGPD) et LO 3\/2018, du 5 d\u00e9cembre, sur la protection des donn\u00e9es et la garantie des droits num\u00e9riques ( LOPDGDD), nous traiterons vos donn\u00e9es comme indiqu\u00e9 dans la [&hellip;]\" \/>\n<meta property=\"og:url\" content=\"https:\/\/www.filtoprofiles.com\/fr\/politica-de-privacidad\/\" \/>\n<meta property=\"og:site_name\" content=\"Filto Profiles\" \/>\n<meta property=\"article:publisher\" content=\"https:\/\/www.facebook.com\/filtoprofiles\" \/>\n<meta property=\"article:modified_time\" content=\"2023-03-31T09:07:58+00:00\" \/>\n<meta property=\"og:image\" content=\"https:\/\/www.filtoprofiles.com\/wp-content\/uploads\/2023\/04\/TITOL.jpg\" \/>\n\t<meta property=\"og:image:width\" content=\"2077\" \/>\n\t<meta property=\"og:image:height\" content=\"447\" \/>\n\t<meta property=\"og:image:type\" content=\"image\/jpeg\" \/>\n<meta name=\"twitter:card\" content=\"summary_large_image\" \/>\n<meta name=\"twitter:label1\" content=\"Dur\u00e9e de lecture estim\u00e9e\" \/>\n\t<meta name=\"twitter:data1\" content=\"5 minutes\" \/>\n<script type=\"application\/ld+json\" class=\"yoast-schema-graph\">{\"@context\":\"https:\/\/schema.org\",\"@graph\":[{\"@type\":\"WebPage\",\"@id\":\"https:\/\/www.filtoprofiles.com\/fr\/politica-de-privacidad\/\",\"url\":\"https:\/\/www.filtoprofiles.com\/fr\/politica-de-privacidad\/\",\"name\":\"Pol\u00edtica de privacidad - Filto Profiles\",\"isPartOf\":{\"@id\":\"https:\/\/www.filtoprofiles.com\/#website\"},\"datePublished\":\"2023-01-16T20:44:48+00:00\",\"dateModified\":\"2023-03-31T09:07:58+00:00\",\"breadcrumb\":{\"@id\":\"https:\/\/www.filtoprofiles.com\/fr\/politica-de-privacidad\/#breadcrumb\"},\"inLanguage\":\"fr-FR\",\"potentialAction\":[{\"@type\":\"ReadAction\",\"target\":[\"https:\/\/www.filtoprofiles.com\/fr\/politica-de-privacidad\/\"]}]},{\"@type\":\"BreadcrumbList\",\"@id\":\"https:\/\/www.filtoprofiles.com\/fr\/politica-de-privacidad\/#breadcrumb\",\"itemListElement\":[{\"@type\":\"ListItem\",\"position\":1,\"name\":\"Home\",\"item\":\"https:\/\/www.filtoprofiles.com\/ca\/\"},{\"@type\":\"ListItem\",\"position\":2,\"name\":\"Pol\u00edtica de privacidad\"}]},{\"@type\":\"WebSite\",\"@id\":\"https:\/\/www.filtoprofiles.com\/#website\",\"url\":\"https:\/\/www.filtoprofiles.com\/\",\"name\":\"Filto Profiles\",\"description\":\"Brass Profiles Producer\",\"publisher\":{\"@id\":\"https:\/\/www.filtoprofiles.com\/#organization\"},\"alternateName\":\"Filto\",\"potentialAction\":[{\"@type\":\"SearchAction\",\"target\":{\"@type\":\"EntryPoint\",\"urlTemplate\":\"https:\/\/www.filtoprofiles.com\/?s={search_term_string}\"},\"query-input\":{\"@type\":\"PropertyValueSpecification\",\"valueRequired\":true,\"valueName\":\"search_term_string\"}}],\"inLanguage\":\"fr-FR\"},{\"@type\":\"Organization\",\"@id\":\"https:\/\/www.filtoprofiles.com\/#organization\",\"name\":\"Filto Profiles\",\"alternateName\":\"Filto\",\"url\":\"https:\/\/www.filtoprofiles.com\/\",\"logo\":{\"@type\":\"ImageObject\",\"inLanguage\":\"fr-FR\",\"@id\":\"https:\/\/www.filtoprofiles.com\/#\/schema\/logo\/image\/\",\"url\":\"https:\/\/www.filtoprofiles.com\/wp-content\/uploads\/2023\/04\/filto-logo.jpg\",\"contentUrl\":\"https:\/\/www.filtoprofiles.com\/wp-content\/uploads\/2023\/04\/filto-logo.jpg\",\"width\":420,\"height\":420,\"caption\":\"Filto Profiles\"},\"image\":{\"@id\":\"https:\/\/www.filtoprofiles.com\/#\/schema\/logo\/image\/\"},\"sameAs\":[\"https:\/\/www.facebook.com\/filtoprofiles\",\"https:\/\/www.linkedin.com\/company\/3302369\"]}]}<\/script>\n<!-- \/ Yoast SEO Premium plugin. -->","yoast_head_json":{"title":"Pol\u00edtica de privacidad - Filto Profiles","robots":{"index":"index","follow":"follow","max-snippet":"max-snippet:-1","max-image-preview":"max-image-preview:large","max-video-preview":"max-video-preview:-1"},"canonical":"https:\/\/www.filtoprofiles.com\/fr\/politica-de-privacidad\/","og_locale":"fr_FR","og_type":"article","og_title":"Pol\u00edtica de privacidad","og_description":"Politique de confidentialit\u00e9 Informations \u00e0 l&rsquo;utilisateur Filto Profiles&nbsp;, en tant que responsable du traitement, vous informe que, conform\u00e9ment aux dispositions du r\u00e8glement (UE) 2016\/679, du 27 avril (RGPD) et LO 3\/2018, du 5 d\u00e9cembre, sur la protection des donn\u00e9es et la garantie des droits num\u00e9riques ( LOPDGDD), nous traiterons vos donn\u00e9es comme indiqu\u00e9 dans la [&hellip;]","og_url":"https:\/\/www.filtoprofiles.com\/fr\/politica-de-privacidad\/","og_site_name":"Filto Profiles","article_publisher":"https:\/\/www.facebook.com\/filtoprofiles","article_modified_time":"2023-03-31T09:07:58+00:00","og_image":[{"width":2077,"height":447,"url":"https:\/\/www.filtoprofiles.com\/wp-content\/uploads\/2023\/04\/TITOL.jpg","type":"image\/jpeg"}],"twitter_card":"summary_large_image","twitter_misc":{"Dur\u00e9e de lecture estim\u00e9e":"5 minutes"},"schema":{"@context":"https:\/\/schema.org","@graph":[{"@type":"WebPage","@id":"https:\/\/www.filtoprofiles.com\/fr\/politica-de-privacidad\/","url":"https:\/\/www.filtoprofiles.com\/fr\/politica-de-privacidad\/","name":"Pol\u00edtica de privacidad - Filto Profiles","isPartOf":{"@id":"https:\/\/www.filtoprofiles.com\/#website"},"datePublished":"2023-01-16T20:44:48+00:00","dateModified":"2023-03-31T09:07:58+00:00","breadcrumb":{"@id":"https:\/\/www.filtoprofiles.com\/fr\/politica-de-privacidad\/#breadcrumb"},"inLanguage":"fr-FR","potentialAction":[{"@type":"ReadAction","target":["https:\/\/www.filtoprofiles.com\/fr\/politica-de-privacidad\/"]}]},{"@type":"BreadcrumbList","@id":"https:\/\/www.filtoprofiles.com\/fr\/politica-de-privacidad\/#breadcrumb","itemListElement":[{"@type":"ListItem","position":1,"name":"Home","item":"https:\/\/www.filtoprofiles.com\/ca\/"},{"@type":"ListItem","position":2,"name":"Pol\u00edtica de privacidad"}]},{"@type":"WebSite","@id":"https:\/\/www.filtoprofiles.com\/#website","url":"https:\/\/www.filtoprofiles.com\/","name":"Filto Profiles","description":"Brass Profiles Producer","publisher":{"@id":"https:\/\/www.filtoprofiles.com\/#organization"},"alternateName":"Filto","potentialAction":[{"@type":"SearchAction","target":{"@type":"EntryPoint","urlTemplate":"https:\/\/www.filtoprofiles.com\/?s={search_term_string}"},"query-input":{"@type":"PropertyValueSpecification","valueRequired":true,"valueName":"search_term_string"}}],"inLanguage":"fr-FR"},{"@type":"Organization","@id":"https:\/\/www.filtoprofiles.com\/#organization","name":"Filto Profiles","alternateName":"Filto","url":"https:\/\/www.filtoprofiles.com\/","logo":{"@type":"ImageObject","inLanguage":"fr-FR","@id":"https:\/\/www.filtoprofiles.com\/#\/schema\/logo\/image\/","url":"https:\/\/www.filtoprofiles.com\/wp-content\/uploads\/2023\/04\/filto-logo.jpg","contentUrl":"https:\/\/www.filtoprofiles.com\/wp-content\/uploads\/2023\/04\/filto-logo.jpg","width":420,"height":420,"caption":"Filto Profiles"},"image":{"@id":"https:\/\/www.filtoprofiles.com\/#\/schema\/logo\/image\/"},"sameAs":["https:\/\/www.facebook.com\/filtoprofiles","https:\/\/www.linkedin.com\/company\/3302369"]}]}},"_links":{"self":[{"href":"https:\/\/www.filtoprofiles.com\/fr\/wp-json\/wp\/v2\/pages\/3628","targetHints":{"allow":["GET"]}}],"collection":[{"href":"https:\/\/www.filtoprofiles.com\/fr\/wp-json\/wp\/v2\/pages"}],"about":[{"href":"https:\/\/www.filtoprofiles.com\/fr\/wp-json\/wp\/v2\/types\/page"}],"author":[{"embeddable":true,"href":"https:\/\/www.filtoprofiles.com\/fr\/wp-json\/wp\/v2\/users\/2"}],"replies":[{"embeddable":true,"href":"https:\/\/www.filtoprofiles.com\/fr\/wp-json\/wp\/v2\/comments?post=3628"}],"version-history":[{"count":6,"href":"https:\/\/www.filtoprofiles.com\/fr\/wp-json\/wp\/v2\/pages\/3628\/revisions"}],"predecessor-version":[{"id":6141,"href":"https:\/\/www.filtoprofiles.com\/fr\/wp-json\/wp\/v2\/pages\/3628\/revisions\/6141"}],"wp:attachment":[{"href":"https:\/\/www.filtoprofiles.com\/fr\/wp-json\/wp\/v2\/media?parent=3628"}],"curies":[{"name":"wp","href":"https:\/\/api.w.org\/{rel}","templated":true}]}}