{"id":3585,"date":"2023-01-15T18:18:43","date_gmt":"2023-01-15T18:18:43","guid":{"rendered":"https:\/\/www.filtoprofiles.com\/politica-de-cookies\/"},"modified":"2023-01-15T19:37:20","modified_gmt":"2023-01-15T19:37:20","slug":"politica-de-cookies","status":"publish","type":"page","link":"https:\/\/www.filtoprofiles.com\/fr\/politica-de-cookies\/","title":{"rendered":"Pol\u00edtica de cookies"},"content":{"rendered":"\t\t<div data-elementor-type=\"wp-page\" data-elementor-id=\"3585\" class=\"elementor elementor-3585 elementor-3557\">\n\t\t\t\t\t\t\t\t\t<section class=\"elementor-section elementor-top-section elementor-element elementor-element-bd844a5 elementor-section-height-min-height elementor-section-boxed elementor-section-height-default elementor-section-items-middle\" data-id=\"bd844a5\" data-element_type=\"section\" data-settings=\"{&quot;background_background&quot;:&quot;classic&quot;}\">\n\t\t\t\t\t\t\t<div class=\"elementor-background-overlay\"><\/div>\n\t\t\t\t\t\t\t<div class=\"elementor-container elementor-column-gap-no\">\n\t\t\t\t\t<div class=\"elementor-column elementor-col-100 elementor-top-column elementor-element elementor-element-2d7b951\" data-id=\"2d7b951\" data-element_type=\"column\">\n\t\t\t<div class=\"elementor-widget-wrap elementor-element-populated\">\n\t\t\t\t\t\t\t\t<div class=\"elementor-element elementor-element-ce86f8b elementor-widget elementor-widget-heading\" data-id=\"ce86f8b\" data-element_type=\"widget\" data-widget_type=\"heading.default\">\n\t\t\t\t<div class=\"elementor-widget-container\">\n\t\t\t<style>\/*! elementor - v3.15.0 - 20-08-2023 *\/\n.elementor-heading-title{padding:0;margin:0;line-height:1}.elementor-widget-heading .elementor-heading-title[class*=elementor-size-]>a{color:inherit;font-size:inherit;line-height:inherit}.elementor-widget-heading .elementor-heading-title.elementor-size-small{font-size:15px}.elementor-widget-heading .elementor-heading-title.elementor-size-medium{font-size:19px}.elementor-widget-heading .elementor-heading-title.elementor-size-large{font-size:29px}.elementor-widget-heading .elementor-heading-title.elementor-size-xl{font-size:39px}.elementor-widget-heading .elementor-heading-title.elementor-size-xxl{font-size:59px}<\/style><h2 class=\"elementor-heading-title elementor-size-default\">Politique de cookies<\/h2>\t\t<\/div>\n\t\t\t\t<\/div>\n\t\t\t\t\t<\/div>\n\t\t<\/div>\n\t\t\t\t\t\t\t<\/div>\n\t\t<\/section>\n\t\t\t\t<section class=\"elementor-section elementor-top-section elementor-element elementor-element-1fc53277 elementor-section-boxed elementor-section-height-default elementor-section-height-default\" data-id=\"1fc53277\" data-element_type=\"section\">\n\t\t\t\t\t\t<div class=\"elementor-container elementor-column-gap-default\">\n\t\t\t\t\t<div class=\"elementor-column elementor-col-100 elementor-top-column elementor-element elementor-element-16f4caf8\" data-id=\"16f4caf8\" data-element_type=\"column\">\n\t\t\t<div class=\"elementor-widget-wrap elementor-element-populated\">\n\t\t\t\t\t\t\t\t<div class=\"elementor-element elementor-element-b0be2c1 elementor-widget elementor-widget-spacer\" data-id=\"b0be2c1\" data-element_type=\"widget\" data-widget_type=\"spacer.default\">\n\t\t\t\t<div class=\"elementor-widget-container\">\n\t\t\t<style>\/*! elementor - v3.15.0 - 20-08-2023 *\/\n.elementor-column .elementor-spacer-inner{height:var(--spacer-size)}.e-con{--container-widget-width:100%}.e-con-inner>.elementor-widget-spacer,.e-con>.elementor-widget-spacer{width:var(--container-widget-width,var(--spacer-size));--align-self:var(--container-widget-align-self,initial);--flex-shrink:0}.e-con-inner>.elementor-widget-spacer>.elementor-widget-container,.e-con-inner>.elementor-widget-spacer>.elementor-widget-container>.elementor-spacer,.e-con>.elementor-widget-spacer>.elementor-widget-container,.e-con>.elementor-widget-spacer>.elementor-widget-container>.elementor-spacer{height:100%}.e-con-inner>.elementor-widget-spacer>.elementor-widget-container>.elementor-spacer>.elementor-spacer-inner,.e-con>.elementor-widget-spacer>.elementor-widget-container>.elementor-spacer>.elementor-spacer-inner{height:var(--container-widget-height,var(--spacer-size))}<\/style>\t\t<div class=\"elementor-spacer\">\n\t\t\t<div class=\"elementor-spacer-inner\"><\/div>\n\t\t<\/div>\n\t\t\t\t<\/div>\n\t\t\t\t<\/div>\n\t\t\t\t<div class=\"elementor-element elementor-element-448dd966 elementor-widget elementor-widget-text-editor\" data-id=\"448dd966\" data-element_type=\"widget\" data-widget_type=\"text-editor.default\">\n\t\t\t\t<div class=\"elementor-widget-container\">\n\t\t\t<style>\/*! elementor - v3.15.0 - 20-08-2023 *\/\n.elementor-widget-text-editor.elementor-drop-cap-view-stacked .elementor-drop-cap{background-color:#69727d;color:#fff}.elementor-widget-text-editor.elementor-drop-cap-view-framed .elementor-drop-cap{color:#69727d;border:3px solid;background-color:transparent}.elementor-widget-text-editor:not(.elementor-drop-cap-view-default) .elementor-drop-cap{margin-top:8px}.elementor-widget-text-editor:not(.elementor-drop-cap-view-default) .elementor-drop-cap-letter{width:1em;height:1em}.elementor-widget-text-editor .elementor-drop-cap{float:left;text-align:center;line-height:1;font-size:50px}.elementor-widget-text-editor .elementor-drop-cap-letter{display:inline-block}<\/style>\t\t\t\t<p><span style=\"color: #000000;\"><strong>\u00bfQu\u00e9 est un cookie\u00a0?<\/strong><\/span><\/p><p><span style=\"color: #000000;\">Un cookie est un fichero de texto inofensivo que se almacena en su navegador cuando visita casi cualquier p\u00e1gina web. La utilidad de la cookie es que la web sea capaz de recordar su visita cuando vuelva a navegar por esa p\u00e1gina. Aunque mucha gente no lo sabe las cookies se llevan utilizando desde hace 20 a\u00f1os, cuando aparecieron los primeros navegadores para la World Wide Web.<\/span><\/p><p><span style=\"color: #000000;\"><strong>\u00bfQu\u00e9 NO ES un cookie\u00a0?<\/strong><\/span><\/p><p><span style=\"color: #000000;\">Ce n&rsquo;est pas un virus, ni un troyano, ni un gusano, ni spam, ni spyware, ni abre ventanas pop-up.<\/span><\/p><p><span style=\"color: #000000;\"><strong>\u00bfQu\u00e9 informaci\u00f3n almacena un cookie\u00a0?<\/strong><\/span><\/p><p><span style=\"color: #000000;\">Las cookies no suelen almacenar informaci\u00f3n sensible sobre usted, como tarjetas de cr\u00e9dito o datos bancarios, fotograf\u00edas, su DNI o informaci\u00f3n personal, etc. Los datos que guardan son de car\u00e1cter t\u00e9cnico, preferencias personales, personalizaci\u00f3n de contenidos, etc.<\/span><\/p><p><span style=\"color: #000000;\">El servidor web no le asocia a usted como persona si no a su navegador web. De hecho, si usted navega usted with Internet Explorer and prueba a navegar por the misma web con Firefox or Chrome ver\u00e1 que the web no se da cuenta that es usted the misma persona porque in realidad is asociando al navegador, no a la persona.<\/span><\/p><p><span style=\"color: #000000;\"><strong>\u00bfQu\u00e9 type de cookies existe-t-il\u00a0?<\/strong><\/span><\/p><p><span style=\"color: #000000;\">Cookies t\u00e9cnicas\u00a0: Son las m\u00e1s elementales y permiten, entre otras cosas, saber cu\u00e1ndo est\u00e1 navegando un humano o una aplicaci\u00f3n automatizada, cu\u00e1ndo navega un usuario an\u00f3nimo y uno registrado, tareas b\u00e1sicas para el funcionamiento de cualquier web din\u00e1mica.<\/span><\/p><ul><li><span style=\"color: #000000;\">Cookies d&rsquo;analyse\u00a0: Recogen informaci\u00f3n sobre el tipo de navegaci\u00f3n que est\u00e1 realizando, las secciones que m\u00e1s utiliza, productos consultados, franja horaria de uso, idioma, etc.<\/span><\/li><li><span style=\"color: #000000;\">Cookies publicitarias\u00a0: Muestran publicidad en funci\u00f3n de su navegaci\u00f3n, su pa\u00eds de procedencia, idioma, etc.<\/span><\/li><\/ul><p><span style=\"color: #000000;\"><strong>\u00bfQu\u00e9 son las cookies propias y las de terceros\u00a0?<\/strong><\/span><\/p><p><span style=\"color: #000000;\">Las cookies propias son las generadas por la p\u00e1gina que est\u00e1 visitando y las de terceros son las generadas por servicios o proveedores externos como Facebook, Google, etc.<\/span><\/p><p><span style=\"color: #000000;\"><strong>Qu&rsquo;est-ce qui se produit si les cookies sont d\u00e9sactiv\u00e9s\u00a0?<\/strong><\/span><\/p><p><span style=\"color: #000000;\">Para que entienda el alcance que puede tener desactivar las cookies le mostramos unos ejemplos:<\/span><\/p><ul><li><span style=\"color: #000000;\">Aucun podr\u00e1 compartir contenidos de esa web en Facebook, o cualquier otra social rouge.<\/span><\/li><li><span style=\"color: #000000;\">El sitio web no podr\u00e1 adaptar los contenidos a sus preferencias personales, como suele ocurrir en las tiendas online.<\/span><\/li><li><span style=\"color: #000000;\">No podr\u00e1 acceder al \u00e1rea personal de esa web, como por ejemplo Mi cuenta, o Mi perfil o Mis pedidos.<\/span><\/li><li><span style=\"color: #000000;\">Tiendas online\u00a0: Le ser\u00e1 impossible realizar compras online, tendr\u00e1n que ser telef\u00f3nicas o visitando la tienda f\u00edsica si es que dispone de ella.<\/span><\/li><li><span style=\"color: #000000;\">No ser\u00e1 posible personalizar sus preferencias geogr\u00e1ficas como franja horaria, divisa o idioma.<\/span><\/li><li><span style=\"color: #000000;\">El sitio web no podr\u00e1 realizar anal\u00edticas web sobre visitantes y tr\u00e1fico en la web, lo que dificultar\u00e1 que la web sea competitiva.<\/span><\/li><li><span style=\"color: #000000;\">Aucun podr\u00e1 escribir en el blog, no podr\u00e1 subir fotos, publicar comentarios, valorar o puntuar contenidos. Le web tampoco podr\u00e1 saber est un spam humain ou une application automatis\u00e9e que publica spam.<\/span><\/li><li><span style=\"color: #000000;\">No se podr\u00e1 mostrar publicidad sectorizada, lo que reducir\u00e1 los ingresos publicitarios de la web.<\/span><\/li><li><span style=\"color: #000000;\">Todas las redes sociales usan cookies, si las desactiva no podr\u00e1 utilizar ninguna red social.<\/span><\/li><\/ul><p><span style=\"color: #000000;\"><strong>\u00bfSe pueden eliminar las cookies?<\/strong><\/span><\/p><p><span style=\"color: #000000;\">Si. No s\u00f3lo eliminar, tambi\u00e9n bloquear, de forma general o particular para un dominio espec\u00edfico.<\/span><\/p><p><span style=\"color: #000000;\">Para eliminar las cookies de un site web debe ir a la configuration de su navegador y all\u00ed podr\u00e1 buscar las asociadas al dominio en cuesti\u00f3n y proceder a su eliminaci\u00f3n.<\/span><\/p><p><span style=\"color: #000000;\"><strong>Configuration des cookies pour les navigateurs les plus populaires<\/strong><\/span><\/p><p><span style=\"color: #000000;\">A continueaci\u00f3n le indicamos c\u00f3mo acceder a una cookie determinada del navegador <strong><em>Chrome <\/em><\/strong>. Nota\u00a0: estos pasos pueden variar en funci\u00f3n de la version del navegador\u00a0:<\/span><\/p><ul><li><span style=\"color: #000000;\">Vaya a Configuraci\u00f3n o Preferencias mediante el men\u00fa Archivo o bien pinchando el icono de personalizaci\u00f3n que aparece arriba a la derecha.<\/span><\/li><li><span style=\"color: #000000;\">Ver\u00e1 diferentes secciones, pinche la opci\u00f3n Mostrar opciones avanzadas.<\/span><\/li><li><span style=\"color: #000000;\">Vaya a Privacidad, Configuration de contenu.<\/span><\/li><li><span style=\"color: #000000;\">Seleccione Todas las cookies y los datos de sitios.<\/span><\/li><li><span style=\"color: #000000;\">Aparecer\u00e1 un listado con todas las cookies ordenadas por dominio.<\/span><\/li><li><span style=\"color: #000000;\">Para que le sea m\u00e1s f\u00e1cil encontrar las cookies de un determinado dominio introduzca parcial o totalmente la direction en el campo Buscar cookies.<\/span><\/li><li><span style=\"color: #000000;\">Tras realizar este filtro aparecer\u00e1n en pantalla una o varias l\u00edneas con las cookies de la web solicitada. Ahora s\u00f3lo tiene que seleccionarla y pulsar la X para proceder a su eliminaci\u00f3n.<\/span><\/li><\/ul><p><span style=\"color: #000000;\">Pour acc\u00e9der \u00e0 la configuration des cookies du navigateur <strong><em>Internet Explorer <\/em><\/strong>siga estos pasos (pueden variar en funci\u00f3n de la versi\u00f3n del navegador):<\/span><\/p><ul><li><span style=\"color: #000000;\">Vaya a Herramientas, Opciones de Internet<\/span><\/li><li><span style=\"color: #000000;\">Haga click en Privacidad.<\/span><\/li><li><span style=\"color: #000000;\">Mueva el deslizador hasta ajustar el nivel de privacidad que desee.<\/span><\/li><\/ul><p><span style=\"color: #000000;\">Pour acc\u00e9der \u00e0 la configuration des cookies du navigateur <strong><em>Firefox <\/em><\/strong>siga estos pasos (pueden variar en funci\u00f3n de la version du navegador):<\/span><\/p><ul><li><span style=\"color: #000000;\">Vaya a Opciones o Preferencias seg\u00fan su sistema operativo.<\/span><\/li><li><span style=\"color: #000000;\">Haga click en Privacidad.<\/span><\/li><li><span style=\"color: #000000;\">En Historial elija Utilisez une configuration personnalis\u00e9e pour l&rsquo;historique.<\/span><\/li><li><span style=\"color: #000000;\">Ahora ver\u00e1 la opci\u00f3n Aceptar cookies, puede activarla o desactivarla seg\u00fan sus preferencias.<\/span><\/li><\/ul><p><span style=\"color: #000000;\">Pour acc\u00e9der \u00e0 la configuration des cookies du navigateur <strong><em>Safari <\/em><\/strong>pour OSX siga estos pasos (pueden variar en funci\u00f3n de la versi\u00f3n del navegador):<\/span><\/p><ul><li><span style=\"color: #000000;\">Vaya a Preferencias, luego Privacidad.<\/span><\/li><\/ul><ul><li><span style=\"color: #000000;\">En este lugar ver\u00e1 l&rsquo;opci\u00f3n Bloquear cookies para que ajuste le tipo de bloqueo que desea realizar.<\/span><\/li><\/ul><p><span style=\"color: #000000;\">Pour acc\u00e9der \u00e0 la configuration des cookies du navigateur <strong><em>Safari pour iOS<\/em><\/strong><strong>\u00a0<\/strong>siga estos pasos (pueden variar en funci\u00f3n de la versi\u00f3n del navegador):<\/span><\/p><ul><li><span style=\"color: #000000;\">Vaya \u00e0 Ajustes, luego Safari.<\/span><\/li><li><span style=\"color: #000000;\">Vaya a Privacidad y Seguridad, ver\u00e1 la opci\u00f3n Bloquear cookies para que ajuste el tipo de bloqueo que desea realizar.<\/span><\/li><\/ul><p><span style=\"color: #000000;\">Pour acc\u00e9der \u00e0 la configuration de cookies del navegador para dispositivos <strong><em>Android <\/em><\/strong>siga estos pasos (pueden variar en funci\u00f3n de la versi\u00f3n del navegador):<\/span><\/p><ul><li><span style=\"color: #000000;\">Ejecute el navegador y pulse la tecla Men\u00fa, luego Ajustes.<\/span><\/li><li><span style=\"color: #000000;\">Vaya a Seguridad y Privacidad, ver\u00e1 la opci\u00f3n Accepter les cookies pour activer ou d\u00e9sactiver la casilla.<\/span><\/li><\/ul><p><span style=\"color: #000000;\">Pour acc\u00e9der \u00e0 la configuration des cookies du navigateur pour les appareils <strong><em>Windows Phone <\/em><\/strong>siga isos pasos (pueden variar en funci\u00f3n de la versi\u00f3n del navegador):<\/span><\/p><ul><li><span style=\"color: #000000;\">Ouvrez Internet Explorer, cliquez sur Plus, cliquez sur Configuration<\/span><\/li><li><span style=\"color: #000000;\">Ahora puede activar o desactivar la casilla Permitir cookies<\/span><\/li><\/ul>\t\t\t\t\t\t<\/div>\n\t\t\t\t<\/div>\n\t\t\t\t\t<\/div>\n\t\t<\/div>\n\t\t\t\t\t\t\t<\/div>\n\t\t<\/section>\n\t\t\t\t\t\t\t<\/div>\n\t\t","protected":false},"excerpt":{"rendered":"<p>Politique de cookies \u00bfQu\u00e9 est un cookie\u00a0? Un cookie est un fichero de texto inofensivo que se almacena en su navegador cuando visita casi cualquier p\u00e1gina web. La utilidad de la cookie es que la web sea capaz de recordar su visita cuando vuelva a navegar por esa p\u00e1gina. Aunque mucha gente no lo sabe [&hellip;]<\/p>\n","protected":false},"author":2,"featured_media":0,"parent":0,"menu_order":0,"comment_status":"closed","ping_status":"closed","template":"","meta":{"footnotes":""},"class_list":["post-3585","page","type-page","status-publish","hentry"],"yoast_head":"<!-- This site is optimized with the Yoast SEO Premium plugin v27.1 (Yoast SEO v27.1.1) - https:\/\/yoast.com\/product\/yoast-seo-premium-wordpress\/ -->\n<title>Pol\u00edtica de cookies - Filto Profiles<\/title>\n<meta name=\"robots\" content=\"index, follow, max-snippet:-1, max-image-preview:large, max-video-preview:-1\" \/>\n<link rel=\"canonical\" href=\"https:\/\/www.filtoprofiles.com\/fr\/politica-de-cookies\/\" \/>\n<meta property=\"og:locale\" content=\"fr_FR\" \/>\n<meta property=\"og:type\" content=\"article\" \/>\n<meta property=\"og:title\" content=\"Pol\u00edtica de cookies\" \/>\n<meta property=\"og:description\" content=\"Politique de cookies \u00bfQu\u00e9 est un cookie\u00a0? Un cookie est un fichero de texto inofensivo que se almacena en su navegador cuando visita casi cualquier p\u00e1gina web. La utilidad de la cookie es que la web sea capaz de recordar su visita cuando vuelva a navegar por esa p\u00e1gina. Aunque mucha gente no lo sabe [&hellip;]\" \/>\n<meta property=\"og:url\" content=\"https:\/\/www.filtoprofiles.com\/fr\/politica-de-cookies\/\" \/>\n<meta property=\"og:site_name\" content=\"Filto Profiles\" \/>\n<meta property=\"article:publisher\" content=\"https:\/\/www.facebook.com\/filtoprofiles\" \/>\n<meta property=\"article:modified_time\" content=\"2023-01-15T19:37:20+00:00\" \/>\n<meta property=\"og:image\" content=\"https:\/\/www.filtoprofiles.com\/wp-content\/uploads\/2023\/04\/TITOL.jpg\" \/>\n\t<meta property=\"og:image:width\" content=\"2077\" \/>\n\t<meta property=\"og:image:height\" content=\"447\" \/>\n\t<meta property=\"og:image:type\" content=\"image\/jpeg\" \/>\n<meta name=\"twitter:card\" content=\"summary_large_image\" \/>\n<meta name=\"twitter:label1\" content=\"Dur\u00e9e de lecture estim\u00e9e\" \/>\n\t<meta name=\"twitter:data1\" content=\"5 minutes\" \/>\n<script type=\"application\/ld+json\" class=\"yoast-schema-graph\">{\"@context\":\"https:\/\/schema.org\",\"@graph\":[{\"@type\":\"WebPage\",\"@id\":\"https:\/\/www.filtoprofiles.com\/fr\/politica-de-cookies\/\",\"url\":\"https:\/\/www.filtoprofiles.com\/fr\/politica-de-cookies\/\",\"name\":\"Pol\u00edtica de cookies - Filto Profiles\",\"isPartOf\":{\"@id\":\"https:\/\/www.filtoprofiles.com\/#website\"},\"datePublished\":\"2023-01-15T18:18:43+00:00\",\"dateModified\":\"2023-01-15T19:37:20+00:00\",\"breadcrumb\":{\"@id\":\"https:\/\/www.filtoprofiles.com\/fr\/politica-de-cookies\/#breadcrumb\"},\"inLanguage\":\"fr-FR\",\"potentialAction\":[{\"@type\":\"ReadAction\",\"target\":[\"https:\/\/www.filtoprofiles.com\/fr\/politica-de-cookies\/\"]}]},{\"@type\":\"BreadcrumbList\",\"@id\":\"https:\/\/www.filtoprofiles.com\/fr\/politica-de-cookies\/#breadcrumb\",\"itemListElement\":[{\"@type\":\"ListItem\",\"position\":1,\"name\":\"Home\",\"item\":\"https:\/\/www.filtoprofiles.com\/ca\/\"},{\"@type\":\"ListItem\",\"position\":2,\"name\":\"Pol\u00edtica de cookies\"}]},{\"@type\":\"WebSite\",\"@id\":\"https:\/\/www.filtoprofiles.com\/#website\",\"url\":\"https:\/\/www.filtoprofiles.com\/\",\"name\":\"Filto Profiles\",\"description\":\"Brass Profiles Producer\",\"publisher\":{\"@id\":\"https:\/\/www.filtoprofiles.com\/#organization\"},\"alternateName\":\"Filto\",\"potentialAction\":[{\"@type\":\"SearchAction\",\"target\":{\"@type\":\"EntryPoint\",\"urlTemplate\":\"https:\/\/www.filtoprofiles.com\/?s={search_term_string}\"},\"query-input\":{\"@type\":\"PropertyValueSpecification\",\"valueRequired\":true,\"valueName\":\"search_term_string\"}}],\"inLanguage\":\"fr-FR\"},{\"@type\":\"Organization\",\"@id\":\"https:\/\/www.filtoprofiles.com\/#organization\",\"name\":\"Filto Profiles\",\"alternateName\":\"Filto\",\"url\":\"https:\/\/www.filtoprofiles.com\/\",\"logo\":{\"@type\":\"ImageObject\",\"inLanguage\":\"fr-FR\",\"@id\":\"https:\/\/www.filtoprofiles.com\/#\/schema\/logo\/image\/\",\"url\":\"https:\/\/www.filtoprofiles.com\/wp-content\/uploads\/2023\/04\/filto-logo.jpg\",\"contentUrl\":\"https:\/\/www.filtoprofiles.com\/wp-content\/uploads\/2023\/04\/filto-logo.jpg\",\"width\":420,\"height\":420,\"caption\":\"Filto Profiles\"},\"image\":{\"@id\":\"https:\/\/www.filtoprofiles.com\/#\/schema\/logo\/image\/\"},\"sameAs\":[\"https:\/\/www.facebook.com\/filtoprofiles\",\"https:\/\/www.linkedin.com\/company\/3302369\"]}]}<\/script>\n<!-- \/ Yoast SEO Premium plugin. -->","yoast_head_json":{"title":"Pol\u00edtica de cookies - Filto Profiles","robots":{"index":"index","follow":"follow","max-snippet":"max-snippet:-1","max-image-preview":"max-image-preview:large","max-video-preview":"max-video-preview:-1"},"canonical":"https:\/\/www.filtoprofiles.com\/fr\/politica-de-cookies\/","og_locale":"fr_FR","og_type":"article","og_title":"Pol\u00edtica de cookies","og_description":"Politique de cookies \u00bfQu\u00e9 est un cookie\u00a0? Un cookie est un fichero de texto inofensivo que se almacena en su navegador cuando visita casi cualquier p\u00e1gina web. La utilidad de la cookie es que la web sea capaz de recordar su visita cuando vuelva a navegar por esa p\u00e1gina. Aunque mucha gente no lo sabe [&hellip;]","og_url":"https:\/\/www.filtoprofiles.com\/fr\/politica-de-cookies\/","og_site_name":"Filto Profiles","article_publisher":"https:\/\/www.facebook.com\/filtoprofiles","article_modified_time":"2023-01-15T19:37:20+00:00","og_image":[{"width":2077,"height":447,"url":"https:\/\/www.filtoprofiles.com\/wp-content\/uploads\/2023\/04\/TITOL.jpg","type":"image\/jpeg"}],"twitter_card":"summary_large_image","twitter_misc":{"Dur\u00e9e de lecture estim\u00e9e":"5 minutes"},"schema":{"@context":"https:\/\/schema.org","@graph":[{"@type":"WebPage","@id":"https:\/\/www.filtoprofiles.com\/fr\/politica-de-cookies\/","url":"https:\/\/www.filtoprofiles.com\/fr\/politica-de-cookies\/","name":"Pol\u00edtica de cookies - Filto Profiles","isPartOf":{"@id":"https:\/\/www.filtoprofiles.com\/#website"},"datePublished":"2023-01-15T18:18:43+00:00","dateModified":"2023-01-15T19:37:20+00:00","breadcrumb":{"@id":"https:\/\/www.filtoprofiles.com\/fr\/politica-de-cookies\/#breadcrumb"},"inLanguage":"fr-FR","potentialAction":[{"@type":"ReadAction","target":["https:\/\/www.filtoprofiles.com\/fr\/politica-de-cookies\/"]}]},{"@type":"BreadcrumbList","@id":"https:\/\/www.filtoprofiles.com\/fr\/politica-de-cookies\/#breadcrumb","itemListElement":[{"@type":"ListItem","position":1,"name":"Home","item":"https:\/\/www.filtoprofiles.com\/ca\/"},{"@type":"ListItem","position":2,"name":"Pol\u00edtica de cookies"}]},{"@type":"WebSite","@id":"https:\/\/www.filtoprofiles.com\/#website","url":"https:\/\/www.filtoprofiles.com\/","name":"Filto Profiles","description":"Brass Profiles Producer","publisher":{"@id":"https:\/\/www.filtoprofiles.com\/#organization"},"alternateName":"Filto","potentialAction":[{"@type":"SearchAction","target":{"@type":"EntryPoint","urlTemplate":"https:\/\/www.filtoprofiles.com\/?s={search_term_string}"},"query-input":{"@type":"PropertyValueSpecification","valueRequired":true,"valueName":"search_term_string"}}],"inLanguage":"fr-FR"},{"@type":"Organization","@id":"https:\/\/www.filtoprofiles.com\/#organization","name":"Filto Profiles","alternateName":"Filto","url":"https:\/\/www.filtoprofiles.com\/","logo":{"@type":"ImageObject","inLanguage":"fr-FR","@id":"https:\/\/www.filtoprofiles.com\/#\/schema\/logo\/image\/","url":"https:\/\/www.filtoprofiles.com\/wp-content\/uploads\/2023\/04\/filto-logo.jpg","contentUrl":"https:\/\/www.filtoprofiles.com\/wp-content\/uploads\/2023\/04\/filto-logo.jpg","width":420,"height":420,"caption":"Filto Profiles"},"image":{"@id":"https:\/\/www.filtoprofiles.com\/#\/schema\/logo\/image\/"},"sameAs":["https:\/\/www.facebook.com\/filtoprofiles","https:\/\/www.linkedin.com\/company\/3302369"]}]}},"_links":{"self":[{"href":"https:\/\/www.filtoprofiles.com\/fr\/wp-json\/wp\/v2\/pages\/3585","targetHints":{"allow":["GET"]}}],"collection":[{"href":"https:\/\/www.filtoprofiles.com\/fr\/wp-json\/wp\/v2\/pages"}],"about":[{"href":"https:\/\/www.filtoprofiles.com\/fr\/wp-json\/wp\/v2\/types\/page"}],"author":[{"embeddable":true,"href":"https:\/\/www.filtoprofiles.com\/fr\/wp-json\/wp\/v2\/users\/2"}],"replies":[{"embeddable":true,"href":"https:\/\/www.filtoprofiles.com\/fr\/wp-json\/wp\/v2\/comments?post=3585"}],"version-history":[{"count":4,"href":"https:\/\/www.filtoprofiles.com\/fr\/wp-json\/wp\/v2\/pages\/3585\/revisions"}],"predecessor-version":[{"id":6242,"href":"https:\/\/www.filtoprofiles.com\/fr\/wp-json\/wp\/v2\/pages\/3585\/revisions\/6242"}],"wp:attachment":[{"href":"https:\/\/www.filtoprofiles.com\/fr\/wp-json\/wp\/v2\/media?parent=3585"}],"curies":[{"name":"wp","href":"https:\/\/api.w.org\/{rel}","templated":true}]}}