{"id":3057,"date":"2022-05-05T07:47:11","date_gmt":"2022-05-05T07:47:11","guid":{"rendered":"https:\/\/www.filtoprofiles.com\/quality-policy\/"},"modified":"2022-08-29T19:01:29","modified_gmt":"2022-08-29T19:01:29","slug":"quality-policy","status":"publish","type":"page","link":"https:\/\/www.filtoprofiles.com\/fr\/quality-policy\/","title":{"rendered":"Quality Policy"},"content":{"rendered":"\t\t<div data-elementor-type=\"wp-page\" data-elementor-id=\"3057\" class=\"elementor elementor-3057 elementor-436\">\n\t\t\t\t\t\t\t\t\t<section class=\"elementor-section elementor-top-section elementor-element elementor-element-42de0b8 elementor-section-boxed elementor-section-height-default elementor-section-height-default\" data-id=\"42de0b8\" data-element_type=\"section\">\n\t\t\t\t\t\t<div class=\"elementor-container elementor-column-gap-default\">\n\t\t\t\t\t<div class=\"elementor-column elementor-col-100 elementor-top-column elementor-element elementor-element-2087688\" data-id=\"2087688\" data-element_type=\"column\">\n\t\t\t<div class=\"elementor-widget-wrap elementor-element-populated\">\n\t\t\t\t\t\t\t\t<div class=\"elementor-element elementor-element-6c9ff21 elementor-widget elementor-widget-heading\" data-id=\"6c9ff21\" data-element_type=\"widget\" data-widget_type=\"heading.default\">\n\t\t\t\t<div class=\"elementor-widget-container\">\n\t\t\t<style>\/*! elementor - v3.15.0 - 20-08-2023 *\/\n.elementor-heading-title{padding:0;margin:0;line-height:1}.elementor-widget-heading .elementor-heading-title[class*=elementor-size-]>a{color:inherit;font-size:inherit;line-height:inherit}.elementor-widget-heading .elementor-heading-title.elementor-size-small{font-size:15px}.elementor-widget-heading .elementor-heading-title.elementor-size-medium{font-size:19px}.elementor-widget-heading .elementor-heading-title.elementor-size-large{font-size:29px}.elementor-widget-heading .elementor-heading-title.elementor-size-xl{font-size:39px}.elementor-widget-heading .elementor-heading-title.elementor-size-xxl{font-size:59px}<\/style><h2 class=\"elementor-heading-title elementor-size-default\">\ufeffPolitique de qualit\u00e9<\/h2>\t\t<\/div>\n\t\t\t\t<\/div>\n\t\t\t\t<div class=\"elementor-element elementor-element-aa5f49e elementor-widget elementor-widget-text-editor\" data-id=\"aa5f49e\" data-element_type=\"widget\" data-widget_type=\"text-editor.default\">\n\t\t\t\t<div class=\"elementor-widget-container\">\n\t\t\t<style>\/*! elementor - v3.15.0 - 20-08-2023 *\/\n.elementor-widget-text-editor.elementor-drop-cap-view-stacked .elementor-drop-cap{background-color:#69727d;color:#fff}.elementor-widget-text-editor.elementor-drop-cap-view-framed .elementor-drop-cap{color:#69727d;border:3px solid;background-color:transparent}.elementor-widget-text-editor:not(.elementor-drop-cap-view-default) .elementor-drop-cap{margin-top:8px}.elementor-widget-text-editor:not(.elementor-drop-cap-view-default) .elementor-drop-cap-letter{width:1em;height:1em}.elementor-widget-text-editor .elementor-drop-cap{float:left;text-align:center;line-height:1;font-size:50px}.elementor-widget-text-editor .elementor-drop-cap-letter{display:inline-block}<\/style>\t\t\t\t<p><em>la politique de FILTO PROFILES pour la fabrication et la vente de profil\u00e9s en laiton est de satisfaire les attentes et les besoins de nos clients, Tout en maintenant et en am\u00e9liorant la qualit\u00e9 de nos produits et du service fourni.<\/em><\/p><p><em>En r\u00e9sum\u00e9, la Politique Qualit\u00e9 de FILTO PROFILES est bas\u00e9e sur les principes suivants :<\/em><\/p><ul><li><p><em>L&rsquo;obtention du plus haut niveau de satisfaction client est l&rsquo;\u00e9l\u00e9ment essentiel et la raison d&rsquo;\u00eatre de notre entreprise, ce qui nous permet d&rsquo;\u00e9tablir une relation bas\u00e9e sur la confiance en nos meilleurs d\u00e9lais de livraison, nos engagements pris et nos prix comp\u00e9titifs.<\/em><\/p><\/li><li><p><em>FILTO PROFILES s&rsquo;engage sur la voie de l&rsquo;am\u00e9lioration et, pour cela, nous int\u00e9grons le cycle : Planification &#8211; Ex\u00e9cution &#8211; V\u00e9rification &#8211; Action dans le Syst\u00e8me Qualit\u00e9, afin d&rsquo;augmenter la qualit\u00e9 et la productivit\u00e9 de nos produits.<\/em><\/p><\/li><li><p><em>FILTO PROFILES s&rsquo;engage \u00e0 maintenir et \u00e0 am\u00e9liorer son syst\u00e8me de management de la qualit\u00e9 conforme aux exigences de la norme ISO 9001:2015 ainsi qu&rsquo;aux exigences r\u00e9glementaires, l\u00e9gales et r\u00e9glementaires applicables \u00e0 l&rsquo;activit\u00e9 du secteur.<\/em><\/p><\/li><li><p><em>Former le personnel pour favoriser leur initiative, leur participation et leur motivation, aspects essentiels pour le succ\u00e8s et le d\u00e9veloppement de l&rsquo;entreprise.<\/em><\/p><\/li><li><p><em>Notre Qualit\u00e9 se mesure, non seulement en r\u00e9pondant aux sp\u00e9cifications et aux exigences, mais aussi en d\u00e9passant les attentes de nos Clients, dans chacun des aspects de notre activit\u00e9. Atteindre cet objectif nous assure un leadership sur notre chemin vers l&rsquo;excellence.<\/em><\/p><\/li><\/ul><p>Le D\u00e9partement de la Pr\u00e9sidence de FILTO PROFILES s&rsquo;engage \u00e0 communiquer cette politique de mani\u00e8re compr\u00e9hensible pour tout le personnel, ainsi qu&rsquo;\u00e0 \u00e9tablir les ressources n\u00e9cessaires et \u00e0 revoir p\u00e9riodiquement ladite politique pour garantir son adaptation continue \u00e0 travers des r\u00e9visions frequente du syst\u00e8me.<\/p><p>The Management of FILTO PROFILES commits to communicate this policy in an understandable way for all personnel, to provide the necessary resources to uphold it, as well as to periodically review said policy through systematic revisions to guarantee its continuous adaptation.<\/p><p><em>\u00a0<\/em><\/p><p><strong><em>L&rsquo;administrateur.<br \/><\/em>Sign\u00e9 : Xavier Serrat Canet<br \/><br \/><\/strong><\/p><pre><strong>Vallirana, le 01 mars 2018<\/strong><\/pre><p>\u00a0<\/p>\t\t\t\t\t\t<\/div>\n\t\t\t\t<\/div>\n\t\t\t\t\t<\/div>\n\t\t<\/div>\n\t\t\t\t\t\t\t<\/div>\n\t\t<\/section>\n\t\t\t\t\t\t\t<\/div>\n\t\t","protected":false},"excerpt":{"rendered":"<p>\ufeffPolitique de qualit\u00e9 la politique de FILTO PROFILES pour la fabrication et la vente de profil\u00e9s en laiton est de satisfaire les attentes et les besoins de nos clients, Tout en maintenant et en am\u00e9liorant la qualit\u00e9 de nos produits et du service fourni. En r\u00e9sum\u00e9, la Politique Qualit\u00e9 de FILTO PROFILES est bas\u00e9e sur [&hellip;]<\/p>\n","protected":false},"author":2,"featured_media":0,"parent":0,"menu_order":0,"comment_status":"closed","ping_status":"closed","template":"","meta":{"footnotes":""},"class_list":["post-3057","page","type-page","status-publish","hentry"],"yoast_head":"<!-- This site is optimized with the Yoast SEO Premium plugin v27.1 (Yoast SEO v27.1.1) - https:\/\/yoast.com\/product\/yoast-seo-premium-wordpress\/ -->\n<title>Quality Policy - Filto Profiles<\/title>\n<meta name=\"robots\" content=\"index, follow, max-snippet:-1, max-image-preview:large, max-video-preview:-1\" \/>\n<link rel=\"canonical\" href=\"https:\/\/www.filtoprofiles.com\/fr\/quality-policy\/\" \/>\n<meta property=\"og:locale\" content=\"fr_FR\" \/>\n<meta property=\"og:type\" content=\"article\" \/>\n<meta property=\"og:title\" content=\"Quality Policy\" \/>\n<meta property=\"og:description\" content=\"\ufeffPolitique de qualit\u00e9 la politique de FILTO PROFILES pour la fabrication et la vente de profil\u00e9s en laiton est de satisfaire les attentes et les besoins de nos clients, Tout en maintenant et en am\u00e9liorant la qualit\u00e9 de nos produits et du service fourni. En r\u00e9sum\u00e9, la Politique Qualit\u00e9 de FILTO PROFILES est bas\u00e9e sur [&hellip;]\" \/>\n<meta property=\"og:url\" content=\"https:\/\/www.filtoprofiles.com\/fr\/quality-policy\/\" \/>\n<meta property=\"og:site_name\" content=\"Filto Profiles\" \/>\n<meta property=\"article:publisher\" content=\"https:\/\/www.facebook.com\/filtoprofiles\" \/>\n<meta property=\"article:modified_time\" content=\"2022-08-29T19:01:29+00:00\" \/>\n<meta property=\"og:image\" content=\"https:\/\/www.filtoprofiles.com\/wp-content\/uploads\/2023\/04\/TITOL.jpg\" \/>\n\t<meta property=\"og:image:width\" content=\"2077\" \/>\n\t<meta property=\"og:image:height\" content=\"447\" \/>\n\t<meta property=\"og:image:type\" content=\"image\/jpeg\" \/>\n<meta name=\"twitter:card\" content=\"summary_large_image\" \/>\n<meta name=\"twitter:label1\" content=\"Dur\u00e9e de lecture estim\u00e9e\" \/>\n\t<meta name=\"twitter:data1\" content=\"2 minutes\" \/>\n<script type=\"application\/ld+json\" class=\"yoast-schema-graph\">{\"@context\":\"https:\/\/schema.org\",\"@graph\":[{\"@type\":\"WebPage\",\"@id\":\"https:\/\/www.filtoprofiles.com\/fr\/quality-policy\/\",\"url\":\"https:\/\/www.filtoprofiles.com\/fr\/quality-policy\/\",\"name\":\"Quality Policy - Filto Profiles\",\"isPartOf\":{\"@id\":\"https:\/\/www.filtoprofiles.com\/#website\"},\"datePublished\":\"2022-05-05T07:47:11+00:00\",\"dateModified\":\"2022-08-29T19:01:29+00:00\",\"breadcrumb\":{\"@id\":\"https:\/\/www.filtoprofiles.com\/fr\/quality-policy\/#breadcrumb\"},\"inLanguage\":\"fr-FR\",\"potentialAction\":[{\"@type\":\"ReadAction\",\"target\":[\"https:\/\/www.filtoprofiles.com\/fr\/quality-policy\/\"]}]},{\"@type\":\"BreadcrumbList\",\"@id\":\"https:\/\/www.filtoprofiles.com\/fr\/quality-policy\/#breadcrumb\",\"itemListElement\":[{\"@type\":\"ListItem\",\"position\":1,\"name\":\"Home\",\"item\":\"https:\/\/www.filtoprofiles.com\/ca\/\"},{\"@type\":\"ListItem\",\"position\":2,\"name\":\"Quality Policy\"}]},{\"@type\":\"WebSite\",\"@id\":\"https:\/\/www.filtoprofiles.com\/#website\",\"url\":\"https:\/\/www.filtoprofiles.com\/\",\"name\":\"Filto Profiles\",\"description\":\"Brass Profiles Producer\",\"publisher\":{\"@id\":\"https:\/\/www.filtoprofiles.com\/#organization\"},\"alternateName\":\"Filto\",\"potentialAction\":[{\"@type\":\"SearchAction\",\"target\":{\"@type\":\"EntryPoint\",\"urlTemplate\":\"https:\/\/www.filtoprofiles.com\/?s={search_term_string}\"},\"query-input\":{\"@type\":\"PropertyValueSpecification\",\"valueRequired\":true,\"valueName\":\"search_term_string\"}}],\"inLanguage\":\"fr-FR\"},{\"@type\":\"Organization\",\"@id\":\"https:\/\/www.filtoprofiles.com\/#organization\",\"name\":\"Filto Profiles\",\"alternateName\":\"Filto\",\"url\":\"https:\/\/www.filtoprofiles.com\/\",\"logo\":{\"@type\":\"ImageObject\",\"inLanguage\":\"fr-FR\",\"@id\":\"https:\/\/www.filtoprofiles.com\/#\/schema\/logo\/image\/\",\"url\":\"https:\/\/www.filtoprofiles.com\/wp-content\/uploads\/2023\/04\/filto-logo.jpg\",\"contentUrl\":\"https:\/\/www.filtoprofiles.com\/wp-content\/uploads\/2023\/04\/filto-logo.jpg\",\"width\":420,\"height\":420,\"caption\":\"Filto Profiles\"},\"image\":{\"@id\":\"https:\/\/www.filtoprofiles.com\/#\/schema\/logo\/image\/\"},\"sameAs\":[\"https:\/\/www.facebook.com\/filtoprofiles\",\"https:\/\/www.linkedin.com\/company\/3302369\"]}]}<\/script>\n<!-- \/ Yoast SEO Premium plugin. -->","yoast_head_json":{"title":"Quality Policy - Filto Profiles","robots":{"index":"index","follow":"follow","max-snippet":"max-snippet:-1","max-image-preview":"max-image-preview:large","max-video-preview":"max-video-preview:-1"},"canonical":"https:\/\/www.filtoprofiles.com\/fr\/quality-policy\/","og_locale":"fr_FR","og_type":"article","og_title":"Quality Policy","og_description":"\ufeffPolitique de qualit\u00e9 la politique de FILTO PROFILES pour la fabrication et la vente de profil\u00e9s en laiton est de satisfaire les attentes et les besoins de nos clients, Tout en maintenant et en am\u00e9liorant la qualit\u00e9 de nos produits et du service fourni. En r\u00e9sum\u00e9, la Politique Qualit\u00e9 de FILTO PROFILES est bas\u00e9e sur [&hellip;]","og_url":"https:\/\/www.filtoprofiles.com\/fr\/quality-policy\/","og_site_name":"Filto Profiles","article_publisher":"https:\/\/www.facebook.com\/filtoprofiles","article_modified_time":"2022-08-29T19:01:29+00:00","og_image":[{"width":2077,"height":447,"url":"https:\/\/www.filtoprofiles.com\/wp-content\/uploads\/2023\/04\/TITOL.jpg","type":"image\/jpeg"}],"twitter_card":"summary_large_image","twitter_misc":{"Dur\u00e9e de lecture estim\u00e9e":"2 minutes"},"schema":{"@context":"https:\/\/schema.org","@graph":[{"@type":"WebPage","@id":"https:\/\/www.filtoprofiles.com\/fr\/quality-policy\/","url":"https:\/\/www.filtoprofiles.com\/fr\/quality-policy\/","name":"Quality Policy - Filto Profiles","isPartOf":{"@id":"https:\/\/www.filtoprofiles.com\/#website"},"datePublished":"2022-05-05T07:47:11+00:00","dateModified":"2022-08-29T19:01:29+00:00","breadcrumb":{"@id":"https:\/\/www.filtoprofiles.com\/fr\/quality-policy\/#breadcrumb"},"inLanguage":"fr-FR","potentialAction":[{"@type":"ReadAction","target":["https:\/\/www.filtoprofiles.com\/fr\/quality-policy\/"]}]},{"@type":"BreadcrumbList","@id":"https:\/\/www.filtoprofiles.com\/fr\/quality-policy\/#breadcrumb","itemListElement":[{"@type":"ListItem","position":1,"name":"Home","item":"https:\/\/www.filtoprofiles.com\/ca\/"},{"@type":"ListItem","position":2,"name":"Quality Policy"}]},{"@type":"WebSite","@id":"https:\/\/www.filtoprofiles.com\/#website","url":"https:\/\/www.filtoprofiles.com\/","name":"Filto Profiles","description":"Brass Profiles Producer","publisher":{"@id":"https:\/\/www.filtoprofiles.com\/#organization"},"alternateName":"Filto","potentialAction":[{"@type":"SearchAction","target":{"@type":"EntryPoint","urlTemplate":"https:\/\/www.filtoprofiles.com\/?s={search_term_string}"},"query-input":{"@type":"PropertyValueSpecification","valueRequired":true,"valueName":"search_term_string"}}],"inLanguage":"fr-FR"},{"@type":"Organization","@id":"https:\/\/www.filtoprofiles.com\/#organization","name":"Filto Profiles","alternateName":"Filto","url":"https:\/\/www.filtoprofiles.com\/","logo":{"@type":"ImageObject","inLanguage":"fr-FR","@id":"https:\/\/www.filtoprofiles.com\/#\/schema\/logo\/image\/","url":"https:\/\/www.filtoprofiles.com\/wp-content\/uploads\/2023\/04\/filto-logo.jpg","contentUrl":"https:\/\/www.filtoprofiles.com\/wp-content\/uploads\/2023\/04\/filto-logo.jpg","width":420,"height":420,"caption":"Filto Profiles"},"image":{"@id":"https:\/\/www.filtoprofiles.com\/#\/schema\/logo\/image\/"},"sameAs":["https:\/\/www.facebook.com\/filtoprofiles","https:\/\/www.linkedin.com\/company\/3302369"]}]}},"_links":{"self":[{"href":"https:\/\/www.filtoprofiles.com\/fr\/wp-json\/wp\/v2\/pages\/3057","targetHints":{"allow":["GET"]}}],"collection":[{"href":"https:\/\/www.filtoprofiles.com\/fr\/wp-json\/wp\/v2\/pages"}],"about":[{"href":"https:\/\/www.filtoprofiles.com\/fr\/wp-json\/wp\/v2\/types\/page"}],"author":[{"embeddable":true,"href":"https:\/\/www.filtoprofiles.com\/fr\/wp-json\/wp\/v2\/users\/2"}],"replies":[{"embeddable":true,"href":"https:\/\/www.filtoprofiles.com\/fr\/wp-json\/wp\/v2\/comments?post=3057"}],"version-history":[{"count":3,"href":"https:\/\/www.filtoprofiles.com\/fr\/wp-json\/wp\/v2\/pages\/3057\/revisions"}],"predecessor-version":[{"id":3064,"href":"https:\/\/www.filtoprofiles.com\/fr\/wp-json\/wp\/v2\/pages\/3057\/revisions\/3064"}],"wp:attachment":[{"href":"https:\/\/www.filtoprofiles.com\/fr\/wp-json\/wp\/v2\/media?parent=3057"}],"curies":[{"name":"wp","href":"https:\/\/api.w.org\/{rel}","templated":true}]}}