{"id":3056,"date":"2022-05-05T07:43:34","date_gmt":"2022-05-05T07:43:34","guid":{"rendered":"https:\/\/www.filtoprofiles.com\/purchase-conditions\/"},"modified":"2022-08-29T18:59:38","modified_gmt":"2022-08-29T18:59:38","slug":"purchase-conditions","status":"publish","type":"page","link":"https:\/\/www.filtoprofiles.com\/fr\/purchase-conditions\/","title":{"rendered":"Purchase conditions"},"content":{"rendered":"\t\t<div data-elementor-type=\"wp-page\" data-elementor-id=\"3056\" class=\"elementor elementor-3056 elementor-432\">\n\t\t\t\t\t\t\t\t\t<section class=\"elementor-section elementor-top-section elementor-element elementor-element-c619dd7 elementor-section-boxed elementor-section-height-default elementor-section-height-default\" data-id=\"c619dd7\" data-element_type=\"section\">\n\t\t\t\t\t\t<div class=\"elementor-container elementor-column-gap-default\">\n\t\t\t\t\t<div class=\"elementor-column elementor-col-100 elementor-top-column elementor-element elementor-element-f7ec9b3\" data-id=\"f7ec9b3\" data-element_type=\"column\">\n\t\t\t<div class=\"elementor-widget-wrap elementor-element-populated\">\n\t\t\t\t\t\t\t\t<div class=\"elementor-element elementor-element-9240d94 elementor-widget elementor-widget-heading\" data-id=\"9240d94\" data-element_type=\"widget\" data-widget_type=\"heading.default\">\n\t\t\t\t<div class=\"elementor-widget-container\">\n\t\t\t<style>\/*! elementor - v3.15.0 - 20-08-2023 *\/\n.elementor-heading-title{padding:0;margin:0;line-height:1}.elementor-widget-heading .elementor-heading-title[class*=elementor-size-]>a{color:inherit;font-size:inherit;line-height:inherit}.elementor-widget-heading .elementor-heading-title.elementor-size-small{font-size:15px}.elementor-widget-heading .elementor-heading-title.elementor-size-medium{font-size:19px}.elementor-widget-heading .elementor-heading-title.elementor-size-large{font-size:29px}.elementor-widget-heading .elementor-heading-title.elementor-size-xl{font-size:39px}.elementor-widget-heading .elementor-heading-title.elementor-size-xxl{font-size:59px}<\/style><h2 class=\"elementor-heading-title elementor-size-default\">\ufeffConditions d'achat\n<\/h2>\t\t<\/div>\n\t\t\t\t<\/div>\n\t\t\t\t<div class=\"elementor-element elementor-element-cce0c28 elementor-widget elementor-widget-text-editor\" data-id=\"cce0c28\" data-element_type=\"widget\" data-widget_type=\"text-editor.default\">\n\t\t\t\t<div class=\"elementor-widget-container\">\n\t\t\t<style>\/*! elementor - v3.15.0 - 20-08-2023 *\/\n.elementor-widget-text-editor.elementor-drop-cap-view-stacked .elementor-drop-cap{background-color:#69727d;color:#fff}.elementor-widget-text-editor.elementor-drop-cap-view-framed .elementor-drop-cap{color:#69727d;border:3px solid;background-color:transparent}.elementor-widget-text-editor:not(.elementor-drop-cap-view-default) .elementor-drop-cap{margin-top:8px}.elementor-widget-text-editor:not(.elementor-drop-cap-view-default) .elementor-drop-cap-letter{width:1em;height:1em}.elementor-widget-text-editor .elementor-drop-cap{float:left;text-align:center;line-height:1;font-size:50px}.elementor-widget-text-editor .elementor-drop-cap-letter{display:inline-block}<\/style>\t\t\t\t<p><strong>CLAUSE CONTRACTUELLE<\/strong><\/p><p>En ce qui concerne le traitement des donn\u00e9es personnelles r\u00e9sultant de l&rsquo;octroi de ce contrat, il est a informer qu&rsquo;elles seront incorpor\u00e9es dans le syst\u00e8me de traitement des donn\u00e9es des deux parties, consentant express\u00e9ment au traitement desdites donn\u00e9es personnelles de mani\u00e8re licite. , loyal, transparents, ad\u00e9quats, pertinents, limit\u00e9s, exacts et mis \u00e0 jour aux fins du respect des engagements d\u00e9coulant du contrat sign\u00e9 entre eux.<br \/>\u00c0 ces fins, les donn\u00e9es qui y sont contenues et celles n\u00e9cessaires \u00e0 son ex\u00e9cution sont fournies.<br \/>La base juridique du traitement de vos donn\u00e9es est contenue dans l&rsquo;article 6 du RGPD et consiste en la fourniture du consentement et l&rsquo;ex\u00e9cution du contrat.<br \/>Les seuls destinataires de vos donn\u00e9es seront les professionnels de l&rsquo;entreprise en charge de ladite gestion, soit parce qu&rsquo;ils sont salari\u00e9s, soit en tant qu&rsquo;ind\u00e9pendants, et elles seront conserv\u00e9es pendant toute de la dur\u00e9e du pr\u00e9sent contrat et le temps n\u00e9cessaire \u00e0 l\u00b4ex\u00e9cution des obligations l\u00e9gales.<br \/>Les donn\u00e9es des deux parties seront communiqu\u00e9es si n\u00e9cessaire aux banques et caisses d&rsquo;\u00e9pargne, administrations publiques et entit\u00e9s n\u00e9cessaires pour se conformer aux obligations du contrat.<br \/>Il est signal\u00e9 que les parties peuvent s&rsquo;appuyer sur la collaboration de prestataires de services tiers ayant acc\u00e8s \u00e0 vos donn\u00e9es personnelles pour des prestations de nettoyage, destruction de documents, etc.<br \/>Le manque de communication pourrait emp\u00eacher la conformit\u00e9.<br \/>En vertu des dispositions du R\u00c8GLEMENT (UE) 2016\/679 DU PARLEMENT EUROP\u00c9EN ET DU CONSEIL du 27 avril 2016 et de la loi organique 3\/2018 du 5 d\u00e9cembre sur la protection des donn\u00e9es personnelles et la garantie des droits num\u00e9riques, \u00e0 tout moment, ils peuvent exercer leurs droits d&rsquo;acc\u00e8s, de rectification, de limitation de traitement, de suppression, d&rsquo;opposition, de portabilit\u00e9 de leurs donn\u00e9es personnelles et le droit de ne pas faire l&rsquo;objet de d\u00e9cisions individuelles automatis\u00e9es, en leur adressant une demande \u00e9crite et sign\u00e9e, y compris Nom , prenoms et photocopie du D.N.I. ou tout autre document justificatif valable \u00e0 l&rsquo;adresse de chaque partie indiqu\u00e9e ci-dessus.<br \/>Les differentes parties doivent \u00eatre inform\u00e9s imm\u00e9diatement de toute modification des donn\u00e9es personnelles afin que les informations contenues dans les Dossiers de traitement soient toujours mises \u00e0 jour et ne contiennent pas d&rsquo;erreurs. De m\u00eame, en acceptant ce document, ils reconnaissent que les informations et donn\u00e9es personnelles collect\u00e9es sont exactes et v\u00e9ridiques.<br \/>Les transferts internationaux de donn\u00e9es personnelles ne peuvent \u00eatre effectu\u00e9s que s&rsquo;ils sont conformes aux exigences \u00e9nonc\u00e9es par l&rsquo;Agence espagnole de protection des donn\u00e9es ou \u00e0 toute autre r\u00e9glementation nationale ou communautaire qui les r\u00e9glemente.<br \/>De m\u00eame, il est signal\u00e9 que les deux parties doivent mettre en \u0153uvre les mesures de s\u00e9curit\u00e9 techniques et organisationnelles n\u00e9cessaires pour garantir la s\u00e9curit\u00e9 de donn\u00e9es personnelles et \u00e9viter l&rsquo;alt\u00e9ration, la perte , le traitement et\/ou l&rsquo;acc\u00e8s non autoris\u00e9s, en tenant compte de l&rsquo;\u00e9tat de la technologie, de la nature du donn\u00e9es stock\u00e9es et les risques auxquels elles sont expos\u00e9es, provenant de l&rsquo;action humaine ou de l&rsquo;environnement physique et naturel. Le tout conform\u00e9ment aux dispositions de la l\u00e9gislation en vigueur.<br \/>il est a informer \u00e9galement qu&rsquo;ils peuvent s&rsquo;adresser \u00e0 l&rsquo;autorit\u00e9 de contr\u00f4le comp\u00e9tente pour pr\u00e9senter la r\u00e9clamation qu&rsquo;ils jugent appropri\u00e9e.<br \/>Par cons\u00e9quent, les differentes parties sont inform\u00e9s de tout ce qui pr\u00e9c\u00e8de et donnent leur consentement explicite aux traitements pr\u00e9cit\u00e9s.<\/p>\t\t\t\t\t\t<\/div>\n\t\t\t\t<\/div>\n\t\t\t\t\t<\/div>\n\t\t<\/div>\n\t\t\t\t\t\t\t<\/div>\n\t\t<\/section>\n\t\t\t\t\t\t\t<\/div>\n\t\t","protected":false},"excerpt":{"rendered":"<p>\ufeffConditions d&rsquo;achat CLAUSE CONTRACTUELLE En ce qui concerne le traitement des donn\u00e9es personnelles r\u00e9sultant de l&rsquo;octroi de ce contrat, il est a informer qu&rsquo;elles seront incorpor\u00e9es dans le syst\u00e8me de traitement des donn\u00e9es des deux parties, consentant express\u00e9ment au traitement desdites donn\u00e9es personnelles de mani\u00e8re licite. , loyal, transparents, ad\u00e9quats, pertinents, limit\u00e9s, exacts et mis [&hellip;]<\/p>\n","protected":false},"author":2,"featured_media":0,"parent":0,"menu_order":0,"comment_status":"closed","ping_status":"closed","template":"","meta":{"footnotes":""},"class_list":["post-3056","page","type-page","status-publish","hentry"],"yoast_head":"<!-- This site is optimized with the Yoast SEO Premium plugin v27.1 (Yoast SEO v27.1.1) - https:\/\/yoast.com\/product\/yoast-seo-premium-wordpress\/ -->\n<title>Purchase conditions - Filto Profiles<\/title>\n<meta name=\"robots\" content=\"index, follow, max-snippet:-1, max-image-preview:large, max-video-preview:-1\" \/>\n<link rel=\"canonical\" href=\"https:\/\/www.filtoprofiles.com\/fr\/purchase-conditions\/\" \/>\n<meta property=\"og:locale\" content=\"fr_FR\" \/>\n<meta property=\"og:type\" content=\"article\" \/>\n<meta property=\"og:title\" content=\"Purchase conditions\" \/>\n<meta property=\"og:description\" content=\"\ufeffConditions d&rsquo;achat CLAUSE CONTRACTUELLE En ce qui concerne le traitement des donn\u00e9es personnelles r\u00e9sultant de l&rsquo;octroi de ce contrat, il est a informer qu&rsquo;elles seront incorpor\u00e9es dans le syst\u00e8me de traitement des donn\u00e9es des deux parties, consentant express\u00e9ment au traitement desdites donn\u00e9es personnelles de mani\u00e8re licite. , loyal, transparents, ad\u00e9quats, pertinents, limit\u00e9s, exacts et mis [&hellip;]\" \/>\n<meta property=\"og:url\" content=\"https:\/\/www.filtoprofiles.com\/fr\/purchase-conditions\/\" \/>\n<meta property=\"og:site_name\" content=\"Filto Profiles\" \/>\n<meta property=\"article:publisher\" content=\"https:\/\/www.facebook.com\/filtoprofiles\" \/>\n<meta property=\"article:modified_time\" content=\"2022-08-29T18:59:38+00:00\" \/>\n<meta property=\"og:image\" content=\"https:\/\/www.filtoprofiles.com\/wp-content\/uploads\/2023\/04\/TITOL.jpg\" \/>\n\t<meta property=\"og:image:width\" content=\"2077\" \/>\n\t<meta property=\"og:image:height\" content=\"447\" \/>\n\t<meta property=\"og:image:type\" content=\"image\/jpeg\" \/>\n<meta name=\"twitter:card\" content=\"summary_large_image\" \/>\n<meta name=\"twitter:label1\" content=\"Dur\u00e9e de lecture estim\u00e9e\" \/>\n\t<meta name=\"twitter:data1\" content=\"3 minutes\" \/>\n<script type=\"application\/ld+json\" class=\"yoast-schema-graph\">{\"@context\":\"https:\/\/schema.org\",\"@graph\":[{\"@type\":\"WebPage\",\"@id\":\"https:\/\/www.filtoprofiles.com\/fr\/purchase-conditions\/\",\"url\":\"https:\/\/www.filtoprofiles.com\/fr\/purchase-conditions\/\",\"name\":\"Purchase conditions - Filto Profiles\",\"isPartOf\":{\"@id\":\"https:\/\/www.filtoprofiles.com\/#website\"},\"datePublished\":\"2022-05-05T07:43:34+00:00\",\"dateModified\":\"2022-08-29T18:59:38+00:00\",\"breadcrumb\":{\"@id\":\"https:\/\/www.filtoprofiles.com\/fr\/purchase-conditions\/#breadcrumb\"},\"inLanguage\":\"fr-FR\",\"potentialAction\":[{\"@type\":\"ReadAction\",\"target\":[\"https:\/\/www.filtoprofiles.com\/fr\/purchase-conditions\/\"]}]},{\"@type\":\"BreadcrumbList\",\"@id\":\"https:\/\/www.filtoprofiles.com\/fr\/purchase-conditions\/#breadcrumb\",\"itemListElement\":[{\"@type\":\"ListItem\",\"position\":1,\"name\":\"Home\",\"item\":\"https:\/\/www.filtoprofiles.com\/ca\/\"},{\"@type\":\"ListItem\",\"position\":2,\"name\":\"Purchase conditions\"}]},{\"@type\":\"WebSite\",\"@id\":\"https:\/\/www.filtoprofiles.com\/#website\",\"url\":\"https:\/\/www.filtoprofiles.com\/\",\"name\":\"Filto Profiles\",\"description\":\"Brass Profiles Producer\",\"publisher\":{\"@id\":\"https:\/\/www.filtoprofiles.com\/#organization\"},\"alternateName\":\"Filto\",\"potentialAction\":[{\"@type\":\"SearchAction\",\"target\":{\"@type\":\"EntryPoint\",\"urlTemplate\":\"https:\/\/www.filtoprofiles.com\/?s={search_term_string}\"},\"query-input\":{\"@type\":\"PropertyValueSpecification\",\"valueRequired\":true,\"valueName\":\"search_term_string\"}}],\"inLanguage\":\"fr-FR\"},{\"@type\":\"Organization\",\"@id\":\"https:\/\/www.filtoprofiles.com\/#organization\",\"name\":\"Filto Profiles\",\"alternateName\":\"Filto\",\"url\":\"https:\/\/www.filtoprofiles.com\/\",\"logo\":{\"@type\":\"ImageObject\",\"inLanguage\":\"fr-FR\",\"@id\":\"https:\/\/www.filtoprofiles.com\/#\/schema\/logo\/image\/\",\"url\":\"https:\/\/www.filtoprofiles.com\/wp-content\/uploads\/2023\/04\/filto-logo.jpg\",\"contentUrl\":\"https:\/\/www.filtoprofiles.com\/wp-content\/uploads\/2023\/04\/filto-logo.jpg\",\"width\":420,\"height\":420,\"caption\":\"Filto Profiles\"},\"image\":{\"@id\":\"https:\/\/www.filtoprofiles.com\/#\/schema\/logo\/image\/\"},\"sameAs\":[\"https:\/\/www.facebook.com\/filtoprofiles\",\"https:\/\/www.linkedin.com\/company\/3302369\"]}]}<\/script>\n<!-- \/ Yoast SEO Premium plugin. -->","yoast_head_json":{"title":"Purchase conditions - Filto Profiles","robots":{"index":"index","follow":"follow","max-snippet":"max-snippet:-1","max-image-preview":"max-image-preview:large","max-video-preview":"max-video-preview:-1"},"canonical":"https:\/\/www.filtoprofiles.com\/fr\/purchase-conditions\/","og_locale":"fr_FR","og_type":"article","og_title":"Purchase conditions","og_description":"\ufeffConditions d&rsquo;achat CLAUSE CONTRACTUELLE En ce qui concerne le traitement des donn\u00e9es personnelles r\u00e9sultant de l&rsquo;octroi de ce contrat, il est a informer qu&rsquo;elles seront incorpor\u00e9es dans le syst\u00e8me de traitement des donn\u00e9es des deux parties, consentant express\u00e9ment au traitement desdites donn\u00e9es personnelles de mani\u00e8re licite. , loyal, transparents, ad\u00e9quats, pertinents, limit\u00e9s, exacts et mis [&hellip;]","og_url":"https:\/\/www.filtoprofiles.com\/fr\/purchase-conditions\/","og_site_name":"Filto Profiles","article_publisher":"https:\/\/www.facebook.com\/filtoprofiles","article_modified_time":"2022-08-29T18:59:38+00:00","og_image":[{"width":2077,"height":447,"url":"https:\/\/www.filtoprofiles.com\/wp-content\/uploads\/2023\/04\/TITOL.jpg","type":"image\/jpeg"}],"twitter_card":"summary_large_image","twitter_misc":{"Dur\u00e9e de lecture estim\u00e9e":"3 minutes"},"schema":{"@context":"https:\/\/schema.org","@graph":[{"@type":"WebPage","@id":"https:\/\/www.filtoprofiles.com\/fr\/purchase-conditions\/","url":"https:\/\/www.filtoprofiles.com\/fr\/purchase-conditions\/","name":"Purchase conditions - Filto Profiles","isPartOf":{"@id":"https:\/\/www.filtoprofiles.com\/#website"},"datePublished":"2022-05-05T07:43:34+00:00","dateModified":"2022-08-29T18:59:38+00:00","breadcrumb":{"@id":"https:\/\/www.filtoprofiles.com\/fr\/purchase-conditions\/#breadcrumb"},"inLanguage":"fr-FR","potentialAction":[{"@type":"ReadAction","target":["https:\/\/www.filtoprofiles.com\/fr\/purchase-conditions\/"]}]},{"@type":"BreadcrumbList","@id":"https:\/\/www.filtoprofiles.com\/fr\/purchase-conditions\/#breadcrumb","itemListElement":[{"@type":"ListItem","position":1,"name":"Home","item":"https:\/\/www.filtoprofiles.com\/ca\/"},{"@type":"ListItem","position":2,"name":"Purchase conditions"}]},{"@type":"WebSite","@id":"https:\/\/www.filtoprofiles.com\/#website","url":"https:\/\/www.filtoprofiles.com\/","name":"Filto Profiles","description":"Brass Profiles Producer","publisher":{"@id":"https:\/\/www.filtoprofiles.com\/#organization"},"alternateName":"Filto","potentialAction":[{"@type":"SearchAction","target":{"@type":"EntryPoint","urlTemplate":"https:\/\/www.filtoprofiles.com\/?s={search_term_string}"},"query-input":{"@type":"PropertyValueSpecification","valueRequired":true,"valueName":"search_term_string"}}],"inLanguage":"fr-FR"},{"@type":"Organization","@id":"https:\/\/www.filtoprofiles.com\/#organization","name":"Filto Profiles","alternateName":"Filto","url":"https:\/\/www.filtoprofiles.com\/","logo":{"@type":"ImageObject","inLanguage":"fr-FR","@id":"https:\/\/www.filtoprofiles.com\/#\/schema\/logo\/image\/","url":"https:\/\/www.filtoprofiles.com\/wp-content\/uploads\/2023\/04\/filto-logo.jpg","contentUrl":"https:\/\/www.filtoprofiles.com\/wp-content\/uploads\/2023\/04\/filto-logo.jpg","width":420,"height":420,"caption":"Filto Profiles"},"image":{"@id":"https:\/\/www.filtoprofiles.com\/#\/schema\/logo\/image\/"},"sameAs":["https:\/\/www.facebook.com\/filtoprofiles","https:\/\/www.linkedin.com\/company\/3302369"]}]}},"_links":{"self":[{"href":"https:\/\/www.filtoprofiles.com\/fr\/wp-json\/wp\/v2\/pages\/3056","targetHints":{"allow":["GET"]}}],"collection":[{"href":"https:\/\/www.filtoprofiles.com\/fr\/wp-json\/wp\/v2\/pages"}],"about":[{"href":"https:\/\/www.filtoprofiles.com\/fr\/wp-json\/wp\/v2\/types\/page"}],"author":[{"embeddable":true,"href":"https:\/\/www.filtoprofiles.com\/fr\/wp-json\/wp\/v2\/users\/2"}],"replies":[{"embeddable":true,"href":"https:\/\/www.filtoprofiles.com\/fr\/wp-json\/wp\/v2\/comments?post=3056"}],"version-history":[{"count":3,"href":"https:\/\/www.filtoprofiles.com\/fr\/wp-json\/wp\/v2\/pages\/3056\/revisions"}],"predecessor-version":[{"id":3061,"href":"https:\/\/www.filtoprofiles.com\/fr\/wp-json\/wp\/v2\/pages\/3056\/revisions\/3061"}],"wp:attachment":[{"href":"https:\/\/www.filtoprofiles.com\/fr\/wp-json\/wp\/v2\/media?parent=3056"}],"curies":[{"name":"wp","href":"https:\/\/api.w.org\/{rel}","templated":true}]}}