{"id":3148,"date":"2022-05-19T11:54:15","date_gmt":"2022-05-19T11:54:15","guid":{"rendered":"https:\/\/www.filtoprofiles.com\/product\/media-cana-de-laton\/"},"modified":"2023-04-12T12:36:26","modified_gmt":"2023-04-12T12:36:26","slug":"media-cana-de-laton","status":"publish","type":"product","link":"https:\/\/www.filtoprofiles.com\/es\/producto\/media-cana-de-laton\/","title":{"rendered":"Media ca\u00f1a de lat\u00f3n"},"content":{"rendered":"<h4>MEDIA CA\u00d1A EST\u00c1NDAR DE LAT\u00d3N M\u00c9TRICO A X ALTO XT (mil\u00edmetros)<\/h4>\n<div id=\"tablepress-8-scroll-wrapper\" class=\"tablepress-scroll-wrapper\">\n\n<table id=\"tablepress-8\" class=\"tablepress tablepress-id-8 tablepress-responsive\">\n<tbody class=\"row-striping row-hover\">\n<tr class=\"row-1\">\n\t<td class=\"column-1\">4X2<br \/>\n<br \/>\n<\/td><td class=\"column-2\">6X3<\/td><td class=\"column-3\">8X4<\/td><td class=\"column-4\">10X5<\/td><td class=\"column-5\">12X6<\/td><td class=\"column-6\">16X7<\/td><td class=\"column-7\">16X8<\/td><td class=\"column-8\">18x9<\/td><td class=\"column-9\">14X10<\/td><td class=\"column-10\">25x12.5 <\/td>\n<\/tr>\n<tr class=\"row-2\">\n\t<td class=\"column-1\"><\/td><td class=\"column-2\"><\/td><td class=\"column-3\">15X4<\/td><td class=\"column-4\">12X5<\/td><td class=\"column-5\">13X6<\/td><td class=\"column-6\">14X7<\/td><td class=\"column-7\">30X8<\/td><td class=\"column-8\"><\/td><td class=\"column-9\">20X10<\/td><td class=\"column-10\"><\/td>\n<\/tr>\n<tr class=\"row-3\">\n\t<td class=\"column-1\">5x2.5 <\/td><td class=\"column-2\"><\/td><td class=\"column-3\">20x4<\/td><td class=\"column-4\">14X5<\/td><td class=\"column-5\">15X6 <\/td><td class=\"column-6\"><\/td><td class=\"column-7\"><\/td><td class=\"column-8\"><\/td><td class=\"column-9\">24X10<\/td><td class=\"column-10\"><\/td>\n<\/tr>\n<tr class=\"row-4\">\n\t<td class=\"column-1\"><\/td><td class=\"column-2\"><\/td><td class=\"column-3\"><\/td><td class=\"column-4\">15X5<\/td><td class=\"column-5\"><\/td><td class=\"column-6\"><\/td><td class=\"column-7\"><\/td><td class=\"column-8\"><\/td><td class=\"column-9\">40X10<\/td><td class=\"column-10\"><\/td>\n<\/tr>\n<tr class=\"row-5\">\n\t<td class=\"column-1\">4X2.8<\/td><td class=\"column-2\"><\/td><td class=\"column-3\">13.5X4.5<\/td><td class=\"column-4\">20X5<\/td><td class=\"column-5\"><\/td><td class=\"column-6\"><\/td><td class=\"column-7\"><\/td><td class=\"column-8\"><\/td><td class=\"column-9\"><\/td><td class=\"column-10\"><\/td>\n<\/tr>\n<tr class=\"row-6\">\n\t<td class=\"column-1\"><\/td><td class=\"column-2\"><\/td><td class=\"column-3\"><\/td><td class=\"column-4\">25X5<br \/>\n<br \/>\n<\/td><td class=\"column-5\"><\/td><td class=\"column-6\"><\/td><td class=\"column-7\"><\/td><td class=\"column-8\"><\/td><td class=\"column-9\"><\/td><td class=\"column-10\"><\/td>\n<\/tr>\n<tr class=\"row-7\">\n\t<td class=\"column-1\"><\/td><td class=\"column-2\"><\/td><td class=\"column-3\">14.4X4.7<br \/>\n<br \/>\n<\/td><td class=\"column-4\">40X5<\/td><td class=\"column-5\"><\/td><td class=\"column-6\"><\/td><td class=\"column-7\"><\/td><td class=\"column-8\"><\/td><td class=\"column-9\"><\/td><td class=\"column-10\"><\/td>\n<\/tr>\n<tr class=\"row-8\">\n\t<td class=\"column-1\"><\/td><td class=\"column-2\"><\/td><td class=\"column-3\"><\/td><td class=\"column-4\">15X5.3<br \/>\n<br \/>\n<\/td><td class=\"column-5\"><\/td><td class=\"column-6\"><\/td><td class=\"column-7\"><\/td><td class=\"column-8\"><\/td><td class=\"column-9\"><\/td><td class=\"column-10\"><\/td>\n<\/tr>\n<\/tbody>\n<\/table>\n\n<\/div><!-- #tablepress-8 from cache -->\n<p><em><strong>* Otras medidas de media ca\u00f1a de lat\u00f3n en sistema m\u00e9trico a petici\u00f3n.<br \/>\n<\/strong><\/em><\/p>\n<h4><b><br \/>\nMEDIA CA\u00d1A EST\u00c1NDAR DE LAT\u00d3N IMPERIAL W X A XT (pulgadas)<br \/>\n<\/b><\/h4>\n<div id=\"tablepress-9-scroll-wrapper\" class=\"tablepress-scroll-wrapper\">\n\n<table id=\"tablepress-9\" class=\"tablepress tablepress-id-9 tablepress-responsive\">\n<tbody class=\"row-striping row-hover\">\n<tr class=\"row-1\">\n\t<td class=\"column-1\">1\/2\" X 3\/16\"<br \/>\n<br \/>\n<\/td><td class=\"column-2\">1\/2\" X 1\/8\"<\/td><td class=\"column-3\">1\/2\" X 1\/4\" <\/td><td class=\"column-4\">3\/8\u201dx1\/8\u201d<\/td>\n<\/tr>\n<tr class=\"row-2\">\n\t<td class=\"column-1\">3\/4\" X 3\/16\" <\/td><td class=\"column-2\"><\/td><td class=\"column-3\">1\" X 1\/4\"<\/td><td class=\"column-4\">3\/4\" X 3\/8\"<\/td>\n<\/tr>\n<tr class=\"row-3\">\n\t<td class=\"column-1\">1.1\/4\" X 3\/16\"<\/td><td class=\"column-2\">1\" X 1\/2\"<\/td><td class=\"column-3\">1.1\/4\" X 1\/4\"<\/td><td class=\"column-4\">1.1\/2\" X 3\/8\"<\/td>\n<\/tr>\n<tr class=\"row-4\">\n\t<td class=\"column-1\">5\/8\" X 5\/16\"<\/td><td class=\"column-2\"><\/td><td class=\"column-3\">1.1\/2\" X 1\/4\"<\/td><td class=\"column-4\"><\/td>\n<\/tr>\n<\/tbody>\n<\/table>\n\n<\/div><!-- #tablepress-9 from cache -->\n<p><em><strong>* Otras medidas de media ca\u00f1a de lat\u00f3n en sistema imperial a petici\u00f3n.<\/strong><\/em><\/p>\n<p>&nbsp;<\/p>\n<p>&nbsp;<\/p>\n<p>&nbsp;<\/p>\n<p>&nbsp;<\/p>\n","protected":false},"excerpt":{"rendered":"<p>Filto Profiles produce perfiles media ca\u00f1a de lat\u00f3n que se utilizan normalmente con fines decorativos. Suministramos medias ca\u00f1as en sistema m\u00e9trico y sistema imperial, en una amplia variedad de aleaciones y medidas a precios competitivos y de alta calidad.<\/p>\n<p>Corte a la longitud solicitada hasta 6 metros.<\/p>\n<p>Nuestros ingenieros experimentados os ayudar\u00e1n decidir qu\u00e9 medida, aleaci\u00f3n y longitud de nuestro perfil media ca\u00f1a de lat\u00f3n os funcionar\u00e1 mejor.<\/p>\n<p>A continuaci\u00f3n, dispone de la lista actualizada de nuestras Media Ca\u00f1as de Lat\u00f3n en sistema M\u00e9trico y sistema Imperial.<\/p>\n","protected":false},"featured_media":1648,"template":"","meta":[],"product_cat":[55],"product_tag":[],"class_list":["post-3148","product","type-product","status-publish","has-post-thumbnail","hentry","product_cat-secciones"],"yoast_head":"<!-- This site is optimized with the Yoast SEO Premium plugin v27.1 (Yoast SEO v27.1.1) - https:\/\/yoast.com\/product\/yoast-seo-premium-wordpress\/ -->\n<title>Media ca\u00f1a de lat\u00f3n - Filto Profiles<\/title>\n<meta name=\"description\" content=\"produce perfiles media ca\u00f1a de lat\u00f3n que se utilizan normalmente con fines decorativos. Suministramos medias ca\u00f1as en sistema m\u00e9trico y sistema imperial\" \/>\n<meta name=\"robots\" content=\"index, follow, max-snippet:-1, max-image-preview:large, max-video-preview:-1\" \/>\n<link rel=\"canonical\" href=\"https:\/\/www.filtoprofiles.com\/es\/producto\/media-cana-de-laton\/\" \/>\n<meta property=\"og:locale\" content=\"es_ES\" \/>\n<meta property=\"og:type\" content=\"article\" \/>\n<meta property=\"og:title\" content=\"Media ca\u00f1a de lat\u00f3n\" \/>\n<meta property=\"og:description\" content=\"produce perfiles media ca\u00f1a de lat\u00f3n que se utilizan normalmente con fines decorativos. Suministramos medias ca\u00f1as en sistema m\u00e9trico y sistema imperial\" \/>\n<meta property=\"og:url\" content=\"https:\/\/www.filtoprofiles.com\/es\/producto\/media-cana-de-laton\/\" \/>\n<meta property=\"og:site_name\" content=\"Filto Profiles\" \/>\n<meta property=\"article:publisher\" content=\"https:\/\/www.facebook.com\/filtoprofiles\" \/>\n<meta property=\"article:modified_time\" content=\"2023-04-12T12:36:26+00:00\" \/>\n<meta property=\"og:image\" content=\"https:\/\/www.filtoprofiles.com\/wp-content\/uploads\/2022\/04\/foto05b_1.jpg\" \/>\n\t<meta property=\"og:image:width\" content=\"1602\" \/>\n\t<meta property=\"og:image:height\" content=\"1864\" \/>\n\t<meta property=\"og:image:type\" content=\"image\/jpeg\" \/>\n<meta name=\"twitter:card\" content=\"summary_large_image\" \/>\n<meta name=\"twitter:label1\" content=\"Tiempo de lectura\" \/>\n\t<meta name=\"twitter:data1\" content=\"1 minuto\" \/>\n<script type=\"application\/ld+json\" class=\"yoast-schema-graph\">{\"@context\":\"https:\/\/schema.org\",\"@graph\":[{\"@type\":\"WebPage\",\"@id\":\"https:\/\/www.filtoprofiles.com\/es\/producto\/media-cana-de-laton\/\",\"url\":\"https:\/\/www.filtoprofiles.com\/es\/producto\/media-cana-de-laton\/\",\"name\":\"Media ca\u00f1a de lat\u00f3n - Filto Profiles\",\"isPartOf\":{\"@id\":\"https:\/\/www.filtoprofiles.com\/#website\"},\"primaryImageOfPage\":{\"@id\":\"https:\/\/www.filtoprofiles.com\/es\/producto\/media-cana-de-laton\/#primaryimage\"},\"image\":{\"@id\":\"https:\/\/www.filtoprofiles.com\/es\/producto\/media-cana-de-laton\/#primaryimage\"},\"thumbnailUrl\":\"https:\/\/www.filtoprofiles.com\/wp-content\/uploads\/2022\/04\/foto05b_1.jpg\",\"datePublished\":\"2022-05-19T11:54:15+00:00\",\"dateModified\":\"2023-04-12T12:36:26+00:00\",\"description\":\"produce perfiles media ca\u00f1a de lat\u00f3n que se utilizan normalmente con fines decorativos. Suministramos medias ca\u00f1as en sistema m\u00e9trico y sistema imperial\",\"breadcrumb\":{\"@id\":\"https:\/\/www.filtoprofiles.com\/es\/producto\/media-cana-de-laton\/#breadcrumb\"},\"inLanguage\":\"es\",\"potentialAction\":[{\"@type\":\"ReadAction\",\"target\":[\"https:\/\/www.filtoprofiles.com\/es\/producto\/media-cana-de-laton\/\"]}]},{\"@type\":\"ImageObject\",\"inLanguage\":\"es\",\"@id\":\"https:\/\/www.filtoprofiles.com\/es\/producto\/media-cana-de-laton\/#primaryimage\",\"url\":\"https:\/\/www.filtoprofiles.com\/wp-content\/uploads\/2022\/04\/foto05b_1.jpg\",\"contentUrl\":\"https:\/\/www.filtoprofiles.com\/wp-content\/uploads\/2022\/04\/foto05b_1.jpg\",\"width\":1602,\"height\":1864},{\"@type\":\"BreadcrumbList\",\"@id\":\"https:\/\/www.filtoprofiles.com\/es\/producto\/media-cana-de-laton\/#breadcrumb\",\"itemListElement\":[{\"@type\":\"ListItem\",\"position\":1,\"name\":\"Home\",\"item\":\"https:\/\/www.filtoprofiles.com\/ca\/\"},{\"@type\":\"ListItem\",\"position\":2,\"name\":\"Tienda\",\"item\":\"https:\/\/www.filtoprofiles.com\/es\/tienda\/\"},{\"@type\":\"ListItem\",\"position\":3,\"name\":\"Media ca\u00f1a de lat\u00f3n\"}]},{\"@type\":\"WebSite\",\"@id\":\"https:\/\/www.filtoprofiles.com\/#website\",\"url\":\"https:\/\/www.filtoprofiles.com\/\",\"name\":\"Filto Profiles\",\"description\":\"Brass Profiles Producer\",\"publisher\":{\"@id\":\"https:\/\/www.filtoprofiles.com\/#organization\"},\"alternateName\":\"Filto\",\"potentialAction\":[{\"@type\":\"SearchAction\",\"target\":{\"@type\":\"EntryPoint\",\"urlTemplate\":\"https:\/\/www.filtoprofiles.com\/?s={search_term_string}\"},\"query-input\":{\"@type\":\"PropertyValueSpecification\",\"valueRequired\":true,\"valueName\":\"search_term_string\"}}],\"inLanguage\":\"es\"},{\"@type\":\"Organization\",\"@id\":\"https:\/\/www.filtoprofiles.com\/#organization\",\"name\":\"Filto Profiles\",\"alternateName\":\"Filto\",\"url\":\"https:\/\/www.filtoprofiles.com\/\",\"logo\":{\"@type\":\"ImageObject\",\"inLanguage\":\"es\",\"@id\":\"https:\/\/www.filtoprofiles.com\/#\/schema\/logo\/image\/\",\"url\":\"https:\/\/www.filtoprofiles.com\/wp-content\/uploads\/2023\/04\/filto-logo.jpg\",\"contentUrl\":\"https:\/\/www.filtoprofiles.com\/wp-content\/uploads\/2023\/04\/filto-logo.jpg\",\"width\":420,\"height\":420,\"caption\":\"Filto Profiles\"},\"image\":{\"@id\":\"https:\/\/www.filtoprofiles.com\/#\/schema\/logo\/image\/\"},\"sameAs\":[\"https:\/\/www.facebook.com\/filtoprofiles\",\"https:\/\/www.linkedin.com\/company\/3302369\"]}]}<\/script>\n<!-- \/ Yoast SEO Premium plugin. -->","yoast_head_json":{"title":"Media ca\u00f1a de lat\u00f3n - Filto Profiles","description":"produce perfiles media ca\u00f1a de lat\u00f3n que se utilizan normalmente con fines decorativos. Suministramos medias ca\u00f1as en sistema m\u00e9trico y sistema imperial","robots":{"index":"index","follow":"follow","max-snippet":"max-snippet:-1","max-image-preview":"max-image-preview:large","max-video-preview":"max-video-preview:-1"},"canonical":"https:\/\/www.filtoprofiles.com\/es\/producto\/media-cana-de-laton\/","og_locale":"es_ES","og_type":"article","og_title":"Media ca\u00f1a de lat\u00f3n","og_description":"produce perfiles media ca\u00f1a de lat\u00f3n que se utilizan normalmente con fines decorativos. Suministramos medias ca\u00f1as en sistema m\u00e9trico y sistema imperial","og_url":"https:\/\/www.filtoprofiles.com\/es\/producto\/media-cana-de-laton\/","og_site_name":"Filto Profiles","article_publisher":"https:\/\/www.facebook.com\/filtoprofiles","article_modified_time":"2023-04-12T12:36:26+00:00","og_image":[{"width":1602,"height":1864,"url":"https:\/\/www.filtoprofiles.com\/wp-content\/uploads\/2022\/04\/foto05b_1.jpg","type":"image\/jpeg"}],"twitter_card":"summary_large_image","twitter_misc":{"Tiempo de lectura":"1 minuto"},"schema":{"@context":"https:\/\/schema.org","@graph":[{"@type":"WebPage","@id":"https:\/\/www.filtoprofiles.com\/es\/producto\/media-cana-de-laton\/","url":"https:\/\/www.filtoprofiles.com\/es\/producto\/media-cana-de-laton\/","name":"Media ca\u00f1a de lat\u00f3n - Filto Profiles","isPartOf":{"@id":"https:\/\/www.filtoprofiles.com\/#website"},"primaryImageOfPage":{"@id":"https:\/\/www.filtoprofiles.com\/es\/producto\/media-cana-de-laton\/#primaryimage"},"image":{"@id":"https:\/\/www.filtoprofiles.com\/es\/producto\/media-cana-de-laton\/#primaryimage"},"thumbnailUrl":"https:\/\/www.filtoprofiles.com\/wp-content\/uploads\/2022\/04\/foto05b_1.jpg","datePublished":"2022-05-19T11:54:15+00:00","dateModified":"2023-04-12T12:36:26+00:00","description":"produce perfiles media ca\u00f1a de lat\u00f3n que se utilizan normalmente con fines decorativos. Suministramos medias ca\u00f1as en sistema m\u00e9trico y sistema imperial","breadcrumb":{"@id":"https:\/\/www.filtoprofiles.com\/es\/producto\/media-cana-de-laton\/#breadcrumb"},"inLanguage":"es","potentialAction":[{"@type":"ReadAction","target":["https:\/\/www.filtoprofiles.com\/es\/producto\/media-cana-de-laton\/"]}]},{"@type":"ImageObject","inLanguage":"es","@id":"https:\/\/www.filtoprofiles.com\/es\/producto\/media-cana-de-laton\/#primaryimage","url":"https:\/\/www.filtoprofiles.com\/wp-content\/uploads\/2022\/04\/foto05b_1.jpg","contentUrl":"https:\/\/www.filtoprofiles.com\/wp-content\/uploads\/2022\/04\/foto05b_1.jpg","width":1602,"height":1864},{"@type":"BreadcrumbList","@id":"https:\/\/www.filtoprofiles.com\/es\/producto\/media-cana-de-laton\/#breadcrumb","itemListElement":[{"@type":"ListItem","position":1,"name":"Home","item":"https:\/\/www.filtoprofiles.com\/ca\/"},{"@type":"ListItem","position":2,"name":"Tienda","item":"https:\/\/www.filtoprofiles.com\/es\/tienda\/"},{"@type":"ListItem","position":3,"name":"Media ca\u00f1a de lat\u00f3n"}]},{"@type":"WebSite","@id":"https:\/\/www.filtoprofiles.com\/#website","url":"https:\/\/www.filtoprofiles.com\/","name":"Filto Profiles","description":"Brass Profiles Producer","publisher":{"@id":"https:\/\/www.filtoprofiles.com\/#organization"},"alternateName":"Filto","potentialAction":[{"@type":"SearchAction","target":{"@type":"EntryPoint","urlTemplate":"https:\/\/www.filtoprofiles.com\/?s={search_term_string}"},"query-input":{"@type":"PropertyValueSpecification","valueRequired":true,"valueName":"search_term_string"}}],"inLanguage":"es"},{"@type":"Organization","@id":"https:\/\/www.filtoprofiles.com\/#organization","name":"Filto Profiles","alternateName":"Filto","url":"https:\/\/www.filtoprofiles.com\/","logo":{"@type":"ImageObject","inLanguage":"es","@id":"https:\/\/www.filtoprofiles.com\/#\/schema\/logo\/image\/","url":"https:\/\/www.filtoprofiles.com\/wp-content\/uploads\/2023\/04\/filto-logo.jpg","contentUrl":"https:\/\/www.filtoprofiles.com\/wp-content\/uploads\/2023\/04\/filto-logo.jpg","width":420,"height":420,"caption":"Filto Profiles"},"image":{"@id":"https:\/\/www.filtoprofiles.com\/#\/schema\/logo\/image\/"},"sameAs":["https:\/\/www.facebook.com\/filtoprofiles","https:\/\/www.linkedin.com\/company\/3302369"]}]}},"_links":{"self":[{"href":"https:\/\/www.filtoprofiles.com\/es\/wp-json\/wp\/v2\/product\/3148","targetHints":{"allow":["GET"]}}],"collection":[{"href":"https:\/\/www.filtoprofiles.com\/es\/wp-json\/wp\/v2\/product"}],"about":[{"href":"https:\/\/www.filtoprofiles.com\/es\/wp-json\/wp\/v2\/types\/product"}],"wp:featuredmedia":[{"embeddable":true,"href":"https:\/\/www.filtoprofiles.com\/es\/wp-json\/wp\/v2\/media\/1648"}],"wp:attachment":[{"href":"https:\/\/www.filtoprofiles.com\/es\/wp-json\/wp\/v2\/media?parent=3148"}],"wp:term":[{"taxonomy":"product_cat","embeddable":true,"href":"https:\/\/www.filtoprofiles.com\/es\/wp-json\/wp\/v2\/product_cat?post=3148"},{"taxonomy":"product_tag","embeddable":true,"href":"https:\/\/www.filtoprofiles.com\/es\/wp-json\/wp\/v2\/product_tag?post=3148"}],"curies":[{"name":"wp","href":"https:\/\/api.w.org\/{rel}","templated":true}]}}