{"id":3147,"date":"2022-05-19T12:14:19","date_gmt":"2022-05-19T12:14:19","guid":{"rendered":"https:\/\/www.filtoprofiles.com\/product\/barras-redondas\/"},"modified":"2023-02-27T16:55:42","modified_gmt":"2023-02-27T16:55:42","slug":"barras-redondas","status":"publish","type":"product","link":"https:\/\/www.filtoprofiles.com\/es\/producto\/barras-redondas\/","title":{"rendered":"Barras Redondas"},"content":{"rendered":"<h4>*\u00d8 REDONDO M\u00c9TRICO EST\u00c1NDAR DE LAT\u00d3N (mil\u00edmetros)<\/h4>\n<div id=\"tablepress-10-scroll-wrapper\" class=\"tablepress-scroll-wrapper\">\n\n<table id=\"tablepress-10\" class=\"tablepress tablepress-id-10 tablepress-responsive\">\n<tbody class=\"row-striping row-hover\">\n<tr class=\"row-1\">\n\t<td class=\"column-1\">\u00d8 4<br \/>\n<br \/>\n<\/td><td class=\"column-2\">\u00d8 5.3<\/td><td class=\"column-3\">\u00d8 6<\/td><td class=\"column-4\">\u00d8 8<\/td><td class=\"column-5\">\u00d8 10<\/td><td class=\"column-6\">\u00d8 16<\/td><td class=\"column-7\">\u00d8 19.6<\/td><td class=\"column-8\">\u00d820.32<\/td><td class=\"column-9\">\u00d8 28<\/td>\n<\/tr>\n<tr class=\"row-2\">\n\t<td class=\"column-1\">\u00d8 5<\/td><td class=\"column-2\">\u00d8 5.5<\/td><td class=\"column-3\">\u00d8 7<\/td><td class=\"column-4\">\u00d8 9<\/td><td class=\"column-5\">\u00d8 12<\/td><td class=\"column-6\">\u00d8 17<\/td><td class=\"column-7\">\u00d8 20<\/td><td class=\"column-8\">\u00d8 24<\/td><td class=\"column-9\">\u00d8 30<\/td>\n<\/tr>\n<\/tbody>\n<\/table>\n\n<\/div><!-- #tablepress-10 from cache -->\n<h4>*\u00d8 REDONDO IMPERIAL EST\u00c1NDAR DE LAT\u00d3N (pulgadas)<\/h4>\n<div id=\"tablepress-11-scroll-wrapper\" class=\"tablepress-scroll-wrapper\">\n\n<table id=\"tablepress-11\" class=\"tablepress tablepress-id-11 tablepress-responsive\">\n<tbody class=\"row-striping row-hover\">\n<tr class=\"row-1\">\n\t<td class=\"column-1\">\u00d8 1\/8\u201d<br \/>\n<br \/>\n<\/td><td class=\"column-2\"><\/td><td class=\"column-3\"><\/td><td class=\"column-4\"><\/td><td class=\"column-5\"><\/td><td class=\"column-6\"><\/td><td class=\"column-7\"><\/td><td class=\"column-8\"><\/td><td class=\"column-9\"><\/td>\n<\/tr>\n<\/tbody>\n<\/table>\n\n<\/div><!-- #tablepress-11 from cache -->\n<p><em><strong>* Otras medidas de redondo de lat\u00f3n en sistema m\u00e9trico y sistema imperial a petici\u00f3n.<\/strong><\/em><\/p>\n<p>&nbsp;<\/p>\n","protected":false},"excerpt":{"rendered":"<p>Filto Profiles produce perfiles de lat\u00f3n redondos que se utilizan normalmente con fines decorativos. Suministramos redondos en sistema m\u00e9trico y en sistema imperial, en una amplia gama de aleaciones y medidas a precios competitivos y de alta calidad.<\/p>\n<p>Corte a la longitud solicitada hasta 6 metros.<\/p>\n<p>Nuestros ingenieros experimentados os ayudar\u00e1n a decidir qu\u00e9 medida, aleaci\u00f3n y longitud de nuestro perfil redondo de lat\u00f3n os funcionar\u00e1 mejor.<\/p>\n<p>A continuaci\u00f3n, dispone de la lista actualizada de nuestros redondos en sistema m\u00e9trico y sistema imperial de lat\u00f3n.<\/p>\n","protected":false},"featured_media":1656,"template":"","meta":[],"product_cat":[55],"product_tag":[],"class_list":["post-3147","product","type-product","status-publish","has-post-thumbnail","hentry","product_cat-secciones"],"yoast_head":"<!-- This site is optimized with the Yoast SEO Premium plugin v27.1 (Yoast SEO v27.1.1) - https:\/\/yoast.com\/product\/yoast-seo-premium-wordpress\/ -->\n<title>Barras Redondas - Filto Profiles<\/title>\n<meta name=\"description\" content=\"Perfiles de llat\u00f3n redondos, utilitzados para decoraci\u00f3n. Suministramos barras redondas en sistema m\u00e8trico y sistema imperial.\" \/>\n<meta name=\"robots\" content=\"index, follow, max-snippet:-1, max-image-preview:large, max-video-preview:-1\" \/>\n<link rel=\"canonical\" href=\"https:\/\/www.filtoprofiles.com\/ca\/producte\/barres-rodones-de-llauto\/\" \/>\n<meta property=\"og:locale\" content=\"es_ES\" \/>\n<meta property=\"og:type\" content=\"article\" \/>\n<meta property=\"og:title\" content=\"Barras Redondas\" \/>\n<meta property=\"og:description\" content=\"Perfiles de llat\u00f3n redondos, utilitzados para decoraci\u00f3n. Suministramos barras redondas en sistema m\u00e8trico y sistema imperial.\" \/>\n<meta property=\"og:url\" content=\"https:\/\/www.filtoprofiles.com\/ca\/producte\/barres-rodones-de-llauto\/\" \/>\n<meta property=\"og:site_name\" content=\"Filto Profiles\" \/>\n<meta property=\"article:publisher\" content=\"https:\/\/www.facebook.com\/filtoprofiles\" \/>\n<meta property=\"article:modified_time\" content=\"2023-02-27T16:55:42+00:00\" \/>\n<meta property=\"og:image\" content=\"https:\/\/www.filtoprofiles.com\/wp-content\/uploads\/2022\/04\/foto13b.jpg\" \/>\n\t<meta property=\"og:image:width\" content=\"1704\" \/>\n\t<meta property=\"og:image:height\" content=\"1624\" \/>\n\t<meta property=\"og:image:type\" content=\"image\/jpeg\" \/>\n<meta name=\"twitter:card\" content=\"summary_large_image\" \/>\n<script type=\"application\/ld+json\" class=\"yoast-schema-graph\">{\"@context\":\"https:\/\/schema.org\",\"@graph\":[{\"@type\":\"WebPage\",\"@id\":\"https:\/\/www.filtoprofiles.com\/ca\/producte\/barres-rodones-de-llauto\/\",\"url\":\"https:\/\/www.filtoprofiles.com\/ca\/producte\/barres-rodones-de-llauto\/\",\"name\":\"Barras Redondas - Filto Profiles\",\"isPartOf\":{\"@id\":\"https:\/\/www.filtoprofiles.com\/#website\"},\"primaryImageOfPage\":{\"@id\":\"https:\/\/www.filtoprofiles.com\/ca\/producte\/barres-rodones-de-llauto\/#primaryimage\"},\"image\":{\"@id\":\"https:\/\/www.filtoprofiles.com\/ca\/producte\/barres-rodones-de-llauto\/#primaryimage\"},\"thumbnailUrl\":\"https:\/\/www.filtoprofiles.com\/wp-content\/uploads\/2022\/04\/foto13b.jpg\",\"datePublished\":\"2022-05-19T12:14:19+00:00\",\"dateModified\":\"2023-02-27T16:55:42+00:00\",\"description\":\"Perfiles de llat\u00f3n redondos, utilitzados para decoraci\u00f3n. Suministramos barras redondas en sistema m\u00e8trico y sistema imperial.\",\"breadcrumb\":{\"@id\":\"https:\/\/www.filtoprofiles.com\/ca\/producte\/barres-rodones-de-llauto\/#breadcrumb\"},\"inLanguage\":\"es\",\"potentialAction\":[{\"@type\":\"ReadAction\",\"target\":[\"https:\/\/www.filtoprofiles.com\/ca\/producte\/barres-rodones-de-llauto\/\"]}]},{\"@type\":\"ImageObject\",\"inLanguage\":\"es\",\"@id\":\"https:\/\/www.filtoprofiles.com\/ca\/producte\/barres-rodones-de-llauto\/#primaryimage\",\"url\":\"https:\/\/www.filtoprofiles.com\/wp-content\/uploads\/2022\/04\/foto13b.jpg\",\"contentUrl\":\"https:\/\/www.filtoprofiles.com\/wp-content\/uploads\/2022\/04\/foto13b.jpg\",\"width\":1704,\"height\":1624},{\"@type\":\"BreadcrumbList\",\"@id\":\"https:\/\/www.filtoprofiles.com\/ca\/producte\/barres-rodones-de-llauto\/#breadcrumb\",\"itemListElement\":[{\"@type\":\"ListItem\",\"position\":1,\"name\":\"Home\",\"item\":\"https:\/\/www.filtoprofiles.com\/ca\/\"},{\"@type\":\"ListItem\",\"position\":2,\"name\":\"Tienda\",\"item\":\"https:\/\/www.filtoprofiles.com\/es\/tienda\/\"},{\"@type\":\"ListItem\",\"position\":3,\"name\":\"Barras Redondas\"}]},{\"@type\":\"WebSite\",\"@id\":\"https:\/\/www.filtoprofiles.com\/#website\",\"url\":\"https:\/\/www.filtoprofiles.com\/\",\"name\":\"Filto Profiles\",\"description\":\"Brass Profiles Producer\",\"publisher\":{\"@id\":\"https:\/\/www.filtoprofiles.com\/#organization\"},\"alternateName\":\"Filto\",\"potentialAction\":[{\"@type\":\"SearchAction\",\"target\":{\"@type\":\"EntryPoint\",\"urlTemplate\":\"https:\/\/www.filtoprofiles.com\/?s={search_term_string}\"},\"query-input\":{\"@type\":\"PropertyValueSpecification\",\"valueRequired\":true,\"valueName\":\"search_term_string\"}}],\"inLanguage\":\"es\"},{\"@type\":\"Organization\",\"@id\":\"https:\/\/www.filtoprofiles.com\/#organization\",\"name\":\"Filto Profiles\",\"alternateName\":\"Filto\",\"url\":\"https:\/\/www.filtoprofiles.com\/\",\"logo\":{\"@type\":\"ImageObject\",\"inLanguage\":\"es\",\"@id\":\"https:\/\/www.filtoprofiles.com\/#\/schema\/logo\/image\/\",\"url\":\"https:\/\/www.filtoprofiles.com\/wp-content\/uploads\/2023\/04\/filto-logo.jpg\",\"contentUrl\":\"https:\/\/www.filtoprofiles.com\/wp-content\/uploads\/2023\/04\/filto-logo.jpg\",\"width\":420,\"height\":420,\"caption\":\"Filto Profiles\"},\"image\":{\"@id\":\"https:\/\/www.filtoprofiles.com\/#\/schema\/logo\/image\/\"},\"sameAs\":[\"https:\/\/www.facebook.com\/filtoprofiles\",\"https:\/\/www.linkedin.com\/company\/3302369\"]}]}<\/script>\n<!-- \/ Yoast SEO Premium plugin. -->","yoast_head_json":{"title":"Barras Redondas - Filto Profiles","description":"Perfiles de llat\u00f3n redondos, utilitzados para decoraci\u00f3n. Suministramos barras redondas en sistema m\u00e8trico y sistema imperial.","robots":{"index":"index","follow":"follow","max-snippet":"max-snippet:-1","max-image-preview":"max-image-preview:large","max-video-preview":"max-video-preview:-1"},"canonical":"https:\/\/www.filtoprofiles.com\/ca\/producte\/barres-rodones-de-llauto\/","og_locale":"es_ES","og_type":"article","og_title":"Barras Redondas","og_description":"Perfiles de llat\u00f3n redondos, utilitzados para decoraci\u00f3n. Suministramos barras redondas en sistema m\u00e8trico y sistema imperial.","og_url":"https:\/\/www.filtoprofiles.com\/ca\/producte\/barres-rodones-de-llauto\/","og_site_name":"Filto Profiles","article_publisher":"https:\/\/www.facebook.com\/filtoprofiles","article_modified_time":"2023-02-27T16:55:42+00:00","og_image":[{"width":1704,"height":1624,"url":"https:\/\/www.filtoprofiles.com\/wp-content\/uploads\/2022\/04\/foto13b.jpg","type":"image\/jpeg"}],"twitter_card":"summary_large_image","schema":{"@context":"https:\/\/schema.org","@graph":[{"@type":"WebPage","@id":"https:\/\/www.filtoprofiles.com\/ca\/producte\/barres-rodones-de-llauto\/","url":"https:\/\/www.filtoprofiles.com\/ca\/producte\/barres-rodones-de-llauto\/","name":"Barras Redondas - Filto Profiles","isPartOf":{"@id":"https:\/\/www.filtoprofiles.com\/#website"},"primaryImageOfPage":{"@id":"https:\/\/www.filtoprofiles.com\/ca\/producte\/barres-rodones-de-llauto\/#primaryimage"},"image":{"@id":"https:\/\/www.filtoprofiles.com\/ca\/producte\/barres-rodones-de-llauto\/#primaryimage"},"thumbnailUrl":"https:\/\/www.filtoprofiles.com\/wp-content\/uploads\/2022\/04\/foto13b.jpg","datePublished":"2022-05-19T12:14:19+00:00","dateModified":"2023-02-27T16:55:42+00:00","description":"Perfiles de llat\u00f3n redondos, utilitzados para decoraci\u00f3n. Suministramos barras redondas en sistema m\u00e8trico y sistema imperial.","breadcrumb":{"@id":"https:\/\/www.filtoprofiles.com\/ca\/producte\/barres-rodones-de-llauto\/#breadcrumb"},"inLanguage":"es","potentialAction":[{"@type":"ReadAction","target":["https:\/\/www.filtoprofiles.com\/ca\/producte\/barres-rodones-de-llauto\/"]}]},{"@type":"ImageObject","inLanguage":"es","@id":"https:\/\/www.filtoprofiles.com\/ca\/producte\/barres-rodones-de-llauto\/#primaryimage","url":"https:\/\/www.filtoprofiles.com\/wp-content\/uploads\/2022\/04\/foto13b.jpg","contentUrl":"https:\/\/www.filtoprofiles.com\/wp-content\/uploads\/2022\/04\/foto13b.jpg","width":1704,"height":1624},{"@type":"BreadcrumbList","@id":"https:\/\/www.filtoprofiles.com\/ca\/producte\/barres-rodones-de-llauto\/#breadcrumb","itemListElement":[{"@type":"ListItem","position":1,"name":"Home","item":"https:\/\/www.filtoprofiles.com\/ca\/"},{"@type":"ListItem","position":2,"name":"Tienda","item":"https:\/\/www.filtoprofiles.com\/es\/tienda\/"},{"@type":"ListItem","position":3,"name":"Barras Redondas"}]},{"@type":"WebSite","@id":"https:\/\/www.filtoprofiles.com\/#website","url":"https:\/\/www.filtoprofiles.com\/","name":"Filto Profiles","description":"Brass Profiles Producer","publisher":{"@id":"https:\/\/www.filtoprofiles.com\/#organization"},"alternateName":"Filto","potentialAction":[{"@type":"SearchAction","target":{"@type":"EntryPoint","urlTemplate":"https:\/\/www.filtoprofiles.com\/?s={search_term_string}"},"query-input":{"@type":"PropertyValueSpecification","valueRequired":true,"valueName":"search_term_string"}}],"inLanguage":"es"},{"@type":"Organization","@id":"https:\/\/www.filtoprofiles.com\/#organization","name":"Filto Profiles","alternateName":"Filto","url":"https:\/\/www.filtoprofiles.com\/","logo":{"@type":"ImageObject","inLanguage":"es","@id":"https:\/\/www.filtoprofiles.com\/#\/schema\/logo\/image\/","url":"https:\/\/www.filtoprofiles.com\/wp-content\/uploads\/2023\/04\/filto-logo.jpg","contentUrl":"https:\/\/www.filtoprofiles.com\/wp-content\/uploads\/2023\/04\/filto-logo.jpg","width":420,"height":420,"caption":"Filto Profiles"},"image":{"@id":"https:\/\/www.filtoprofiles.com\/#\/schema\/logo\/image\/"},"sameAs":["https:\/\/www.facebook.com\/filtoprofiles","https:\/\/www.linkedin.com\/company\/3302369"]}]}},"_links":{"self":[{"href":"https:\/\/www.filtoprofiles.com\/es\/wp-json\/wp\/v2\/product\/3147","targetHints":{"allow":["GET"]}}],"collection":[{"href":"https:\/\/www.filtoprofiles.com\/es\/wp-json\/wp\/v2\/product"}],"about":[{"href":"https:\/\/www.filtoprofiles.com\/es\/wp-json\/wp\/v2\/types\/product"}],"wp:featuredmedia":[{"embeddable":true,"href":"https:\/\/www.filtoprofiles.com\/es\/wp-json\/wp\/v2\/media\/1656"}],"wp:attachment":[{"href":"https:\/\/www.filtoprofiles.com\/es\/wp-json\/wp\/v2\/media?parent=3147"}],"wp:term":[{"taxonomy":"product_cat","embeddable":true,"href":"https:\/\/www.filtoprofiles.com\/es\/wp-json\/wp\/v2\/product_cat?post=3147"},{"taxonomy":"product_tag","embeddable":true,"href":"https:\/\/www.filtoprofiles.com\/es\/wp-json\/wp\/v2\/product_tag?post=3147"}],"curies":[{"name":"wp","href":"https:\/\/api.w.org\/{rel}","templated":true}]}}