{"id":2921,"date":"2022-05-05T07:47:11","date_gmt":"2022-05-05T07:47:11","guid":{"rendered":"https:\/\/www.filtoprofiles.com\/quality-policy\/"},"modified":"2022-08-29T12:06:23","modified_gmt":"2022-08-29T12:06:23","slug":"quality-policy","status":"publish","type":"page","link":"https:\/\/www.filtoprofiles.com\/es\/quality-policy\/","title":{"rendered":"Quality Policy"},"content":{"rendered":"\t\t<div data-elementor-type=\"wp-page\" data-elementor-id=\"2921\" class=\"elementor elementor-2921 elementor-436\">\n\t\t\t\t\t\t\t\t\t<section class=\"elementor-section elementor-top-section elementor-element elementor-element-42de0b8 elementor-section-boxed elementor-section-height-default elementor-section-height-default\" data-id=\"42de0b8\" data-element_type=\"section\">\n\t\t\t\t\t\t<div class=\"elementor-container elementor-column-gap-default\">\n\t\t\t\t\t<div class=\"elementor-column elementor-col-100 elementor-top-column elementor-element elementor-element-2087688\" data-id=\"2087688\" data-element_type=\"column\">\n\t\t\t<div class=\"elementor-widget-wrap elementor-element-populated\">\n\t\t\t\t\t\t\t\t<div class=\"elementor-element elementor-element-6c9ff21 elementor-widget elementor-widget-heading\" data-id=\"6c9ff21\" data-element_type=\"widget\" data-widget_type=\"heading.default\">\n\t\t\t\t<div class=\"elementor-widget-container\">\n\t\t\t<style>\/*! elementor - v3.15.0 - 20-08-2023 *\/\n.elementor-heading-title{padding:0;margin:0;line-height:1}.elementor-widget-heading .elementor-heading-title[class*=elementor-size-]>a{color:inherit;font-size:inherit;line-height:inherit}.elementor-widget-heading .elementor-heading-title.elementor-size-small{font-size:15px}.elementor-widget-heading .elementor-heading-title.elementor-size-medium{font-size:19px}.elementor-widget-heading .elementor-heading-title.elementor-size-large{font-size:29px}.elementor-widget-heading .elementor-heading-title.elementor-size-xl{font-size:39px}.elementor-widget-heading .elementor-heading-title.elementor-size-xxl{font-size:59px}<\/style><h2 class=\"elementor-heading-title elementor-size-default\">\ufeffPol\u00edtica de Calidad\n<\/h2>\t\t<\/div>\n\t\t\t\t<\/div>\n\t\t\t\t<div class=\"elementor-element elementor-element-aa5f49e elementor-widget elementor-widget-text-editor\" data-id=\"aa5f49e\" data-element_type=\"widget\" data-widget_type=\"text-editor.default\">\n\t\t\t\t<div class=\"elementor-widget-container\">\n\t\t\t<style>\/*! elementor - v3.15.0 - 20-08-2023 *\/\n.elementor-widget-text-editor.elementor-drop-cap-view-stacked .elementor-drop-cap{background-color:#69727d;color:#fff}.elementor-widget-text-editor.elementor-drop-cap-view-framed .elementor-drop-cap{color:#69727d;border:3px solid;background-color:transparent}.elementor-widget-text-editor:not(.elementor-drop-cap-view-default) .elementor-drop-cap{margin-top:8px}.elementor-widget-text-editor:not(.elementor-drop-cap-view-default) .elementor-drop-cap-letter{width:1em;height:1em}.elementor-widget-text-editor .elementor-drop-cap{float:left;text-align:center;line-height:1;font-size:50px}.elementor-widget-text-editor .elementor-drop-cap-letter{display:inline-block}<\/style>\t\t\t\t<p><em>Es pol\u00edtica de FILTO PROFILES para la Fabricaci\u00f3n y venta de perfiles de lat\u00f3n el satisfacer las expectativas y necesidades de nuestros Clientes manteniendo y mejorando la calidad de nuestros productos y servicio prestado.<\/em><\/p><p><em>En s\u00edntesis, la Pol\u00edtica de Calidad de FILTO PROFILES, se basa en los siguientes principios:<\/em><\/p><ul><li><p><em>Obtener el mayor nivel de satisfacci\u00f3n del cliente es el elemento esencial y raz\u00f3n de ser de nuestra empresa, que permita establecer una relaci\u00f3n basada en la confianza, en plazos de entrega, en compromisos adquiridos y en precios competitivos.<\/em><\/p><\/li><li><p><em>FILTO PROFILES apuesta por el camino de la mejora y, para ello, debe integrar el ciclo Planificaci\u00f3n &#8211; Ejecuci\u00f3n \u2013 Comprobaci\u00f3n- Actuaci\u00f3n en el Sistema de Calidad, con el objeto de aumentar la calidad y la productividad de nuestros productos.<\/em><\/p><\/li><li><p><em>FILTO PROFILES se compromete a mantener y mejorar un sistema de gesti\u00f3n de calidad que sea conforme a las exigencias de la norma ISO 9001:2015 as\u00ed como a los requisitos normativos, legales y reglamentarios aplicables a la actividad dentro del sector.<\/em><\/p><\/li><li><p><em>Formar al personal para fomentar su iniciativa, participaci\u00f3n y motivaci\u00f3n, aspectos imprescindibles para el \u00e9xito y el desarrollo de la empresa.<\/em><\/p><\/li><li><p><em>Nuestra Calidad se mide, no s\u00f3lo en cumplir las especificaciones y requerimientos sino, tambi\u00e9n en superar las expectativas de nuestros Clientes, en todos y cada uno de los aspectos de nuestro negocio. Alcanzar este objetivo nos asegura el liderazgo en nuestro camino hacia la excelencia.<\/em><\/p><\/li><\/ul><p>El Departamento de Presidencia de FILTO PROFILES se compromete a comunicar de manera comprensible para todo el personal la presente pol\u00edtica, as\u00ed como establecer los recursos necesarios y a revisar peri\u00f3dicamente dicha pol\u00edtica para garantizar su continua adecuaci\u00f3n a trav\u00e9s de las revisiones del sistema.<\/p><p><em>\u00a0<\/em><\/p><p><strong><em>El Administrador. <br \/><\/em><em>Fdo.: Xavier Serrat Canet<\/em><\/strong><\/p><pre><strong>Vallirana, a 01 de Marzo de 2018<\/strong><\/pre>\t\t\t\t\t\t<\/div>\n\t\t\t\t<\/div>\n\t\t\t\t\t<\/div>\n\t\t<\/div>\n\t\t\t\t\t\t\t<\/div>\n\t\t<\/section>\n\t\t\t\t\t\t\t<\/div>\n\t\t","protected":false},"excerpt":{"rendered":"<p>\ufeffPol\u00edtica de Calidad Es pol\u00edtica de FILTO PROFILES para la Fabricaci\u00f3n y venta de perfiles de lat\u00f3n el satisfacer las expectativas y necesidades de nuestros Clientes manteniendo y mejorando la calidad de nuestros productos y servicio prestado. En s\u00edntesis, la Pol\u00edtica de Calidad de FILTO PROFILES, se basa en los siguientes principios: Obtener el mayor [&hellip;]<\/p>\n","protected":false},"author":2,"featured_media":0,"parent":0,"menu_order":0,"comment_status":"closed","ping_status":"closed","template":"","meta":{"footnotes":""},"class_list":["post-2921","page","type-page","status-publish","hentry"],"yoast_head":"<!-- This site is optimized with the Yoast SEO Premium plugin v27.1 (Yoast SEO v27.1.1) - https:\/\/yoast.com\/product\/yoast-seo-premium-wordpress\/ -->\n<title>Quality Policy - Filto Profiles<\/title>\n<meta name=\"robots\" content=\"index, follow, max-snippet:-1, max-image-preview:large, max-video-preview:-1\" \/>\n<link rel=\"canonical\" href=\"https:\/\/www.filtoprofiles.com\/es\/quality-policy\/\" \/>\n<meta property=\"og:locale\" content=\"es_ES\" \/>\n<meta property=\"og:type\" content=\"article\" \/>\n<meta property=\"og:title\" content=\"Quality Policy\" \/>\n<meta property=\"og:description\" content=\"\ufeffPol\u00edtica de Calidad Es pol\u00edtica de FILTO PROFILES para la Fabricaci\u00f3n y venta de perfiles de lat\u00f3n el satisfacer las expectativas y necesidades de nuestros Clientes manteniendo y mejorando la calidad de nuestros productos y servicio prestado. En s\u00edntesis, la Pol\u00edtica de Calidad de FILTO PROFILES, se basa en los siguientes principios: Obtener el mayor [&hellip;]\" \/>\n<meta property=\"og:url\" content=\"https:\/\/www.filtoprofiles.com\/es\/quality-policy\/\" \/>\n<meta property=\"og:site_name\" content=\"Filto Profiles\" \/>\n<meta property=\"article:publisher\" content=\"https:\/\/www.facebook.com\/filtoprofiles\" \/>\n<meta property=\"article:modified_time\" content=\"2022-08-29T12:06:23+00:00\" \/>\n<meta property=\"og:image\" content=\"https:\/\/www.filtoprofiles.com\/wp-content\/uploads\/2023\/04\/TITOL.jpg\" \/>\n\t<meta property=\"og:image:width\" content=\"2077\" \/>\n\t<meta property=\"og:image:height\" content=\"447\" \/>\n\t<meta property=\"og:image:type\" content=\"image\/jpeg\" \/>\n<meta name=\"twitter:card\" content=\"summary_large_image\" \/>\n<meta name=\"twitter:label1\" content=\"Tiempo de lectura\" \/>\n\t<meta name=\"twitter:data1\" content=\"2 minutos\" \/>\n<script type=\"application\/ld+json\" class=\"yoast-schema-graph\">{\"@context\":\"https:\/\/schema.org\",\"@graph\":[{\"@type\":\"WebPage\",\"@id\":\"https:\/\/www.filtoprofiles.com\/es\/quality-policy\/\",\"url\":\"https:\/\/www.filtoprofiles.com\/es\/quality-policy\/\",\"name\":\"Quality Policy - Filto Profiles\",\"isPartOf\":{\"@id\":\"https:\/\/www.filtoprofiles.com\/#website\"},\"datePublished\":\"2022-05-05T07:47:11+00:00\",\"dateModified\":\"2022-08-29T12:06:23+00:00\",\"breadcrumb\":{\"@id\":\"https:\/\/www.filtoprofiles.com\/es\/quality-policy\/#breadcrumb\"},\"inLanguage\":\"es\",\"potentialAction\":[{\"@type\":\"ReadAction\",\"target\":[\"https:\/\/www.filtoprofiles.com\/es\/quality-policy\/\"]}]},{\"@type\":\"BreadcrumbList\",\"@id\":\"https:\/\/www.filtoprofiles.com\/es\/quality-policy\/#breadcrumb\",\"itemListElement\":[{\"@type\":\"ListItem\",\"position\":1,\"name\":\"Home\",\"item\":\"https:\/\/www.filtoprofiles.com\/ca\/\"},{\"@type\":\"ListItem\",\"position\":2,\"name\":\"Quality Policy\"}]},{\"@type\":\"WebSite\",\"@id\":\"https:\/\/www.filtoprofiles.com\/#website\",\"url\":\"https:\/\/www.filtoprofiles.com\/\",\"name\":\"Filto Profiles\",\"description\":\"Brass Profiles Producer\",\"publisher\":{\"@id\":\"https:\/\/www.filtoprofiles.com\/#organization\"},\"alternateName\":\"Filto\",\"potentialAction\":[{\"@type\":\"SearchAction\",\"target\":{\"@type\":\"EntryPoint\",\"urlTemplate\":\"https:\/\/www.filtoprofiles.com\/?s={search_term_string}\"},\"query-input\":{\"@type\":\"PropertyValueSpecification\",\"valueRequired\":true,\"valueName\":\"search_term_string\"}}],\"inLanguage\":\"es\"},{\"@type\":\"Organization\",\"@id\":\"https:\/\/www.filtoprofiles.com\/#organization\",\"name\":\"Filto Profiles\",\"alternateName\":\"Filto\",\"url\":\"https:\/\/www.filtoprofiles.com\/\",\"logo\":{\"@type\":\"ImageObject\",\"inLanguage\":\"es\",\"@id\":\"https:\/\/www.filtoprofiles.com\/#\/schema\/logo\/image\/\",\"url\":\"https:\/\/www.filtoprofiles.com\/wp-content\/uploads\/2023\/04\/filto-logo.jpg\",\"contentUrl\":\"https:\/\/www.filtoprofiles.com\/wp-content\/uploads\/2023\/04\/filto-logo.jpg\",\"width\":420,\"height\":420,\"caption\":\"Filto Profiles\"},\"image\":{\"@id\":\"https:\/\/www.filtoprofiles.com\/#\/schema\/logo\/image\/\"},\"sameAs\":[\"https:\/\/www.facebook.com\/filtoprofiles\",\"https:\/\/www.linkedin.com\/company\/3302369\"]}]}<\/script>\n<!-- \/ Yoast SEO Premium plugin. -->","yoast_head_json":{"title":"Quality Policy - Filto Profiles","robots":{"index":"index","follow":"follow","max-snippet":"max-snippet:-1","max-image-preview":"max-image-preview:large","max-video-preview":"max-video-preview:-1"},"canonical":"https:\/\/www.filtoprofiles.com\/es\/quality-policy\/","og_locale":"es_ES","og_type":"article","og_title":"Quality Policy","og_description":"\ufeffPol\u00edtica de Calidad Es pol\u00edtica de FILTO PROFILES para la Fabricaci\u00f3n y venta de perfiles de lat\u00f3n el satisfacer las expectativas y necesidades de nuestros Clientes manteniendo y mejorando la calidad de nuestros productos y servicio prestado. En s\u00edntesis, la Pol\u00edtica de Calidad de FILTO PROFILES, se basa en los siguientes principios: Obtener el mayor [&hellip;]","og_url":"https:\/\/www.filtoprofiles.com\/es\/quality-policy\/","og_site_name":"Filto Profiles","article_publisher":"https:\/\/www.facebook.com\/filtoprofiles","article_modified_time":"2022-08-29T12:06:23+00:00","og_image":[{"width":2077,"height":447,"url":"https:\/\/www.filtoprofiles.com\/wp-content\/uploads\/2023\/04\/TITOL.jpg","type":"image\/jpeg"}],"twitter_card":"summary_large_image","twitter_misc":{"Tiempo de lectura":"2 minutos"},"schema":{"@context":"https:\/\/schema.org","@graph":[{"@type":"WebPage","@id":"https:\/\/www.filtoprofiles.com\/es\/quality-policy\/","url":"https:\/\/www.filtoprofiles.com\/es\/quality-policy\/","name":"Quality Policy - Filto Profiles","isPartOf":{"@id":"https:\/\/www.filtoprofiles.com\/#website"},"datePublished":"2022-05-05T07:47:11+00:00","dateModified":"2022-08-29T12:06:23+00:00","breadcrumb":{"@id":"https:\/\/www.filtoprofiles.com\/es\/quality-policy\/#breadcrumb"},"inLanguage":"es","potentialAction":[{"@type":"ReadAction","target":["https:\/\/www.filtoprofiles.com\/es\/quality-policy\/"]}]},{"@type":"BreadcrumbList","@id":"https:\/\/www.filtoprofiles.com\/es\/quality-policy\/#breadcrumb","itemListElement":[{"@type":"ListItem","position":1,"name":"Home","item":"https:\/\/www.filtoprofiles.com\/ca\/"},{"@type":"ListItem","position":2,"name":"Quality Policy"}]},{"@type":"WebSite","@id":"https:\/\/www.filtoprofiles.com\/#website","url":"https:\/\/www.filtoprofiles.com\/","name":"Filto Profiles","description":"Brass Profiles Producer","publisher":{"@id":"https:\/\/www.filtoprofiles.com\/#organization"},"alternateName":"Filto","potentialAction":[{"@type":"SearchAction","target":{"@type":"EntryPoint","urlTemplate":"https:\/\/www.filtoprofiles.com\/?s={search_term_string}"},"query-input":{"@type":"PropertyValueSpecification","valueRequired":true,"valueName":"search_term_string"}}],"inLanguage":"es"},{"@type":"Organization","@id":"https:\/\/www.filtoprofiles.com\/#organization","name":"Filto Profiles","alternateName":"Filto","url":"https:\/\/www.filtoprofiles.com\/","logo":{"@type":"ImageObject","inLanguage":"es","@id":"https:\/\/www.filtoprofiles.com\/#\/schema\/logo\/image\/","url":"https:\/\/www.filtoprofiles.com\/wp-content\/uploads\/2023\/04\/filto-logo.jpg","contentUrl":"https:\/\/www.filtoprofiles.com\/wp-content\/uploads\/2023\/04\/filto-logo.jpg","width":420,"height":420,"caption":"Filto Profiles"},"image":{"@id":"https:\/\/www.filtoprofiles.com\/#\/schema\/logo\/image\/"},"sameAs":["https:\/\/www.facebook.com\/filtoprofiles","https:\/\/www.linkedin.com\/company\/3302369"]}]}},"_links":{"self":[{"href":"https:\/\/www.filtoprofiles.com\/es\/wp-json\/wp\/v2\/pages\/2921","targetHints":{"allow":["GET"]}}],"collection":[{"href":"https:\/\/www.filtoprofiles.com\/es\/wp-json\/wp\/v2\/pages"}],"about":[{"href":"https:\/\/www.filtoprofiles.com\/es\/wp-json\/wp\/v2\/types\/page"}],"author":[{"embeddable":true,"href":"https:\/\/www.filtoprofiles.com\/es\/wp-json\/wp\/v2\/users\/2"}],"replies":[{"embeddable":true,"href":"https:\/\/www.filtoprofiles.com\/es\/wp-json\/wp\/v2\/comments?post=2921"}],"version-history":[{"count":3,"href":"https:\/\/www.filtoprofiles.com\/es\/wp-json\/wp\/v2\/pages\/2921\/revisions"}],"predecessor-version":[{"id":2926,"href":"https:\/\/www.filtoprofiles.com\/es\/wp-json\/wp\/v2\/pages\/2921\/revisions\/2926"}],"wp:attachment":[{"href":"https:\/\/www.filtoprofiles.com\/es\/wp-json\/wp\/v2\/media?parent=2921"}],"curies":[{"name":"wp","href":"https:\/\/api.w.org\/{rel}","templated":true}]}}