{"id":2916,"date":"2022-05-05T07:43:34","date_gmt":"2022-05-05T07:43:34","guid":{"rendered":"https:\/\/www.filtoprofiles.com\/purchase-conditions\/"},"modified":"2022-08-29T12:02:48","modified_gmt":"2022-08-29T12:02:48","slug":"purchase-conditions","status":"publish","type":"page","link":"https:\/\/www.filtoprofiles.com\/es\/purchase-conditions\/","title":{"rendered":"Purchase conditions"},"content":{"rendered":"\t\t<div data-elementor-type=\"wp-page\" data-elementor-id=\"2916\" class=\"elementor elementor-2916 elementor-432\">\n\t\t\t\t\t\t\t\t\t<section class=\"elementor-section elementor-top-section elementor-element elementor-element-c619dd7 elementor-section-boxed elementor-section-height-default elementor-section-height-default\" data-id=\"c619dd7\" data-element_type=\"section\">\n\t\t\t\t\t\t<div class=\"elementor-container elementor-column-gap-default\">\n\t\t\t\t\t<div class=\"elementor-column elementor-col-100 elementor-top-column elementor-element elementor-element-f7ec9b3\" data-id=\"f7ec9b3\" data-element_type=\"column\">\n\t\t\t<div class=\"elementor-widget-wrap elementor-element-populated\">\n\t\t\t\t\t\t\t\t<div class=\"elementor-element elementor-element-9240d94 elementor-widget elementor-widget-heading\" data-id=\"9240d94\" data-element_type=\"widget\" data-widget_type=\"heading.default\">\n\t\t\t\t<div class=\"elementor-widget-container\">\n\t\t\t<style>\/*! elementor - v3.15.0 - 20-08-2023 *\/\n.elementor-heading-title{padding:0;margin:0;line-height:1}.elementor-widget-heading .elementor-heading-title[class*=elementor-size-]>a{color:inherit;font-size:inherit;line-height:inherit}.elementor-widget-heading .elementor-heading-title.elementor-size-small{font-size:15px}.elementor-widget-heading .elementor-heading-title.elementor-size-medium{font-size:19px}.elementor-widget-heading .elementor-heading-title.elementor-size-large{font-size:29px}.elementor-widget-heading .elementor-heading-title.elementor-size-xl{font-size:39px}.elementor-widget-heading .elementor-heading-title.elementor-size-xxl{font-size:59px}<\/style><h2 class=\"elementor-heading-title elementor-size-default\">\ufeffCondiciones de Compra\n<\/h2>\t\t<\/div>\n\t\t\t\t<\/div>\n\t\t\t\t<div class=\"elementor-element elementor-element-cce0c28 elementor-widget elementor-widget-text-editor\" data-id=\"cce0c28\" data-element_type=\"widget\" data-widget_type=\"text-editor.default\">\n\t\t\t\t<div class=\"elementor-widget-container\">\n\t\t\t<style>\/*! elementor - v3.15.0 - 20-08-2023 *\/\n.elementor-widget-text-editor.elementor-drop-cap-view-stacked .elementor-drop-cap{background-color:#69727d;color:#fff}.elementor-widget-text-editor.elementor-drop-cap-view-framed .elementor-drop-cap{color:#69727d;border:3px solid;background-color:transparent}.elementor-widget-text-editor:not(.elementor-drop-cap-view-default) .elementor-drop-cap{margin-top:8px}.elementor-widget-text-editor:not(.elementor-drop-cap-view-default) .elementor-drop-cap-letter{width:1em;height:1em}.elementor-widget-text-editor .elementor-drop-cap{float:left;text-align:center;line-height:1;font-size:50px}.elementor-widget-text-editor .elementor-drop-cap-letter{display:inline-block}<\/style>\t\t\t\t<p><strong>CL\u00c1USULA CONTRATOS<\/strong> <\/p><p>En lo que se refiere al tratamiento de los datos personales que se originen como consecuencia del otorgamiento del presente contrato, informar que se incorporar\u00e1n en el sistema de tratamiento de datos de ambas partes, consintiendo de forma expresa el tratamiento de dichos datos personales de forma l\u00edcita, leal, transparente, adecuada, pertinente, limitada, exacta y actualizada para la finalidad de atender los compromisos derivados del contrato suscrito entre las mismas. <br \/>A dichos efectos se facilitan los datos que constan en el mismo y los necesarios para su ejecuci\u00f3n. <br \/>La base legal del tratamiento de sus datos se recoge en el art\u00edculo 6 del RGPD y consiste en la prestaci\u00f3n del consentimiento y la ejecuci\u00f3n del contrato.<br \/>Los \u00fanicos destinatarios de sus datos ser\u00e1n los profesionales de la sociedad encargados de dicha gesti\u00f3n bien sean por ser trabajadores por cuenta ajena o aut\u00f3nomos y ser\u00e1n conservados durante el tiempo en que se prolongue la duraci\u00f3n del presente contrato y el necesario para el cumplimiento de las obligaciones legales.<br \/>Los datos de ambas partes ser\u00e1n comunicados de ser necesario a bancos y cajas, administraciones p\u00fablicas y entidades necesarias para cumplir con las obligaciones del contrato.<br \/>Se informa que las partes pueden contar con la colaboraci\u00f3n de terceros proveedores de servicios que tienen acceso a sus datos personales para servicios de limpieza, destrucci\u00f3n de documentos, etc. <br \/>La falta de comunicaci\u00f3n podr\u00eda impedir el cumplimiento.<br \/>En virtud de lo dispuesto en el REGLAMENTO (UE) 2016\/679 DEL PARLAMENTO EUROPEO Y DEL CONSEJO de 27 de abril de 2016 y en la Ley Org\u00e1nica 3\/2018, de 5 de diciembre, de Protecci\u00f3n de Datos Personales y garant\u00eda de los derechos digitales, en cualquier momento podr\u00e1n ejercer sus derechos de acceso, rectificaci\u00f3n, limitaci\u00f3n de tratamiento, supresi\u00f3n, oposici\u00f3n, portabilidad de sus datos de car\u00e1cter personal y el derecho a no ser objeto de decisiones individuales automatizadas, dirigi\u00e9ndose con una solicitud escrita y firmada, incluyendo nombre, apellidos y fotocopia del D.N.I. u otro documento acreditativo v\u00e1lido a la direcci\u00f3n de cada parte anteriormente indicada. <br \/>Se debe comunicar inmediatamente a los comparecientes cualquier modificaci\u00f3n de los datos de car\u00e1cter personal para que la informaci\u00f3n que contienen los Registros de Tratamiento est\u00e9 siempre actualizada y no contenga errores. Asimismo, con la aceptaci\u00f3n de este documento, reconocen que la informaci\u00f3n y los datos personales recogidos son exactos y veraces.<br \/>Las Transferencias Internacionales de Datos personales s\u00f3lo podr\u00e1n realizarse si se cumplen con las exigencias recogidas por la Agencia Espa\u00f1ola de Protecci\u00f3n de Datos, o cualquier otra normativa nacional o comunitaria que las regulen. <br \/>Asimismo, se informa que ambas tienen implantadas las medidas de seguridad de tipo t\u00e9cnico y organizativas necesarias para garantizar la seguridad de sus datos de car\u00e1cter personal y evitar la alteraci\u00f3n, la p\u00e9rdida y el tratamiento y\/o acceso no autorizado, teniendo en cuenta el estado de la tecnolog\u00eda, la naturaleza de los datos almacenados y los riesgos a que est\u00e1n expuestos, provenientes de la acci\u00f3n humana o del medio f\u00edsico y natural. Todo ello de conformidad con lo dispuesto en la legislaci\u00f3n vigente.<br \/>Tambi\u00e9n informarles que podr\u00e1n dirigirse a la Autoridad de control competente para presentar la reclamaci\u00f3n que consideren oportuna.<br \/>Por lo tanto, quedan informados de todo lo que precede y prestan su consentimiento expl\u00edcito para los tratamientos mencionados.<\/p>\t\t\t\t\t\t<\/div>\n\t\t\t\t<\/div>\n\t\t\t\t\t<\/div>\n\t\t<\/div>\n\t\t\t\t\t\t\t<\/div>\n\t\t<\/section>\n\t\t\t\t\t\t\t<\/div>\n\t\t","protected":false},"excerpt":{"rendered":"<p>\ufeffCondiciones de Compra CL\u00c1USULA CONTRATOS En lo que se refiere al tratamiento de los datos personales que se originen como consecuencia del otorgamiento del presente contrato, informar que se incorporar\u00e1n en el sistema de tratamiento de datos de ambas partes, consintiendo de forma expresa el tratamiento de dichos datos personales de forma l\u00edcita, leal, transparente, [&hellip;]<\/p>\n","protected":false},"author":2,"featured_media":0,"parent":0,"menu_order":0,"comment_status":"closed","ping_status":"closed","template":"","meta":{"footnotes":""},"class_list":["post-2916","page","type-page","status-publish","hentry"],"yoast_head":"<!-- This site is optimized with the Yoast SEO Premium plugin v27.1 (Yoast SEO v27.1.1) - https:\/\/yoast.com\/product\/yoast-seo-premium-wordpress\/ -->\n<title>Purchase conditions - Filto Profiles<\/title>\n<meta name=\"robots\" content=\"index, follow, max-snippet:-1, max-image-preview:large, max-video-preview:-1\" \/>\n<link rel=\"canonical\" href=\"https:\/\/www.filtoprofiles.com\/es\/purchase-conditions\/\" \/>\n<meta property=\"og:locale\" content=\"es_ES\" \/>\n<meta property=\"og:type\" content=\"article\" \/>\n<meta property=\"og:title\" content=\"Purchase conditions\" \/>\n<meta property=\"og:description\" content=\"\ufeffCondiciones de Compra CL\u00c1USULA CONTRATOS En lo que se refiere al tratamiento de los datos personales que se originen como consecuencia del otorgamiento del presente contrato, informar que se incorporar\u00e1n en el sistema de tratamiento de datos de ambas partes, consintiendo de forma expresa el tratamiento de dichos datos personales de forma l\u00edcita, leal, transparente, [&hellip;]\" \/>\n<meta property=\"og:url\" content=\"https:\/\/www.filtoprofiles.com\/es\/purchase-conditions\/\" \/>\n<meta property=\"og:site_name\" content=\"Filto Profiles\" \/>\n<meta property=\"article:publisher\" content=\"https:\/\/www.facebook.com\/filtoprofiles\" \/>\n<meta property=\"article:modified_time\" content=\"2022-08-29T12:02:48+00:00\" \/>\n<meta property=\"og:image\" content=\"https:\/\/www.filtoprofiles.com\/wp-content\/uploads\/2023\/04\/TITOL.jpg\" \/>\n\t<meta property=\"og:image:width\" content=\"2077\" \/>\n\t<meta property=\"og:image:height\" content=\"447\" \/>\n\t<meta property=\"og:image:type\" content=\"image\/jpeg\" \/>\n<meta name=\"twitter:card\" content=\"summary_large_image\" \/>\n<meta name=\"twitter:label1\" content=\"Tiempo de lectura\" \/>\n\t<meta name=\"twitter:data1\" content=\"3 minutos\" \/>\n<script type=\"application\/ld+json\" class=\"yoast-schema-graph\">{\"@context\":\"https:\/\/schema.org\",\"@graph\":[{\"@type\":\"WebPage\",\"@id\":\"https:\/\/www.filtoprofiles.com\/es\/purchase-conditions\/\",\"url\":\"https:\/\/www.filtoprofiles.com\/es\/purchase-conditions\/\",\"name\":\"Purchase conditions - Filto Profiles\",\"isPartOf\":{\"@id\":\"https:\/\/www.filtoprofiles.com\/#website\"},\"datePublished\":\"2022-05-05T07:43:34+00:00\",\"dateModified\":\"2022-08-29T12:02:48+00:00\",\"breadcrumb\":{\"@id\":\"https:\/\/www.filtoprofiles.com\/es\/purchase-conditions\/#breadcrumb\"},\"inLanguage\":\"es\",\"potentialAction\":[{\"@type\":\"ReadAction\",\"target\":[\"https:\/\/www.filtoprofiles.com\/es\/purchase-conditions\/\"]}]},{\"@type\":\"BreadcrumbList\",\"@id\":\"https:\/\/www.filtoprofiles.com\/es\/purchase-conditions\/#breadcrumb\",\"itemListElement\":[{\"@type\":\"ListItem\",\"position\":1,\"name\":\"Home\",\"item\":\"https:\/\/www.filtoprofiles.com\/ca\/\"},{\"@type\":\"ListItem\",\"position\":2,\"name\":\"Purchase conditions\"}]},{\"@type\":\"WebSite\",\"@id\":\"https:\/\/www.filtoprofiles.com\/#website\",\"url\":\"https:\/\/www.filtoprofiles.com\/\",\"name\":\"Filto Profiles\",\"description\":\"Brass Profiles Producer\",\"publisher\":{\"@id\":\"https:\/\/www.filtoprofiles.com\/#organization\"},\"alternateName\":\"Filto\",\"potentialAction\":[{\"@type\":\"SearchAction\",\"target\":{\"@type\":\"EntryPoint\",\"urlTemplate\":\"https:\/\/www.filtoprofiles.com\/?s={search_term_string}\"},\"query-input\":{\"@type\":\"PropertyValueSpecification\",\"valueRequired\":true,\"valueName\":\"search_term_string\"}}],\"inLanguage\":\"es\"},{\"@type\":\"Organization\",\"@id\":\"https:\/\/www.filtoprofiles.com\/#organization\",\"name\":\"Filto Profiles\",\"alternateName\":\"Filto\",\"url\":\"https:\/\/www.filtoprofiles.com\/\",\"logo\":{\"@type\":\"ImageObject\",\"inLanguage\":\"es\",\"@id\":\"https:\/\/www.filtoprofiles.com\/#\/schema\/logo\/image\/\",\"url\":\"https:\/\/www.filtoprofiles.com\/wp-content\/uploads\/2023\/04\/filto-logo.jpg\",\"contentUrl\":\"https:\/\/www.filtoprofiles.com\/wp-content\/uploads\/2023\/04\/filto-logo.jpg\",\"width\":420,\"height\":420,\"caption\":\"Filto Profiles\"},\"image\":{\"@id\":\"https:\/\/www.filtoprofiles.com\/#\/schema\/logo\/image\/\"},\"sameAs\":[\"https:\/\/www.facebook.com\/filtoprofiles\",\"https:\/\/www.linkedin.com\/company\/3302369\"]}]}<\/script>\n<!-- \/ Yoast SEO Premium plugin. -->","yoast_head_json":{"title":"Purchase conditions - Filto Profiles","robots":{"index":"index","follow":"follow","max-snippet":"max-snippet:-1","max-image-preview":"max-image-preview:large","max-video-preview":"max-video-preview:-1"},"canonical":"https:\/\/www.filtoprofiles.com\/es\/purchase-conditions\/","og_locale":"es_ES","og_type":"article","og_title":"Purchase conditions","og_description":"\ufeffCondiciones de Compra CL\u00c1USULA CONTRATOS En lo que se refiere al tratamiento de los datos personales que se originen como consecuencia del otorgamiento del presente contrato, informar que se incorporar\u00e1n en el sistema de tratamiento de datos de ambas partes, consintiendo de forma expresa el tratamiento de dichos datos personales de forma l\u00edcita, leal, transparente, [&hellip;]","og_url":"https:\/\/www.filtoprofiles.com\/es\/purchase-conditions\/","og_site_name":"Filto Profiles","article_publisher":"https:\/\/www.facebook.com\/filtoprofiles","article_modified_time":"2022-08-29T12:02:48+00:00","og_image":[{"width":2077,"height":447,"url":"https:\/\/www.filtoprofiles.com\/wp-content\/uploads\/2023\/04\/TITOL.jpg","type":"image\/jpeg"}],"twitter_card":"summary_large_image","twitter_misc":{"Tiempo de lectura":"3 minutos"},"schema":{"@context":"https:\/\/schema.org","@graph":[{"@type":"WebPage","@id":"https:\/\/www.filtoprofiles.com\/es\/purchase-conditions\/","url":"https:\/\/www.filtoprofiles.com\/es\/purchase-conditions\/","name":"Purchase conditions - Filto Profiles","isPartOf":{"@id":"https:\/\/www.filtoprofiles.com\/#website"},"datePublished":"2022-05-05T07:43:34+00:00","dateModified":"2022-08-29T12:02:48+00:00","breadcrumb":{"@id":"https:\/\/www.filtoprofiles.com\/es\/purchase-conditions\/#breadcrumb"},"inLanguage":"es","potentialAction":[{"@type":"ReadAction","target":["https:\/\/www.filtoprofiles.com\/es\/purchase-conditions\/"]}]},{"@type":"BreadcrumbList","@id":"https:\/\/www.filtoprofiles.com\/es\/purchase-conditions\/#breadcrumb","itemListElement":[{"@type":"ListItem","position":1,"name":"Home","item":"https:\/\/www.filtoprofiles.com\/ca\/"},{"@type":"ListItem","position":2,"name":"Purchase conditions"}]},{"@type":"WebSite","@id":"https:\/\/www.filtoprofiles.com\/#website","url":"https:\/\/www.filtoprofiles.com\/","name":"Filto Profiles","description":"Brass Profiles Producer","publisher":{"@id":"https:\/\/www.filtoprofiles.com\/#organization"},"alternateName":"Filto","potentialAction":[{"@type":"SearchAction","target":{"@type":"EntryPoint","urlTemplate":"https:\/\/www.filtoprofiles.com\/?s={search_term_string}"},"query-input":{"@type":"PropertyValueSpecification","valueRequired":true,"valueName":"search_term_string"}}],"inLanguage":"es"},{"@type":"Organization","@id":"https:\/\/www.filtoprofiles.com\/#organization","name":"Filto Profiles","alternateName":"Filto","url":"https:\/\/www.filtoprofiles.com\/","logo":{"@type":"ImageObject","inLanguage":"es","@id":"https:\/\/www.filtoprofiles.com\/#\/schema\/logo\/image\/","url":"https:\/\/www.filtoprofiles.com\/wp-content\/uploads\/2023\/04\/filto-logo.jpg","contentUrl":"https:\/\/www.filtoprofiles.com\/wp-content\/uploads\/2023\/04\/filto-logo.jpg","width":420,"height":420,"caption":"Filto Profiles"},"image":{"@id":"https:\/\/www.filtoprofiles.com\/#\/schema\/logo\/image\/"},"sameAs":["https:\/\/www.facebook.com\/filtoprofiles","https:\/\/www.linkedin.com\/company\/3302369"]}]}},"_links":{"self":[{"href":"https:\/\/www.filtoprofiles.com\/es\/wp-json\/wp\/v2\/pages\/2916","targetHints":{"allow":["GET"]}}],"collection":[{"href":"https:\/\/www.filtoprofiles.com\/es\/wp-json\/wp\/v2\/pages"}],"about":[{"href":"https:\/\/www.filtoprofiles.com\/es\/wp-json\/wp\/v2\/types\/page"}],"author":[{"embeddable":true,"href":"https:\/\/www.filtoprofiles.com\/es\/wp-json\/wp\/v2\/users\/2"}],"replies":[{"embeddable":true,"href":"https:\/\/www.filtoprofiles.com\/es\/wp-json\/wp\/v2\/comments?post=2916"}],"version-history":[{"count":3,"href":"https:\/\/www.filtoprofiles.com\/es\/wp-json\/wp\/v2\/pages\/2916\/revisions"}],"predecessor-version":[{"id":2919,"href":"https:\/\/www.filtoprofiles.com\/es\/wp-json\/wp\/v2\/pages\/2916\/revisions\/2919"}],"wp:attachment":[{"href":"https:\/\/www.filtoprofiles.com\/es\/wp-json\/wp\/v2\/media?parent=2916"}],"curies":[{"name":"wp","href":"https:\/\/api.w.org\/{rel}","templated":true}]}}