{"id":2503,"date":"2022-05-19T12:22:29","date_gmt":"2022-05-19T12:22:29","guid":{"rendered":"https:\/\/www.filtoprofiles.com\/product\/t-profile\/"},"modified":"2022-05-19T12:22:29","modified_gmt":"2022-05-19T12:22:29","slug":"t-profile","status":"publish","type":"product","link":"https:\/\/www.filtoprofiles.com\/de\/produkt\/t-profile\/","title":{"rendered":"T-Profile"},"content":{"rendered":"<h4>STANDARD METRISCHES T-PROFIL MESSING B X H XT (Millimeter)<\/h4>\n<div id=\"tablepress-12-scroll-wrapper\" class=\"tablepress-scroll-wrapper\">\n\n<table id=\"tablepress-12\" class=\"tablepress tablepress-id-12 tablepress-responsive\">\n<tbody class=\"row-striping row-hover\">\n<tr class=\"row-1\">\n\t<td class=\"column-1\">8X8X2<br \/>\n<br \/>\n<\/td><td class=\"column-2\">10X10X1.5<\/td><td class=\"column-3\">15X8X1.5 <\/td><td class=\"column-4\">20X20X2<\/td><td class=\"column-5\">25X25X2<\/td><td class=\"column-6\">30X30X2<\/td><td class=\"column-7\">40x40x3 <\/td><td class=\"column-8\">50X50X5<\/td>\n<\/tr>\n<tr class=\"row-2\">\n\t<td class=\"column-1\"><\/td><td class=\"column-2\">10X10X2<\/td><td class=\"column-3\">15X9X4 <\/td><td class=\"column-4\">20X20X3<\/td><td class=\"column-5\">25X25X3<\/td><td class=\"column-6\">30X30X3<\/td><td class=\"column-7\">40X40X4<\/td><td class=\"column-8\">50X50X3<\/td>\n<\/tr>\n<tr class=\"row-3\">\n\t<td class=\"column-1\"><\/td><td class=\"column-2\"><\/td><td class=\"column-3\">15X15X2<\/td><td class=\"column-4\">20X6X3<\/td><td class=\"column-5\">25X25X4<\/td><td class=\"column-6\"><\/td><td class=\"column-7\">40X40X20<\/td><td class=\"column-8\"><\/td>\n<\/tr>\n<tr class=\"row-4\">\n\t<td class=\"column-1\"><\/td><td class=\"column-2\">12X12X3<\/td><td class=\"column-3\">15X12X2<\/td><td class=\"column-4\"><\/td><td class=\"column-5\">25X15X5<\/td><td class=\"column-6\">35x35x3<\/td><td class=\"column-7\"><\/td><td class=\"column-8\"><\/td>\n<\/tr>\n<\/tbody>\n<\/table>\n\n<\/div><!-- #tablepress-12 from cache -->\n<p><em><strong>*Weitere metrische Gr\u00f6\u00dfen von T-Profilen aus Messing auf Anfrage.<br \/>\n<\/strong><\/em><\/p>\n<h4>STANDARD IMPERIALES T-PROFIL MESSING B X H XT (Zoll)<\/h4>\n<div id=\"tablepress-13-scroll-wrapper\" class=\"tablepress-scroll-wrapper\">\n\n<table id=\"tablepress-13\" class=\"tablepress tablepress-id-13 tablepress-responsive\">\n<tbody class=\"row-striping row-hover\">\n<tr class=\"row-1\">\n\t<td class=\"column-1\">1\/2\" X 1\/2\" X 1\/16\"<br \/>\n<br \/>\n<\/td><td class=\"column-2\">1\/2\"X1\/2\"X1\/8\"<\/td><td class=\"column-3\">3\/4\" X 3\/4\" X 3\/16\"<\/td><td class=\"column-4\">1.1\/2\" X 1.1\/2\" X 1\/4\u201d<\/td>\n<\/tr>\n<tr class=\"row-2\">\n\t<td class=\"column-1\">3\/4\" X 3\/4\" X 1\/16\"<\/td><td class=\"column-2\">5\/8\" X 5\/8\" X 1\/8\"<\/td><td class=\"column-3\">5\/8\" X 5\/8\" X 1\/16\"<\/td><td class=\"column-4\"><\/td>\n<\/tr>\n<tr class=\"row-3\">\n\t<td class=\"column-1\"><\/td><td class=\"column-2\">3\/4\" X 3\/4\" X 1\/8\"<\/td><td class=\"column-3\"><\/td><td class=\"column-4\"><\/td>\n<\/tr>\n<tr class=\"row-4\">\n\t<td class=\"column-1\"><\/td><td class=\"column-2\">1.1\/2\" X 1.1\/2\" X 1\/8\"<br \/>\n<br \/>\n<\/td><td class=\"column-3\"><\/td><td class=\"column-4\"><\/td>\n<\/tr>\n<tr class=\"row-5\">\n\t<td class=\"column-1\"><\/td><td class=\"column-2\">1\" X 1\" X 1\/8\"<br \/>\n<br \/>\n<\/td><td class=\"column-3\"><\/td><td class=\"column-4\"><\/td>\n<\/tr>\n<\/tbody>\n<\/table>\n\n<\/div><!-- #tablepress-13 from cache -->\n<p><em><strong>*Weitere imperiale Gr\u00f6\u00dfen von T-Profilen aus Messing auf Anfrage.<\/strong><\/em><\/p>\n<p>&nbsp;<\/p>\n","protected":false},"excerpt":{"rendered":"<p>Filto Profiles produziert T-Profile oder T-Profile aus Messing, die typischerweise f\u00fcr dekorative Zwecke verwendet werden. Wir liefern T-Profile mit metrischer und imperialer Abmessung in einer breiten Palette von Ausf\u00fchrungen und Gr\u00f6\u00dfen zu wettbewerbsf\u00e4higen Preisen und von hoher Qualit\u00e4t.<\/p>\n<p>Schnitt auf angeforderte L\u00e4ngen bis zu 6 Meter.<\/p>\n<p>Unsere erfahrenen Ingenieure helfen Ihnen gerne bei der Entscheidung, welche Gr\u00f6\u00dfe, Legierung und L\u00e4nge unserer T-Profile aus Messing Ihren Anforderungen am besten entsprechen.<\/p>\n<p>Nachfolgend finden Sie die aktualisierte Liste unserer gleichschenkligen und ungleichschenkligen T-Profile und T-Profile aus Messing mit metrischer und imperialer Abmessung.<\/p>\n","protected":false},"featured_media":1663,"template":"","meta":[],"product_cat":[69],"product_tag":[],"class_list":["post-2503","product","type-product","status-publish","has-post-thumbnail","hentry","product_cat-abschnitte"],"yoast_head":"<!-- This site is optimized with the Yoast SEO Premium plugin v27.1 (Yoast SEO v27.1.1) - https:\/\/yoast.com\/product\/yoast-seo-premium-wordpress\/ -->\n<title>T-Profile - Filto Profiles<\/title>\n<meta name=\"robots\" content=\"index, follow, max-snippet:-1, max-image-preview:large, max-video-preview:-1\" \/>\n<link rel=\"canonical\" href=\"https:\/\/www.filtoprofiles.com\/de\/produkt\/t-profile\/\" \/>\n<meta property=\"og:locale\" content=\"de_DE\" \/>\n<meta property=\"og:type\" content=\"article\" \/>\n<meta property=\"og:title\" content=\"T-Profile\" \/>\n<meta property=\"og:description\" content=\"Filto Profiles produziert T-Profile oder T-Profile aus Messing, die typischerweise f\u00fcr dekorative Zwecke verwendet werden. Wir liefern T-Profile mit metrischer und imperialer Abmessung in einer breiten Palette von Ausf\u00fchrungen und Gr\u00f6\u00dfen zu wettbewerbsf\u00e4higen Preisen und von hoher Qualit\u00e4t.  Schnitt auf angeforderte L\u00e4ngen bis zu 6 Meter.  Unsere erfahrenen Ingenieure helfen Ihnen gerne bei der Entscheidung, welche Gr\u00f6\u00dfe, Legierung und L\u00e4nge unserer T-Profile aus Messing Ihren Anforderungen am besten entsprechen.  Nachfolgend finden Sie die aktualisierte Liste unserer gleichschenkligen und ungleichschenkligen T-Profile und T-Profile aus Messing mit metrischer und imperialer Abmessung.\" \/>\n<meta property=\"og:url\" content=\"https:\/\/www.filtoprofiles.com\/de\/produkt\/t-profile\/\" \/>\n<meta property=\"og:site_name\" content=\"Filto Profiles\" \/>\n<meta property=\"article:publisher\" content=\"https:\/\/www.facebook.com\/filtoprofiles\" \/>\n<meta property=\"og:image\" content=\"https:\/\/www.filtoprofiles.com\/wp-content\/uploads\/2022\/04\/STANDProfiles054-1-scaled.jpg\" \/>\n\t<meta property=\"og:image:width\" content=\"1707\" \/>\n\t<meta property=\"og:image:height\" content=\"2560\" \/>\n\t<meta property=\"og:image:type\" content=\"image\/jpeg\" \/>\n<meta name=\"twitter:card\" content=\"summary_large_image\" \/>\n<script type=\"application\/ld+json\" class=\"yoast-schema-graph\">{\"@context\":\"https:\/\/schema.org\",\"@graph\":[{\"@type\":\"WebPage\",\"@id\":\"https:\/\/www.filtoprofiles.com\/de\/produkt\/t-profile\/\",\"url\":\"https:\/\/www.filtoprofiles.com\/de\/produkt\/t-profile\/\",\"name\":\"T-Profile - Filto Profiles\",\"isPartOf\":{\"@id\":\"https:\/\/www.filtoprofiles.com\/#website\"},\"primaryImageOfPage\":{\"@id\":\"https:\/\/www.filtoprofiles.com\/de\/produkt\/t-profile\/#primaryimage\"},\"image\":{\"@id\":\"https:\/\/www.filtoprofiles.com\/de\/produkt\/t-profile\/#primaryimage\"},\"thumbnailUrl\":\"https:\/\/www.filtoprofiles.com\/wp-content\/uploads\/2022\/04\/STANDProfiles054-1-scaled.jpg\",\"datePublished\":\"2022-05-19T12:22:29+00:00\",\"breadcrumb\":{\"@id\":\"https:\/\/www.filtoprofiles.com\/de\/produkt\/t-profile\/#breadcrumb\"},\"inLanguage\":\"de\",\"potentialAction\":[{\"@type\":\"ReadAction\",\"target\":[\"https:\/\/www.filtoprofiles.com\/de\/produkt\/t-profile\/\"]}]},{\"@type\":\"ImageObject\",\"inLanguage\":\"de\",\"@id\":\"https:\/\/www.filtoprofiles.com\/de\/produkt\/t-profile\/#primaryimage\",\"url\":\"https:\/\/www.filtoprofiles.com\/wp-content\/uploads\/2022\/04\/STANDProfiles054-1-scaled.jpg\",\"contentUrl\":\"https:\/\/www.filtoprofiles.com\/wp-content\/uploads\/2022\/04\/STANDProfiles054-1-scaled.jpg\",\"width\":1707,\"height\":2560,\"caption\":\"Filto Profiles T brass profile\"},{\"@type\":\"BreadcrumbList\",\"@id\":\"https:\/\/www.filtoprofiles.com\/de\/produkt\/t-profile\/#breadcrumb\",\"itemListElement\":[{\"@type\":\"ListItem\",\"position\":1,\"name\":\"Home\",\"item\":\"https:\/\/www.filtoprofiles.com\/ca\/\"},{\"@type\":\"ListItem\",\"position\":2,\"name\":\"Shop\",\"item\":\"https:\/\/www.filtoprofiles.com\/de\/shop-2\/\"},{\"@type\":\"ListItem\",\"position\":3,\"name\":\"T-Profile\"}]},{\"@type\":\"WebSite\",\"@id\":\"https:\/\/www.filtoprofiles.com\/#website\",\"url\":\"https:\/\/www.filtoprofiles.com\/\",\"name\":\"Filto Profiles\",\"description\":\"Brass Profiles Producer\",\"publisher\":{\"@id\":\"https:\/\/www.filtoprofiles.com\/#organization\"},\"alternateName\":\"Filto\",\"potentialAction\":[{\"@type\":\"SearchAction\",\"target\":{\"@type\":\"EntryPoint\",\"urlTemplate\":\"https:\/\/www.filtoprofiles.com\/?s={search_term_string}\"},\"query-input\":{\"@type\":\"PropertyValueSpecification\",\"valueRequired\":true,\"valueName\":\"search_term_string\"}}],\"inLanguage\":\"de\"},{\"@type\":\"Organization\",\"@id\":\"https:\/\/www.filtoprofiles.com\/#organization\",\"name\":\"Filto Profiles\",\"alternateName\":\"Filto\",\"url\":\"https:\/\/www.filtoprofiles.com\/\",\"logo\":{\"@type\":\"ImageObject\",\"inLanguage\":\"de\",\"@id\":\"https:\/\/www.filtoprofiles.com\/#\/schema\/logo\/image\/\",\"url\":\"https:\/\/www.filtoprofiles.com\/wp-content\/uploads\/2023\/04\/filto-logo.jpg\",\"contentUrl\":\"https:\/\/www.filtoprofiles.com\/wp-content\/uploads\/2023\/04\/filto-logo.jpg\",\"width\":420,\"height\":420,\"caption\":\"Filto Profiles\"},\"image\":{\"@id\":\"https:\/\/www.filtoprofiles.com\/#\/schema\/logo\/image\/\"},\"sameAs\":[\"https:\/\/www.facebook.com\/filtoprofiles\",\"https:\/\/www.linkedin.com\/company\/3302369\"]}]}<\/script>\n<!-- \/ Yoast SEO Premium plugin. -->","yoast_head_json":{"title":"T-Profile - Filto Profiles","robots":{"index":"index","follow":"follow","max-snippet":"max-snippet:-1","max-image-preview":"max-image-preview:large","max-video-preview":"max-video-preview:-1"},"canonical":"https:\/\/www.filtoprofiles.com\/de\/produkt\/t-profile\/","og_locale":"de_DE","og_type":"article","og_title":"T-Profile","og_description":"Filto Profiles produziert T-Profile oder T-Profile aus Messing, die typischerweise f\u00fcr dekorative Zwecke verwendet werden. Wir liefern T-Profile mit metrischer und imperialer Abmessung in einer breiten Palette von Ausf\u00fchrungen und Gr\u00f6\u00dfen zu wettbewerbsf\u00e4higen Preisen und von hoher Qualit\u00e4t.  Schnitt auf angeforderte L\u00e4ngen bis zu 6 Meter.  Unsere erfahrenen Ingenieure helfen Ihnen gerne bei der Entscheidung, welche Gr\u00f6\u00dfe, Legierung und L\u00e4nge unserer T-Profile aus Messing Ihren Anforderungen am besten entsprechen.  Nachfolgend finden Sie die aktualisierte Liste unserer gleichschenkligen und ungleichschenkligen T-Profile und T-Profile aus Messing mit metrischer und imperialer Abmessung.","og_url":"https:\/\/www.filtoprofiles.com\/de\/produkt\/t-profile\/","og_site_name":"Filto Profiles","article_publisher":"https:\/\/www.facebook.com\/filtoprofiles","og_image":[{"width":1707,"height":2560,"url":"https:\/\/www.filtoprofiles.com\/wp-content\/uploads\/2022\/04\/STANDProfiles054-1-scaled.jpg","type":"image\/jpeg"}],"twitter_card":"summary_large_image","schema":{"@context":"https:\/\/schema.org","@graph":[{"@type":"WebPage","@id":"https:\/\/www.filtoprofiles.com\/de\/produkt\/t-profile\/","url":"https:\/\/www.filtoprofiles.com\/de\/produkt\/t-profile\/","name":"T-Profile - Filto Profiles","isPartOf":{"@id":"https:\/\/www.filtoprofiles.com\/#website"},"primaryImageOfPage":{"@id":"https:\/\/www.filtoprofiles.com\/de\/produkt\/t-profile\/#primaryimage"},"image":{"@id":"https:\/\/www.filtoprofiles.com\/de\/produkt\/t-profile\/#primaryimage"},"thumbnailUrl":"https:\/\/www.filtoprofiles.com\/wp-content\/uploads\/2022\/04\/STANDProfiles054-1-scaled.jpg","datePublished":"2022-05-19T12:22:29+00:00","breadcrumb":{"@id":"https:\/\/www.filtoprofiles.com\/de\/produkt\/t-profile\/#breadcrumb"},"inLanguage":"de","potentialAction":[{"@type":"ReadAction","target":["https:\/\/www.filtoprofiles.com\/de\/produkt\/t-profile\/"]}]},{"@type":"ImageObject","inLanguage":"de","@id":"https:\/\/www.filtoprofiles.com\/de\/produkt\/t-profile\/#primaryimage","url":"https:\/\/www.filtoprofiles.com\/wp-content\/uploads\/2022\/04\/STANDProfiles054-1-scaled.jpg","contentUrl":"https:\/\/www.filtoprofiles.com\/wp-content\/uploads\/2022\/04\/STANDProfiles054-1-scaled.jpg","width":1707,"height":2560,"caption":"Filto Profiles T brass profile"},{"@type":"BreadcrumbList","@id":"https:\/\/www.filtoprofiles.com\/de\/produkt\/t-profile\/#breadcrumb","itemListElement":[{"@type":"ListItem","position":1,"name":"Home","item":"https:\/\/www.filtoprofiles.com\/ca\/"},{"@type":"ListItem","position":2,"name":"Shop","item":"https:\/\/www.filtoprofiles.com\/de\/shop-2\/"},{"@type":"ListItem","position":3,"name":"T-Profile"}]},{"@type":"WebSite","@id":"https:\/\/www.filtoprofiles.com\/#website","url":"https:\/\/www.filtoprofiles.com\/","name":"Filto Profiles","description":"Brass Profiles Producer","publisher":{"@id":"https:\/\/www.filtoprofiles.com\/#organization"},"alternateName":"Filto","potentialAction":[{"@type":"SearchAction","target":{"@type":"EntryPoint","urlTemplate":"https:\/\/www.filtoprofiles.com\/?s={search_term_string}"},"query-input":{"@type":"PropertyValueSpecification","valueRequired":true,"valueName":"search_term_string"}}],"inLanguage":"de"},{"@type":"Organization","@id":"https:\/\/www.filtoprofiles.com\/#organization","name":"Filto Profiles","alternateName":"Filto","url":"https:\/\/www.filtoprofiles.com\/","logo":{"@type":"ImageObject","inLanguage":"de","@id":"https:\/\/www.filtoprofiles.com\/#\/schema\/logo\/image\/","url":"https:\/\/www.filtoprofiles.com\/wp-content\/uploads\/2023\/04\/filto-logo.jpg","contentUrl":"https:\/\/www.filtoprofiles.com\/wp-content\/uploads\/2023\/04\/filto-logo.jpg","width":420,"height":420,"caption":"Filto Profiles"},"image":{"@id":"https:\/\/www.filtoprofiles.com\/#\/schema\/logo\/image\/"},"sameAs":["https:\/\/www.facebook.com\/filtoprofiles","https:\/\/www.linkedin.com\/company\/3302369"]}]}},"_links":{"self":[{"href":"https:\/\/www.filtoprofiles.com\/de\/wp-json\/wp\/v2\/product\/2503","targetHints":{"allow":["GET"]}}],"collection":[{"href":"https:\/\/www.filtoprofiles.com\/de\/wp-json\/wp\/v2\/product"}],"about":[{"href":"https:\/\/www.filtoprofiles.com\/de\/wp-json\/wp\/v2\/types\/product"}],"wp:featuredmedia":[{"embeddable":true,"href":"https:\/\/www.filtoprofiles.com\/de\/wp-json\/wp\/v2\/media\/1663"}],"wp:attachment":[{"href":"https:\/\/www.filtoprofiles.com\/de\/wp-json\/wp\/v2\/media?parent=2503"}],"wp:term":[{"taxonomy":"product_cat","embeddable":true,"href":"https:\/\/www.filtoprofiles.com\/de\/wp-json\/wp\/v2\/product_cat?post=2503"},{"taxonomy":"product_tag","embeddable":true,"href":"https:\/\/www.filtoprofiles.com\/de\/wp-json\/wp\/v2\/product_tag?post=2503"}],"curies":[{"name":"wp","href":"https:\/\/api.w.org\/{rel}","templated":true}]}}