{"id":2502,"date":"2022-05-19T12:14:19","date_gmt":"2022-05-19T12:14:19","guid":{"rendered":"https:\/\/www.filtoprofiles.com\/product\/rundstabe\/"},"modified":"2023-01-18T20:43:36","modified_gmt":"2023-01-18T20:43:36","slug":"rundstabe","status":"publish","type":"product","link":"https:\/\/www.filtoprofiles.com\/de\/produkt\/rundstabe\/","title":{"rendered":"\ufeffRundst\u00e4be"},"content":{"rendered":"<h4>STANDARD METRISCH MESSING RUND \u00d8 (Millimeter)<\/h4>\n<div id=\"tablepress-10-scroll-wrapper\" class=\"tablepress-scroll-wrapper\">\n\n<table id=\"tablepress-10\" class=\"tablepress tablepress-id-10 tablepress-responsive\">\n<tbody class=\"row-striping row-hover\">\n<tr class=\"row-1\">\n\t<td class=\"column-1\">\u00d8 4<br \/>\n<br \/>\n<\/td><td class=\"column-2\">\u00d8 5.3<\/td><td class=\"column-3\">\u00d8 6<\/td><td class=\"column-4\">\u00d8 8<\/td><td class=\"column-5\">\u00d8 10<\/td><td class=\"column-6\">\u00d8 16<\/td><td class=\"column-7\">\u00d8 19.6<\/td><td class=\"column-8\">\u00d820.32<\/td><td class=\"column-9\">\u00d8 28<\/td>\n<\/tr>\n<tr class=\"row-2\">\n\t<td class=\"column-1\">\u00d8 5<\/td><td class=\"column-2\">\u00d8 5.5<\/td><td class=\"column-3\">\u00d8 7<\/td><td class=\"column-4\">\u00d8 9<\/td><td class=\"column-5\">\u00d8 12<\/td><td class=\"column-6\">\u00d8 17<\/td><td class=\"column-7\">\u00d8 20<\/td><td class=\"column-8\">\u00d8 24<\/td><td class=\"column-9\">\u00d8 30<\/td>\n<\/tr>\n<\/tbody>\n<\/table>\n\n<\/div><!-- #tablepress-10 from cache -->\n<h4>STANDARD IMPERIAL MESSING RUND \u00d8 (Zoll)<\/h4>\n<div id=\"tablepress-11-scroll-wrapper\" class=\"tablepress-scroll-wrapper\">\n\n<table id=\"tablepress-11\" class=\"tablepress tablepress-id-11 tablepress-responsive\">\n<tbody class=\"row-striping row-hover\">\n<tr class=\"row-1\">\n\t<td class=\"column-1\">\u00d8 1\/8\u201d<br \/>\n<br \/>\n<\/td><td class=\"column-2\"><\/td><td class=\"column-3\"><\/td><td class=\"column-4\"><\/td><td class=\"column-5\"><\/td><td class=\"column-6\"><\/td><td class=\"column-7\"><\/td><td class=\"column-8\"><\/td><td class=\"column-9\"><\/td>\n<\/tr>\n<\/tbody>\n<\/table>\n\n<\/div><!-- #tablepress-11 from cache -->\n<p><em><strong>*Weitere metrische &amp; imperiale Gr\u00f6\u00dfen in runder Ausf\u00fchrung aus Messing auf Anfrage.<\/strong><\/em><\/p>\n<p>&nbsp;<\/p>\n","protected":false},"excerpt":{"rendered":"<p>Filto Profiles produziert runde Messingprofile, die typischerweise f\u00fcr dekorative Zwecke verwendet werden. Wir liefern runde Messingprofile mit metrischer und imperialer Abmessung in einer breiten Palette von Ausf\u00fchrungen und Gr\u00f6\u00dfen zu wettbewerbsf\u00e4higen Preisen und von hoher Qualit\u00e4t.<\/p>\n<p>Schnitt auf angeforderte L\u00e4ngen bis zu 6 Meter.<\/p>\n<p>Unsere erfahrenen Ingenieure helfen Ihnen gerne bei der Entscheidung, welche Gr\u00f6\u00dfe, Legierung und L\u00e4nge unserer runden Profile aus Messing Ihren Anforderungen am besten entsprechen.<\/p>\n<p>Nachfolgend finden Sie die aktualisierte Liste unserer runden Messingprofile mit metrischer und imperialer Abmessung.<\/p>\n","protected":false},"featured_media":1655,"template":"","meta":[],"product_cat":[69],"product_tag":[],"class_list":["post-2502","product","type-product","status-publish","has-post-thumbnail","hentry","product_cat-abschnitte"],"yoast_head":"<!-- This site is optimized with the Yoast SEO Premium plugin v27.1 (Yoast SEO v27.1.1) - https:\/\/yoast.com\/product\/yoast-seo-premium-wordpress\/ -->\n<title>\ufeffRundst\u00e4be - Filto Profiles<\/title>\n<meta name=\"robots\" content=\"index, follow, max-snippet:-1, max-image-preview:large, max-video-preview:-1\" \/>\n<link rel=\"canonical\" href=\"https:\/\/www.filtoprofiles.com\/de\/produkt\/rundstabe\/\" \/>\n<meta property=\"og:locale\" content=\"de_DE\" \/>\n<meta property=\"og:type\" content=\"article\" \/>\n<meta property=\"og:title\" content=\"\ufeffRundst\u00e4be\" \/>\n<meta property=\"og:description\" content=\"Filto Profiles produziert runde Messingprofile, die typischerweise f\u00fcr dekorative Zwecke verwendet werden. Wir liefern runde Messingprofile mit metrischer und imperialer Abmessung in einer breiten Palette von Ausf\u00fchrungen und Gr\u00f6\u00dfen zu wettbewerbsf\u00e4higen Preisen und von hoher Qualit\u00e4t.  Schnitt auf angeforderte L\u00e4ngen bis zu 6 Meter.  Unsere erfahrenen Ingenieure helfen Ihnen gerne bei der Entscheidung, welche Gr\u00f6\u00dfe, Legierung und L\u00e4nge unserer runden Profile aus Messing Ihren Anforderungen am besten entsprechen.  Nachfolgend finden Sie die aktualisierte Liste unserer runden Messingprofile mit metrischer und imperialer Abmessung.\" \/>\n<meta property=\"og:url\" content=\"https:\/\/www.filtoprofiles.com\/de\/produkt\/rundstabe\/\" \/>\n<meta property=\"og:site_name\" content=\"Filto Profiles\" \/>\n<meta property=\"article:publisher\" content=\"https:\/\/www.facebook.com\/filtoprofiles\" \/>\n<meta property=\"article:modified_time\" content=\"2023-01-18T20:43:36+00:00\" \/>\n<meta property=\"og:image\" content=\"https:\/\/www.filtoprofiles.com\/wp-content\/uploads\/2022\/04\/foto13b.jpg\" \/>\n\t<meta property=\"og:image:width\" content=\"1704\" \/>\n\t<meta property=\"og:image:height\" content=\"1624\" \/>\n\t<meta property=\"og:image:type\" content=\"image\/jpeg\" \/>\n<meta name=\"twitter:card\" content=\"summary_large_image\" \/>\n<script type=\"application\/ld+json\" class=\"yoast-schema-graph\">{\"@context\":\"https:\/\/schema.org\",\"@graph\":[{\"@type\":\"WebPage\",\"@id\":\"https:\/\/www.filtoprofiles.com\/de\/produkt\/rundstabe\/\",\"url\":\"https:\/\/www.filtoprofiles.com\/de\/produkt\/rundstabe\/\",\"name\":\"\ufeffRundst\u00e4be - Filto Profiles\",\"isPartOf\":{\"@id\":\"https:\/\/www.filtoprofiles.com\/#website\"},\"primaryImageOfPage\":{\"@id\":\"https:\/\/www.filtoprofiles.com\/de\/produkt\/rundstabe\/#primaryimage\"},\"image\":{\"@id\":\"https:\/\/www.filtoprofiles.com\/de\/produkt\/rundstabe\/#primaryimage\"},\"thumbnailUrl\":\"https:\/\/www.filtoprofiles.com\/wp-content\/uploads\/2022\/04\/foto13b.jpg\",\"datePublished\":\"2022-05-19T12:14:19+00:00\",\"dateModified\":\"2023-01-18T20:43:36+00:00\",\"breadcrumb\":{\"@id\":\"https:\/\/www.filtoprofiles.com\/de\/produkt\/rundstabe\/#breadcrumb\"},\"inLanguage\":\"de\",\"potentialAction\":[{\"@type\":\"ReadAction\",\"target\":[\"https:\/\/www.filtoprofiles.com\/de\/produkt\/rundstabe\/\"]}]},{\"@type\":\"ImageObject\",\"inLanguage\":\"de\",\"@id\":\"https:\/\/www.filtoprofiles.com\/de\/produkt\/rundstabe\/#primaryimage\",\"url\":\"https:\/\/www.filtoprofiles.com\/wp-content\/uploads\/2022\/04\/foto13b.jpg\",\"contentUrl\":\"https:\/\/www.filtoprofiles.com\/wp-content\/uploads\/2022\/04\/foto13b.jpg\",\"width\":1704,\"height\":1624},{\"@type\":\"BreadcrumbList\",\"@id\":\"https:\/\/www.filtoprofiles.com\/de\/produkt\/rundstabe\/#breadcrumb\",\"itemListElement\":[{\"@type\":\"ListItem\",\"position\":1,\"name\":\"Home\",\"item\":\"https:\/\/www.filtoprofiles.com\/ca\/\"},{\"@type\":\"ListItem\",\"position\":2,\"name\":\"Shop\",\"item\":\"https:\/\/www.filtoprofiles.com\/de\/shop-2\/\"},{\"@type\":\"ListItem\",\"position\":3,\"name\":\"\ufeffRundst\u00e4be\"}]},{\"@type\":\"WebSite\",\"@id\":\"https:\/\/www.filtoprofiles.com\/#website\",\"url\":\"https:\/\/www.filtoprofiles.com\/\",\"name\":\"Filto Profiles\",\"description\":\"Brass Profiles Producer\",\"publisher\":{\"@id\":\"https:\/\/www.filtoprofiles.com\/#organization\"},\"alternateName\":\"Filto\",\"potentialAction\":[{\"@type\":\"SearchAction\",\"target\":{\"@type\":\"EntryPoint\",\"urlTemplate\":\"https:\/\/www.filtoprofiles.com\/?s={search_term_string}\"},\"query-input\":{\"@type\":\"PropertyValueSpecification\",\"valueRequired\":true,\"valueName\":\"search_term_string\"}}],\"inLanguage\":\"de\"},{\"@type\":\"Organization\",\"@id\":\"https:\/\/www.filtoprofiles.com\/#organization\",\"name\":\"Filto Profiles\",\"alternateName\":\"Filto\",\"url\":\"https:\/\/www.filtoprofiles.com\/\",\"logo\":{\"@type\":\"ImageObject\",\"inLanguage\":\"de\",\"@id\":\"https:\/\/www.filtoprofiles.com\/#\/schema\/logo\/image\/\",\"url\":\"https:\/\/www.filtoprofiles.com\/wp-content\/uploads\/2023\/04\/filto-logo.jpg\",\"contentUrl\":\"https:\/\/www.filtoprofiles.com\/wp-content\/uploads\/2023\/04\/filto-logo.jpg\",\"width\":420,\"height\":420,\"caption\":\"Filto Profiles\"},\"image\":{\"@id\":\"https:\/\/www.filtoprofiles.com\/#\/schema\/logo\/image\/\"},\"sameAs\":[\"https:\/\/www.facebook.com\/filtoprofiles\",\"https:\/\/www.linkedin.com\/company\/3302369\"]}]}<\/script>\n<!-- \/ Yoast SEO Premium plugin. -->","yoast_head_json":{"title":"\ufeffRundst\u00e4be - Filto Profiles","robots":{"index":"index","follow":"follow","max-snippet":"max-snippet:-1","max-image-preview":"max-image-preview:large","max-video-preview":"max-video-preview:-1"},"canonical":"https:\/\/www.filtoprofiles.com\/de\/produkt\/rundstabe\/","og_locale":"de_DE","og_type":"article","og_title":"\ufeffRundst\u00e4be","og_description":"Filto Profiles produziert runde Messingprofile, die typischerweise f\u00fcr dekorative Zwecke verwendet werden. Wir liefern runde Messingprofile mit metrischer und imperialer Abmessung in einer breiten Palette von Ausf\u00fchrungen und Gr\u00f6\u00dfen zu wettbewerbsf\u00e4higen Preisen und von hoher Qualit\u00e4t.  Schnitt auf angeforderte L\u00e4ngen bis zu 6 Meter.  Unsere erfahrenen Ingenieure helfen Ihnen gerne bei der Entscheidung, welche Gr\u00f6\u00dfe, Legierung und L\u00e4nge unserer runden Profile aus Messing Ihren Anforderungen am besten entsprechen.  Nachfolgend finden Sie die aktualisierte Liste unserer runden Messingprofile mit metrischer und imperialer Abmessung.","og_url":"https:\/\/www.filtoprofiles.com\/de\/produkt\/rundstabe\/","og_site_name":"Filto Profiles","article_publisher":"https:\/\/www.facebook.com\/filtoprofiles","article_modified_time":"2023-01-18T20:43:36+00:00","og_image":[{"width":1704,"height":1624,"url":"https:\/\/www.filtoprofiles.com\/wp-content\/uploads\/2022\/04\/foto13b.jpg","type":"image\/jpeg"}],"twitter_card":"summary_large_image","schema":{"@context":"https:\/\/schema.org","@graph":[{"@type":"WebPage","@id":"https:\/\/www.filtoprofiles.com\/de\/produkt\/rundstabe\/","url":"https:\/\/www.filtoprofiles.com\/de\/produkt\/rundstabe\/","name":"\ufeffRundst\u00e4be - Filto Profiles","isPartOf":{"@id":"https:\/\/www.filtoprofiles.com\/#website"},"primaryImageOfPage":{"@id":"https:\/\/www.filtoprofiles.com\/de\/produkt\/rundstabe\/#primaryimage"},"image":{"@id":"https:\/\/www.filtoprofiles.com\/de\/produkt\/rundstabe\/#primaryimage"},"thumbnailUrl":"https:\/\/www.filtoprofiles.com\/wp-content\/uploads\/2022\/04\/foto13b.jpg","datePublished":"2022-05-19T12:14:19+00:00","dateModified":"2023-01-18T20:43:36+00:00","breadcrumb":{"@id":"https:\/\/www.filtoprofiles.com\/de\/produkt\/rundstabe\/#breadcrumb"},"inLanguage":"de","potentialAction":[{"@type":"ReadAction","target":["https:\/\/www.filtoprofiles.com\/de\/produkt\/rundstabe\/"]}]},{"@type":"ImageObject","inLanguage":"de","@id":"https:\/\/www.filtoprofiles.com\/de\/produkt\/rundstabe\/#primaryimage","url":"https:\/\/www.filtoprofiles.com\/wp-content\/uploads\/2022\/04\/foto13b.jpg","contentUrl":"https:\/\/www.filtoprofiles.com\/wp-content\/uploads\/2022\/04\/foto13b.jpg","width":1704,"height":1624},{"@type":"BreadcrumbList","@id":"https:\/\/www.filtoprofiles.com\/de\/produkt\/rundstabe\/#breadcrumb","itemListElement":[{"@type":"ListItem","position":1,"name":"Home","item":"https:\/\/www.filtoprofiles.com\/ca\/"},{"@type":"ListItem","position":2,"name":"Shop","item":"https:\/\/www.filtoprofiles.com\/de\/shop-2\/"},{"@type":"ListItem","position":3,"name":"\ufeffRundst\u00e4be"}]},{"@type":"WebSite","@id":"https:\/\/www.filtoprofiles.com\/#website","url":"https:\/\/www.filtoprofiles.com\/","name":"Filto Profiles","description":"Brass Profiles Producer","publisher":{"@id":"https:\/\/www.filtoprofiles.com\/#organization"},"alternateName":"Filto","potentialAction":[{"@type":"SearchAction","target":{"@type":"EntryPoint","urlTemplate":"https:\/\/www.filtoprofiles.com\/?s={search_term_string}"},"query-input":{"@type":"PropertyValueSpecification","valueRequired":true,"valueName":"search_term_string"}}],"inLanguage":"de"},{"@type":"Organization","@id":"https:\/\/www.filtoprofiles.com\/#organization","name":"Filto Profiles","alternateName":"Filto","url":"https:\/\/www.filtoprofiles.com\/","logo":{"@type":"ImageObject","inLanguage":"de","@id":"https:\/\/www.filtoprofiles.com\/#\/schema\/logo\/image\/","url":"https:\/\/www.filtoprofiles.com\/wp-content\/uploads\/2023\/04\/filto-logo.jpg","contentUrl":"https:\/\/www.filtoprofiles.com\/wp-content\/uploads\/2023\/04\/filto-logo.jpg","width":420,"height":420,"caption":"Filto Profiles"},"image":{"@id":"https:\/\/www.filtoprofiles.com\/#\/schema\/logo\/image\/"},"sameAs":["https:\/\/www.facebook.com\/filtoprofiles","https:\/\/www.linkedin.com\/company\/3302369"]}]}},"_links":{"self":[{"href":"https:\/\/www.filtoprofiles.com\/de\/wp-json\/wp\/v2\/product\/2502","targetHints":{"allow":["GET"]}}],"collection":[{"href":"https:\/\/www.filtoprofiles.com\/de\/wp-json\/wp\/v2\/product"}],"about":[{"href":"https:\/\/www.filtoprofiles.com\/de\/wp-json\/wp\/v2\/types\/product"}],"wp:featuredmedia":[{"embeddable":true,"href":"https:\/\/www.filtoprofiles.com\/de\/wp-json\/wp\/v2\/media\/1655"}],"wp:attachment":[{"href":"https:\/\/www.filtoprofiles.com\/de\/wp-json\/wp\/v2\/media?parent=2502"}],"wp:term":[{"taxonomy":"product_cat","embeddable":true,"href":"https:\/\/www.filtoprofiles.com\/de\/wp-json\/wp\/v2\/product_cat?post=2502"},{"taxonomy":"product_tag","embeddable":true,"href":"https:\/\/www.filtoprofiles.com\/de\/wp-json\/wp\/v2\/product_tag?post=2502"}],"curies":[{"name":"wp","href":"https:\/\/api.w.org\/{rel}","templated":true}]}}