{"id":3634,"date":"2023-01-16T20:44:48","date_gmt":"2023-01-16T20:44:48","guid":{"rendered":"https:\/\/www.filtoprofiles.com\/politica-de-privacidad\/"},"modified":"2023-03-31T09:12:22","modified_gmt":"2023-03-31T09:12:22","slug":"politica-de-privacidad","status":"publish","type":"page","link":"https:\/\/www.filtoprofiles.com\/de\/politica-de-privacidad\/","title":{"rendered":"Pol\u00edtica de privacidad"},"content":{"rendered":"\t\t<div data-elementor-type=\"wp-page\" data-elementor-id=\"3634\" class=\"elementor elementor-3634 elementor-3607\">\n\t\t\t\t\t\t\t\t\t<section class=\"elementor-section elementor-top-section elementor-element elementor-element-290e890 elementor-section-boxed elementor-section-height-default elementor-section-height-default\" data-id=\"290e890\" data-element_type=\"section\" data-settings=\"{&quot;background_background&quot;:&quot;classic&quot;}\">\n\t\t\t\t\t\t\t<div class=\"elementor-background-overlay\"><\/div>\n\t\t\t\t\t\t\t<div class=\"elementor-container elementor-column-gap-default\">\n\t\t\t\t\t<div class=\"elementor-column elementor-col-100 elementor-top-column elementor-element elementor-element-601fda0\" data-id=\"601fda0\" data-element_type=\"column\">\n\t\t\t<div class=\"elementor-widget-wrap elementor-element-populated\">\n\t\t\t\t\t\t\t\t<div class=\"elementor-element elementor-element-c7ca651 elementor-invisible elementor-widget elementor-widget-heading\" data-id=\"c7ca651\" data-element_type=\"widget\" data-settings=\"{&quot;_animation&quot;:&quot;fadeInUp&quot;,&quot;_animation_delay&quot;:&quot;550&quot;}\" data-widget_type=\"heading.default\">\n\t\t\t\t<div class=\"elementor-widget-container\">\n\t\t\t<style>\/*! elementor - v3.15.0 - 20-08-2023 *\/\n.elementor-heading-title{padding:0;margin:0;line-height:1}.elementor-widget-heading .elementor-heading-title[class*=elementor-size-]>a{color:inherit;font-size:inherit;line-height:inherit}.elementor-widget-heading .elementor-heading-title.elementor-size-small{font-size:15px}.elementor-widget-heading .elementor-heading-title.elementor-size-medium{font-size:19px}.elementor-widget-heading .elementor-heading-title.elementor-size-large{font-size:29px}.elementor-widget-heading .elementor-heading-title.elementor-size-xl{font-size:39px}.elementor-widget-heading .elementor-heading-title.elementor-size-xxl{font-size:59px}<\/style><h2 class=\"elementor-heading-title elementor-size-default\">Datenschutz-Bestimmungen<\/h2>\t\t<\/div>\n\t\t\t\t<\/div>\n\t\t\t\t\t<\/div>\n\t\t<\/div>\n\t\t\t\t\t\t\t<\/div>\n\t\t<\/section>\n\t\t\t\t<section class=\"elementor-section elementor-top-section elementor-element elementor-element-d40818e elementor-section-boxed elementor-section-height-default elementor-section-height-default\" data-id=\"d40818e\" data-element_type=\"section\">\n\t\t\t\t\t\t<div class=\"elementor-container elementor-column-gap-default\">\n\t\t\t\t\t<div class=\"elementor-column elementor-col-100 elementor-top-column elementor-element elementor-element-4601abe\" data-id=\"4601abe\" data-element_type=\"column\">\n\t\t\t<div class=\"elementor-widget-wrap elementor-element-populated\">\n\t\t\t\t\t\t\t\t<div class=\"elementor-element elementor-element-918da5e elementor-widget elementor-widget-spacer\" data-id=\"918da5e\" data-element_type=\"widget\" data-widget_type=\"spacer.default\">\n\t\t\t\t<div class=\"elementor-widget-container\">\n\t\t\t<style>\/*! elementor - v3.15.0 - 20-08-2023 *\/\n.elementor-column .elementor-spacer-inner{height:var(--spacer-size)}.e-con{--container-widget-width:100%}.e-con-inner>.elementor-widget-spacer,.e-con>.elementor-widget-spacer{width:var(--container-widget-width,var(--spacer-size));--align-self:var(--container-widget-align-self,initial);--flex-shrink:0}.e-con-inner>.elementor-widget-spacer>.elementor-widget-container,.e-con-inner>.elementor-widget-spacer>.elementor-widget-container>.elementor-spacer,.e-con>.elementor-widget-spacer>.elementor-widget-container,.e-con>.elementor-widget-spacer>.elementor-widget-container>.elementor-spacer{height:100%}.e-con-inner>.elementor-widget-spacer>.elementor-widget-container>.elementor-spacer>.elementor-spacer-inner,.e-con>.elementor-widget-spacer>.elementor-widget-container>.elementor-spacer>.elementor-spacer-inner{height:var(--container-widget-height,var(--spacer-size))}<\/style>\t\t<div class=\"elementor-spacer\">\n\t\t\t<div class=\"elementor-spacer-inner\"><\/div>\n\t\t<\/div>\n\t\t\t\t<\/div>\n\t\t\t\t<\/div>\n\t\t\t\t<div class=\"elementor-element elementor-element-711667e elementor-widget elementor-widget-text-editor\" data-id=\"711667e\" data-element_type=\"widget\" data-widget_type=\"text-editor.default\">\n\t\t\t\t<div class=\"elementor-widget-container\">\n\t\t\t<style>\/*! elementor - v3.15.0 - 20-08-2023 *\/\n.elementor-widget-text-editor.elementor-drop-cap-view-stacked .elementor-drop-cap{background-color:#69727d;color:#fff}.elementor-widget-text-editor.elementor-drop-cap-view-framed .elementor-drop-cap{color:#69727d;border:3px solid;background-color:transparent}.elementor-widget-text-editor:not(.elementor-drop-cap-view-default) .elementor-drop-cap{margin-top:8px}.elementor-widget-text-editor:not(.elementor-drop-cap-view-default) .elementor-drop-cap-letter{width:1em;height:1em}.elementor-widget-text-editor .elementor-drop-cap{float:left;text-align:center;line-height:1;font-size:50px}.elementor-widget-text-editor .elementor-drop-cap-letter{display:inline-block}<\/style>\t\t\t\t<p><span style=\"color: #000000;\"><strong>1.<\/strong> <strong>Informationen f\u00fcr den Benutzer<\/strong><\/span><\/p>\n<p><span style=\"color: #000000;\"><strong>Filto Profiles&nbsp;<\/strong>als Datenverantwortlicher informiert Sie dar\u00fcber, dass gem\u00e4\u00df den Bestimmungen der Verordnung (EU) 2016\/679 vom 27. April (RGPD) und LO 3\/2018 vom 5. Dezember zum Datenschutz und zur Gew\u00e4hrleistung digitaler Rechte ( LOPDGDD), behandeln wir Ihre Daten gem\u00e4\u00df dieser Datenschutzrichtlinie.<\/span><\/p>\n<p><span style=\"color: #000000;\">In dieser Datenschutzrichtlinie beschreiben wir, wie wir Ihre personenbezogenen Daten erheben und warum wir sie erheben, was wir damit tun, mit wem wir sie teilen, wie wir sie sch\u00fctzen und Ihre Wahlm\u00f6glichkeiten bez\u00fcglich der Verarbeitung Ihrer personenbezogenen Daten.<\/span><\/p>\n<p><span style=\"color: #000000;\">Diese Richtlinie gilt f\u00fcr die Verarbeitung Ihrer personenbezogenen Daten, die das Unternehmen zur Erbringung seiner Dienstleistungen erfasst. Wenn Sie die Ma\u00dfnahmen in dieser Richtlinie akzeptieren, stimmen Sie zu, dass wir Ihre personenbezogenen Daten wie in dieser Richtlinie definiert behandeln.<\/span><\/p>\n<ol start=\"2\">\n<li><span style=\"color: #000000;\"><strong> Kontakt<\/strong><\/span><\/li>\n<\/ol>\n<p><span style=\"color: #000000;\">Firmenname: Filto Profiles, S.L.<\/span><\/p>\n<p><span style=\"color: #000000;\">Handelsname: <strong>Filto pROFILES<\/strong><\/span><br><span style=\"color: #000000;\">CIF: <strong>ES<\/strong>&nbsp;<b>B65992638<\/b><\/span><br><span style=\"color: #000000;\">Anschrift : Pol.Ind . Can Prunera , Carrer Solson\u00e8s 14 Nau &#8222;A&#8220;, 08759 VALLIRANA (Barcelona)<\/span><\/p>\n<p><span style=\"color: #000000;\">E-Mail: filto@filto.com<\/span><br><span style=\"color: #000000;\">&nbsp;<\/span><br><span style=\"color: #000000;\"><strong>3. Grundprinzipien<\/strong><\/span><\/p>\n<p><span style=\"color: #000000;\">Wir haben uns immer verpflichtet, unsere Dienstleistungen mit dem h\u00f6chsten Ma\u00df an Qualit\u00e4t zu erbringen, was den sicheren und transparenten Umgang mit Ihren Daten einschlie\u00dft. Unsere Prinzipien sind:<\/span><\/p>\n<ul>\n<li><span style=\"color: #000000;\"><strong>Rechtm\u00e4\u00dfigkeit <\/strong>: Wir werden Ihre personenbezogenen Daten nur f\u00fcr bestimmte, eindeutige und legitime Zwecke erheben.<\/span><\/li>\n<li><span style=\"color: #000000;\"><strong>Datenminimierung <\/strong>: Wir beschr\u00e4nken die Erhebung personenbezogener Daten auf das, was f\u00fcr die Zwecke, f\u00fcr die sie erhoben wurden, unbedingt relevant und erforderlich ist.<\/span><\/li>\n<li><span style=\"color: #000000;\"><strong>Zweckbindung <\/strong>: Wir erheben Ihre personenbezogenen Daten nur f\u00fcr die angegebenen Zwecke und nur in \u00dcbereinstimmung mit Ihren W\u00fcnschen.<\/span><\/li>\n<li><span style=\"color: #000000;\"><strong>Genauigkeit <\/strong>: Wir werden Ihre personenbezogenen Daten genau und aktuell halten.<\/span><\/li>\n<li><span style=\"color: #000000;\"><strong>Datensicherheit <\/strong>: Wir wenden angemessene technische und organisatorische Ma\u00dfnahmen an, die den Risiken angemessen sind, um sicherzustellen, dass Ihre Daten keinen Schaden erleiden, wie z. B. unbefugte Offenlegung oder unbefugten Zugriff, versehentliche oder rechtswidrige Zerst\u00f6rung oder versehentlichen Verlust oder \u00c4nderung und jede andere Form der rechtswidrigen Behandlung.<\/span><\/li>\n<li><span style=\"color: #000000;\"><strong>Zugriff und Berichtigung <\/strong>: Wir haben die M\u00f6glichkeit, auf Ihre Daten zuzugreifen oder sie zu berichtigen, wenn Sie dies f\u00fcr angemessen halten.<\/span><\/li>\n<li><span style=\"color: #000000;\"><strong>Aufbewahrung <\/strong>: Wir speichern Ihre personenbezogenen Daten auf rechtm\u00e4\u00dfige und angemessene Weise und nur so lange, wie es f\u00fcr die Zwecke, f\u00fcr die sie erhoben wurden, erforderlich ist.<\/span><\/li>\n<li><span style=\"color: #000000;\"><strong>Internationale \u00dcbertragungen <\/strong>: Wenn Ihre Daten au\u00dferhalb der EU\/des EWR \u00fcbertragen werden, werden sie angemessen gesch\u00fctzt.<\/span><\/li>\n<li><span style=\"color: #000000;\"><strong>Dritte <\/strong>: Der Zugriff und die Weitergabe personenbezogener Daten an Dritte erfolgen in \u00dcbereinstimmung mit den geltenden Gesetzen und Vorschriften und mit den entsprechenden vertraglichen Garantien.<\/span><\/li>\n<li><span style=\"color: #000000;\"><strong>Direktmarketing und Cookies <\/strong>: Wir halten uns an die geltende Gesetzgebung in Bezug auf Werbung und Cookies.<\/span><\/li>\n<\/ul>\n<ol start=\"4\">\n<li><span style=\"color: #000000;\"><strong> Erhebung und Verarbeitung Ihrer personenbezogenen Daten <\/strong><\/span><br><span style=\"color: #000000;\">Die Arten von Daten, die angefordert und verarbeitet werden k\u00f6nnen, sind:<\/span><\/li>\n<\/ol>\n<ul>\n<li><span style=\"color: #000000;\">Identifikationsdaten.<\/span><\/li>\n<\/ul>\n<p><span style=\"color: #000000;\">Wir erfassen auch automatisch Daten \u00fcber Ihren Besuch auf unserer Website, wie in der Cookie-Richtlinie beschrieben.<\/span><\/p>\n<p><span style=\"color: #000000;\">Wann immer wir Ihre personenbezogenen Daten anfordern, werden wir Sie klar dar\u00fcber informieren, welche personenbezogenen Daten wir zu welchem Zweck erheben. Im Allgemeinen erheben und verarbeiten wir Ihre personenbezogenen Daten zu folgenden Zwecken:<\/span><\/p>\n<ul>\n<li><span style=\"color: #000000;\">Bereitstellung von Informationen, Dienstleistungen, Produkten, relevanten Informationen und Neuigkeiten in der Branche.<\/span><\/li>\n<li><span style=\"color: #000000;\">Senden von Mitteilungen.<\/span><\/li>\n<\/ul>\n<ol start=\"5\">\n<li><span style=\"color: #000000;\"><strong> Legitimit\u00e4t<\/strong><\/span><\/li>\n<\/ol>\n<p><span style=\"color: #000000;\">In \u00dcbereinstimmung mit den geltenden Datenschutzbestimmungen d\u00fcrfen Ihre personenbezogenen Daten verarbeitet werden, sofern:<\/span><\/p>\n<ul>\n<li><span style=\"color: #000000;\">F\u00fcr die Zwecke der Verarbeitung haben Sie uns Ihre Einwilligung erteilt. Selbstverst\u00e4ndlich k\u00f6nnen Sie Ihre Einwilligung jederzeit widerrufen.<\/span><\/li>\n<li><span style=\"color: #000000;\">Nach gesetzlicher Vorgabe.<\/span><\/li>\n<li><span style=\"color: #000000;\">Weil es ein berechtigtes Interesse gibt, das nicht durch Ihre Datenschutzrechte beeintr\u00e4chtigt wird, wie z. B. das Versenden von kommerziellen Informationen, entweder durch das Abonnieren unseres Newsletters oder als Kunde.<\/span><\/li>\n<li><span style=\"color: #000000;\">Weil es f\u00fcr die Erbringung einer unserer Dienstleistungen im Rahmen einer Vertragsbeziehung zwischen Ihnen und uns erforderlich ist.<\/span><\/li>\n<\/ul>\n<ol start=\"6\">\n<li><span style=\"color: #000000;\"><strong> \u00dcbermittlung personenbezogener Daten<\/strong><\/span><\/li>\n<\/ol>\n<p><span style=\"color: #000000;\">Die Daten k\u00f6nnen an mit <strong>Filto verbundene Unternehmen <\/strong>zur Erbringung verschiedener Dienstleistungen als Behandlungsmanager weitergegeben werden. Das Unternehmen wird keine Abtretung vornehmen, au\u00dfer aufgrund einer gesetzlichen Verpflichtung.<\/span><\/p>\n<ol start=\"7\">\n<li><span style=\"color: #000000;\"><strong> Ihre Rechte<\/strong><\/span><\/li>\n<\/ol>\n<p><span style=\"color: #000000;\">In Bezug auf die Erhebung und Verarbeitung Ihrer personenbezogenen Daten k\u00f6nnen Sie sich jederzeit an uns wenden:<\/span><\/p>\n<ul>\n<li><span style=\"color: #000000;\">Greifen Sie auf Ihre personenbezogenen Daten und alle anderen Informationen zu, die in Artikel 15.1 der DSGVO angegeben sind.<\/span><\/li>\n<li><span style=\"color: #000000;\">Berichtigung Ihrer unrichtigen oder unvollst\u00e4ndigen personenbezogenen Daten gem\u00e4\u00df Artikel 16 der DSGVO.<\/span><\/li>\n<li><span style=\"color: #000000;\">L\u00f6schen Sie Ihre personenbezogenen Daten gem\u00e4\u00df Artikel 17 der DSGVO.<\/span><\/li>\n<li><span style=\"color: #000000;\">Einschr\u00e4nkung der Verarbeitung Ihrer personenbezogenen Daten gem\u00e4\u00df Artikel 18 DSGVO.<\/span><\/li>\n<li><span style=\"color: #000000;\">Fordern Sie die \u00dcbertragbarkeit Ihrer Daten gem\u00e4\u00df Artikel 20 der <a style=\"color: #000000;\" href=\"https:\/\/presencialismo.com\/\">DSGVO an <\/a>.<\/span><\/li>\n<li><span style=\"color: #000000;\">Widersprechen Sie der Verarbeitung Ihrer personenbezogenen Daten gem\u00e4\u00df Artikel 21 der DSGVO.<\/span><\/li>\n<\/ul>\n<p><span style=\"color: #000000;\">Wenn Sie Ihre Einwilligung f\u00fcr einen bestimmten Zweck erteilt haben, haben Sie das Recht, die erteilte Einwilligung jederzeit zu widerrufen, ohne dass die Rechtm\u00e4\u00dfigkeit der Behandlung aufgrund der Einwilligung vor ihrem Widerruf <a style=\"color: #000000;\" href=\"https:\/\/presencialismo.com\/\">ber\u00fchrt wird rrhh <\/a>.<\/span><\/p>\n<p><span style=\"color: #000000;\">Sie k\u00f6nnen diese Rechte aus\u00fcben, indem Sie eine begr\u00fcndete und akkreditierte Mitteilung an filto@filto.com senden<\/span><\/p>\n<p><span style=\"color: #000000;\">Sie haben auch das Recht, eine Beschwerde bei der zust\u00e4ndigen Kontrollbeh\u00f6rde ( <a style=\"color: #000000;\" href=\"https:\/\/aepd.es\/\">www.aepd.es <\/a>) einzureichen, wenn Sie der Meinung sind, dass die Behandlung nicht den geltenden Vorschriften entspricht.<\/span><\/p>\n<ol start=\"8\">\n<li><span style=\"color: #000000;\"><strong> Rechtliche Hinweise <\/strong><\/span><br><span style=\"color: #000000;\">Die Anforderungen dieser Richtlinie erg\u00e4nzen und ersetzen keine anderen bestehenden Anforderungen gem\u00e4\u00df dem anwendbaren Datenschutzrecht, das in jedem Fall Vorrang hat.<\/span><\/li>\n<\/ol>\n<p><span style=\"color: #000000;\">Diese Richtlinie wird regelm\u00e4\u00dfig \u00fcberpr\u00fcft und kann vom Unternehmen jederzeit ge\u00e4ndert werden. In diesem Fall werden wir Sie \u00fcber alle \u00c4nderungen informieren und Sie bitten, die neueste Version unserer Richtlinie erneut zu lesen und Ihre Zustimmung zu best\u00e4tigen.<\/span><\/p>\t\t\t\t\t\t<\/div>\n\t\t\t\t<\/div>\n\t\t\t\t\t<\/div>\n\t\t<\/div>\n\t\t\t\t\t\t\t<\/div>\n\t\t<\/section>\n\t\t\t\t\t\t\t<\/div>\n\t\t","protected":false},"excerpt":{"rendered":"<p>Datenschutz-Bestimmungen 1. Informationen f\u00fcr den Benutzer Filto Profiles&nbsp;als Datenverantwortlicher informiert Sie dar\u00fcber, dass gem\u00e4\u00df den Bestimmungen der Verordnung (EU) 2016\/679 vom 27. April (RGPD) und LO 3\/2018 vom 5. Dezember zum Datenschutz und zur Gew\u00e4hrleistung digitaler Rechte ( LOPDGDD), behandeln wir Ihre Daten gem\u00e4\u00df dieser Datenschutzrichtlinie. In dieser Datenschutzrichtlinie beschreiben wir, wie wir Ihre personenbezogenen [&hellip;]<\/p>\n","protected":false},"author":2,"featured_media":0,"parent":0,"menu_order":0,"comment_status":"closed","ping_status":"closed","template":"","meta":{"footnotes":""},"class_list":["post-3634","page","type-page","status-publish","hentry"],"yoast_head":"<!-- This site is optimized with the Yoast SEO Premium plugin v27.1 (Yoast SEO v27.1.1) - https:\/\/yoast.com\/product\/yoast-seo-premium-wordpress\/ -->\n<title>Pol\u00edtica de privacidad - Filto Profiles<\/title>\n<meta name=\"robots\" content=\"index, follow, max-snippet:-1, max-image-preview:large, max-video-preview:-1\" \/>\n<link rel=\"canonical\" href=\"https:\/\/www.filtoprofiles.com\/de\/politica-de-privacidad\/\" \/>\n<meta property=\"og:locale\" content=\"de_DE\" \/>\n<meta property=\"og:type\" content=\"article\" \/>\n<meta property=\"og:title\" content=\"Pol\u00edtica de privacidad\" \/>\n<meta property=\"og:description\" content=\"Datenschutz-Bestimmungen 1. Informationen f\u00fcr den Benutzer Filto Profiles&nbsp;als Datenverantwortlicher informiert Sie dar\u00fcber, dass gem\u00e4\u00df den Bestimmungen der Verordnung (EU) 2016\/679 vom 27. April (RGPD) und LO 3\/2018 vom 5. Dezember zum Datenschutz und zur Gew\u00e4hrleistung digitaler Rechte ( LOPDGDD), behandeln wir Ihre Daten gem\u00e4\u00df dieser Datenschutzrichtlinie. In dieser Datenschutzrichtlinie beschreiben wir, wie wir Ihre personenbezogenen [&hellip;]\" \/>\n<meta property=\"og:url\" content=\"https:\/\/www.filtoprofiles.com\/de\/politica-de-privacidad\/\" \/>\n<meta property=\"og:site_name\" content=\"Filto Profiles\" \/>\n<meta property=\"article:publisher\" content=\"https:\/\/www.facebook.com\/filtoprofiles\" \/>\n<meta property=\"article:modified_time\" content=\"2023-03-31T09:12:22+00:00\" \/>\n<meta property=\"og:image\" content=\"https:\/\/www.filtoprofiles.com\/wp-content\/uploads\/2023\/04\/TITOL.jpg\" \/>\n\t<meta property=\"og:image:width\" content=\"2077\" \/>\n\t<meta property=\"og:image:height\" content=\"447\" \/>\n\t<meta property=\"og:image:type\" content=\"image\/jpeg\" \/>\n<meta name=\"twitter:card\" content=\"summary_large_image\" \/>\n<meta name=\"twitter:label1\" content=\"Gesch\u00e4tzte Lesezeit\" \/>\n\t<meta name=\"twitter:data1\" content=\"4\u00a0Minuten\" \/>\n<script type=\"application\/ld+json\" class=\"yoast-schema-graph\">{\"@context\":\"https:\/\/schema.org\",\"@graph\":[{\"@type\":\"WebPage\",\"@id\":\"https:\/\/www.filtoprofiles.com\/de\/politica-de-privacidad\/\",\"url\":\"https:\/\/www.filtoprofiles.com\/de\/politica-de-privacidad\/\",\"name\":\"Pol\u00edtica de privacidad - Filto Profiles\",\"isPartOf\":{\"@id\":\"https:\/\/www.filtoprofiles.com\/#website\"},\"datePublished\":\"2023-01-16T20:44:48+00:00\",\"dateModified\":\"2023-03-31T09:12:22+00:00\",\"breadcrumb\":{\"@id\":\"https:\/\/www.filtoprofiles.com\/de\/politica-de-privacidad\/#breadcrumb\"},\"inLanguage\":\"de\",\"potentialAction\":[{\"@type\":\"ReadAction\",\"target\":[\"https:\/\/www.filtoprofiles.com\/de\/politica-de-privacidad\/\"]}]},{\"@type\":\"BreadcrumbList\",\"@id\":\"https:\/\/www.filtoprofiles.com\/de\/politica-de-privacidad\/#breadcrumb\",\"itemListElement\":[{\"@type\":\"ListItem\",\"position\":1,\"name\":\"Home\",\"item\":\"https:\/\/www.filtoprofiles.com\/ca\/\"},{\"@type\":\"ListItem\",\"position\":2,\"name\":\"Pol\u00edtica de privacidad\"}]},{\"@type\":\"WebSite\",\"@id\":\"https:\/\/www.filtoprofiles.com\/#website\",\"url\":\"https:\/\/www.filtoprofiles.com\/\",\"name\":\"Filto Profiles\",\"description\":\"Brass Profiles Producer\",\"publisher\":{\"@id\":\"https:\/\/www.filtoprofiles.com\/#organization\"},\"alternateName\":\"Filto\",\"potentialAction\":[{\"@type\":\"SearchAction\",\"target\":{\"@type\":\"EntryPoint\",\"urlTemplate\":\"https:\/\/www.filtoprofiles.com\/?s={search_term_string}\"},\"query-input\":{\"@type\":\"PropertyValueSpecification\",\"valueRequired\":true,\"valueName\":\"search_term_string\"}}],\"inLanguage\":\"de\"},{\"@type\":\"Organization\",\"@id\":\"https:\/\/www.filtoprofiles.com\/#organization\",\"name\":\"Filto Profiles\",\"alternateName\":\"Filto\",\"url\":\"https:\/\/www.filtoprofiles.com\/\",\"logo\":{\"@type\":\"ImageObject\",\"inLanguage\":\"de\",\"@id\":\"https:\/\/www.filtoprofiles.com\/#\/schema\/logo\/image\/\",\"url\":\"https:\/\/www.filtoprofiles.com\/wp-content\/uploads\/2023\/04\/filto-logo.jpg\",\"contentUrl\":\"https:\/\/www.filtoprofiles.com\/wp-content\/uploads\/2023\/04\/filto-logo.jpg\",\"width\":420,\"height\":420,\"caption\":\"Filto Profiles\"},\"image\":{\"@id\":\"https:\/\/www.filtoprofiles.com\/#\/schema\/logo\/image\/\"},\"sameAs\":[\"https:\/\/www.facebook.com\/filtoprofiles\",\"https:\/\/www.linkedin.com\/company\/3302369\"]}]}<\/script>\n<!-- \/ Yoast SEO Premium plugin. -->","yoast_head_json":{"title":"Pol\u00edtica de privacidad - Filto Profiles","robots":{"index":"index","follow":"follow","max-snippet":"max-snippet:-1","max-image-preview":"max-image-preview:large","max-video-preview":"max-video-preview:-1"},"canonical":"https:\/\/www.filtoprofiles.com\/de\/politica-de-privacidad\/","og_locale":"de_DE","og_type":"article","og_title":"Pol\u00edtica de privacidad","og_description":"Datenschutz-Bestimmungen 1. Informationen f\u00fcr den Benutzer Filto Profiles&nbsp;als Datenverantwortlicher informiert Sie dar\u00fcber, dass gem\u00e4\u00df den Bestimmungen der Verordnung (EU) 2016\/679 vom 27. April (RGPD) und LO 3\/2018 vom 5. Dezember zum Datenschutz und zur Gew\u00e4hrleistung digitaler Rechte ( LOPDGDD), behandeln wir Ihre Daten gem\u00e4\u00df dieser Datenschutzrichtlinie. In dieser Datenschutzrichtlinie beschreiben wir, wie wir Ihre personenbezogenen [&hellip;]","og_url":"https:\/\/www.filtoprofiles.com\/de\/politica-de-privacidad\/","og_site_name":"Filto Profiles","article_publisher":"https:\/\/www.facebook.com\/filtoprofiles","article_modified_time":"2023-03-31T09:12:22+00:00","og_image":[{"width":2077,"height":447,"url":"https:\/\/www.filtoprofiles.com\/wp-content\/uploads\/2023\/04\/TITOL.jpg","type":"image\/jpeg"}],"twitter_card":"summary_large_image","twitter_misc":{"Gesch\u00e4tzte Lesezeit":"4\u00a0Minuten"},"schema":{"@context":"https:\/\/schema.org","@graph":[{"@type":"WebPage","@id":"https:\/\/www.filtoprofiles.com\/de\/politica-de-privacidad\/","url":"https:\/\/www.filtoprofiles.com\/de\/politica-de-privacidad\/","name":"Pol\u00edtica de privacidad - Filto Profiles","isPartOf":{"@id":"https:\/\/www.filtoprofiles.com\/#website"},"datePublished":"2023-01-16T20:44:48+00:00","dateModified":"2023-03-31T09:12:22+00:00","breadcrumb":{"@id":"https:\/\/www.filtoprofiles.com\/de\/politica-de-privacidad\/#breadcrumb"},"inLanguage":"de","potentialAction":[{"@type":"ReadAction","target":["https:\/\/www.filtoprofiles.com\/de\/politica-de-privacidad\/"]}]},{"@type":"BreadcrumbList","@id":"https:\/\/www.filtoprofiles.com\/de\/politica-de-privacidad\/#breadcrumb","itemListElement":[{"@type":"ListItem","position":1,"name":"Home","item":"https:\/\/www.filtoprofiles.com\/ca\/"},{"@type":"ListItem","position":2,"name":"Pol\u00edtica de privacidad"}]},{"@type":"WebSite","@id":"https:\/\/www.filtoprofiles.com\/#website","url":"https:\/\/www.filtoprofiles.com\/","name":"Filto Profiles","description":"Brass Profiles Producer","publisher":{"@id":"https:\/\/www.filtoprofiles.com\/#organization"},"alternateName":"Filto","potentialAction":[{"@type":"SearchAction","target":{"@type":"EntryPoint","urlTemplate":"https:\/\/www.filtoprofiles.com\/?s={search_term_string}"},"query-input":{"@type":"PropertyValueSpecification","valueRequired":true,"valueName":"search_term_string"}}],"inLanguage":"de"},{"@type":"Organization","@id":"https:\/\/www.filtoprofiles.com\/#organization","name":"Filto Profiles","alternateName":"Filto","url":"https:\/\/www.filtoprofiles.com\/","logo":{"@type":"ImageObject","inLanguage":"de","@id":"https:\/\/www.filtoprofiles.com\/#\/schema\/logo\/image\/","url":"https:\/\/www.filtoprofiles.com\/wp-content\/uploads\/2023\/04\/filto-logo.jpg","contentUrl":"https:\/\/www.filtoprofiles.com\/wp-content\/uploads\/2023\/04\/filto-logo.jpg","width":420,"height":420,"caption":"Filto Profiles"},"image":{"@id":"https:\/\/www.filtoprofiles.com\/#\/schema\/logo\/image\/"},"sameAs":["https:\/\/www.facebook.com\/filtoprofiles","https:\/\/www.linkedin.com\/company\/3302369"]}]}},"_links":{"self":[{"href":"https:\/\/www.filtoprofiles.com\/de\/wp-json\/wp\/v2\/pages\/3634","targetHints":{"allow":["GET"]}}],"collection":[{"href":"https:\/\/www.filtoprofiles.com\/de\/wp-json\/wp\/v2\/pages"}],"about":[{"href":"https:\/\/www.filtoprofiles.com\/de\/wp-json\/wp\/v2\/types\/page"}],"author":[{"embeddable":true,"href":"https:\/\/www.filtoprofiles.com\/de\/wp-json\/wp\/v2\/users\/2"}],"replies":[{"embeddable":true,"href":"https:\/\/www.filtoprofiles.com\/de\/wp-json\/wp\/v2\/comments?post=3634"}],"version-history":[{"count":6,"href":"https:\/\/www.filtoprofiles.com\/de\/wp-json\/wp\/v2\/pages\/3634\/revisions"}],"predecessor-version":[{"id":6144,"href":"https:\/\/www.filtoprofiles.com\/de\/wp-json\/wp\/v2\/pages\/3634\/revisions\/6144"}],"wp:attachment":[{"href":"https:\/\/www.filtoprofiles.com\/de\/wp-json\/wp\/v2\/media?parent=3634"}],"curies":[{"name":"wp","href":"https:\/\/api.w.org\/{rel}","templated":true}]}}