{"id":2676,"date":"2022-05-05T07:52:09","date_gmt":"2022-05-05T07:52:09","guid":{"rendered":"https:\/\/www.filtoprofiles.com\/sales-conditions\/"},"modified":"2022-08-23T12:56:24","modified_gmt":"2022-08-23T12:56:24","slug":"sales-conditions","status":"publish","type":"page","link":"https:\/\/www.filtoprofiles.com\/de\/sales-conditions\/","title":{"rendered":"Sales conditions"},"content":{"rendered":"\t\t<div data-elementor-type=\"wp-page\" data-elementor-id=\"2676\" class=\"elementor elementor-2676 elementor-441\">\n\t\t\t\t\t\t\t\t\t<section class=\"elementor-section elementor-top-section elementor-element elementor-element-90036fa elementor-section-boxed elementor-section-height-default elementor-section-height-default\" data-id=\"90036fa\" data-element_type=\"section\">\n\t\t\t\t\t\t<div class=\"elementor-container elementor-column-gap-default\">\n\t\t\t\t\t<div class=\"elementor-column elementor-col-100 elementor-top-column elementor-element elementor-element-4b49a7c\" data-id=\"4b49a7c\" data-element_type=\"column\">\n\t\t\t<div class=\"elementor-widget-wrap elementor-element-populated\">\n\t\t\t\t\t\t\t\t<div class=\"elementor-element elementor-element-87831ab elementor-widget elementor-widget-heading\" data-id=\"87831ab\" data-element_type=\"widget\" data-widget_type=\"heading.default\">\n\t\t\t\t<div class=\"elementor-widget-container\">\n\t\t\t<style>\/*! elementor - v3.15.0 - 20-08-2023 *\/\n.elementor-heading-title{padding:0;margin:0;line-height:1}.elementor-widget-heading .elementor-heading-title[class*=elementor-size-]>a{color:inherit;font-size:inherit;line-height:inherit}.elementor-widget-heading .elementor-heading-title.elementor-size-small{font-size:15px}.elementor-widget-heading .elementor-heading-title.elementor-size-medium{font-size:19px}.elementor-widget-heading .elementor-heading-title.elementor-size-large{font-size:29px}.elementor-widget-heading .elementor-heading-title.elementor-size-xl{font-size:39px}.elementor-widget-heading .elementor-heading-title.elementor-size-xxl{font-size:59px}<\/style><h2 class=\"elementor-heading-title elementor-size-default\">Vertragsklausel<\/h2>\t\t<\/div>\n\t\t\t\t<\/div>\n\t\t\t\t<div class=\"elementor-element elementor-element-d9f457e elementor-widget elementor-widget-text-editor\" data-id=\"d9f457e\" data-element_type=\"widget\" data-widget_type=\"text-editor.default\">\n\t\t\t\t<div class=\"elementor-widget-container\">\n\t\t\t<style>\/*! elementor - v3.15.0 - 20-08-2023 *\/\n.elementor-widget-text-editor.elementor-drop-cap-view-stacked .elementor-drop-cap{background-color:#69727d;color:#fff}.elementor-widget-text-editor.elementor-drop-cap-view-framed .elementor-drop-cap{color:#69727d;border:3px solid;background-color:transparent}.elementor-widget-text-editor:not(.elementor-drop-cap-view-default) .elementor-drop-cap{margin-top:8px}.elementor-widget-text-editor:not(.elementor-drop-cap-view-default) .elementor-drop-cap-letter{width:1em;height:1em}.elementor-widget-text-editor .elementor-drop-cap{float:left;text-align:center;line-height:1;font-size:50px}.elementor-widget-text-editor .elementor-drop-cap-letter{display:inline-block}<\/style>\t\t\t\t<p>In Bezug auf die Verarbeitung personenbezogener Daten, die aus diesem Vertrag hervorgehen, wird darauf hingewiesen, dass diese in das Datenverarbeitungssystem beider Parteien integriert wird. Die Parteien stimmen ausdr\u00fccklich der Verarbeitung dieser personenbezogenen Daten in rechtm\u00e4\u00dfiger Weise, loyal, transparent, angemessen, sachdienlich, begrenzt, genau und aktualisiert zu, um die Verpflichtungen aus dem zwischen den Parteien unterzeichneten Vertrag zu erf\u00fcllen.<\/p><p>Zu diesen Zwecken werden die hierin enthaltenen und die zur Ausf\u00fchrung notwendigen Daten bereitgestellt.<\/p><p>Die Rechtsgrundlage f\u00fcr die Verarbeitung Ihrer Daten ist in Art. 6 RGPD enthalten und besteht in der Erteilung der Einwilligung und der Durchf\u00fchrung des Vertrages.<\/p><p>Die einzigen Empf\u00e4nger Ihrer Daten sind die verantwortlichen Mitarbeiter des Unternehmens oder selbstst\u00e4ndig arbeitende Fachkr\u00e4fte. Sie werden w\u00e4hrend der Dauer des Vertrags und der f\u00fcr die Erf\u00fcllung der gesetzlichen Verpflichtungen erforderlichen Zeit besch\u00e4ftigt.<\/p><p>Die Daten beider Parteien werden erforderlichenfalls an Banken und Sparkassen, \u00f6ffentliche Verwaltungen und Beh\u00f6rden weitergegeben, die zur Erf\u00fcllung der vertraglichen Verpflichtungen erforderlich sind.<\/p><p>Es wird darauf hingewiesen, dass sich die Parteien Drittanbietern bedienen k\u00f6nnen, die zwecks Aus\u00fcbung von Reinigungsdiensten, Vernichtung von Dokumenten usw. Zugriff auf Ihre personenbezogenen Daten haben.<\/p><p>Gem\u00e4\u00df den Bestimmungen der VERORDNUNG (EU) 2016\/679 DES EUROP\u00c4ISCHEN PARLAMENTS UND DES RATES VOM 27. April 2016 und des Organgesetzes 3\/2018 vom 5. Dezember zum Schutz personenbezogener Daten und zur Gew\u00e4hrleistung der digitalen Rechte k\u00f6nnen die Beteiligten jederzeit ihr Recht auf Zugang, Berichtigung, Einschr\u00e4nkung der Behandlung, L\u00f6schung, Widerspruch, \u00dcbertragbarkeit der personenbezogenen Daten aus\u00fcben. Sie sind ebenso berechtigt, gegen automatisierte Einzelentscheidungen Widerspruch einzulegen, indem sie einen schriftlichen und unterzeichneten Antrag, einschlie\u00dflich Namen, Nachnamen und Fotokopien von Ausweisen oder anderen g\u00fcltigen Belegen, an die oben angegebene Adresse jeder Partei senden.<\/p><p>Jede \u00c4nderung der personenbezogenen Daten ist den Erschienenen unverz\u00fcglich mitzuteilen, damit die in den Unterlagen enthaltenen Informationen stets aktualisiert werden und diese keine Fehler enthalten. Ebenso erkennen die Parteien durch die Annahme dieses Dokuments an, dass die gesammelten Informationen und personenbezogenen Daten korrekt und wahrheitsgem\u00e4\u00df sind.<\/p><p>Internationale \u00dcbermittlungen personenbezogener Daten d\u00fcrfen nur durchgef\u00fchrt werden, wenn sie den Anforderungen der spanischen Datenschutzbeh\u00f6rde oder anderen nationalen oder gemeinschaftlichen Vorschriften entsprechen, die diese regeln.<\/p><p>Ebenso wird darauf hingewiesen, dass beide Parteien die notwendigen technischen und organisatorischen Sicherheitsma\u00dfnahmen ergriffen haben, um die Sicherheit Ihrer personenbezogenen Daten zu gew\u00e4hrleisten und \u00c4nderungen, Verlust und unbefugte Behandlung und\/oder Zugriff zu vermeiden. Dies unter Ber\u00fccksichtigung des Stands der Technologie, der Art der gespeicherten Daten und der Risiken, denen sie durch menschliches Handeln oder durch die physische und nat\u00fcrliche Umgebung ausgesetzt sind. Entsprechend den Bestimmungen der geltenden Gesetzgebung.<\/p><p>Sie k\u00f6nnen sich an die zust\u00e4ndige Kontrollbeh\u00f6rde wenden, um eine Beschwerde einzureichen, die Sie f\u00fcr angemessen halten.<\/p><p>Daher werden Sie \u00fcber alles Vorhergehende informiert und geben Ihre ausdr\u00fcckliche Zustimmung zu den oben genannten Behandlungen.<\/p>\t\t\t\t\t\t<\/div>\n\t\t\t\t<\/div>\n\t\t\t\t\t<\/div>\n\t\t<\/div>\n\t\t\t\t\t\t\t<\/div>\n\t\t<\/section>\n\t\t\t\t\t\t\t<\/div>\n\t\t","protected":false},"excerpt":{"rendered":"<p>Vertragsklausel In Bezug auf die Verarbeitung personenbezogener Daten, die aus diesem Vertrag hervorgehen, wird darauf hingewiesen, dass diese in das Datenverarbeitungssystem beider Parteien integriert wird. Die Parteien stimmen ausdr\u00fccklich der Verarbeitung dieser personenbezogenen Daten in rechtm\u00e4\u00dfiger Weise, loyal, transparent, angemessen, sachdienlich, begrenzt, genau und aktualisiert zu, um die Verpflichtungen aus dem zwischen den Parteien unterzeichneten [&hellip;]<\/p>\n","protected":false},"author":2,"featured_media":0,"parent":0,"menu_order":0,"comment_status":"closed","ping_status":"closed","template":"","meta":{"footnotes":""},"class_list":["post-2676","page","type-page","status-publish","hentry"],"yoast_head":"<!-- This site is optimized with the Yoast SEO Premium plugin v27.1 (Yoast SEO v27.1.1) - https:\/\/yoast.com\/product\/yoast-seo-premium-wordpress\/ -->\n<title>Sales conditions - Filto Profiles<\/title>\n<meta name=\"robots\" content=\"index, follow, max-snippet:-1, max-image-preview:large, max-video-preview:-1\" \/>\n<link rel=\"canonical\" href=\"https:\/\/www.filtoprofiles.com\/de\/sales-conditions\/\" \/>\n<meta property=\"og:locale\" content=\"de_DE\" \/>\n<meta property=\"og:type\" content=\"article\" \/>\n<meta property=\"og:title\" content=\"Sales conditions\" \/>\n<meta property=\"og:description\" content=\"Vertragsklausel In Bezug auf die Verarbeitung personenbezogener Daten, die aus diesem Vertrag hervorgehen, wird darauf hingewiesen, dass diese in das Datenverarbeitungssystem beider Parteien integriert wird. Die Parteien stimmen ausdr\u00fccklich der Verarbeitung dieser personenbezogenen Daten in rechtm\u00e4\u00dfiger Weise, loyal, transparent, angemessen, sachdienlich, begrenzt, genau und aktualisiert zu, um die Verpflichtungen aus dem zwischen den Parteien unterzeichneten [&hellip;]\" \/>\n<meta property=\"og:url\" content=\"https:\/\/www.filtoprofiles.com\/de\/sales-conditions\/\" \/>\n<meta property=\"og:site_name\" content=\"Filto Profiles\" \/>\n<meta property=\"article:publisher\" content=\"https:\/\/www.facebook.com\/filtoprofiles\" \/>\n<meta property=\"article:modified_time\" content=\"2022-08-23T12:56:24+00:00\" \/>\n<meta property=\"og:image\" content=\"https:\/\/www.filtoprofiles.com\/wp-content\/uploads\/2023\/04\/TITOL.jpg\" \/>\n\t<meta property=\"og:image:width\" content=\"2077\" \/>\n\t<meta property=\"og:image:height\" content=\"447\" \/>\n\t<meta property=\"og:image:type\" content=\"image\/jpeg\" \/>\n<meta name=\"twitter:card\" content=\"summary_large_image\" \/>\n<meta name=\"twitter:label1\" content=\"Gesch\u00e4tzte Lesezeit\" \/>\n\t<meta name=\"twitter:data1\" content=\"2\u00a0Minuten\" \/>\n<script type=\"application\/ld+json\" class=\"yoast-schema-graph\">{\"@context\":\"https:\/\/schema.org\",\"@graph\":[{\"@type\":\"WebPage\",\"@id\":\"https:\/\/www.filtoprofiles.com\/de\/sales-conditions\/\",\"url\":\"https:\/\/www.filtoprofiles.com\/de\/sales-conditions\/\",\"name\":\"Sales conditions - Filto Profiles\",\"isPartOf\":{\"@id\":\"https:\/\/www.filtoprofiles.com\/#website\"},\"datePublished\":\"2022-05-05T07:52:09+00:00\",\"dateModified\":\"2022-08-23T12:56:24+00:00\",\"breadcrumb\":{\"@id\":\"https:\/\/www.filtoprofiles.com\/de\/sales-conditions\/#breadcrumb\"},\"inLanguage\":\"de\",\"potentialAction\":[{\"@type\":\"ReadAction\",\"target\":[\"https:\/\/www.filtoprofiles.com\/de\/sales-conditions\/\"]}]},{\"@type\":\"BreadcrumbList\",\"@id\":\"https:\/\/www.filtoprofiles.com\/de\/sales-conditions\/#breadcrumb\",\"itemListElement\":[{\"@type\":\"ListItem\",\"position\":1,\"name\":\"Home\",\"item\":\"https:\/\/www.filtoprofiles.com\/ca\/\"},{\"@type\":\"ListItem\",\"position\":2,\"name\":\"Sales conditions\"}]},{\"@type\":\"WebSite\",\"@id\":\"https:\/\/www.filtoprofiles.com\/#website\",\"url\":\"https:\/\/www.filtoprofiles.com\/\",\"name\":\"Filto Profiles\",\"description\":\"Brass Profiles Producer\",\"publisher\":{\"@id\":\"https:\/\/www.filtoprofiles.com\/#organization\"},\"alternateName\":\"Filto\",\"potentialAction\":[{\"@type\":\"SearchAction\",\"target\":{\"@type\":\"EntryPoint\",\"urlTemplate\":\"https:\/\/www.filtoprofiles.com\/?s={search_term_string}\"},\"query-input\":{\"@type\":\"PropertyValueSpecification\",\"valueRequired\":true,\"valueName\":\"search_term_string\"}}],\"inLanguage\":\"de\"},{\"@type\":\"Organization\",\"@id\":\"https:\/\/www.filtoprofiles.com\/#organization\",\"name\":\"Filto Profiles\",\"alternateName\":\"Filto\",\"url\":\"https:\/\/www.filtoprofiles.com\/\",\"logo\":{\"@type\":\"ImageObject\",\"inLanguage\":\"de\",\"@id\":\"https:\/\/www.filtoprofiles.com\/#\/schema\/logo\/image\/\",\"url\":\"https:\/\/www.filtoprofiles.com\/wp-content\/uploads\/2023\/04\/filto-logo.jpg\",\"contentUrl\":\"https:\/\/www.filtoprofiles.com\/wp-content\/uploads\/2023\/04\/filto-logo.jpg\",\"width\":420,\"height\":420,\"caption\":\"Filto Profiles\"},\"image\":{\"@id\":\"https:\/\/www.filtoprofiles.com\/#\/schema\/logo\/image\/\"},\"sameAs\":[\"https:\/\/www.facebook.com\/filtoprofiles\",\"https:\/\/www.linkedin.com\/company\/3302369\"]}]}<\/script>\n<!-- \/ Yoast SEO Premium plugin. -->","yoast_head_json":{"title":"Sales conditions - Filto Profiles","robots":{"index":"index","follow":"follow","max-snippet":"max-snippet:-1","max-image-preview":"max-image-preview:large","max-video-preview":"max-video-preview:-1"},"canonical":"https:\/\/www.filtoprofiles.com\/de\/sales-conditions\/","og_locale":"de_DE","og_type":"article","og_title":"Sales conditions","og_description":"Vertragsklausel In Bezug auf die Verarbeitung personenbezogener Daten, die aus diesem Vertrag hervorgehen, wird darauf hingewiesen, dass diese in das Datenverarbeitungssystem beider Parteien integriert wird. Die Parteien stimmen ausdr\u00fccklich der Verarbeitung dieser personenbezogenen Daten in rechtm\u00e4\u00dfiger Weise, loyal, transparent, angemessen, sachdienlich, begrenzt, genau und aktualisiert zu, um die Verpflichtungen aus dem zwischen den Parteien unterzeichneten [&hellip;]","og_url":"https:\/\/www.filtoprofiles.com\/de\/sales-conditions\/","og_site_name":"Filto Profiles","article_publisher":"https:\/\/www.facebook.com\/filtoprofiles","article_modified_time":"2022-08-23T12:56:24+00:00","og_image":[{"width":2077,"height":447,"url":"https:\/\/www.filtoprofiles.com\/wp-content\/uploads\/2023\/04\/TITOL.jpg","type":"image\/jpeg"}],"twitter_card":"summary_large_image","twitter_misc":{"Gesch\u00e4tzte Lesezeit":"2\u00a0Minuten"},"schema":{"@context":"https:\/\/schema.org","@graph":[{"@type":"WebPage","@id":"https:\/\/www.filtoprofiles.com\/de\/sales-conditions\/","url":"https:\/\/www.filtoprofiles.com\/de\/sales-conditions\/","name":"Sales conditions - Filto Profiles","isPartOf":{"@id":"https:\/\/www.filtoprofiles.com\/#website"},"datePublished":"2022-05-05T07:52:09+00:00","dateModified":"2022-08-23T12:56:24+00:00","breadcrumb":{"@id":"https:\/\/www.filtoprofiles.com\/de\/sales-conditions\/#breadcrumb"},"inLanguage":"de","potentialAction":[{"@type":"ReadAction","target":["https:\/\/www.filtoprofiles.com\/de\/sales-conditions\/"]}]},{"@type":"BreadcrumbList","@id":"https:\/\/www.filtoprofiles.com\/de\/sales-conditions\/#breadcrumb","itemListElement":[{"@type":"ListItem","position":1,"name":"Home","item":"https:\/\/www.filtoprofiles.com\/ca\/"},{"@type":"ListItem","position":2,"name":"Sales conditions"}]},{"@type":"WebSite","@id":"https:\/\/www.filtoprofiles.com\/#website","url":"https:\/\/www.filtoprofiles.com\/","name":"Filto Profiles","description":"Brass Profiles Producer","publisher":{"@id":"https:\/\/www.filtoprofiles.com\/#organization"},"alternateName":"Filto","potentialAction":[{"@type":"SearchAction","target":{"@type":"EntryPoint","urlTemplate":"https:\/\/www.filtoprofiles.com\/?s={search_term_string}"},"query-input":{"@type":"PropertyValueSpecification","valueRequired":true,"valueName":"search_term_string"}}],"inLanguage":"de"},{"@type":"Organization","@id":"https:\/\/www.filtoprofiles.com\/#organization","name":"Filto Profiles","alternateName":"Filto","url":"https:\/\/www.filtoprofiles.com\/","logo":{"@type":"ImageObject","inLanguage":"de","@id":"https:\/\/www.filtoprofiles.com\/#\/schema\/logo\/image\/","url":"https:\/\/www.filtoprofiles.com\/wp-content\/uploads\/2023\/04\/filto-logo.jpg","contentUrl":"https:\/\/www.filtoprofiles.com\/wp-content\/uploads\/2023\/04\/filto-logo.jpg","width":420,"height":420,"caption":"Filto Profiles"},"image":{"@id":"https:\/\/www.filtoprofiles.com\/#\/schema\/logo\/image\/"},"sameAs":["https:\/\/www.facebook.com\/filtoprofiles","https:\/\/www.linkedin.com\/company\/3302369"]}]}},"_links":{"self":[{"href":"https:\/\/www.filtoprofiles.com\/de\/wp-json\/wp\/v2\/pages\/2676","targetHints":{"allow":["GET"]}}],"collection":[{"href":"https:\/\/www.filtoprofiles.com\/de\/wp-json\/wp\/v2\/pages"}],"about":[{"href":"https:\/\/www.filtoprofiles.com\/de\/wp-json\/wp\/v2\/types\/page"}],"author":[{"embeddable":true,"href":"https:\/\/www.filtoprofiles.com\/de\/wp-json\/wp\/v2\/users\/2"}],"replies":[{"embeddable":true,"href":"https:\/\/www.filtoprofiles.com\/de\/wp-json\/wp\/v2\/comments?post=2676"}],"version-history":[{"count":3,"href":"https:\/\/www.filtoprofiles.com\/de\/wp-json\/wp\/v2\/pages\/2676\/revisions"}],"predecessor-version":[{"id":2679,"href":"https:\/\/www.filtoprofiles.com\/de\/wp-json\/wp\/v2\/pages\/2676\/revisions\/2679"}],"wp:attachment":[{"href":"https:\/\/www.filtoprofiles.com\/de\/wp-json\/wp\/v2\/media?parent=2676"}],"curies":[{"name":"wp","href":"https:\/\/api.w.org\/{rel}","templated":true}]}}