{"id":2367,"date":"2022-06-15T11:52:11","date_gmt":"2022-06-15T11:52:11","guid":{"rendered":"https:\/\/www.filtoprofiles.com\/metal-prices\/"},"modified":"2023-03-20T13:01:26","modified_gmt":"2023-03-20T13:01:26","slug":"messing-grundmetall","status":"publish","type":"page","link":"https:\/\/www.filtoprofiles.com\/de\/messing-grundmetall\/","title":{"rendered":"\ufeffMESSING-GRUNDMETALL"},"content":{"rendered":"\t\t<div data-elementor-type=\"wp-page\" data-elementor-id=\"2367\" class=\"elementor elementor-2367 elementor-1073\">\n\t\t\t\t\t\t\t\t\t<section class=\"elementor-section elementor-top-section elementor-element elementor-element-fc2830a elementor-section-boxed elementor-section-height-default elementor-section-height-default\" data-id=\"fc2830a\" data-element_type=\"section\" data-settings=\"{&quot;background_background&quot;:&quot;classic&quot;}\">\n\t\t\t\t\t\t\t<div class=\"elementor-background-overlay\"><\/div>\n\t\t\t\t\t\t\t<div class=\"elementor-container elementor-column-gap-default\">\n\t\t\t\t\t<div class=\"elementor-column elementor-col-100 elementor-top-column elementor-element elementor-element-18e1607\" data-id=\"18e1607\" data-element_type=\"column\">\n\t\t\t<div class=\"elementor-widget-wrap elementor-element-populated\">\n\t\t\t\t\t\t\t\t<div class=\"elementor-element elementor-element-de7c42e elementor-widget elementor-widget-heading\" data-id=\"de7c42e\" data-element_type=\"widget\" data-widget_type=\"heading.default\">\n\t\t\t\t<div class=\"elementor-widget-container\">\n\t\t\t<style>\/*! elementor - v3.15.0 - 20-08-2023 *\/\n.elementor-heading-title{padding:0;margin:0;line-height:1}.elementor-widget-heading .elementor-heading-title[class*=elementor-size-]>a{color:inherit;font-size:inherit;line-height:inherit}.elementor-widget-heading .elementor-heading-title.elementor-size-small{font-size:15px}.elementor-widget-heading .elementor-heading-title.elementor-size-medium{font-size:19px}.elementor-widget-heading .elementor-heading-title.elementor-size-large{font-size:29px}.elementor-widget-heading .elementor-heading-title.elementor-size-xl{font-size:39px}.elementor-widget-heading .elementor-heading-title.elementor-size-xxl{font-size:59px}<\/style><h2 class=\"elementor-heading-title elementor-size-default\">\ufeffMESSING-GRUNDMETALL\n<\/h2>\t\t<\/div>\n\t\t\t\t<\/div>\n\t\t\t\t\t<\/div>\n\t\t<\/div>\n\t\t\t\t\t\t\t<\/div>\n\t\t<\/section>\n\t\t\t\t<section class=\"elementor-section elementor-top-section elementor-element elementor-element-5987901 elementor-section-boxed elementor-section-height-default elementor-section-height-default\" data-id=\"5987901\" data-element_type=\"section\">\n\t\t\t\t\t\t<div class=\"elementor-container elementor-column-gap-default\">\n\t\t\t\t\t<div class=\"elementor-column elementor-col-100 elementor-top-column elementor-element elementor-element-51cb038\" data-id=\"51cb038\" data-element_type=\"column\">\n\t\t\t<div class=\"elementor-widget-wrap elementor-element-populated\">\n\t\t\t\t\t\t\t\t<div class=\"elementor-element elementor-element-706462b elementor-hidden-desktop elementor-hidden-tablet elementor-hidden-mobile elementor-widget elementor-widget-html\" data-id=\"706462b\" data-element_type=\"widget\" data-widget_type=\"html.default\">\n\t\t\t\t<div class=\"elementor-widget-container\">\n\t\t\t<iframe width=\"600\" height=\"371\" seamless frameborder=\"0\" scrolling=\"no\" src=\"https:\/\/docs.google.com\/spreadsheets\/d\/e\/2PACX-1vQpyt5o1AfUnjt-a3kD-OdRM7YDc3is8LlZiZygI1wXrQglVSWYPOjRnrgZDPS4bx2IHWoygGwYwkOU\/pubchart?oid=1515859169&amp;format=interactive\"><\/iframe>\t\t<\/div>\n\t\t\t\t<\/div>\n\t\t\t\t<div class=\"elementor-element elementor-element-f1c3b70 elementor-widget elementor-widget-image\" data-id=\"f1c3b70\" data-element_type=\"widget\" data-widget_type=\"image.default\">\n\t\t\t\t<div class=\"elementor-widget-container\">\n\t\t\t<style>\/*! elementor - v3.15.0 - 20-08-2023 *\/\n.elementor-widget-image{text-align:center}.elementor-widget-image a{display:inline-block}.elementor-widget-image a img[src$=\".svg\"]{width:48px}.elementor-widget-image img{vertical-align:middle;display:inline-block}<\/style>\t\t\t\t\t\t\t\t\t\t\t\t<img decoding=\"async\" width=\"640\" height=\"327\" src=\"https:\/\/www.filtoprofiles.com\/wp-content\/uploads\/2023\/03\/brass-price.jpeg\" class=\"attachment-large size-large wp-image-6052\" alt=\"\" srcset=\"https:\/\/www.filtoprofiles.com\/wp-content\/uploads\/2023\/03\/brass-price.jpeg 640w, https:\/\/www.filtoprofiles.com\/wp-content\/uploads\/2023\/03\/brass-price-300x153.jpeg 300w, https:\/\/www.filtoprofiles.com\/wp-content\/uploads\/2023\/03\/brass-price-600x307.jpeg 600w\" sizes=\"(max-width: 640px) 100vw, 640px\" \/>\t\t\t\t\t\t\t\t\t\t\t\t\t\t\t<\/div>\n\t\t\t\t<\/div>\n\t\t\t\t\t<\/div>\n\t\t<\/div>\n\t\t\t\t\t\t\t<\/div>\n\t\t<\/section>\n\t\t\t\t<section class=\"elementor-section elementor-top-section elementor-element elementor-element-60ed652 elementor-section-boxed elementor-section-height-default elementor-section-height-default\" data-id=\"60ed652\" data-element_type=\"section\">\n\t\t\t\t\t\t<div class=\"elementor-container elementor-column-gap-default\">\n\t\t\t\t\t<div class=\"elementor-column elementor-col-100 elementor-top-column elementor-element elementor-element-4f614ae\" data-id=\"4f614ae\" data-element_type=\"column\">\n\t\t\t<div class=\"elementor-widget-wrap elementor-element-populated\">\n\t\t\t\t\t\t\t\t<div class=\"elementor-element elementor-element-6529789 elementor-widget elementor-widget-text-editor\" data-id=\"6529789\" data-element_type=\"widget\" data-widget_type=\"text-editor.default\">\n\t\t\t\t<div class=\"elementor-widget-container\">\n\t\t\t<style>\/*! elementor - v3.15.0 - 20-08-2023 *\/\n.elementor-widget-text-editor.elementor-drop-cap-view-stacked .elementor-drop-cap{background-color:#69727d;color:#fff}.elementor-widget-text-editor.elementor-drop-cap-view-framed .elementor-drop-cap{color:#69727d;border:3px solid;background-color:transparent}.elementor-widget-text-editor:not(.elementor-drop-cap-view-default) .elementor-drop-cap{margin-top:8px}.elementor-widget-text-editor:not(.elementor-drop-cap-view-default) .elementor-drop-cap-letter{width:1em;height:1em}.elementor-widget-text-editor .elementor-drop-cap{float:left;text-align:center;line-height:1;font-size:50px}.elementor-widget-text-editor .elementor-drop-cap-letter{display:inline-block}<\/style>\t\t\t\t<p>Die Referenzpreise auf dieser Webseite sollten nur als Anhaltspunkte betrachtet werden und sind rein statistischer Natur. Die Metallpreise unterliegen st\u00e4ndigen Schwankungen und k\u00f6nnen sich oft innerhalb von Minuten dramatisch \u00e4ndern. Wir bitten Sie, sich bei Bedarf mit unserem Verkaufsteam nach den aktuellen Preisen zu erkundigen.<\/p>\t\t\t\t\t\t<\/div>\n\t\t\t\t<\/div>\n\t\t\t\t\t<\/div>\n\t\t<\/div>\n\t\t\t\t\t\t\t<\/div>\n\t\t<\/section>\n\t\t\t\t\t\t\t<\/div>\n\t\t","protected":false},"excerpt":{"rendered":"<p>\ufeffMESSING-GRUNDMETALL Die Referenzpreise auf dieser Webseite sollten nur als Anhaltspunkte betrachtet werden und sind rein statistischer Natur. Die Metallpreise unterliegen st\u00e4ndigen Schwankungen und k\u00f6nnen sich oft innerhalb von Minuten dramatisch \u00e4ndern. Wir bitten Sie, sich bei Bedarf mit unserem Verkaufsteam nach den aktuellen Preisen zu erkundigen.<\/p>\n","protected":false},"author":2,"featured_media":0,"parent":0,"menu_order":0,"comment_status":"closed","ping_status":"closed","template":"","meta":{"footnotes":""},"class_list":["post-2367","page","type-page","status-publish","hentry"],"yoast_head":"<!-- This site is optimized with the Yoast SEO Premium plugin v27.1 (Yoast SEO v27.1.1) - https:\/\/yoast.com\/product\/yoast-seo-premium-wordpress\/ -->\n<title>\ufeffMESSING-GRUNDMETALL - Filto Profiles<\/title>\n<meta name=\"robots\" content=\"index, follow, max-snippet:-1, max-image-preview:large, max-video-preview:-1\" \/>\n<link rel=\"canonical\" href=\"https:\/\/www.filtoprofiles.com\/de\/messing-grundmetall\/\" \/>\n<meta property=\"og:locale\" content=\"de_DE\" \/>\n<meta property=\"og:type\" content=\"article\" \/>\n<meta property=\"og:title\" content=\"\ufeffMESSING-GRUNDMETALL\" \/>\n<meta property=\"og:description\" content=\"\ufeffMESSING-GRUNDMETALL Die Referenzpreise auf dieser Webseite sollten nur als Anhaltspunkte betrachtet werden und sind rein statistischer Natur. Die Metallpreise unterliegen st\u00e4ndigen Schwankungen und k\u00f6nnen sich oft innerhalb von Minuten dramatisch \u00e4ndern. Wir bitten Sie, sich bei Bedarf mit unserem Verkaufsteam nach den aktuellen Preisen zu erkundigen.\" \/>\n<meta property=\"og:url\" content=\"https:\/\/www.filtoprofiles.com\/de\/messing-grundmetall\/\" \/>\n<meta property=\"og:site_name\" content=\"Filto Profiles\" \/>\n<meta property=\"article:publisher\" content=\"https:\/\/www.facebook.com\/filtoprofiles\" \/>\n<meta property=\"article:modified_time\" content=\"2023-03-20T13:01:26+00:00\" \/>\n<meta property=\"og:image\" content=\"https:\/\/www.filtoprofiles.com\/wp-content\/uploads\/2023\/03\/brass-price.jpeg\" \/>\n<meta name=\"twitter:card\" content=\"summary_large_image\" \/>\n<script type=\"application\/ld+json\" class=\"yoast-schema-graph\">{\"@context\":\"https:\/\/schema.org\",\"@graph\":[{\"@type\":\"WebPage\",\"@id\":\"https:\/\/www.filtoprofiles.com\/de\/messing-grundmetall\/\",\"url\":\"https:\/\/www.filtoprofiles.com\/de\/messing-grundmetall\/\",\"name\":\"\ufeffMESSING-GRUNDMETALL - Filto Profiles\",\"isPartOf\":{\"@id\":\"https:\/\/www.filtoprofiles.com\/#website\"},\"primaryImageOfPage\":{\"@id\":\"https:\/\/www.filtoprofiles.com\/de\/messing-grundmetall\/#primaryimage\"},\"image\":{\"@id\":\"https:\/\/www.filtoprofiles.com\/de\/messing-grundmetall\/#primaryimage\"},\"thumbnailUrl\":\"https:\/\/www.filtoprofiles.com\/wp-content\/uploads\/2023\/03\/brass-price.jpeg\",\"datePublished\":\"2022-06-15T11:52:11+00:00\",\"dateModified\":\"2023-03-20T13:01:26+00:00\",\"breadcrumb\":{\"@id\":\"https:\/\/www.filtoprofiles.com\/de\/messing-grundmetall\/#breadcrumb\"},\"inLanguage\":\"de\",\"potentialAction\":[{\"@type\":\"ReadAction\",\"target\":[\"https:\/\/www.filtoprofiles.com\/de\/messing-grundmetall\/\"]}]},{\"@type\":\"ImageObject\",\"inLanguage\":\"de\",\"@id\":\"https:\/\/www.filtoprofiles.com\/de\/messing-grundmetall\/#primaryimage\",\"url\":\"https:\/\/www.filtoprofiles.com\/wp-content\/uploads\/2023\/03\/brass-price.jpeg\",\"contentUrl\":\"https:\/\/www.filtoprofiles.com\/wp-content\/uploads\/2023\/03\/brass-price.jpeg\"},{\"@type\":\"BreadcrumbList\",\"@id\":\"https:\/\/www.filtoprofiles.com\/de\/messing-grundmetall\/#breadcrumb\",\"itemListElement\":[{\"@type\":\"ListItem\",\"position\":1,\"name\":\"Home\",\"item\":\"https:\/\/www.filtoprofiles.com\/ca\/\"},{\"@type\":\"ListItem\",\"position\":2,\"name\":\"\ufeffMESSING-GRUNDMETALL\"}]},{\"@type\":\"WebSite\",\"@id\":\"https:\/\/www.filtoprofiles.com\/#website\",\"url\":\"https:\/\/www.filtoprofiles.com\/\",\"name\":\"Filto Profiles\",\"description\":\"Brass Profiles Producer\",\"publisher\":{\"@id\":\"https:\/\/www.filtoprofiles.com\/#organization\"},\"alternateName\":\"Filto\",\"potentialAction\":[{\"@type\":\"SearchAction\",\"target\":{\"@type\":\"EntryPoint\",\"urlTemplate\":\"https:\/\/www.filtoprofiles.com\/?s={search_term_string}\"},\"query-input\":{\"@type\":\"PropertyValueSpecification\",\"valueRequired\":true,\"valueName\":\"search_term_string\"}}],\"inLanguage\":\"de\"},{\"@type\":\"Organization\",\"@id\":\"https:\/\/www.filtoprofiles.com\/#organization\",\"name\":\"Filto Profiles\",\"alternateName\":\"Filto\",\"url\":\"https:\/\/www.filtoprofiles.com\/\",\"logo\":{\"@type\":\"ImageObject\",\"inLanguage\":\"de\",\"@id\":\"https:\/\/www.filtoprofiles.com\/#\/schema\/logo\/image\/\",\"url\":\"https:\/\/www.filtoprofiles.com\/wp-content\/uploads\/2023\/04\/filto-logo.jpg\",\"contentUrl\":\"https:\/\/www.filtoprofiles.com\/wp-content\/uploads\/2023\/04\/filto-logo.jpg\",\"width\":420,\"height\":420,\"caption\":\"Filto Profiles\"},\"image\":{\"@id\":\"https:\/\/www.filtoprofiles.com\/#\/schema\/logo\/image\/\"},\"sameAs\":[\"https:\/\/www.facebook.com\/filtoprofiles\",\"https:\/\/www.linkedin.com\/company\/3302369\"]}]}<\/script>\n<!-- \/ Yoast SEO Premium plugin. -->","yoast_head_json":{"title":"\ufeffMESSING-GRUNDMETALL - Filto Profiles","robots":{"index":"index","follow":"follow","max-snippet":"max-snippet:-1","max-image-preview":"max-image-preview:large","max-video-preview":"max-video-preview:-1"},"canonical":"https:\/\/www.filtoprofiles.com\/de\/messing-grundmetall\/","og_locale":"de_DE","og_type":"article","og_title":"\ufeffMESSING-GRUNDMETALL","og_description":"\ufeffMESSING-GRUNDMETALL Die Referenzpreise auf dieser Webseite sollten nur als Anhaltspunkte betrachtet werden und sind rein statistischer Natur. Die Metallpreise unterliegen st\u00e4ndigen Schwankungen und k\u00f6nnen sich oft innerhalb von Minuten dramatisch \u00e4ndern. Wir bitten Sie, sich bei Bedarf mit unserem Verkaufsteam nach den aktuellen Preisen zu erkundigen.","og_url":"https:\/\/www.filtoprofiles.com\/de\/messing-grundmetall\/","og_site_name":"Filto Profiles","article_publisher":"https:\/\/www.facebook.com\/filtoprofiles","article_modified_time":"2023-03-20T13:01:26+00:00","og_image":[{"url":"https:\/\/www.filtoprofiles.com\/wp-content\/uploads\/2023\/03\/brass-price.jpeg","type":"","width":"","height":""}],"twitter_card":"summary_large_image","schema":{"@context":"https:\/\/schema.org","@graph":[{"@type":"WebPage","@id":"https:\/\/www.filtoprofiles.com\/de\/messing-grundmetall\/","url":"https:\/\/www.filtoprofiles.com\/de\/messing-grundmetall\/","name":"\ufeffMESSING-GRUNDMETALL - Filto Profiles","isPartOf":{"@id":"https:\/\/www.filtoprofiles.com\/#website"},"primaryImageOfPage":{"@id":"https:\/\/www.filtoprofiles.com\/de\/messing-grundmetall\/#primaryimage"},"image":{"@id":"https:\/\/www.filtoprofiles.com\/de\/messing-grundmetall\/#primaryimage"},"thumbnailUrl":"https:\/\/www.filtoprofiles.com\/wp-content\/uploads\/2023\/03\/brass-price.jpeg","datePublished":"2022-06-15T11:52:11+00:00","dateModified":"2023-03-20T13:01:26+00:00","breadcrumb":{"@id":"https:\/\/www.filtoprofiles.com\/de\/messing-grundmetall\/#breadcrumb"},"inLanguage":"de","potentialAction":[{"@type":"ReadAction","target":["https:\/\/www.filtoprofiles.com\/de\/messing-grundmetall\/"]}]},{"@type":"ImageObject","inLanguage":"de","@id":"https:\/\/www.filtoprofiles.com\/de\/messing-grundmetall\/#primaryimage","url":"https:\/\/www.filtoprofiles.com\/wp-content\/uploads\/2023\/03\/brass-price.jpeg","contentUrl":"https:\/\/www.filtoprofiles.com\/wp-content\/uploads\/2023\/03\/brass-price.jpeg"},{"@type":"BreadcrumbList","@id":"https:\/\/www.filtoprofiles.com\/de\/messing-grundmetall\/#breadcrumb","itemListElement":[{"@type":"ListItem","position":1,"name":"Home","item":"https:\/\/www.filtoprofiles.com\/ca\/"},{"@type":"ListItem","position":2,"name":"\ufeffMESSING-GRUNDMETALL"}]},{"@type":"WebSite","@id":"https:\/\/www.filtoprofiles.com\/#website","url":"https:\/\/www.filtoprofiles.com\/","name":"Filto Profiles","description":"Brass Profiles Producer","publisher":{"@id":"https:\/\/www.filtoprofiles.com\/#organization"},"alternateName":"Filto","potentialAction":[{"@type":"SearchAction","target":{"@type":"EntryPoint","urlTemplate":"https:\/\/www.filtoprofiles.com\/?s={search_term_string}"},"query-input":{"@type":"PropertyValueSpecification","valueRequired":true,"valueName":"search_term_string"}}],"inLanguage":"de"},{"@type":"Organization","@id":"https:\/\/www.filtoprofiles.com\/#organization","name":"Filto Profiles","alternateName":"Filto","url":"https:\/\/www.filtoprofiles.com\/","logo":{"@type":"ImageObject","inLanguage":"de","@id":"https:\/\/www.filtoprofiles.com\/#\/schema\/logo\/image\/","url":"https:\/\/www.filtoprofiles.com\/wp-content\/uploads\/2023\/04\/filto-logo.jpg","contentUrl":"https:\/\/www.filtoprofiles.com\/wp-content\/uploads\/2023\/04\/filto-logo.jpg","width":420,"height":420,"caption":"Filto Profiles"},"image":{"@id":"https:\/\/www.filtoprofiles.com\/#\/schema\/logo\/image\/"},"sameAs":["https:\/\/www.facebook.com\/filtoprofiles","https:\/\/www.linkedin.com\/company\/3302369"]}]}},"_links":{"self":[{"href":"https:\/\/www.filtoprofiles.com\/de\/wp-json\/wp\/v2\/pages\/2367","targetHints":{"allow":["GET"]}}],"collection":[{"href":"https:\/\/www.filtoprofiles.com\/de\/wp-json\/wp\/v2\/pages"}],"about":[{"href":"https:\/\/www.filtoprofiles.com\/de\/wp-json\/wp\/v2\/types\/page"}],"author":[{"embeddable":true,"href":"https:\/\/www.filtoprofiles.com\/de\/wp-json\/wp\/v2\/users\/2"}],"replies":[{"embeddable":true,"href":"https:\/\/www.filtoprofiles.com\/de\/wp-json\/wp\/v2\/comments?post=2367"}],"version-history":[{"count":10,"href":"https:\/\/www.filtoprofiles.com\/de\/wp-json\/wp\/v2\/pages\/2367\/revisions"}],"predecessor-version":[{"id":6062,"href":"https:\/\/www.filtoprofiles.com\/de\/wp-json\/wp\/v2\/pages\/2367\/revisions\/6062"}],"wp:attachment":[{"href":"https:\/\/www.filtoprofiles.com\/de\/wp-json\/wp\/v2\/media?parent=2367"}],"curies":[{"name":"wp","href":"https:\/\/api.w.org\/{rel}","templated":true}]}}