{"id":3123,"date":"2022-05-17T09:42:00","date_gmt":"2022-05-17T09:42:00","guid":{"rendered":"https:\/\/www.filtoprofiles.com\/product\/angles\/"},"modified":"2023-04-12T07:39:25","modified_gmt":"2023-04-12T07:39:25","slug":"angles","status":"publish","type":"product","link":"https:\/\/www.filtoprofiles.com\/ca\/producte\/angles\/","title":{"rendered":"Angles"},"content":{"rendered":"<h5><b>\u00a0ANGLES EST\u00c0NDARDS M\u00c8TRICS IGUALS DE LLAUT\u00d3 A X A XT (mil\u00b7l\u00edmetres)<br \/>\n<\/b><\/h5>\n<p><div id=\"tablepress-3-scroll-wrapper\" class=\"tablepress-scroll-wrapper\">\n\n<table id=\"tablepress-3\" class=\"tablepress tablepress-id-3 tablepress-responsive\">\n<tbody class=\"row-striping row-hover\">\n<tr class=\"row-1\">\n\t<td class=\"column-1\">10X10X1<\/td><td class=\"column-2\">12X12X1<\/td><td class=\"column-3\">15X15X1<\/td><td class=\"column-4\">20x20x1<\/td><td class=\"column-5\">25x25x1<\/td><td class=\"column-6\">30X30X1.5<\/td><td class=\"column-7\">35X35X2<\/td><td class=\"column-8\">40X40X1.5<\/td><td class=\"column-9\">50X50X2<\/td><td class=\"column-10\">60X60X3<br \/>\n<\/td>\n<\/tr>\n<tr class=\"row-2\">\n\t<td class=\"column-1\">10X10X1.2<br \/>\n<br \/>\n<\/td><td class=\"column-2\">12X12X1.5<br \/>\n<br \/>\n<\/td><td class=\"column-3\">15X15X1.25<br \/>\n<br \/>\n<\/td><td class=\"column-4\">20x20x1.15 <\/td><td class=\"column-5\">25x25x1.5<\/td><td class=\"column-6\">30X30X2<\/td><td class=\"column-7\">35X35X3<\/td><td class=\"column-8\">35X35X3<\/td><td class=\"column-9\">50X50X3<\/td><td class=\"column-10\">60X60X4<\/td>\n<\/tr>\n<tr class=\"row-3\">\n\t<td class=\"column-1\">10X10X1.5<\/td><td class=\"column-2\">12X12X2<\/td><td class=\"column-3\">15X15X1.5<\/td><td class=\"column-4\">20x20x1.2<\/td><td class=\"column-5\">25X25X2<\/td><td class=\"column-6\">30X30X3<\/td><td class=\"column-7\">35X35X4<\/td><td class=\"column-8\">40X40X3<\/td><td class=\"column-9\">50X50X4<\/td><td class=\"column-10\">60X60X5<\/td>\n<\/tr>\n<tr class=\"row-4\">\n\t<td class=\"column-1\">10X10X2<\/td><td class=\"column-2\">12X12X3<\/td><td class=\"column-3\">15x15x2<br \/>\n<br \/>\n<\/td><td class=\"column-4\">20x20x1.5<\/td><td class=\"column-5\">25X25X3<\/td><td class=\"column-6\">30X30X4<\/td><td class=\"column-7\">35X35X5<\/td><td class=\"column-8\">40X40X4<\/td><td class=\"column-9\">50X50X5<\/td><td class=\"column-10\">60X60X6<\/td>\n<\/tr>\n<tr class=\"row-5\">\n\t<td class=\"column-1\">10x10X3<\/td><td class=\"column-2\">12X12X5<\/td><td class=\"column-3\">15X15X3<\/td><td class=\"column-4\">20X20X2<\/td><td class=\"column-5\">25X25X4<\/td><td class=\"column-6\">30X30X5<\/td><td class=\"column-7\">35X35X6 <\/td><td class=\"column-8\">40X40X5<\/td><td class=\"column-9\">50x50x6<\/td><td class=\"column-10\">60X60X15<\/td>\n<\/tr>\n<tr class=\"row-6\">\n\t<td class=\"column-1\"><\/td><td class=\"column-2\"><\/td><td class=\"column-3\">15x15x5<\/td><td class=\"column-4\">20X20X3<\/td><td class=\"column-5\">25X25X5<\/td><td class=\"column-6\"><\/td><td class=\"column-7\"><\/td><td class=\"column-8\"> 40X40X10<\/td><td class=\"column-9\">50X50X10<\/td><td class=\"column-10\"><\/td>\n<\/tr>\n<tr class=\"row-7\">\n\t<td class=\"column-1\">8X8X1 <\/td><td class=\"column-2\"><\/td><td class=\"column-3\"> 16X16X3<\/td><td class=\"column-4\">20X20X4<\/td><td class=\"column-5\"><\/td><td class=\"column-6\">33X33X3<\/td><td class=\"column-7\"><\/td><td class=\"column-8\"><\/td><td class=\"column-9\"><\/td><td class=\"column-10\">63X63X6.9<\/td>\n<\/tr>\n<tr class=\"row-8\">\n\t<td class=\"column-1\">8X8X2<\/td><td class=\"column-2\"><\/td><td class=\"column-3\"><\/td><td class=\"column-4\"><\/td><td class=\"column-5\"><\/td><td class=\"column-6\"><\/td><td class=\"column-7\"><\/td><td class=\"column-8\"><\/td><td class=\"column-9\"><\/td><td class=\"column-10\"><\/td>\n<\/tr>\n<tr class=\"row-9\">\n\t<td class=\"column-1\"><\/td><td class=\"column-2\"><\/td><td class=\"column-3\">18X18X6 <\/td><td class=\"column-4\"><\/td><td class=\"column-5\"><\/td><td class=\"column-6\"><\/td><td class=\"column-7\"><\/td><td class=\"column-8\"><\/td><td class=\"column-9\"><\/td><td class=\"column-10\">70X70X15<\/td>\n<\/tr>\n<tr class=\"row-10\">\n\t<td class=\"column-1\">6x6x1 <\/td><td class=\"column-2\"><\/td><td class=\"column-3\"><\/td><td class=\"column-4\"><\/td><td class=\"column-5\"><\/td><td class=\"column-6\"><\/td><td class=\"column-7\"><\/td><td class=\"column-8\"><\/td><td class=\"column-9\"><\/td><td class=\"column-10\"><\/td>\n<\/tr>\n<tr class=\"row-11\">\n\t<td class=\"column-1\"><\/td><td class=\"column-2\"><\/td><td class=\"column-3\">19X19X3 <\/td><td class=\"column-4\"><\/td><td class=\"column-5\"><\/td><td class=\"column-6\"><\/td><td class=\"column-7\"><\/td><td class=\"column-8\"><\/td><td class=\"column-9\"><\/td><td class=\"column-10\"><\/td>\n<\/tr>\n<\/tbody>\n<\/table>\n\n<\/div><!-- #tablepress-3 from cache --><br \/>\n<em><strong>* Altres mides d&#8217;angles amb costats iguals de llaut\u00f3 en sistema m\u00e8tric a petici\u00f3.<\/strong><\/em><\/p>\n<p>&nbsp;<\/p>\n<h5>ANGLES DESIGUALS DE LLAUT\u00d3 M\u00c8TRIC EST\u00c0NDARD A X A X T (mil\u00b7l\u00edmetres)<\/h5>\n<p><div id=\"tablepress-4-scroll-wrapper\" class=\"tablepress-scroll-wrapper\">\n\n<table id=\"tablepress-4\" class=\"tablepress tablepress-id-4 tablepress-responsive\">\n<tbody class=\"row-striping row-hover\">\n<tr class=\"row-1\">\n\t<td class=\"column-1\">10x12X1.5<\/td><td class=\"column-2\">12X11X2<\/td><td class=\"column-3\">15X10X1.5<\/td><td class=\"column-4\">20X6.5X2<\/td><td class=\"column-5\">25X10X2<\/td><td class=\"column-6\"> 30X10X3<\/td><td class=\"column-7\">40X15X2<\/td><td class=\"column-8\">50X15X4<\/td><td class=\"column-9\">60X35X2<\/td>\n<\/tr>\n<tr class=\"row-2\">\n\t<td class=\"column-1\">10X15X1.5<\/td><td class=\"column-2\">12X10X1<\/td><td class=\"column-3\">15X10X2<\/td><td class=\"column-4\">20X8X1.5<\/td><td class=\"column-5\">25X10X5<\/td><td class=\"column-6\">30X11X2<\/td><td class=\"column-7\">40X20X3<\/td><td class=\"column-8\">50X20X2<\/td><td class=\"column-9\"><\/td>\n<\/tr>\n<tr class=\"row-3\">\n\t<td class=\"column-1\">10X15X2<\/td><td class=\"column-2\">12X10X1.5<\/td><td class=\"column-3\">15X10X8<\/td><td class=\"column-4\">20X8X2<\/td><td class=\"column-5\">25X15X2<\/td><td class=\"column-6\">30X15X1.5<\/td><td class=\"column-7\"> 40X20X4<\/td><td class=\"column-8\">50X25X2<\/td><td class=\"column-9\">60X90X5<\/td>\n<\/tr>\n<tr class=\"row-4\">\n\t<td class=\"column-1\">10X20X1.2<\/td><td class=\"column-2\">12X7X1.5<\/td><td class=\"column-3\">15X20X1.5<\/td><td class=\"column-4\">20X10X1.5<\/td><td class=\"column-5\">25X15X3 <\/td><td class=\"column-6\">30X15X2<\/td><td class=\"column-7\"> 40X20X5<\/td><td class=\"column-8\">50X25X5<\/td><td class=\"column-9\"><\/td>\n<\/tr>\n<tr class=\"row-5\">\n\t<td class=\"column-1\">10X20X1.5<\/td><td class=\"column-2\">12X25X3<\/td><td class=\"column-3\">15X20X2<\/td><td class=\"column-4\">20X10X2<\/td><td class=\"column-5\">25X22X3<\/td><td class=\"column-6\">30X15X3<\/td><td class=\"column-7\">40X25X3 <\/td><td class=\"column-8\">50X30X5<\/td><td class=\"column-9\">75X50X3 <\/td>\n<\/tr>\n<tr class=\"row-6\">\n\t<td class=\"column-1\">10X20X2<\/td><td class=\"column-2\">12X8X2 <\/td><td class=\"column-3\">15X25X2<\/td><td class=\"column-4\">20X10X3<\/td><td class=\"column-5\">25X35X6  <\/td><td class=\"column-6\">30X15X4<\/td><td class=\"column-7\"> 40X26X6<\/td><td class=\"column-8\">50X25X3<\/td><td class=\"column-9\"><\/td>\n<\/tr>\n<tr class=\"row-7\">\n\t<td class=\"column-1\">10X20X3<\/td><td class=\"column-2\"><\/td><td class=\"column-3\">15X30X2<\/td><td class=\"column-4\">20X15X2<\/td><td class=\"column-5\">25X40X3<\/td><td class=\"column-6\">30X20X2<\/td><td class=\"column-7\"><\/td><td class=\"column-8\">50X25X4<\/td><td class=\"column-9\"><\/td>\n<\/tr>\n<tr class=\"row-8\">\n\t<td class=\"column-1\">10X22X2<\/td><td class=\"column-2\"><\/td><td class=\"column-3\">15X30X3<\/td><td class=\"column-4\">20X15X3<\/td><td class=\"column-5\">25X50X2<\/td><td class=\"column-6\">30X22X3<\/td><td class=\"column-7\"> 40X80X3<\/td><td class=\"column-8\">50X40X5 <\/td><td class=\"column-9\"><\/td>\n<\/tr>\n<tr class=\"row-9\">\n\t<td class=\"column-1\">10X30X2<\/td><td class=\"column-2\"><\/td><td class=\"column-3\">15X30X4<\/td><td class=\"column-4\">20X15X4<\/td><td class=\"column-5\">25X50X4<\/td><td class=\"column-6\">30X25X2<\/td><td class=\"column-7\"><\/td><td class=\"column-8\">50X20X3<\/td><td class=\"column-9\"><\/td>\n<\/tr>\n<tr class=\"row-10\">\n\t<td class=\"column-1\">10X30X3<\/td><td class=\"column-2\"><\/td><td class=\"column-3\">15X55X3<\/td><td class=\"column-4\">20X24X7.5<\/td><td class=\"column-5\">25X50X5<\/td><td class=\"column-6\">30X25X3<\/td><td class=\"column-7\">42x28x2 <\/td><td class=\"column-8\"><\/td><td class=\"column-9\"><\/td>\n<\/tr>\n<tr class=\"row-11\">\n\t<td class=\"column-1\"> 10x35x2<\/td><td class=\"column-2\"><\/td><td class=\"column-3\">15x60x3<\/td><td class=\"column-4\">20X30X2<\/td><td class=\"column-5\"><\/td><td class=\"column-6\">30X40X3<\/td><td class=\"column-7\"><\/td><td class=\"column-8\"> 55X15X3<\/td><td class=\"column-9\"><\/td>\n<\/tr>\n<tr class=\"row-12\">\n\t<td class=\"column-1\">10x40x1,2<\/td><td class=\"column-2\"><\/td><td class=\"column-3\"><\/td><td class=\"column-4\">20X30X3<\/td><td class=\"column-5\">22X14X3<\/td><td class=\"column-6\">30X50X3<\/td><td class=\"column-7\"> 46X20X8<\/td><td class=\"column-8\"><\/td><td class=\"column-9\"><\/td>\n<\/tr>\n<tr class=\"row-13\">\n\t<td class=\"column-1\">9.95X4X2<\/td><td class=\"column-2\"><\/td><td class=\"column-3\"><\/td><td class=\"column-4\">20X40X2<\/td><td class=\"column-5\">22X19X3<\/td><td class=\"column-6\">30X50X5<\/td><td class=\"column-7\"><\/td><td class=\"column-8\"><\/td><td class=\"column-9\"><\/td>\n<\/tr>\n<tr class=\"row-14\">\n\t<td class=\"column-1\"><\/td><td class=\"column-2\"><\/td><td class=\"column-3\"><\/td><td class=\"column-4\">20X40X3<br \/>\n<br \/>\n<\/td><td class=\"column-5\"><\/td><td class=\"column-6\">30X50X8<\/td><td class=\"column-7\"><\/td><td class=\"column-8\"><\/td><td class=\"column-9\"><\/td>\n<\/tr>\n<tr class=\"row-15\">\n\t<td class=\"column-1\"><\/td><td class=\"column-2\"><\/td><td class=\"column-3\"><\/td><td class=\"column-4\">20X40X4<br \/>\n<br \/>\n<\/td><td class=\"column-5\">21X8.5X2<\/td><td class=\"column-6\">30X55X10<\/td><td class=\"column-7\"><\/td><td class=\"column-8\"><\/td><td class=\"column-9\"><\/td>\n<\/tr>\n<tr class=\"row-16\">\n\t<td class=\"column-1\"><\/td><td class=\"column-2\"><\/td><td class=\"column-3\"><\/td><td class=\"column-4\">20X40X8<br \/>\n<br \/>\n<\/td><td class=\"column-5\"><\/td><td class=\"column-6\">30X60X3<\/td><td class=\"column-7\"><\/td><td class=\"column-8\"><\/td><td class=\"column-9\"><\/td>\n<\/tr>\n<tr class=\"row-17\">\n\t<td class=\"column-1\"><\/td><td class=\"column-2\"><\/td><td class=\"column-3\"><\/td><td class=\"column-4\">20X46X8<br \/>\n<br \/>\n<\/td><td class=\"column-5\"><\/td><td class=\"column-6\">30X60X5<\/td><td class=\"column-7\"><\/td><td class=\"column-8\"><\/td><td class=\"column-9\"><\/td>\n<\/tr>\n<tr class=\"row-18\">\n\t<td class=\"column-1\"><\/td><td class=\"column-2\"><\/td><td class=\"column-3\"><\/td><td class=\"column-4\"><\/td><td class=\"column-5\"><\/td><td class=\"column-6\">30X65X10<br \/>\n<br \/>\n<\/td><td class=\"column-7\"><\/td><td class=\"column-8\"><\/td><td class=\"column-9\"><\/td>\n<\/tr>\n<\/tbody>\n<\/table>\n\n<\/div><!-- #tablepress-4 from cache --><em><br \/>\n* Altres mides d&#8217;angles amb costats desiguals de llaut\u00f3 en sistema m\u00e8tric a petici\u00f3.<\/em><\/p>\n<p>&nbsp;<\/p>\n<p>&nbsp;<\/p>\n<h5>ANGLES EST\u00c0NDARDS DE LLAUT\u00d3 IMPERIAL A X ALT XT (polzades)<\/h5>\n<p><div id=\"tablepress-5-scroll-wrapper\" class=\"tablepress-scroll-wrapper\">\n\n<table id=\"tablepress-5\" class=\"tablepress tablepress-id-5 tablepress-responsive\">\n<tbody class=\"row-striping row-hover\">\n<tr class=\"row-1\">\n\t<td class=\"column-1\">3\/8\" x 3\/8\" x 1\/16\"<br \/>\n<br \/>\n<\/td><td class=\"column-2\">3\/8\" x 3\/8\" x 1\/8<\/td><td class=\"column-3\">3\/8\u201d x 3\/8\u201d x 3\/16\"<\/td><td class=\"column-4\">3\/4\u201dx3\/4\u201dx1\/4\"<\/td>\n<\/tr>\n<tr class=\"row-2\">\n\t<td class=\"column-1\">5\/8\u201d x 5\/8\u201d x 1\/16\"<br \/>\n<br \/>\n<\/td><td class=\"column-2\">7\/8\" x 7\/8\" x 1\/8<\/td><td class=\"column-3\">1.3\/4\"x1.3\/4\" x 3\/16\"<\/td><td class=\"column-4\">1\" x 1\" x 1\/4\"<\/td>\n<\/tr>\n<tr class=\"row-3\">\n\t<td class=\"column-1\">1\/4\" x 1\/4\" x 1\/16\"<\/td><td class=\"column-2\">5\/8\" x 5\/8\" x 1\/8\"<\/td><td class=\"column-3\">2\" x 2\" x 3\/16\"<\/td><td class=\"column-4\">1.1\/4\u201d x 1.1\/4\u201d x 1\/4\"<\/td>\n<\/tr>\n<tr class=\"row-4\">\n\t<td class=\"column-1\">1\/2\u201d x 1\/4\u201d x 1\/16\"<\/td><td class=\"column-2\">1\/2\u201d x 1\/2\u201d x 1\/8\u201d<\/td><td class=\"column-3\">1\u201d x 1\u201d x 3\/16\"<\/td><td class=\"column-4\">1.1\/2\u201dx1.1\/2\u201dx1\/4\"<\/td>\n<\/tr>\n<tr class=\"row-5\">\n\t<td class=\"column-1\">1\/2\" x 1\/2\" x 1\/16\"<\/td><td class=\"column-2\">3\/4\"x 3\/4\" x 1\/8\"<\/td><td class=\"column-3\">1.1\/4\" x 1.1\/4\" x 3\/16\"<\/td><td class=\"column-4\">1.3\/4\u201d x 1.\/4\u201dx 1\/4\"<\/td>\n<\/tr>\n<tr class=\"row-6\">\n\t<td class=\"column-1\">3\/4\" x 3\/4\" x 1\/16\"<br \/>\n<br \/>\n<\/td><td class=\"column-2\">1\" x 1\" x 1\/8\"<\/td><td class=\"column-3\">3\/4\" x 3\/4\" x 3\/16\"<\/td><td class=\"column-4\">2\" x 2\" x 1\/4\"<\/td>\n<\/tr>\n<tr class=\"row-7\">\n\t<td class=\"column-1\">1\u201d x 1\u201d x 1\/16\"<\/td><td class=\"column-2\">1.1\/4\u201d x 1.1\/4\u201d x 1\/8\u201d<\/td><td class=\"column-3\">5\/8\" x 5\/8\" x 3\/16\"<\/td><td class=\"column-4\">3\" x 2\" x 1\/4\"<\/td>\n<\/tr>\n<tr class=\"row-8\">\n\t<td class=\"column-1\">1.1\/2\u201d x 1\/4\u201dx 1\/16\"<\/td><td class=\"column-2\">1.1\/2\"x 3\/4\" x 1\/8\"<\/td><td class=\"column-3\">1.1\/2\" x 1\" x 3\/16\"<\/td><td class=\"column-4\">3\" x 3\" x 1\/4\"<\/td>\n<\/tr>\n<tr class=\"row-9\">\n\t<td class=\"column-1\">5\/16\u201d x 5\/16\u201d x 1\/16\"<\/td><td class=\"column-2\">1.1\/2\" x 1\u201d x 1\/8\"<\/td><td class=\"column-3\"><\/td><td class=\"column-4\">1.1\/2\" x 1\" x 1\/4\"<\/td>\n<\/tr>\n<tr class=\"row-10\">\n\t<td class=\"column-1\">1.1\/2\" x 1.1\/2\" x 1\/16\"<\/td><td class=\"column-2\">1.1\/2\" x 1.1\/2\" x 1\/8\"<\/td><td class=\"column-3\"><\/td><td class=\"column-4\"><\/td>\n<\/tr>\n<tr class=\"row-11\">\n\t<td class=\"column-1\">1.1\/4\" x 1.1\/4\" x 1\/16\"<\/td><td class=\"column-2\">1\" x 3\/4\" x 1\/8\"<\/td><td class=\"column-3\"><\/td><td class=\"column-4\"><\/td>\n<\/tr>\n<tr class=\"row-12\">\n\t<td class=\"column-1\"><\/td><td class=\"column-2\">1.3\/4\" x 1.3\/4\" x 1\/8\"<br \/>\n<br \/>\n<\/td><td class=\"column-3\"><\/td><td class=\"column-4\"><\/td>\n<\/tr>\n<tr class=\"row-13\">\n\t<td class=\"column-1\"><\/td><td class=\"column-2\">2\" x 1\" x 1\/8\"<br \/>\n<br \/>\n<\/td><td class=\"column-3\"><\/td><td class=\"column-4\"><\/td>\n<\/tr>\n<tr class=\"row-14\">\n\t<td class=\"column-1\"><\/td><td class=\"column-2\">2\u201d x 2\u201d x 1\/8\"<br \/>\n<br \/>\n<\/td><td class=\"column-3\"><\/td><td class=\"column-4\"><\/td>\n<\/tr>\n<tr class=\"row-15\">\n\t<td class=\"column-1\"><\/td><td class=\"column-2\">1\" x 1\/2\" x 1\/8\"<br \/>\n<br \/>\n<\/td><td class=\"column-3\"><\/td><td class=\"column-4\"><\/td>\n<\/tr>\n<tr class=\"row-16\">\n\t<td class=\"column-1\"><\/td><td class=\"column-2\">2.1\/2\" x 2.1\/2 x 1\/8\"<br \/>\n<br \/>\n<\/td><td class=\"column-3\"><\/td><td class=\"column-4\"><\/td>\n<\/tr>\n<tr class=\"row-17\">\n\t<td class=\"column-1\"><\/td><td class=\"column-2\">1,1\/2\" x 1\/2\" x 1\/8\"<br \/>\n<br \/>\n<\/td><td class=\"column-3\"><\/td><td class=\"column-4\"><\/td>\n<\/tr>\n<\/tbody>\n<\/table>\n\n<\/div><!-- #tablepress-5 from cache --><em><br \/>\n* Altres mides d&#8217;angles de llaut\u00f3 en sistema imperial a petici\u00f3.<\/em><\/p>\n<p>&nbsp;<\/p>\n<p>&nbsp;<\/p>\n<p>&nbsp;<\/p>\n<p>&nbsp;<\/p>\n<p>&nbsp;<\/p>\n","protected":false},"excerpt":{"rendered":"<p>Filto Profiles produeix angles de llaut\u00f3 que s&#8217;utilitzen normalment amb finalitats decoratives. Subministrem angles en sistema m\u00e8tric i en sistema imperial, amb una \u00e0mplia varietat d\u2019aliatges i mides a preus competitius i alta qualitat.<\/p>\n<p>Tall a la longitud sol\u00b7licitada fins a 6 metres.<\/p>\n<p>Els nostres enginyers experimentats us ajudaran de bon grat a triar quina mida, aliatge i longitud dels nostres angles de llaut\u00f3 \u00e9s el que necessita.<\/p>\n<p>A continuaci\u00f3 hi ha la llista actualitzada dels nostres angles de llaut\u00f3 ens sistema m\u00e8tric i imperial, angles de llaut\u00f3 amb costats iguals i angles de llaut\u00f3 amb costats desiguals.<\/p>\n","protected":false},"featured_media":1593,"template":"","meta":[],"product_cat":[66],"product_tag":[],"class_list":["post-3123","product","type-product","status-publish","has-post-thumbnail","hentry","product_cat-seccions"],"yoast_head":"<!-- This site is optimized with the Yoast SEO Premium plugin v27.1 (Yoast SEO v27.1.1) - https:\/\/yoast.com\/product\/yoast-seo-premium-wordpress\/ -->\n<title>Angles de Llaut\u00f3 - Filto Profiles<\/title>\n<meta name=\"description\" content=\"Filto produeix angles de llaut\u00f3 que s\u2019utilitzen amb finalitats decoratives. Subministrem angles en sistema m\u00e8tric i en sistema imperial\" \/>\n<meta name=\"robots\" content=\"index, follow, max-snippet:-1, max-image-preview:large, max-video-preview:-1\" \/>\n<link rel=\"canonical\" href=\"https:\/\/www.filtoprofiles.com\/ca\/producte\/angles\/\" \/>\n<meta property=\"og:locale\" content=\"ca_ES\" \/>\n<meta property=\"og:type\" content=\"article\" \/>\n<meta property=\"og:title\" content=\"Angles\" \/>\n<meta property=\"og:description\" content=\"Filto produeix angles de llaut\u00f3 que s\u2019utilitzen amb finalitats decoratives. Subministrem angles en sistema m\u00e8tric i en sistema imperial\" \/>\n<meta property=\"og:url\" content=\"https:\/\/www.filtoprofiles.com\/ca\/producte\/angles\/\" \/>\n<meta property=\"og:site_name\" content=\"Filto Profiles\" \/>\n<meta property=\"article:publisher\" content=\"https:\/\/www.facebook.com\/filtoprofiles\" \/>\n<meta property=\"article:modified_time\" content=\"2023-04-12T07:39:25+00:00\" \/>\n<meta property=\"og:image\" content=\"https:\/\/www.filtoprofiles.com\/wp-content\/uploads\/2022\/04\/foto01b_1.jpg\" \/>\n\t<meta property=\"og:image:width\" content=\"1722\" \/>\n\t<meta property=\"og:image:height\" content=\"2188\" \/>\n\t<meta property=\"og:image:type\" content=\"image\/jpeg\" \/>\n<meta name=\"twitter:card\" content=\"summary_large_image\" \/>\n<meta name=\"twitter:label1\" content=\"Temps estimat de lectura\" \/>\n\t<meta name=\"twitter:data1\" content=\"1 minut\" \/>\n<script type=\"application\/ld+json\" class=\"yoast-schema-graph\">{\"@context\":\"https:\/\/schema.org\",\"@graph\":[{\"@type\":\"WebPage\",\"@id\":\"https:\/\/www.filtoprofiles.com\/ca\/producte\/angles\/\",\"url\":\"https:\/\/www.filtoprofiles.com\/ca\/producte\/angles\/\",\"name\":\"Angles de Llaut\u00f3 - Filto Profiles\",\"isPartOf\":{\"@id\":\"https:\/\/www.filtoprofiles.com\/#website\"},\"primaryImageOfPage\":{\"@id\":\"https:\/\/www.filtoprofiles.com\/ca\/producte\/angles\/#primaryimage\"},\"image\":{\"@id\":\"https:\/\/www.filtoprofiles.com\/ca\/producte\/angles\/#primaryimage\"},\"thumbnailUrl\":\"https:\/\/www.filtoprofiles.com\/wp-content\/uploads\/2022\/04\/foto01b_1.jpg\",\"datePublished\":\"2022-05-17T09:42:00+00:00\",\"dateModified\":\"2023-04-12T07:39:25+00:00\",\"description\":\"Filto produeix angles de llaut\u00f3 que s\u2019utilitzen amb finalitats decoratives. Subministrem angles en sistema m\u00e8tric i en sistema imperial\",\"breadcrumb\":{\"@id\":\"https:\/\/www.filtoprofiles.com\/ca\/producte\/angles\/#breadcrumb\"},\"inLanguage\":\"ca\",\"potentialAction\":[{\"@type\":\"ReadAction\",\"target\":[\"https:\/\/www.filtoprofiles.com\/ca\/producte\/angles\/\"]}]},{\"@type\":\"ImageObject\",\"inLanguage\":\"ca\",\"@id\":\"https:\/\/www.filtoprofiles.com\/ca\/producte\/angles\/#primaryimage\",\"url\":\"https:\/\/www.filtoprofiles.com\/wp-content\/uploads\/2022\/04\/foto01b_1.jpg\",\"contentUrl\":\"https:\/\/www.filtoprofiles.com\/wp-content\/uploads\/2022\/04\/foto01b_1.jpg\",\"width\":1722,\"height\":2188},{\"@type\":\"BreadcrumbList\",\"@id\":\"https:\/\/www.filtoprofiles.com\/ca\/producte\/angles\/#breadcrumb\",\"itemListElement\":[{\"@type\":\"ListItem\",\"position\":1,\"name\":\"Home\",\"item\":\"https:\/\/www.filtoprofiles.com\/ca\/\"},{\"@type\":\"ListItem\",\"position\":2,\"name\":\"Shop\",\"item\":\"https:\/\/www.filtoprofiles.com\/ca\/shop-2\/\"},{\"@type\":\"ListItem\",\"position\":3,\"name\":\"Angles\"}]},{\"@type\":\"WebSite\",\"@id\":\"https:\/\/www.filtoprofiles.com\/#website\",\"url\":\"https:\/\/www.filtoprofiles.com\/\",\"name\":\"Filto Profiles\",\"description\":\"Brass Profiles Producer\",\"publisher\":{\"@id\":\"https:\/\/www.filtoprofiles.com\/#organization\"},\"alternateName\":\"Filto\",\"potentialAction\":[{\"@type\":\"SearchAction\",\"target\":{\"@type\":\"EntryPoint\",\"urlTemplate\":\"https:\/\/www.filtoprofiles.com\/?s={search_term_string}\"},\"query-input\":{\"@type\":\"PropertyValueSpecification\",\"valueRequired\":true,\"valueName\":\"search_term_string\"}}],\"inLanguage\":\"ca\"},{\"@type\":\"Organization\",\"@id\":\"https:\/\/www.filtoprofiles.com\/#organization\",\"name\":\"Filto Profiles\",\"alternateName\":\"Filto\",\"url\":\"https:\/\/www.filtoprofiles.com\/\",\"logo\":{\"@type\":\"ImageObject\",\"inLanguage\":\"ca\",\"@id\":\"https:\/\/www.filtoprofiles.com\/#\/schema\/logo\/image\/\",\"url\":\"https:\/\/www.filtoprofiles.com\/wp-content\/uploads\/2023\/04\/filto-logo.jpg\",\"contentUrl\":\"https:\/\/www.filtoprofiles.com\/wp-content\/uploads\/2023\/04\/filto-logo.jpg\",\"width\":420,\"height\":420,\"caption\":\"Filto Profiles\"},\"image\":{\"@id\":\"https:\/\/www.filtoprofiles.com\/#\/schema\/logo\/image\/\"},\"sameAs\":[\"https:\/\/www.facebook.com\/filtoprofiles\",\"https:\/\/www.linkedin.com\/company\/3302369\"]}]}<\/script>\n<!-- \/ Yoast SEO Premium plugin. -->","yoast_head_json":{"title":"Angles de Llaut\u00f3 - Filto Profiles","description":"Filto produeix angles de llaut\u00f3 que s\u2019utilitzen amb finalitats decoratives. Subministrem angles en sistema m\u00e8tric i en sistema imperial","robots":{"index":"index","follow":"follow","max-snippet":"max-snippet:-1","max-image-preview":"max-image-preview:large","max-video-preview":"max-video-preview:-1"},"canonical":"https:\/\/www.filtoprofiles.com\/ca\/producte\/angles\/","og_locale":"ca_ES","og_type":"article","og_title":"Angles","og_description":"Filto produeix angles de llaut\u00f3 que s\u2019utilitzen amb finalitats decoratives. Subministrem angles en sistema m\u00e8tric i en sistema imperial","og_url":"https:\/\/www.filtoprofiles.com\/ca\/producte\/angles\/","og_site_name":"Filto Profiles","article_publisher":"https:\/\/www.facebook.com\/filtoprofiles","article_modified_time":"2023-04-12T07:39:25+00:00","og_image":[{"width":1722,"height":2188,"url":"https:\/\/www.filtoprofiles.com\/wp-content\/uploads\/2022\/04\/foto01b_1.jpg","type":"image\/jpeg"}],"twitter_card":"summary_large_image","twitter_misc":{"Temps estimat de lectura":"1 minut"},"schema":{"@context":"https:\/\/schema.org","@graph":[{"@type":"WebPage","@id":"https:\/\/www.filtoprofiles.com\/ca\/producte\/angles\/","url":"https:\/\/www.filtoprofiles.com\/ca\/producte\/angles\/","name":"Angles de Llaut\u00f3 - Filto Profiles","isPartOf":{"@id":"https:\/\/www.filtoprofiles.com\/#website"},"primaryImageOfPage":{"@id":"https:\/\/www.filtoprofiles.com\/ca\/producte\/angles\/#primaryimage"},"image":{"@id":"https:\/\/www.filtoprofiles.com\/ca\/producte\/angles\/#primaryimage"},"thumbnailUrl":"https:\/\/www.filtoprofiles.com\/wp-content\/uploads\/2022\/04\/foto01b_1.jpg","datePublished":"2022-05-17T09:42:00+00:00","dateModified":"2023-04-12T07:39:25+00:00","description":"Filto produeix angles de llaut\u00f3 que s\u2019utilitzen amb finalitats decoratives. Subministrem angles en sistema m\u00e8tric i en sistema imperial","breadcrumb":{"@id":"https:\/\/www.filtoprofiles.com\/ca\/producte\/angles\/#breadcrumb"},"inLanguage":"ca","potentialAction":[{"@type":"ReadAction","target":["https:\/\/www.filtoprofiles.com\/ca\/producte\/angles\/"]}]},{"@type":"ImageObject","inLanguage":"ca","@id":"https:\/\/www.filtoprofiles.com\/ca\/producte\/angles\/#primaryimage","url":"https:\/\/www.filtoprofiles.com\/wp-content\/uploads\/2022\/04\/foto01b_1.jpg","contentUrl":"https:\/\/www.filtoprofiles.com\/wp-content\/uploads\/2022\/04\/foto01b_1.jpg","width":1722,"height":2188},{"@type":"BreadcrumbList","@id":"https:\/\/www.filtoprofiles.com\/ca\/producte\/angles\/#breadcrumb","itemListElement":[{"@type":"ListItem","position":1,"name":"Home","item":"https:\/\/www.filtoprofiles.com\/ca\/"},{"@type":"ListItem","position":2,"name":"Shop","item":"https:\/\/www.filtoprofiles.com\/ca\/shop-2\/"},{"@type":"ListItem","position":3,"name":"Angles"}]},{"@type":"WebSite","@id":"https:\/\/www.filtoprofiles.com\/#website","url":"https:\/\/www.filtoprofiles.com\/","name":"Filto Profiles","description":"Brass Profiles Producer","publisher":{"@id":"https:\/\/www.filtoprofiles.com\/#organization"},"alternateName":"Filto","potentialAction":[{"@type":"SearchAction","target":{"@type":"EntryPoint","urlTemplate":"https:\/\/www.filtoprofiles.com\/?s={search_term_string}"},"query-input":{"@type":"PropertyValueSpecification","valueRequired":true,"valueName":"search_term_string"}}],"inLanguage":"ca"},{"@type":"Organization","@id":"https:\/\/www.filtoprofiles.com\/#organization","name":"Filto Profiles","alternateName":"Filto","url":"https:\/\/www.filtoprofiles.com\/","logo":{"@type":"ImageObject","inLanguage":"ca","@id":"https:\/\/www.filtoprofiles.com\/#\/schema\/logo\/image\/","url":"https:\/\/www.filtoprofiles.com\/wp-content\/uploads\/2023\/04\/filto-logo.jpg","contentUrl":"https:\/\/www.filtoprofiles.com\/wp-content\/uploads\/2023\/04\/filto-logo.jpg","width":420,"height":420,"caption":"Filto Profiles"},"image":{"@id":"https:\/\/www.filtoprofiles.com\/#\/schema\/logo\/image\/"},"sameAs":["https:\/\/www.facebook.com\/filtoprofiles","https:\/\/www.linkedin.com\/company\/3302369"]}]}},"_links":{"self":[{"href":"https:\/\/www.filtoprofiles.com\/ca\/wp-json\/wp\/v2\/product\/3123","targetHints":{"allow":["GET"]}}],"collection":[{"href":"https:\/\/www.filtoprofiles.com\/ca\/wp-json\/wp\/v2\/product"}],"about":[{"href":"https:\/\/www.filtoprofiles.com\/ca\/wp-json\/wp\/v2\/types\/product"}],"wp:featuredmedia":[{"embeddable":true,"href":"https:\/\/www.filtoprofiles.com\/ca\/wp-json\/wp\/v2\/media\/1593"}],"wp:attachment":[{"href":"https:\/\/www.filtoprofiles.com\/ca\/wp-json\/wp\/v2\/media?parent=3123"}],"wp:term":[{"taxonomy":"product_cat","embeddable":true,"href":"https:\/\/www.filtoprofiles.com\/ca\/wp-json\/wp\/v2\/product_cat?post=3123"},{"taxonomy":"product_tag","embeddable":true,"href":"https:\/\/www.filtoprofiles.com\/ca\/wp-json\/wp\/v2\/product_tag?post=3123"}],"curies":[{"name":"wp","href":"https:\/\/api.w.org\/{rel}","templated":true}]}}