{"id":3119,"date":"2022-05-19T11:54:15","date_gmt":"2022-05-19T11:54:15","guid":{"rendered":"https:\/\/www.filtoprofiles.com\/product\/mitja-canya\/"},"modified":"2023-04-12T10:28:48","modified_gmt":"2023-04-12T10:28:48","slug":"mitja-canya-de-llauto","status":"publish","type":"product","link":"https:\/\/www.filtoprofiles.com\/ca\/producte\/mitja-canya-de-llauto\/","title":{"rendered":"Mitja Canya de Llaut\u00f3"},"content":{"rendered":"<h4>MITJA CANYA EST\u00c0NDARD DE LLAUT\u00d3 M\u00c8TRIC A X ALT XT (mil\u00b7l\u00edmetres)<\/h4>\n<div id=\"tablepress-8-scroll-wrapper\" class=\"tablepress-scroll-wrapper\">\n\n<table id=\"tablepress-8\" class=\"tablepress tablepress-id-8 tablepress-responsive\">\n<tbody class=\"row-striping row-hover\">\n<tr class=\"row-1\">\n\t<td class=\"column-1\">4X2<br \/>\n<br \/>\n<\/td><td class=\"column-2\">6X3<\/td><td class=\"column-3\">8X4<\/td><td class=\"column-4\">10X5<\/td><td class=\"column-5\">12X6<\/td><td class=\"column-6\">16X7<\/td><td class=\"column-7\">16X8<\/td><td class=\"column-8\">18x9<\/td><td class=\"column-9\">14X10<\/td><td class=\"column-10\">25x12.5 <\/td>\n<\/tr>\n<tr class=\"row-2\">\n\t<td class=\"column-1\"><\/td><td class=\"column-2\"><\/td><td class=\"column-3\">15X4<\/td><td class=\"column-4\">12X5<\/td><td class=\"column-5\">13X6<\/td><td class=\"column-6\">14X7<\/td><td class=\"column-7\">30X8<\/td><td class=\"column-8\"><\/td><td class=\"column-9\">20X10<\/td><td class=\"column-10\"><\/td>\n<\/tr>\n<tr class=\"row-3\">\n\t<td class=\"column-1\">5x2.5 <\/td><td class=\"column-2\"><\/td><td class=\"column-3\">20x4<\/td><td class=\"column-4\">14X5<\/td><td class=\"column-5\">15X6 <\/td><td class=\"column-6\"><\/td><td class=\"column-7\"><\/td><td class=\"column-8\"><\/td><td class=\"column-9\">24X10<\/td><td class=\"column-10\"><\/td>\n<\/tr>\n<tr class=\"row-4\">\n\t<td class=\"column-1\"><\/td><td class=\"column-2\"><\/td><td class=\"column-3\"><\/td><td class=\"column-4\">15X5<\/td><td class=\"column-5\"><\/td><td class=\"column-6\"><\/td><td class=\"column-7\"><\/td><td class=\"column-8\"><\/td><td class=\"column-9\">40X10<\/td><td class=\"column-10\"><\/td>\n<\/tr>\n<tr class=\"row-5\">\n\t<td class=\"column-1\">4X2.8<\/td><td class=\"column-2\"><\/td><td class=\"column-3\">13.5X4.5<\/td><td class=\"column-4\">20X5<\/td><td class=\"column-5\"><\/td><td class=\"column-6\"><\/td><td class=\"column-7\"><\/td><td class=\"column-8\"><\/td><td class=\"column-9\"><\/td><td class=\"column-10\"><\/td>\n<\/tr>\n<tr class=\"row-6\">\n\t<td class=\"column-1\"><\/td><td class=\"column-2\"><\/td><td class=\"column-3\"><\/td><td class=\"column-4\">25X5<br \/>\n<br \/>\n<\/td><td class=\"column-5\"><\/td><td class=\"column-6\"><\/td><td class=\"column-7\"><\/td><td class=\"column-8\"><\/td><td class=\"column-9\"><\/td><td class=\"column-10\"><\/td>\n<\/tr>\n<tr class=\"row-7\">\n\t<td class=\"column-1\"><\/td><td class=\"column-2\"><\/td><td class=\"column-3\">14.4X4.7<br \/>\n<br \/>\n<\/td><td class=\"column-4\">40X5<\/td><td class=\"column-5\"><\/td><td class=\"column-6\"><\/td><td class=\"column-7\"><\/td><td class=\"column-8\"><\/td><td class=\"column-9\"><\/td><td class=\"column-10\"><\/td>\n<\/tr>\n<tr class=\"row-8\">\n\t<td class=\"column-1\"><\/td><td class=\"column-2\"><\/td><td class=\"column-3\"><\/td><td class=\"column-4\">15X5.3<br \/>\n<br \/>\n<\/td><td class=\"column-5\"><\/td><td class=\"column-6\"><\/td><td class=\"column-7\"><\/td><td class=\"column-8\"><\/td><td class=\"column-9\"><\/td><td class=\"column-10\"><\/td>\n<\/tr>\n<\/tbody>\n<\/table>\n\n<\/div><!-- #tablepress-8 from cache -->\n<p><em><strong>* Altres mides de mitja canya de llaut\u00f3 en sistema m\u00e8tric a petici\u00f3.<\/strong><\/em><\/p>\n<h4><b><br \/>\nMITJA CANYA EST\u00c0NDARD DE LLAUT\u00d3 IMPERIAL W X A XT (polzades)<br \/>\n<\/b><\/h4>\n<div id=\"tablepress-9-scroll-wrapper\" class=\"tablepress-scroll-wrapper\">\n\n<table id=\"tablepress-9\" class=\"tablepress tablepress-id-9 tablepress-responsive\">\n<tbody class=\"row-striping row-hover\">\n<tr class=\"row-1\">\n\t<td class=\"column-1\">1\/2\" X 3\/16\"<br \/>\n<br \/>\n<\/td><td class=\"column-2\">1\/2\" X 1\/8\"<\/td><td class=\"column-3\">1\/2\" X 1\/4\" <\/td><td class=\"column-4\">3\/8\u201dx1\/8\u201d<\/td>\n<\/tr>\n<tr class=\"row-2\">\n\t<td class=\"column-1\">3\/4\" X 3\/16\" <\/td><td class=\"column-2\"><\/td><td class=\"column-3\">1\" X 1\/4\"<\/td><td class=\"column-4\">3\/4\" X 3\/8\"<\/td>\n<\/tr>\n<tr class=\"row-3\">\n\t<td class=\"column-1\">1.1\/4\" X 3\/16\"<\/td><td class=\"column-2\">1\" X 1\/2\"<\/td><td class=\"column-3\">1.1\/4\" X 1\/4\"<\/td><td class=\"column-4\">1.1\/2\" X 3\/8\"<\/td>\n<\/tr>\n<tr class=\"row-4\">\n\t<td class=\"column-1\">5\/8\" X 5\/16\"<\/td><td class=\"column-2\"><\/td><td class=\"column-3\">1.1\/2\" X 1\/4\"<\/td><td class=\"column-4\"><\/td>\n<\/tr>\n<\/tbody>\n<\/table>\n\n<\/div><!-- #tablepress-9 from cache -->\n<p><em><strong>* Altres mides de mitja canya de llaut\u00f3 en sistema imperial a petici\u00f3.<\/strong><\/em><\/p>\n<p>&nbsp;<\/p>\n<p>&nbsp;<\/p>\n<p>&nbsp;<\/p>\n<p>&nbsp;<\/p>\n","protected":false},"excerpt":{"rendered":"<p>Filto Profiles produeix perfils mitja canya de llaut\u00f3 que s&#8217;utilitzen normalment amb finalitats decoratives. Subministrem mitges canyes en sistema m\u00e8tric i sistema imperial, en una \u00e0mplia varietat d\u2019aliatges i mides a preus competitius i alta qualitat.<\/p>\n<p>Tall a la longitud sol\u00b7licitada fins a 6 metres.<\/p>\n<p>Els nostres enginyers experimentats us ajudaran de bon grat a decidir quina mida, aliatge i longitud del nostre perfil &#8220;D&#8221; de llaut\u00f3 us funcionar\u00e0 millor.<\/p>\n<p>A continuaci\u00f3 hi ha la llista actualitzada de les nostres Mitja Canya de Llaut\u00f3 en sistema M\u00e8tric i sistema Imperial.<\/p>\n","protected":false},"featured_media":1645,"template":"","meta":[],"product_cat":[66],"product_tag":[],"class_list":["post-3119","product","type-product","status-publish","has-post-thumbnail","hentry","product_cat-seccions"],"yoast_head":"<!-- This site is optimized with the Yoast SEO Premium plugin v27.1 (Yoast SEO v27.1.1) - https:\/\/yoast.com\/product\/yoast-seo-premium-wordpress\/ -->\n<title>Mitja Canya de Llaut\u00f3 - Filto Profiles<\/title>\n<meta name=\"description\" content=\"Perfils mitja canya de llaut\u00f3 amb finalitats decoratives. Disposem en sistema m\u00e8tric i sistema imperial, i varietat d\u2019aliatges.\" \/>\n<meta name=\"robots\" content=\"index, follow, max-snippet:-1, max-image-preview:large, max-video-preview:-1\" \/>\n<link rel=\"canonical\" href=\"https:\/\/www.filtoprofiles.com\/ca\/producte\/mitja-canya-de-llauto\/\" \/>\n<meta property=\"og:locale\" content=\"ca_ES\" \/>\n<meta property=\"og:type\" content=\"article\" \/>\n<meta property=\"og:title\" content=\"Mitja Canya de Llaut\u00f3\" \/>\n<meta property=\"og:description\" content=\"Perfils mitja canya de llaut\u00f3 amb finalitats decoratives. Disposem en sistema m\u00e8tric i sistema imperial, i varietat d\u2019aliatges.\" \/>\n<meta property=\"og:url\" content=\"https:\/\/www.filtoprofiles.com\/ca\/producte\/mitja-canya-de-llauto\/\" \/>\n<meta property=\"og:site_name\" content=\"Filto Profiles\" \/>\n<meta property=\"article:publisher\" content=\"https:\/\/www.facebook.com\/filtoprofiles\" \/>\n<meta property=\"article:modified_time\" content=\"2023-04-12T10:28:48+00:00\" \/>\n<meta property=\"og:image\" content=\"https:\/\/www.filtoprofiles.com\/wp-content\/uploads\/2022\/04\/foto05b_1.jpg\" \/>\n\t<meta property=\"og:image:width\" content=\"1602\" \/>\n\t<meta property=\"og:image:height\" content=\"1864\" \/>\n\t<meta property=\"og:image:type\" content=\"image\/jpeg\" \/>\n<meta name=\"twitter:card\" content=\"summary_large_image\" \/>\n<meta name=\"twitter:label1\" content=\"Temps estimat de lectura\" \/>\n\t<meta name=\"twitter:data1\" content=\"1 minut\" \/>\n<script type=\"application\/ld+json\" class=\"yoast-schema-graph\">{\"@context\":\"https:\/\/schema.org\",\"@graph\":[{\"@type\":\"WebPage\",\"@id\":\"https:\/\/www.filtoprofiles.com\/ca\/producte\/mitja-canya-de-llauto\/\",\"url\":\"https:\/\/www.filtoprofiles.com\/ca\/producte\/mitja-canya-de-llauto\/\",\"name\":\"Mitja Canya de Llaut\u00f3 - Filto Profiles\",\"isPartOf\":{\"@id\":\"https:\/\/www.filtoprofiles.com\/#website\"},\"primaryImageOfPage\":{\"@id\":\"https:\/\/www.filtoprofiles.com\/ca\/producte\/mitja-canya-de-llauto\/#primaryimage\"},\"image\":{\"@id\":\"https:\/\/www.filtoprofiles.com\/ca\/producte\/mitja-canya-de-llauto\/#primaryimage\"},\"thumbnailUrl\":\"https:\/\/www.filtoprofiles.com\/wp-content\/uploads\/2022\/04\/foto05b_1.jpg\",\"datePublished\":\"2022-05-19T11:54:15+00:00\",\"dateModified\":\"2023-04-12T10:28:48+00:00\",\"description\":\"Perfils mitja canya de llaut\u00f3 amb finalitats decoratives. Disposem en sistema m\u00e8tric i sistema imperial, i varietat d\u2019aliatges.\",\"breadcrumb\":{\"@id\":\"https:\/\/www.filtoprofiles.com\/ca\/producte\/mitja-canya-de-llauto\/#breadcrumb\"},\"inLanguage\":\"ca\",\"potentialAction\":[{\"@type\":\"ReadAction\",\"target\":[\"https:\/\/www.filtoprofiles.com\/ca\/producte\/mitja-canya-de-llauto\/\"]}]},{\"@type\":\"ImageObject\",\"inLanguage\":\"ca\",\"@id\":\"https:\/\/www.filtoprofiles.com\/ca\/producte\/mitja-canya-de-llauto\/#primaryimage\",\"url\":\"https:\/\/www.filtoprofiles.com\/wp-content\/uploads\/2022\/04\/foto05b_1.jpg\",\"contentUrl\":\"https:\/\/www.filtoprofiles.com\/wp-content\/uploads\/2022\/04\/foto05b_1.jpg\",\"width\":1602,\"height\":1864},{\"@type\":\"BreadcrumbList\",\"@id\":\"https:\/\/www.filtoprofiles.com\/ca\/producte\/mitja-canya-de-llauto\/#breadcrumb\",\"itemListElement\":[{\"@type\":\"ListItem\",\"position\":1,\"name\":\"Home\",\"item\":\"https:\/\/www.filtoprofiles.com\/ca\/\"},{\"@type\":\"ListItem\",\"position\":2,\"name\":\"Shop\",\"item\":\"https:\/\/www.filtoprofiles.com\/ca\/shop-2\/\"},{\"@type\":\"ListItem\",\"position\":3,\"name\":\"Mitja Canya de Llaut\u00f3\"}]},{\"@type\":\"WebSite\",\"@id\":\"https:\/\/www.filtoprofiles.com\/#website\",\"url\":\"https:\/\/www.filtoprofiles.com\/\",\"name\":\"Filto Profiles\",\"description\":\"Brass Profiles Producer\",\"publisher\":{\"@id\":\"https:\/\/www.filtoprofiles.com\/#organization\"},\"alternateName\":\"Filto\",\"potentialAction\":[{\"@type\":\"SearchAction\",\"target\":{\"@type\":\"EntryPoint\",\"urlTemplate\":\"https:\/\/www.filtoprofiles.com\/?s={search_term_string}\"},\"query-input\":{\"@type\":\"PropertyValueSpecification\",\"valueRequired\":true,\"valueName\":\"search_term_string\"}}],\"inLanguage\":\"ca\"},{\"@type\":\"Organization\",\"@id\":\"https:\/\/www.filtoprofiles.com\/#organization\",\"name\":\"Filto Profiles\",\"alternateName\":\"Filto\",\"url\":\"https:\/\/www.filtoprofiles.com\/\",\"logo\":{\"@type\":\"ImageObject\",\"inLanguage\":\"ca\",\"@id\":\"https:\/\/www.filtoprofiles.com\/#\/schema\/logo\/image\/\",\"url\":\"https:\/\/www.filtoprofiles.com\/wp-content\/uploads\/2023\/04\/filto-logo.jpg\",\"contentUrl\":\"https:\/\/www.filtoprofiles.com\/wp-content\/uploads\/2023\/04\/filto-logo.jpg\",\"width\":420,\"height\":420,\"caption\":\"Filto Profiles\"},\"image\":{\"@id\":\"https:\/\/www.filtoprofiles.com\/#\/schema\/logo\/image\/\"},\"sameAs\":[\"https:\/\/www.facebook.com\/filtoprofiles\",\"https:\/\/www.linkedin.com\/company\/3302369\"]}]}<\/script>\n<!-- \/ Yoast SEO Premium plugin. -->","yoast_head_json":{"title":"Mitja Canya de Llaut\u00f3 - Filto Profiles","description":"Perfils mitja canya de llaut\u00f3 amb finalitats decoratives. Disposem en sistema m\u00e8tric i sistema imperial, i varietat d\u2019aliatges.","robots":{"index":"index","follow":"follow","max-snippet":"max-snippet:-1","max-image-preview":"max-image-preview:large","max-video-preview":"max-video-preview:-1"},"canonical":"https:\/\/www.filtoprofiles.com\/ca\/producte\/mitja-canya-de-llauto\/","og_locale":"ca_ES","og_type":"article","og_title":"Mitja Canya de Llaut\u00f3","og_description":"Perfils mitja canya de llaut\u00f3 amb finalitats decoratives. Disposem en sistema m\u00e8tric i sistema imperial, i varietat d\u2019aliatges.","og_url":"https:\/\/www.filtoprofiles.com\/ca\/producte\/mitja-canya-de-llauto\/","og_site_name":"Filto Profiles","article_publisher":"https:\/\/www.facebook.com\/filtoprofiles","article_modified_time":"2023-04-12T10:28:48+00:00","og_image":[{"width":1602,"height":1864,"url":"https:\/\/www.filtoprofiles.com\/wp-content\/uploads\/2022\/04\/foto05b_1.jpg","type":"image\/jpeg"}],"twitter_card":"summary_large_image","twitter_misc":{"Temps estimat de lectura":"1 minut"},"schema":{"@context":"https:\/\/schema.org","@graph":[{"@type":"WebPage","@id":"https:\/\/www.filtoprofiles.com\/ca\/producte\/mitja-canya-de-llauto\/","url":"https:\/\/www.filtoprofiles.com\/ca\/producte\/mitja-canya-de-llauto\/","name":"Mitja Canya de Llaut\u00f3 - Filto Profiles","isPartOf":{"@id":"https:\/\/www.filtoprofiles.com\/#website"},"primaryImageOfPage":{"@id":"https:\/\/www.filtoprofiles.com\/ca\/producte\/mitja-canya-de-llauto\/#primaryimage"},"image":{"@id":"https:\/\/www.filtoprofiles.com\/ca\/producte\/mitja-canya-de-llauto\/#primaryimage"},"thumbnailUrl":"https:\/\/www.filtoprofiles.com\/wp-content\/uploads\/2022\/04\/foto05b_1.jpg","datePublished":"2022-05-19T11:54:15+00:00","dateModified":"2023-04-12T10:28:48+00:00","description":"Perfils mitja canya de llaut\u00f3 amb finalitats decoratives. Disposem en sistema m\u00e8tric i sistema imperial, i varietat d\u2019aliatges.","breadcrumb":{"@id":"https:\/\/www.filtoprofiles.com\/ca\/producte\/mitja-canya-de-llauto\/#breadcrumb"},"inLanguage":"ca","potentialAction":[{"@type":"ReadAction","target":["https:\/\/www.filtoprofiles.com\/ca\/producte\/mitja-canya-de-llauto\/"]}]},{"@type":"ImageObject","inLanguage":"ca","@id":"https:\/\/www.filtoprofiles.com\/ca\/producte\/mitja-canya-de-llauto\/#primaryimage","url":"https:\/\/www.filtoprofiles.com\/wp-content\/uploads\/2022\/04\/foto05b_1.jpg","contentUrl":"https:\/\/www.filtoprofiles.com\/wp-content\/uploads\/2022\/04\/foto05b_1.jpg","width":1602,"height":1864},{"@type":"BreadcrumbList","@id":"https:\/\/www.filtoprofiles.com\/ca\/producte\/mitja-canya-de-llauto\/#breadcrumb","itemListElement":[{"@type":"ListItem","position":1,"name":"Home","item":"https:\/\/www.filtoprofiles.com\/ca\/"},{"@type":"ListItem","position":2,"name":"Shop","item":"https:\/\/www.filtoprofiles.com\/ca\/shop-2\/"},{"@type":"ListItem","position":3,"name":"Mitja Canya de Llaut\u00f3"}]},{"@type":"WebSite","@id":"https:\/\/www.filtoprofiles.com\/#website","url":"https:\/\/www.filtoprofiles.com\/","name":"Filto Profiles","description":"Brass Profiles Producer","publisher":{"@id":"https:\/\/www.filtoprofiles.com\/#organization"},"alternateName":"Filto","potentialAction":[{"@type":"SearchAction","target":{"@type":"EntryPoint","urlTemplate":"https:\/\/www.filtoprofiles.com\/?s={search_term_string}"},"query-input":{"@type":"PropertyValueSpecification","valueRequired":true,"valueName":"search_term_string"}}],"inLanguage":"ca"},{"@type":"Organization","@id":"https:\/\/www.filtoprofiles.com\/#organization","name":"Filto Profiles","alternateName":"Filto","url":"https:\/\/www.filtoprofiles.com\/","logo":{"@type":"ImageObject","inLanguage":"ca","@id":"https:\/\/www.filtoprofiles.com\/#\/schema\/logo\/image\/","url":"https:\/\/www.filtoprofiles.com\/wp-content\/uploads\/2023\/04\/filto-logo.jpg","contentUrl":"https:\/\/www.filtoprofiles.com\/wp-content\/uploads\/2023\/04\/filto-logo.jpg","width":420,"height":420,"caption":"Filto Profiles"},"image":{"@id":"https:\/\/www.filtoprofiles.com\/#\/schema\/logo\/image\/"},"sameAs":["https:\/\/www.facebook.com\/filtoprofiles","https:\/\/www.linkedin.com\/company\/3302369"]}]}},"_links":{"self":[{"href":"https:\/\/www.filtoprofiles.com\/ca\/wp-json\/wp\/v2\/product\/3119","targetHints":{"allow":["GET"]}}],"collection":[{"href":"https:\/\/www.filtoprofiles.com\/ca\/wp-json\/wp\/v2\/product"}],"about":[{"href":"https:\/\/www.filtoprofiles.com\/ca\/wp-json\/wp\/v2\/types\/product"}],"wp:featuredmedia":[{"embeddable":true,"href":"https:\/\/www.filtoprofiles.com\/ca\/wp-json\/wp\/v2\/media\/1645"}],"wp:attachment":[{"href":"https:\/\/www.filtoprofiles.com\/ca\/wp-json\/wp\/v2\/media?parent=3119"}],"wp:term":[{"taxonomy":"product_cat","embeddable":true,"href":"https:\/\/www.filtoprofiles.com\/ca\/wp-json\/wp\/v2\/product_cat?post=3119"},{"taxonomy":"product_tag","embeddable":true,"href":"https:\/\/www.filtoprofiles.com\/ca\/wp-json\/wp\/v2\/product_tag?post=3119"}],"curies":[{"name":"wp","href":"https:\/\/api.w.org\/{rel}","templated":true}]}}