{"id":3118,"date":"2022-05-19T12:14:19","date_gmt":"2022-05-19T12:14:19","guid":{"rendered":"https:\/\/www.filtoprofiles.com\/product\/rondo\/"},"modified":"2023-04-12T10:49:50","modified_gmt":"2023-04-12T10:49:50","slug":"barres-rodones-de-llauto","status":"publish","type":"product","link":"https:\/\/www.filtoprofiles.com\/ca\/producte\/barres-rodones-de-llauto\/","title":{"rendered":"\ufeffBarres rodones"},"content":{"rendered":"<h4>\u00d8 ROD\u00d3 M\u00c8TRIC EST\u00c0NDARD DE LLAUT\u00d3 (mil\u00b7l\u00edmetres)<\/h4>\n<div id=\"tablepress-10-scroll-wrapper\" class=\"tablepress-scroll-wrapper\">\n\n<table id=\"tablepress-10\" class=\"tablepress tablepress-id-10 tablepress-responsive\">\n<tbody class=\"row-striping row-hover\">\n<tr class=\"row-1\">\n\t<td class=\"column-1\">\u00d8 4<br \/>\n<br \/>\n<\/td><td class=\"column-2\">\u00d8 5.3<\/td><td class=\"column-3\">\u00d8 6<\/td><td class=\"column-4\">\u00d8 8<\/td><td class=\"column-5\">\u00d8 10<\/td><td class=\"column-6\">\u00d8 16<\/td><td class=\"column-7\">\u00d8 19.6<\/td><td class=\"column-8\">\u00d820.32<\/td><td class=\"column-9\">\u00d8 28<\/td>\n<\/tr>\n<tr class=\"row-2\">\n\t<td class=\"column-1\">\u00d8 5<\/td><td class=\"column-2\">\u00d8 5.5<\/td><td class=\"column-3\">\u00d8 7<\/td><td class=\"column-4\">\u00d8 9<\/td><td class=\"column-5\">\u00d8 12<\/td><td class=\"column-6\">\u00d8 17<\/td><td class=\"column-7\">\u00d8 20<\/td><td class=\"column-8\">\u00d8 24<\/td><td class=\"column-9\">\u00d8 30<\/td>\n<\/tr>\n<\/tbody>\n<\/table>\n\n<\/div><!-- #tablepress-10 from cache -->\n<h4>\u00d8 ROD\u00d3 IMPERIAL EST\u00c0NDARD DE LLAUT\u00d3 (polzades)<\/h4>\n<div id=\"tablepress-11-scroll-wrapper\" class=\"tablepress-scroll-wrapper\">\n\n<table id=\"tablepress-11\" class=\"tablepress tablepress-id-11 tablepress-responsive\">\n<tbody class=\"row-striping row-hover\">\n<tr class=\"row-1\">\n\t<td class=\"column-1\">\u00d8 1\/8\u201d<br \/>\n<br \/>\n<\/td><td class=\"column-2\"><\/td><td class=\"column-3\"><\/td><td class=\"column-4\"><\/td><td class=\"column-5\"><\/td><td class=\"column-6\"><\/td><td class=\"column-7\"><\/td><td class=\"column-8\"><\/td><td class=\"column-9\"><\/td>\n<\/tr>\n<\/tbody>\n<\/table>\n\n<\/div><!-- #tablepress-11 from cache -->\n<p><em><strong>* Altres mides de rod\u00f3 de llaut\u00f3 en sistema m\u00e8tric i sistema imperial a petici\u00f3. <\/strong><\/em><\/p>\n<p>&nbsp;<\/p>\n","protected":false},"excerpt":{"rendered":"<p>Filto Profiles produeix perfils de llaut\u00f3 rodons que s&#8217;utilitzen normalment amb finalitats decoratives. Subministrem rodons en sistema m\u00e8tric i en sistema imperial, en una \u00e0mplia gamma d\u2019 aliatges i mides a preus competitius i d&#8217;alta qualitat.<\/p>\n<p>Tall a la longitud sol\u00b7licitada fins a 6 metres.<\/p>\n<p>Els nostres enginyers experimentats us ajudaran de bon grat a decidir quina mida, aliatge i longitud del nostre perfil rod\u00f3 de llaut\u00f3 us funcionar\u00e0 millor.<\/p>\n<p>A continuaci\u00f3 hi ha la llista actualitzada dels nostres rodons en sistema m\u00e8tric i sistema imperial de llaut\u00f3.<\/p>\n","protected":false},"featured_media":1653,"template":"","meta":[],"product_cat":[66],"product_tag":[],"class_list":["post-3118","product","type-product","status-publish","has-post-thumbnail","hentry","product_cat-seccions"],"yoast_head":"<!-- This site is optimized with the Yoast SEO Premium plugin v27.1 (Yoast SEO v27.1.1) - https:\/\/yoast.com\/product\/yoast-seo-premium-wordpress\/ -->\n<title>\ufeffBarres rodones - Filto Profiles<\/title>\n<meta name=\"description\" content=\"Perfils de llaut\u00f3 rodons que s&#039;utilitzen normalment amb finalitats decoratives. Subministrem barres rodones en sistema m\u00e8tric i en sistema imperial.\" \/>\n<meta name=\"robots\" content=\"index, follow, max-snippet:-1, max-image-preview:large, max-video-preview:-1\" \/>\n<link rel=\"canonical\" href=\"https:\/\/www.filtoprofiles.com\/ca\/producte\/barres-rodones-de-llauto\/\" \/>\n<meta property=\"og:locale\" content=\"ca_ES\" \/>\n<meta property=\"og:type\" content=\"article\" \/>\n<meta property=\"og:title\" content=\"\ufeffBarres rodones\" \/>\n<meta property=\"og:description\" content=\"Perfils de llaut\u00f3 rodons que s&#039;utilitzen normalment amb finalitats decoratives. Subministrem barres rodones en sistema m\u00e8tric i en sistema imperial.\" \/>\n<meta property=\"og:url\" content=\"https:\/\/www.filtoprofiles.com\/ca\/producte\/barres-rodones-de-llauto\/\" \/>\n<meta property=\"og:site_name\" content=\"Filto Profiles\" \/>\n<meta property=\"article:publisher\" content=\"https:\/\/www.facebook.com\/filtoprofiles\" \/>\n<meta property=\"article:modified_time\" content=\"2023-04-12T10:49:50+00:00\" \/>\n<meta property=\"og:image\" content=\"https:\/\/www.filtoprofiles.com\/wp-content\/uploads\/2022\/04\/foto13b.jpg\" \/>\n\t<meta property=\"og:image:width\" content=\"1704\" \/>\n\t<meta property=\"og:image:height\" content=\"1624\" \/>\n\t<meta property=\"og:image:type\" content=\"image\/jpeg\" \/>\n<meta name=\"twitter:card\" content=\"summary_large_image\" \/>\n<meta name=\"twitter:label1\" content=\"Temps estimat de lectura\" \/>\n\t<meta name=\"twitter:data1\" content=\"1 minut\" \/>\n<script type=\"application\/ld+json\" class=\"yoast-schema-graph\">{\"@context\":\"https:\/\/schema.org\",\"@graph\":[{\"@type\":\"WebPage\",\"@id\":\"https:\/\/www.filtoprofiles.com\/ca\/producte\/barres-rodones-de-llauto\/\",\"url\":\"https:\/\/www.filtoprofiles.com\/ca\/producte\/barres-rodones-de-llauto\/\",\"name\":\"\ufeffBarres rodones - Filto Profiles\",\"isPartOf\":{\"@id\":\"https:\/\/www.filtoprofiles.com\/#website\"},\"primaryImageOfPage\":{\"@id\":\"https:\/\/www.filtoprofiles.com\/ca\/producte\/barres-rodones-de-llauto\/#primaryimage\"},\"image\":{\"@id\":\"https:\/\/www.filtoprofiles.com\/ca\/producte\/barres-rodones-de-llauto\/#primaryimage\"},\"thumbnailUrl\":\"https:\/\/www.filtoprofiles.com\/wp-content\/uploads\/2022\/04\/foto13b.jpg\",\"datePublished\":\"2022-05-19T12:14:19+00:00\",\"dateModified\":\"2023-04-12T10:49:50+00:00\",\"description\":\"Perfils de llaut\u00f3 rodons que s'utilitzen normalment amb finalitats decoratives. Subministrem barres rodones en sistema m\u00e8tric i en sistema imperial.\",\"breadcrumb\":{\"@id\":\"https:\/\/www.filtoprofiles.com\/ca\/producte\/barres-rodones-de-llauto\/#breadcrumb\"},\"inLanguage\":\"ca\",\"potentialAction\":[{\"@type\":\"ReadAction\",\"target\":[\"https:\/\/www.filtoprofiles.com\/ca\/producte\/barres-rodones-de-llauto\/\"]}]},{\"@type\":\"ImageObject\",\"inLanguage\":\"ca\",\"@id\":\"https:\/\/www.filtoprofiles.com\/ca\/producte\/barres-rodones-de-llauto\/#primaryimage\",\"url\":\"https:\/\/www.filtoprofiles.com\/wp-content\/uploads\/2022\/04\/foto13b.jpg\",\"contentUrl\":\"https:\/\/www.filtoprofiles.com\/wp-content\/uploads\/2022\/04\/foto13b.jpg\",\"width\":1704,\"height\":1624},{\"@type\":\"BreadcrumbList\",\"@id\":\"https:\/\/www.filtoprofiles.com\/ca\/producte\/barres-rodones-de-llauto\/#breadcrumb\",\"itemListElement\":[{\"@type\":\"ListItem\",\"position\":1,\"name\":\"Home\",\"item\":\"https:\/\/www.filtoprofiles.com\/ca\/\"},{\"@type\":\"ListItem\",\"position\":2,\"name\":\"Shop\",\"item\":\"https:\/\/www.filtoprofiles.com\/ca\/shop-2\/\"},{\"@type\":\"ListItem\",\"position\":3,\"name\":\"\ufeffBarres rodones\"}]},{\"@type\":\"WebSite\",\"@id\":\"https:\/\/www.filtoprofiles.com\/#website\",\"url\":\"https:\/\/www.filtoprofiles.com\/\",\"name\":\"Filto Profiles\",\"description\":\"Brass Profiles Producer\",\"publisher\":{\"@id\":\"https:\/\/www.filtoprofiles.com\/#organization\"},\"alternateName\":\"Filto\",\"potentialAction\":[{\"@type\":\"SearchAction\",\"target\":{\"@type\":\"EntryPoint\",\"urlTemplate\":\"https:\/\/www.filtoprofiles.com\/?s={search_term_string}\"},\"query-input\":{\"@type\":\"PropertyValueSpecification\",\"valueRequired\":true,\"valueName\":\"search_term_string\"}}],\"inLanguage\":\"ca\"},{\"@type\":\"Organization\",\"@id\":\"https:\/\/www.filtoprofiles.com\/#organization\",\"name\":\"Filto Profiles\",\"alternateName\":\"Filto\",\"url\":\"https:\/\/www.filtoprofiles.com\/\",\"logo\":{\"@type\":\"ImageObject\",\"inLanguage\":\"ca\",\"@id\":\"https:\/\/www.filtoprofiles.com\/#\/schema\/logo\/image\/\",\"url\":\"https:\/\/www.filtoprofiles.com\/wp-content\/uploads\/2023\/04\/filto-logo.jpg\",\"contentUrl\":\"https:\/\/www.filtoprofiles.com\/wp-content\/uploads\/2023\/04\/filto-logo.jpg\",\"width\":420,\"height\":420,\"caption\":\"Filto Profiles\"},\"image\":{\"@id\":\"https:\/\/www.filtoprofiles.com\/#\/schema\/logo\/image\/\"},\"sameAs\":[\"https:\/\/www.facebook.com\/filtoprofiles\",\"https:\/\/www.linkedin.com\/company\/3302369\"]}]}<\/script>\n<!-- \/ Yoast SEO Premium plugin. -->","yoast_head_json":{"title":"\ufeffBarres rodones - Filto Profiles","description":"Perfils de llaut\u00f3 rodons que s'utilitzen normalment amb finalitats decoratives. Subministrem barres rodones en sistema m\u00e8tric i en sistema imperial.","robots":{"index":"index","follow":"follow","max-snippet":"max-snippet:-1","max-image-preview":"max-image-preview:large","max-video-preview":"max-video-preview:-1"},"canonical":"https:\/\/www.filtoprofiles.com\/ca\/producte\/barres-rodones-de-llauto\/","og_locale":"ca_ES","og_type":"article","og_title":"\ufeffBarres rodones","og_description":"Perfils de llaut\u00f3 rodons que s'utilitzen normalment amb finalitats decoratives. Subministrem barres rodones en sistema m\u00e8tric i en sistema imperial.","og_url":"https:\/\/www.filtoprofiles.com\/ca\/producte\/barres-rodones-de-llauto\/","og_site_name":"Filto Profiles","article_publisher":"https:\/\/www.facebook.com\/filtoprofiles","article_modified_time":"2023-04-12T10:49:50+00:00","og_image":[{"width":1704,"height":1624,"url":"https:\/\/www.filtoprofiles.com\/wp-content\/uploads\/2022\/04\/foto13b.jpg","type":"image\/jpeg"}],"twitter_card":"summary_large_image","twitter_misc":{"Temps estimat de lectura":"1 minut"},"schema":{"@context":"https:\/\/schema.org","@graph":[{"@type":"WebPage","@id":"https:\/\/www.filtoprofiles.com\/ca\/producte\/barres-rodones-de-llauto\/","url":"https:\/\/www.filtoprofiles.com\/ca\/producte\/barres-rodones-de-llauto\/","name":"\ufeffBarres rodones - Filto Profiles","isPartOf":{"@id":"https:\/\/www.filtoprofiles.com\/#website"},"primaryImageOfPage":{"@id":"https:\/\/www.filtoprofiles.com\/ca\/producte\/barres-rodones-de-llauto\/#primaryimage"},"image":{"@id":"https:\/\/www.filtoprofiles.com\/ca\/producte\/barres-rodones-de-llauto\/#primaryimage"},"thumbnailUrl":"https:\/\/www.filtoprofiles.com\/wp-content\/uploads\/2022\/04\/foto13b.jpg","datePublished":"2022-05-19T12:14:19+00:00","dateModified":"2023-04-12T10:49:50+00:00","description":"Perfils de llaut\u00f3 rodons que s'utilitzen normalment amb finalitats decoratives. Subministrem barres rodones en sistema m\u00e8tric i en sistema imperial.","breadcrumb":{"@id":"https:\/\/www.filtoprofiles.com\/ca\/producte\/barres-rodones-de-llauto\/#breadcrumb"},"inLanguage":"ca","potentialAction":[{"@type":"ReadAction","target":["https:\/\/www.filtoprofiles.com\/ca\/producte\/barres-rodones-de-llauto\/"]}]},{"@type":"ImageObject","inLanguage":"ca","@id":"https:\/\/www.filtoprofiles.com\/ca\/producte\/barres-rodones-de-llauto\/#primaryimage","url":"https:\/\/www.filtoprofiles.com\/wp-content\/uploads\/2022\/04\/foto13b.jpg","contentUrl":"https:\/\/www.filtoprofiles.com\/wp-content\/uploads\/2022\/04\/foto13b.jpg","width":1704,"height":1624},{"@type":"BreadcrumbList","@id":"https:\/\/www.filtoprofiles.com\/ca\/producte\/barres-rodones-de-llauto\/#breadcrumb","itemListElement":[{"@type":"ListItem","position":1,"name":"Home","item":"https:\/\/www.filtoprofiles.com\/ca\/"},{"@type":"ListItem","position":2,"name":"Shop","item":"https:\/\/www.filtoprofiles.com\/ca\/shop-2\/"},{"@type":"ListItem","position":3,"name":"\ufeffBarres rodones"}]},{"@type":"WebSite","@id":"https:\/\/www.filtoprofiles.com\/#website","url":"https:\/\/www.filtoprofiles.com\/","name":"Filto Profiles","description":"Brass Profiles Producer","publisher":{"@id":"https:\/\/www.filtoprofiles.com\/#organization"},"alternateName":"Filto","potentialAction":[{"@type":"SearchAction","target":{"@type":"EntryPoint","urlTemplate":"https:\/\/www.filtoprofiles.com\/?s={search_term_string}"},"query-input":{"@type":"PropertyValueSpecification","valueRequired":true,"valueName":"search_term_string"}}],"inLanguage":"ca"},{"@type":"Organization","@id":"https:\/\/www.filtoprofiles.com\/#organization","name":"Filto Profiles","alternateName":"Filto","url":"https:\/\/www.filtoprofiles.com\/","logo":{"@type":"ImageObject","inLanguage":"ca","@id":"https:\/\/www.filtoprofiles.com\/#\/schema\/logo\/image\/","url":"https:\/\/www.filtoprofiles.com\/wp-content\/uploads\/2023\/04\/filto-logo.jpg","contentUrl":"https:\/\/www.filtoprofiles.com\/wp-content\/uploads\/2023\/04\/filto-logo.jpg","width":420,"height":420,"caption":"Filto Profiles"},"image":{"@id":"https:\/\/www.filtoprofiles.com\/#\/schema\/logo\/image\/"},"sameAs":["https:\/\/www.facebook.com\/filtoprofiles","https:\/\/www.linkedin.com\/company\/3302369"]}]}},"_links":{"self":[{"href":"https:\/\/www.filtoprofiles.com\/ca\/wp-json\/wp\/v2\/product\/3118","targetHints":{"allow":["GET"]}}],"collection":[{"href":"https:\/\/www.filtoprofiles.com\/ca\/wp-json\/wp\/v2\/product"}],"about":[{"href":"https:\/\/www.filtoprofiles.com\/ca\/wp-json\/wp\/v2\/types\/product"}],"wp:featuredmedia":[{"embeddable":true,"href":"https:\/\/www.filtoprofiles.com\/ca\/wp-json\/wp\/v2\/media\/1653"}],"wp:attachment":[{"href":"https:\/\/www.filtoprofiles.com\/ca\/wp-json\/wp\/v2\/media?parent=3118"}],"wp:term":[{"taxonomy":"product_cat","embeddable":true,"href":"https:\/\/www.filtoprofiles.com\/ca\/wp-json\/wp\/v2\/product_cat?post=3118"},{"taxonomy":"product_tag","embeddable":true,"href":"https:\/\/www.filtoprofiles.com\/ca\/wp-json\/wp\/v2\/product_tag?post=3118"}],"curies":[{"name":"wp","href":"https:\/\/api.w.org\/{rel}","templated":true}]}}