{"id":3107,"date":"2022-05-19T12:37:04","date_gmt":"2022-05-19T12:37:04","guid":{"rendered":"https:\/\/www.filtoprofiles.com\/product\/perfils-en-u\/"},"modified":"2023-04-12T09:47:08","modified_gmt":"2023-04-12T09:47:08","slug":"perfils-en-u","status":"publish","type":"product","link":"https:\/\/www.filtoprofiles.com\/ca\/producte\/perfils-en-u\/","title":{"rendered":"Perfils en \u201cU\u201d de llaut\u00f3 \u2013 Canal"},"content":{"rendered":"<h4>PERFILS EN \u201cU\u201d IGUALS DE LLAUT\u00d3 M\u00c8TRIC EST\u00c0NDARD A X ALT XT (mil\u00b7l\u00edmetres)<\/h4>\n<div id=\"tablepress-14-scroll-wrapper\" class=\"tablepress-scroll-wrapper\">\n\n<table id=\"tablepress-14\" class=\"tablepress tablepress-id-14 tablepress-responsive\">\n<tbody class=\"row-striping row-hover\">\n<tr class=\"row-1\">\n\t<td class=\"column-1\">6X6X6X1<br \/>\n<br \/>\n<\/td><td class=\"column-2\">10X10X10X1<\/td><td class=\"column-3\">12X12X12X1<\/td><td class=\"column-4\">15X15X15X1<\/td><td class=\"column-5\">20X20X20X1.5<\/td><td class=\"column-6\">25X25X25X2<\/td><td class=\"column-7\">30X30X30X1.5<\/td><td class=\"column-8\">40X40X40X1,5<\/td>\n<\/tr>\n<tr class=\"row-2\">\n\t<td class=\"column-1\"><\/td><td class=\"column-2\">10X10X10X1.5<\/td><td class=\"column-3\">12X12X12X2<\/td><td class=\"column-4\">15X15X15X1.5<\/td><td class=\"column-5\">20X20X20X2<\/td><td class=\"column-6\">25X25X25X3<\/td><td class=\"column-7\">30X30X30X2<\/td><td class=\"column-8\">40X40X40X2<\/td>\n<\/tr>\n<tr class=\"row-3\">\n\t<td class=\"column-1\"><\/td><td class=\"column-2\">10X10X10X2<\/td><td class=\"column-3\"><\/td><td class=\"column-4\">15X15X15X2<\/td><td class=\"column-5\">20X20X20X3<\/td><td class=\"column-6\">25X25X25X4<\/td><td class=\"column-7\">30X30X30X3<\/td><td class=\"column-8\">40X40X40X3<\/td>\n<\/tr>\n<tr class=\"row-4\">\n\t<td class=\"column-1\">8X8X8X1<\/td><td class=\"column-2\"><\/td><td class=\"column-3\"><\/td><td class=\"column-4\"><\/td><td class=\"column-5\"><\/td><td class=\"column-6\">25X25X25X5<\/td><td class=\"column-7\">30X30X30X5 <\/td><td class=\"column-8\">40X40X40X4<\/td>\n<\/tr>\n<tr class=\"row-5\">\n\t<td class=\"column-1\">8X8X8X1.5  <\/td><td class=\"column-2\"><\/td><td class=\"column-3\"><\/td><td class=\"column-4\"><\/td><td class=\"column-5\"><\/td><td class=\"column-6\"><\/td><td class=\"column-7\">35X35X35X3<\/td><td class=\"column-8\"> 50X50X50X5<\/td>\n<\/tr>\n<tr class=\"row-6\">\n\t<td class=\"column-1\">9X9X9X1.5 <\/td><td class=\"column-2\"><\/td><td class=\"column-3\"><\/td><td class=\"column-4\"><\/td><td class=\"column-5\"><\/td><td class=\"column-6\"><\/td><td class=\"column-7\"><\/td><td class=\"column-8\"> <\/td>\n<\/tr>\n<\/tbody>\n<\/table>\n\n<\/div><!-- #tablepress-14 from cache -->\n<p><em><strong>* Altres mides de perfils en \u201cU\u201d amb costats iguals de llaut\u00f3 en sistema m\u00e8tric a petici\u00f3.<\/strong><\/em><\/p>\n<h4>PERFILS EN \u201cU\u201d DESIGUALS DE LLAUT\u00d3 M\u00c8TRIC EST\u00c0NDARD A X ALT XT (mil\u00b7l\u00edmetres)<\/h4>\n<div id=\"tablepress-15-scroll-wrapper\" class=\"tablepress-scroll-wrapper\">\n\n<table id=\"tablepress-15\" class=\"tablepress tablepress-id-15 tablepress-responsive\">\n<tbody class=\"row-striping row-hover\">\n<tr class=\"row-1\">\n\t<td class=\"column-1\">5X10X5X1<\/td><td class=\"column-2\">10X10X8.15X1<\/td><td class=\"column-3\">12X5X12X1<\/td><td class=\"column-4\">15X10X15X1.5<\/td><td class=\"column-5\">20X13X20X2<\/td><td class=\"column-6\">25X20X25X2<\/td><td class=\"column-7\">30X25X30X2<\/td><td class=\"column-8\">40X40X10X2<\/td>\n<\/tr>\n<tr class=\"row-2\">\n\t<td class=\"column-1\"><\/td><td class=\"column-2\">10X15X10X2<\/td><td class=\"column-3\">12X8X12X1<\/td><td class=\"column-4\">15X10X15X2<\/td><td class=\"column-5\">20X20X30X6<\/td><td class=\"column-6\">25X40X25X3<\/td><td class=\"column-7\">30X15X30X2 <\/td><td class=\"column-8\">40X46X40X7<\/td>\n<\/tr>\n<tr class=\"row-3\">\n\t<td class=\"column-1\">6X10X6X1<\/td><td class=\"column-2\">10X20X10X2<\/td><td class=\"column-3\"><\/td><td class=\"column-4\">15X12X15X2<\/td><td class=\"column-5\">20X20X40X6<\/td><td class=\"column-6\"><\/td><td class=\"column-7\"><\/td><td class=\"column-8\"> <\/td>\n<\/tr>\n<tr class=\"row-4\">\n\t<td class=\"column-1\"><\/td><td class=\"column-2\">10X40X10X2<\/td><td class=\"column-3\">14X12X14X2,3 <\/td><td class=\"column-4\">15X20X15X3<\/td><td class=\"column-5\">20X40X20X2<\/td><td class=\"column-6\"><\/td><td class=\"column-7\">32X32X32X1.5<\/td><td class=\"column-8\">43X20X25X2<\/td>\n<\/tr>\n<tr class=\"row-5\">\n\t<td class=\"column-1\">7X7X5,3X1,05<\/td><td class=\"column-2\"><\/td><td class=\"column-3\"><\/td><td class=\"column-4\"><\/td><td class=\"column-5\"><\/td><td class=\"column-6\">27X16X27X3<\/td><td class=\"column-7\"> <\/td><td class=\"column-8\"> <\/td>\n<\/tr>\n<tr class=\"row-6\">\n\t<td class=\"column-1\">7X12X7X1<\/td><td class=\"column-2\"><\/td><td class=\"column-3\">15.5X15.5X55.2X2.5<\/td><td class=\"column-4\">17X56X17X3<\/td><td class=\"column-5\">22,5X35X22,5X2<\/td><td class=\"column-6\"><\/td><td class=\"column-7\">35X18X35X2<\/td><td class=\"column-8\">44X35X3<\/td>\n<\/tr>\n<tr class=\"row-7\">\n\t<td class=\"column-1\">7X12X7X2<\/td><td class=\"column-2\"><\/td><td class=\"column-3\"><\/td><td class=\"column-4\"><\/td><td class=\"column-5\"><\/td><td class=\"column-6\">27X18X27X3<\/td><td class=\"column-7\">35X16X16X3<\/td><td class=\"column-8\"> <\/td>\n<\/tr>\n<tr class=\"row-8\">\n\t<td class=\"column-1\"><\/td><td class=\"column-2\"><\/td><td class=\"column-3\">16.5X16.5X20.6X4<\/td><td class=\"column-4\">18X7X18X2<\/td><td class=\"column-5\"><\/td><td class=\"column-6\">27X15.5X27X2.5<\/td><td class=\"column-7\"><\/td><td class=\"column-8\">50X20X10X3<\/td>\n<\/tr>\n<tr class=\"row-9\">\n\t<td class=\"column-1\">7.5X6X7.5X1.5<\/td><td class=\"column-2\"><\/td><td class=\"column-3\"><\/td><td class=\"column-4\">18X13X18X1.5<\/td><td class=\"column-5\"><\/td><td class=\"column-6\"><\/td><td class=\"column-7\"><\/td><td class=\"column-8\"> <\/td>\n<\/tr>\n<\/tbody>\n<\/table>\n\n<\/div><!-- #tablepress-15 from cache -->\n<p><em><strong>* Altres mides de perfils en \u201cU\u201d amb costats desiguals de llaut\u00f3 en sistema m\u00e8tric a petici\u00f3.<\/strong><\/em><\/p>\n<p><strong>PERFILS EN \u201cU\u201d EST\u00c0NDARD DE LLAUT\u00d3 IMPERIAL A X A X A (polzades)<\/strong><\/p>\n<div id=\"tablepress-16-scroll-wrapper\" class=\"tablepress-scroll-wrapper\">\n\n<table id=\"tablepress-16\" class=\"tablepress tablepress-id-16 tablepress-responsive\">\n<tbody class=\"row-striping row-hover\">\n<tr class=\"row-1\">\n\t<td class=\"column-1\">1\u201d X 2\" X 1\" X 1\/8\"<br \/>\n<br \/>\n<br \/>\n<\/td><td class=\"column-2\">3\/8\u201dX3\/4\u201dX3\/8\u201dX1\/8\u201d<\/td>\n<\/tr>\n<tr class=\"row-2\">\n\t<td class=\"column-1\">1\u201d X 1\" X 1\" X 1\/8\"<\/td><td class=\"column-2\">3\/4\" X 1\/2\" X 3\/4\" X 1\/8\"<\/td>\n<\/tr>\n<tr class=\"row-3\">\n\t<td class=\"column-1\">3\/4\" X 3\/4\" X 3\/4\" X 1\/16\"<br \/>\n<br \/>\n<\/td><td class=\"column-2\">3\/4\" X 3\/4\" X 1\/2\" X 3\/32\"<\/td>\n<\/tr>\n<tr class=\"row-4\">\n\t<td class=\"column-1\">3\/4\" X 3\/4\" X 3\/4\" X 1\/8\"<br \/>\n<br \/>\n<\/td><td class=\"column-2\">3\/8\u201dX3\/8\u201dX3\/8\u201dX1\/16\u201d<br \/>\n<br \/>\n<\/td>\n<\/tr>\n<tr class=\"row-5\">\n\t<td class=\"column-1\">3\/4\" X 3\/4\" X 3\/4\" X 3\/32\"<br \/>\n<br \/>\n<\/td><td class=\"column-2\">1\/2\u201d X 1\" X 1\/2\" X 1\/8\"<\/td>\n<\/tr>\n<tr class=\"row-6\">\n\t<td class=\"column-1\">5\/8\" X 5\/8\" X 5\/8\" X 5\/8\"<\/td><td class=\"column-2\">1\u201dX1.1\/2\u201dX1\u201dX1\/4\u201d<\/td>\n<\/tr>\n<tr class=\"row-7\">\n\t<td class=\"column-1\">5\/8\" X 5\/8\" X 5\/8\" X 3\/32\"<\/td><td class=\"column-2\">1.1\/2\u201dX1.1\/2\u201dX1.1\/2\u201dX1\/8\u201d<\/td>\n<\/tr>\n<tr class=\"row-8\">\n\t<td class=\"column-1\">5\/8\" X 5\/8\" X 5\/8\" X 1\/16\"<\/td><td class=\"column-2\">2\u201d X 2\" X 2\" X 1\/8\"<\/td>\n<\/tr>\n<tr class=\"row-9\">\n\t<td class=\"column-1\">5\/8\" X 5\/8\" X 5\/8\" X 1\/8\"<\/td><td class=\"column-2\">2\u201d X 2\" X 2\" X 3\/8\"<\/td>\n<\/tr>\n<tr class=\"row-10\">\n\t<td class=\"column-1\">1\/2\u201d X 1\/2\" X 1\/2\" X 1\/8\"<\/td><td class=\"column-2\">1.1\/4\u201dX1.1\/4\u201dX1.1\/4\u201dX1\/8\u201d<\/td>\n<\/tr>\n<tr class=\"row-11\">\n\t<td class=\"column-1\">1\/2\u201c X 1\/2\" X 1\/2\" X 1\/16\"<\/td><td class=\"column-2\"><\/td>\n<\/tr>\n<\/tbody>\n<\/table>\n\n<\/div><!-- #tablepress-16 from cache -->\n<p><em><strong>*Other Imperial brass Channels sizes upon request.<\/strong><\/em><\/p>\n","protected":false},"excerpt":{"rendered":"<p>Filto Profiles produeix Perfils en \u201cU\u201d de llaut\u00f3 o canal que s&#8217;utilitzen normalment amb finalitats decoratives. Subministrem perfils en \u201dU\u201d en sistema m\u00e8tric i sistema imperial, amb una \u00e0mplia gamma d\u2019aliatges i mides a preus competitius i d&#8217;alta qualitat.<\/p>\n<p>Tall a la longitud sol\u00b7licitada fins a 6 metres.<\/p>\n<p>Els nostres enginyers experimentats us ajudaran de bon grat a triar quina mida, aliatge i longitud dels nostres perfils \u201cU\u201d de llaut\u00f3 us funcionaran millor.<\/p>\n<p>A continuaci\u00f3 hi ha la llista actualitzada dels nostres perfils en \u201cU\u201d de llaut\u00f3 en sistema m\u00e8tric i imperial, Perfils en \u201cU\u201d de llaut\u00f3 amb costats iguals iguals i perfil en U de llaut\u00f3 amb costats desiguals.<\/p>\n","protected":false},"featured_media":1613,"template":"","meta":[],"product_cat":[66],"product_tag":[],"class_list":["post-3107","product","type-product","status-publish","has-post-thumbnail","hentry","product_cat-seccions"],"yoast_head":"<!-- This site is optimized with the Yoast SEO Premium plugin v27.1 (Yoast SEO v27.1.1) - https:\/\/yoast.com\/product\/yoast-seo-premium-wordpress\/ -->\n<title>Perfils en \u201cU\u201d de llaut\u00f3 \u2013 Canal - Filto Profiles<\/title>\n<meta name=\"description\" content=\"Perfils en \u201cU\u201d de llaut\u00f3 o canal amb finalitats decoratives. Subministrem perfils en \u201dU\u201d en sistema m\u00e8tric i sistema imperial, competitius i d\u2019alta qualita\" \/>\n<meta name=\"robots\" content=\"index, follow, max-snippet:-1, max-image-preview:large, max-video-preview:-1\" \/>\n<link rel=\"canonical\" href=\"https:\/\/www.filtoprofiles.com\/ca\/producte\/perfils-en-u\/\" \/>\n<meta property=\"og:locale\" content=\"ca_ES\" \/>\n<meta property=\"og:type\" content=\"article\" \/>\n<meta property=\"og:title\" content=\"Perfils en \u201cU\u201d de llaut\u00f3 \u2013 Canal\" \/>\n<meta property=\"og:description\" content=\"Perfils en \u201cU\u201d de llaut\u00f3 o canal amb finalitats decoratives. Subministrem perfils en \u201dU\u201d en sistema m\u00e8tric i sistema imperial, competitius i d\u2019alta qualita\" \/>\n<meta property=\"og:url\" content=\"https:\/\/www.filtoprofiles.com\/ca\/producte\/perfils-en-u\/\" \/>\n<meta property=\"og:site_name\" content=\"Filto Profiles\" \/>\n<meta property=\"article:publisher\" content=\"https:\/\/www.facebook.com\/filtoprofiles\" \/>\n<meta property=\"article:modified_time\" content=\"2023-04-12T09:47:08+00:00\" \/>\n<meta property=\"og:image\" content=\"https:\/\/www.filtoprofiles.com\/wp-content\/uploads\/2022\/04\/foto02b_1.jpg\" \/>\n\t<meta property=\"og:image:width\" content=\"1388\" \/>\n\t<meta property=\"og:image:height\" content=\"2116\" \/>\n\t<meta property=\"og:image:type\" content=\"image\/jpeg\" \/>\n<meta name=\"twitter:card\" content=\"summary_large_image\" \/>\n<meta name=\"twitter:label1\" content=\"Temps estimat de lectura\" \/>\n\t<meta name=\"twitter:data1\" content=\"1 minut\" \/>\n<script type=\"application\/ld+json\" class=\"yoast-schema-graph\">{\"@context\":\"https:\/\/schema.org\",\"@graph\":[{\"@type\":\"WebPage\",\"@id\":\"https:\/\/www.filtoprofiles.com\/ca\/producte\/perfils-en-u\/\",\"url\":\"https:\/\/www.filtoprofiles.com\/ca\/producte\/perfils-en-u\/\",\"name\":\"Perfils en \u201cU\u201d de llaut\u00f3 \u2013 Canal - Filto Profiles\",\"isPartOf\":{\"@id\":\"https:\/\/www.filtoprofiles.com\/#website\"},\"primaryImageOfPage\":{\"@id\":\"https:\/\/www.filtoprofiles.com\/ca\/producte\/perfils-en-u\/#primaryimage\"},\"image\":{\"@id\":\"https:\/\/www.filtoprofiles.com\/ca\/producte\/perfils-en-u\/#primaryimage\"},\"thumbnailUrl\":\"https:\/\/www.filtoprofiles.com\/wp-content\/uploads\/2022\/04\/foto02b_1.jpg\",\"datePublished\":\"2022-05-19T12:37:04+00:00\",\"dateModified\":\"2023-04-12T09:47:08+00:00\",\"description\":\"Perfils en \u201cU\u201d de llaut\u00f3 o canal amb finalitats decoratives. Subministrem perfils en \u201dU\u201d en sistema m\u00e8tric i sistema imperial, competitius i d\u2019alta qualita\",\"breadcrumb\":{\"@id\":\"https:\/\/www.filtoprofiles.com\/ca\/producte\/perfils-en-u\/#breadcrumb\"},\"inLanguage\":\"ca\",\"potentialAction\":[{\"@type\":\"ReadAction\",\"target\":[\"https:\/\/www.filtoprofiles.com\/ca\/producte\/perfils-en-u\/\"]}]},{\"@type\":\"ImageObject\",\"inLanguage\":\"ca\",\"@id\":\"https:\/\/www.filtoprofiles.com\/ca\/producte\/perfils-en-u\/#primaryimage\",\"url\":\"https:\/\/www.filtoprofiles.com\/wp-content\/uploads\/2022\/04\/foto02b_1.jpg\",\"contentUrl\":\"https:\/\/www.filtoprofiles.com\/wp-content\/uploads\/2022\/04\/foto02b_1.jpg\",\"width\":1388,\"height\":2116},{\"@type\":\"BreadcrumbList\",\"@id\":\"https:\/\/www.filtoprofiles.com\/ca\/producte\/perfils-en-u\/#breadcrumb\",\"itemListElement\":[{\"@type\":\"ListItem\",\"position\":1,\"name\":\"Home\",\"item\":\"https:\/\/www.filtoprofiles.com\/ca\/\"},{\"@type\":\"ListItem\",\"position\":2,\"name\":\"Shop\",\"item\":\"https:\/\/www.filtoprofiles.com\/ca\/shop-2\/\"},{\"@type\":\"ListItem\",\"position\":3,\"name\":\"Perfils en \u201cU\u201d de llaut\u00f3 \u2013 Canal\"}]},{\"@type\":\"WebSite\",\"@id\":\"https:\/\/www.filtoprofiles.com\/#website\",\"url\":\"https:\/\/www.filtoprofiles.com\/\",\"name\":\"Filto Profiles\",\"description\":\"Brass Profiles Producer\",\"publisher\":{\"@id\":\"https:\/\/www.filtoprofiles.com\/#organization\"},\"alternateName\":\"Filto\",\"potentialAction\":[{\"@type\":\"SearchAction\",\"target\":{\"@type\":\"EntryPoint\",\"urlTemplate\":\"https:\/\/www.filtoprofiles.com\/?s={search_term_string}\"},\"query-input\":{\"@type\":\"PropertyValueSpecification\",\"valueRequired\":true,\"valueName\":\"search_term_string\"}}],\"inLanguage\":\"ca\"},{\"@type\":\"Organization\",\"@id\":\"https:\/\/www.filtoprofiles.com\/#organization\",\"name\":\"Filto Profiles\",\"alternateName\":\"Filto\",\"url\":\"https:\/\/www.filtoprofiles.com\/\",\"logo\":{\"@type\":\"ImageObject\",\"inLanguage\":\"ca\",\"@id\":\"https:\/\/www.filtoprofiles.com\/#\/schema\/logo\/image\/\",\"url\":\"https:\/\/www.filtoprofiles.com\/wp-content\/uploads\/2023\/04\/filto-logo.jpg\",\"contentUrl\":\"https:\/\/www.filtoprofiles.com\/wp-content\/uploads\/2023\/04\/filto-logo.jpg\",\"width\":420,\"height\":420,\"caption\":\"Filto Profiles\"},\"image\":{\"@id\":\"https:\/\/www.filtoprofiles.com\/#\/schema\/logo\/image\/\"},\"sameAs\":[\"https:\/\/www.facebook.com\/filtoprofiles\",\"https:\/\/www.linkedin.com\/company\/3302369\"]}]}<\/script>\n<!-- \/ Yoast SEO Premium plugin. -->","yoast_head_json":{"title":"Perfils en \u201cU\u201d de llaut\u00f3 \u2013 Canal - Filto Profiles","description":"Perfils en \u201cU\u201d de llaut\u00f3 o canal amb finalitats decoratives. Subministrem perfils en \u201dU\u201d en sistema m\u00e8tric i sistema imperial, competitius i d\u2019alta qualita","robots":{"index":"index","follow":"follow","max-snippet":"max-snippet:-1","max-image-preview":"max-image-preview:large","max-video-preview":"max-video-preview:-1"},"canonical":"https:\/\/www.filtoprofiles.com\/ca\/producte\/perfils-en-u\/","og_locale":"ca_ES","og_type":"article","og_title":"Perfils en \u201cU\u201d de llaut\u00f3 \u2013 Canal","og_description":"Perfils en \u201cU\u201d de llaut\u00f3 o canal amb finalitats decoratives. Subministrem perfils en \u201dU\u201d en sistema m\u00e8tric i sistema imperial, competitius i d\u2019alta qualita","og_url":"https:\/\/www.filtoprofiles.com\/ca\/producte\/perfils-en-u\/","og_site_name":"Filto Profiles","article_publisher":"https:\/\/www.facebook.com\/filtoprofiles","article_modified_time":"2023-04-12T09:47:08+00:00","og_image":[{"width":1388,"height":2116,"url":"https:\/\/www.filtoprofiles.com\/wp-content\/uploads\/2022\/04\/foto02b_1.jpg","type":"image\/jpeg"}],"twitter_card":"summary_large_image","twitter_misc":{"Temps estimat de lectura":"1 minut"},"schema":{"@context":"https:\/\/schema.org","@graph":[{"@type":"WebPage","@id":"https:\/\/www.filtoprofiles.com\/ca\/producte\/perfils-en-u\/","url":"https:\/\/www.filtoprofiles.com\/ca\/producte\/perfils-en-u\/","name":"Perfils en \u201cU\u201d de llaut\u00f3 \u2013 Canal - Filto Profiles","isPartOf":{"@id":"https:\/\/www.filtoprofiles.com\/#website"},"primaryImageOfPage":{"@id":"https:\/\/www.filtoprofiles.com\/ca\/producte\/perfils-en-u\/#primaryimage"},"image":{"@id":"https:\/\/www.filtoprofiles.com\/ca\/producte\/perfils-en-u\/#primaryimage"},"thumbnailUrl":"https:\/\/www.filtoprofiles.com\/wp-content\/uploads\/2022\/04\/foto02b_1.jpg","datePublished":"2022-05-19T12:37:04+00:00","dateModified":"2023-04-12T09:47:08+00:00","description":"Perfils en \u201cU\u201d de llaut\u00f3 o canal amb finalitats decoratives. Subministrem perfils en \u201dU\u201d en sistema m\u00e8tric i sistema imperial, competitius i d\u2019alta qualita","breadcrumb":{"@id":"https:\/\/www.filtoprofiles.com\/ca\/producte\/perfils-en-u\/#breadcrumb"},"inLanguage":"ca","potentialAction":[{"@type":"ReadAction","target":["https:\/\/www.filtoprofiles.com\/ca\/producte\/perfils-en-u\/"]}]},{"@type":"ImageObject","inLanguage":"ca","@id":"https:\/\/www.filtoprofiles.com\/ca\/producte\/perfils-en-u\/#primaryimage","url":"https:\/\/www.filtoprofiles.com\/wp-content\/uploads\/2022\/04\/foto02b_1.jpg","contentUrl":"https:\/\/www.filtoprofiles.com\/wp-content\/uploads\/2022\/04\/foto02b_1.jpg","width":1388,"height":2116},{"@type":"BreadcrumbList","@id":"https:\/\/www.filtoprofiles.com\/ca\/producte\/perfils-en-u\/#breadcrumb","itemListElement":[{"@type":"ListItem","position":1,"name":"Home","item":"https:\/\/www.filtoprofiles.com\/ca\/"},{"@type":"ListItem","position":2,"name":"Shop","item":"https:\/\/www.filtoprofiles.com\/ca\/shop-2\/"},{"@type":"ListItem","position":3,"name":"Perfils en \u201cU\u201d de llaut\u00f3 \u2013 Canal"}]},{"@type":"WebSite","@id":"https:\/\/www.filtoprofiles.com\/#website","url":"https:\/\/www.filtoprofiles.com\/","name":"Filto Profiles","description":"Brass Profiles Producer","publisher":{"@id":"https:\/\/www.filtoprofiles.com\/#organization"},"alternateName":"Filto","potentialAction":[{"@type":"SearchAction","target":{"@type":"EntryPoint","urlTemplate":"https:\/\/www.filtoprofiles.com\/?s={search_term_string}"},"query-input":{"@type":"PropertyValueSpecification","valueRequired":true,"valueName":"search_term_string"}}],"inLanguage":"ca"},{"@type":"Organization","@id":"https:\/\/www.filtoprofiles.com\/#organization","name":"Filto Profiles","alternateName":"Filto","url":"https:\/\/www.filtoprofiles.com\/","logo":{"@type":"ImageObject","inLanguage":"ca","@id":"https:\/\/www.filtoprofiles.com\/#\/schema\/logo\/image\/","url":"https:\/\/www.filtoprofiles.com\/wp-content\/uploads\/2023\/04\/filto-logo.jpg","contentUrl":"https:\/\/www.filtoprofiles.com\/wp-content\/uploads\/2023\/04\/filto-logo.jpg","width":420,"height":420,"caption":"Filto Profiles"},"image":{"@id":"https:\/\/www.filtoprofiles.com\/#\/schema\/logo\/image\/"},"sameAs":["https:\/\/www.facebook.com\/filtoprofiles","https:\/\/www.linkedin.com\/company\/3302369"]}]}},"_links":{"self":[{"href":"https:\/\/www.filtoprofiles.com\/ca\/wp-json\/wp\/v2\/product\/3107","targetHints":{"allow":["GET"]}}],"collection":[{"href":"https:\/\/www.filtoprofiles.com\/ca\/wp-json\/wp\/v2\/product"}],"about":[{"href":"https:\/\/www.filtoprofiles.com\/ca\/wp-json\/wp\/v2\/types\/product"}],"wp:featuredmedia":[{"embeddable":true,"href":"https:\/\/www.filtoprofiles.com\/ca\/wp-json\/wp\/v2\/media\/1613"}],"wp:attachment":[{"href":"https:\/\/www.filtoprofiles.com\/ca\/wp-json\/wp\/v2\/media?parent=3107"}],"wp:term":[{"taxonomy":"product_cat","embeddable":true,"href":"https:\/\/www.filtoprofiles.com\/ca\/wp-json\/wp\/v2\/product_cat?post=3107"},{"taxonomy":"product_tag","embeddable":true,"href":"https:\/\/www.filtoprofiles.com\/ca\/wp-json\/wp\/v2\/product_tag?post=3107"}],"curies":[{"name":"wp","href":"https:\/\/api.w.org\/{rel}","templated":true}]}}