{"id":3614,"date":"2023-01-16T20:44:48","date_gmt":"2023-01-16T20:44:48","guid":{"rendered":"https:\/\/www.filtoprofiles.com\/politica-de-privacidad\/"},"modified":"2023-03-31T06:24:56","modified_gmt":"2023-03-31T06:24:56","slug":"politica-de-privacidad","status":"publish","type":"page","link":"https:\/\/www.filtoprofiles.com\/ca\/politica-de-privacidad\/","title":{"rendered":"Pol\u00edtica de privacitat"},"content":{"rendered":"\t\t<div data-elementor-type=\"wp-page\" data-elementor-id=\"3614\" class=\"elementor elementor-3614 elementor-3607\">\n\t\t\t\t\t\t\t\t\t<section class=\"elementor-section elementor-top-section elementor-element elementor-element-290e890 elementor-section-boxed elementor-section-height-default elementor-section-height-default\" data-id=\"290e890\" data-element_type=\"section\" data-settings=\"{&quot;background_background&quot;:&quot;classic&quot;}\">\n\t\t\t\t\t\t\t<div class=\"elementor-background-overlay\"><\/div>\n\t\t\t\t\t\t\t<div class=\"elementor-container elementor-column-gap-default\">\n\t\t\t\t\t<div class=\"elementor-column elementor-col-100 elementor-top-column elementor-element elementor-element-601fda0\" data-id=\"601fda0\" data-element_type=\"column\">\n\t\t\t<div class=\"elementor-widget-wrap elementor-element-populated\">\n\t\t\t\t\t\t\t\t<div class=\"elementor-element elementor-element-c7ca651 elementor-invisible elementor-widget elementor-widget-heading\" data-id=\"c7ca651\" data-element_type=\"widget\" data-settings=\"{&quot;_animation&quot;:&quot;fadeInUp&quot;,&quot;_animation_delay&quot;:&quot;550&quot;}\" data-widget_type=\"heading.default\">\n\t\t\t\t<div class=\"elementor-widget-container\">\n\t\t\t<style>\/*! elementor - v3.15.0 - 20-08-2023 *\/\n.elementor-heading-title{padding:0;margin:0;line-height:1}.elementor-widget-heading .elementor-heading-title[class*=elementor-size-]>a{color:inherit;font-size:inherit;line-height:inherit}.elementor-widget-heading .elementor-heading-title.elementor-size-small{font-size:15px}.elementor-widget-heading .elementor-heading-title.elementor-size-medium{font-size:19px}.elementor-widget-heading .elementor-heading-title.elementor-size-large{font-size:29px}.elementor-widget-heading .elementor-heading-title.elementor-size-xl{font-size:39px}.elementor-widget-heading .elementor-heading-title.elementor-size-xxl{font-size:59px}<\/style><h2 class=\"elementor-heading-title elementor-size-default\">Pol\u00edtica de privacitat<\/h2>\t\t<\/div>\n\t\t\t\t<\/div>\n\t\t\t\t\t<\/div>\n\t\t<\/div>\n\t\t\t\t\t\t\t<\/div>\n\t\t<\/section>\n\t\t\t\t<section class=\"elementor-section elementor-top-section elementor-element elementor-element-d40818e elementor-section-boxed elementor-section-height-default elementor-section-height-default\" data-id=\"d40818e\" data-element_type=\"section\">\n\t\t\t\t\t\t<div class=\"elementor-container elementor-column-gap-default\">\n\t\t\t\t\t<div class=\"elementor-column elementor-col-100 elementor-top-column elementor-element elementor-element-4601abe\" data-id=\"4601abe\" data-element_type=\"column\">\n\t\t\t<div class=\"elementor-widget-wrap elementor-element-populated\">\n\t\t\t\t\t\t\t\t<div class=\"elementor-element elementor-element-918da5e elementor-widget elementor-widget-spacer\" data-id=\"918da5e\" data-element_type=\"widget\" data-widget_type=\"spacer.default\">\n\t\t\t\t<div class=\"elementor-widget-container\">\n\t\t\t<style>\/*! elementor - v3.15.0 - 20-08-2023 *\/\n.elementor-column .elementor-spacer-inner{height:var(--spacer-size)}.e-con{--container-widget-width:100%}.e-con-inner>.elementor-widget-spacer,.e-con>.elementor-widget-spacer{width:var(--container-widget-width,var(--spacer-size));--align-self:var(--container-widget-align-self,initial);--flex-shrink:0}.e-con-inner>.elementor-widget-spacer>.elementor-widget-container,.e-con-inner>.elementor-widget-spacer>.elementor-widget-container>.elementor-spacer,.e-con>.elementor-widget-spacer>.elementor-widget-container,.e-con>.elementor-widget-spacer>.elementor-widget-container>.elementor-spacer{height:100%}.e-con-inner>.elementor-widget-spacer>.elementor-widget-container>.elementor-spacer>.elementor-spacer-inner,.e-con>.elementor-widget-spacer>.elementor-widget-container>.elementor-spacer>.elementor-spacer-inner{height:var(--container-widget-height,var(--spacer-size))}<\/style>\t\t<div class=\"elementor-spacer\">\n\t\t\t<div class=\"elementor-spacer-inner\"><\/div>\n\t\t<\/div>\n\t\t\t\t<\/div>\n\t\t\t\t<\/div>\n\t\t\t\t<div class=\"elementor-element elementor-element-711667e elementor-widget elementor-widget-text-editor\" data-id=\"711667e\" data-element_type=\"widget\" data-widget_type=\"text-editor.default\">\n\t\t\t\t<div class=\"elementor-widget-container\">\n\t\t\t<style>\/*! elementor - v3.15.0 - 20-08-2023 *\/\n.elementor-widget-text-editor.elementor-drop-cap-view-stacked .elementor-drop-cap{background-color:#69727d;color:#fff}.elementor-widget-text-editor.elementor-drop-cap-view-framed .elementor-drop-cap{color:#69727d;border:3px solid;background-color:transparent}.elementor-widget-text-editor:not(.elementor-drop-cap-view-default) .elementor-drop-cap{margin-top:8px}.elementor-widget-text-editor:not(.elementor-drop-cap-view-default) .elementor-drop-cap-letter{width:1em;height:1em}.elementor-widget-text-editor .elementor-drop-cap{float:left;text-align:center;line-height:1;font-size:50px}.elementor-widget-text-editor .elementor-drop-cap-letter{display:inline-block}<\/style>\t\t\t\t<ol>\n<li>\n<ol>\n<li><span style=\"color: #000000;\"><strong>Informaci\u00f3 a l&#8217;usuari<\/strong><\/span><\/li>\n<\/ol>\n<p><span style=\"color: #000000;\"><strong>Filto Profiles SL&nbsp;<\/strong>, com a Responsable del Tractament, us informa que, segons el que disposa el Reglament (UE) 2016\/679, de 27 d&#8217;abril, (RGPD) ia la LO 3\/2018, de 5 de desembre, de protecci\u00f3 de dades i garantia dels drets digitals (LOPDGDD), tractarem les vostres dades tal com reflectim en aquesta Pol\u00edtica de Privadesa.<\/span><\/p>\n<p><span style=\"color: #000000;\">En aquesta Pol\u00edtica de Privadesa descrivim com recollim les vostres dades personals i per qu\u00e8 les recollim, qu\u00e8 fem amb elles, amb qui les compartim, com les protegim i les seves opcions pel que fa al tractament de les vostres dades personals.<\/span><\/p>\n<p><span style=\"color: #000000;\">Aquesta Pol\u00edtica s&#8217;aplica al tractament de les vostres dades personals recollides per l&#8217;empresa per a la prestaci\u00f3 dels seus serveis. Si accepteu les mesures d&#8217;aquesta Pol\u00edtica, accepteu que tractem les vostres dades personals com es defineix en aquesta Pol\u00edtica.<\/span><\/p>\n<ol start=\"2\">\n<li><span style=\"color: #000000;\"><strong> Contacte<\/strong><\/span><\/li>\n<\/ol>\n<p><span style=\"color: #000000;\">Denominaci\u00f3 social: Filto Profiles, SL<\/span><\/p>\n<p><span style=\"color: #000000;\">Nom comercial: <strong>Filto Profiles<\/strong><\/span><br><span style=\"color: #000000;\">CIF: <strong>ES<\/strong> <strong>B65992638<\/strong><\/span><br><span style=\"color: #000000;\">Domicili: Pol. Ind . Can Prunera , Carrer Solson\u00e8s 14 Nau &#8220;A&#8221;, 08759 VALLIRANA (Barcelona)<\/span><\/p>\n<p><span style=\"color: #000000;\">e-mail: filto@filto.com<\/span><br><span style=\"color: #000000;\">&nbsp;<\/span><br><span style=\"color: #000000;\"><strong>3. Principis clau<\/strong><\/span><\/p>\n<p><span style=\"color: #000000;\">Sempre hem estat compromesos amb prestar els nostres serveis amb el m\u00e9s alt grau de qualitat, cosa que inclou tractar les seves dades amb seguretat i transpar\u00e8ncia. Els nostres principis s\u00f3n:<\/span><\/p>\n<ul>\n<li><span style=\"color: #000000;\"><strong>Legalitat <\/strong>: Nom\u00e9s recopilarem les vostres Dades personals per a fins espec\u00edfics, expl\u00edcits i leg\u00edtims.<\/span><\/li>\n<li><span style=\"color: #000000;\"><strong>Minimitzaci\u00f3 de dades <\/strong>: Limitem la recollida de dades de car\u00e0cter personal a all\u00f2 que \u00e9s estrictament rellevant i necessari per als fins per als quals s&#8217;han recopilat.<\/span><\/li>\n<li><span style=\"color: #000000;\"><strong>Limitaci\u00f3 de la Finalitat <\/strong>: Nom\u00e9s recollirem les vostres dades personals per als fins declarats i nom\u00e9s segons els vostres desitjos.<\/span><\/li>\n<li><span style=\"color: #000000;\"><strong>Precisi\u00f3 <\/strong>: Mantindrem les vostres dades personals exactes i actualitzades.<\/span><\/li>\n<li><span style=\"color: #000000;\"><strong>Seguretat de les dades <\/strong>: Apliquem les mesures t\u00e8cniques i organitzatives adequades i proporcionals als riscos per garantir que les seves dades no pateixin danys, com ara divulgaci\u00f3 o acc\u00e9s no autoritzat, la destrucci\u00f3 accidental o il\u00b7l\u00edcita o la seva p\u00e8rdua accidental o alteraci\u00f3 i qualsevol altra forma de tractament il\u00b7l\u00edcit.<\/span><\/li>\n<li><span style=\"color: #000000;\"><strong>Acc\u00e9s i Rectificaci\u00f3 <\/strong>: Disposem de mitjans perqu\u00e8 accedeixi o rectifiqui les seves dades quan ho consideri oport\u00fa.<\/span><\/li>\n<li><span style=\"color: #000000;\"><strong>Conservaci\u00f3 <\/strong>: Conservem les vostres dades personals de manera legal i apropiada i nom\u00e9s mentre \u00e9s necessari per als fins per als que s&#8217;han recopilat.<\/span><\/li>\n<li><span style=\"color: #000000;\"><strong>Les transfer\u00e8ncies internacionals <\/strong>: quan es doni el cas que les seves dades siguin transferides fora de la UE\/EEE es protegiran adequadament.<\/span><\/li>\n<li><span style=\"color: #000000;\"><strong>Tercers <\/strong>: L&#8217;acc\u00e9s i la transfer\u00e8ncia de dades personals a tercers es duen a terme d&#8217;acord amb les lleis i els reglaments aplicables i amb les garanties contractuals adequades.<\/span><\/li>\n<li><span style=\"color: #000000;\"><strong>M\u00e0rqueting Directe i cookies <\/strong>: Complim amb la legislaci\u00f3 aplicable en mat\u00e8ria de publicitat i cookies.<\/span><\/li>\n<\/ul>\n<ol start=\"4\">\n<li><span style=\"color: #000000;\"><strong> Recollida i tractament de les vostres dades personals <\/strong><\/span><br><span style=\"color: #000000;\">Els tipus de dades que es poden sol\u00b7licitar i tractar s\u00f3n:<\/span><\/li>\n<\/ol>\n<ul>\n<li><span style=\"color: #000000;\">Dades de car\u00e0cter identificatiu.<\/span><\/li>\n<\/ul>\n<p><span style=\"color: #000000;\">Tamb\u00e9 recollim de forma autom\u00e0tica dades sobre la seva visita al nostre lloc web segons es descriu a la pol\u00edtica de cookies.<\/span><\/p>\n<p><span style=\"color: #000000;\">Sempre que sol\u00b7licitem les vostres Dades personals, us informarem amb claredat de quines dades personals recollim i amb quina finalitat. En general, recollim i tractem les vostres dades personals amb el prop\u00f2sit de:<\/span><\/p>\n<ul>\n<li><span style=\"color: #000000;\">Proporcionar informaci\u00f3, serveis, productes, informaci\u00f3 rellevant i novetats al sector.<\/span><\/li>\n<li><span style=\"color: #000000;\">Enviament de comunicacions.<\/span><\/li>\n<\/ul>\n<ol start=\"5\">\n<li><span style=\"color: #000000;\"><strong> Legitimitat<\/strong><\/span><\/li>\n<\/ol>\n<p><span style=\"color: #000000;\">D&#8217;acord amb la normativa de protecci\u00f3 de dades aplicable, les vostres dades personals es poden tractar sempre que:<\/span><\/p>\n<ul>\n<li><span style=\"color: #000000;\">Ens ha donat el consentiment als efectes del tractament. Per descomptat, podr\u00e0 retirar el seu consentiment en qualsevol moment.<\/span><\/li>\n<li><span style=\"color: #000000;\">Per requeriment legal.<\/span><\/li>\n<li><span style=\"color: #000000;\">Per existir un inter\u00e8s leg\u00edtim que no es vegi menyscabat pels seus drets de privadesa, com per exemple l&#8217;enviament d&#8217;informaci\u00f3 comercial b\u00e9 per subscripci\u00f3 a la nostra newsletter o per la seva condici\u00f3 de client.<\/span><\/li>\n<li><span style=\"color: #000000;\">Per aix\u00f2 \u00e9s necess\u00e0ria per a la prestaci\u00f3 d&#8217;algun dels nostres serveis mitjan\u00e7ant relaci\u00f3 contractual entre vost\u00e8 i nosaltres.<\/span><\/li>\n<\/ul>\n<ol start=\"6\">\n<li><span style=\"color: #000000;\"><strong> Comunicaci\u00f3 de dades personals<\/strong><\/span><\/li>\n<\/ol>\n<p><span style=\"color: #000000;\">Les dades poden ser comunicades a empreses relacionades amb <strong>Filto Profiles&nbsp;<\/strong>per a la prestaci\u00f3 dels diversos serveis en qualitat d&#8217;Encarregats del Tractament. L&#8217;empresa no far\u00e0 cap cessi\u00f3, excepte per obligaci\u00f3 legal.<\/span><\/p>\n<ol start=\"7\">\n<li><span style=\"color: #000000;\"><strong> Els seus drets<\/strong><\/span><\/li>\n<\/ol>\n<p><span style=\"color: #000000;\">En relaci\u00f3 amb la recollida i tractament de les vostres dades personals, podeu posar-vos en contacte amb nosaltres en qualsevol moment per:<\/span><\/p>\n<ul>\n<li><span style=\"color: #000000;\">Accedir a les vostres dades personals ia qualsevol altra informaci\u00f3 indicada a l&#8217;article 15.1 del RGPD.<\/span><\/li>\n<li><span style=\"color: #000000;\">Rectificar les dades personals que siguin inexactes o estiguin incompletes d&#8217;acord amb l&#8217;article 16 del RGPD.<\/span><\/li>\n<li><span style=\"color: #000000;\">Suprimir les vostres dades personals d&#8217;acord amb l&#8217;article 17 del RGPD.<\/span><\/li>\n<li><span style=\"color: #000000;\">Limitar el tractament de les vostres dades personals d&#8217;acord amb l&#8217;article 18 del RGPD.<\/span><\/li>\n<li><span style=\"color: #000000;\">Sol\u00b7licitar la portabilitat de les vostres dades d&#8217;acord amb l&#8217;article 20 del <a style=\"color: #000000;\" href=\"https:\/\/presencialismo.com\/\">RGPD <\/a>.<\/span><\/li>\n<li><span style=\"color: #000000;\">Oposar-se al tractament de les vostres dades personals d&#8217;acord amb l&#8217;article 21 del RGPD.<\/span><\/li>\n<\/ul>\n<p><span style=\"color: #000000;\">Si heu atorgat el vostre consentiment per a alguna finalitat concreta, teniu dret a retirar el consentiment atorgat en qualsevol moment, sense que aix\u00f2 afecti la licitud del tractament basat en el consentiment previ a la seva retirada <a style=\"color: #000000;\" href=\"https:\/\/presencialismo.com\/\">rrhh <\/a>.<\/span><\/p>\n<p><span style=\"color: #000000;\">Podeu exercir aquests drets enviant comunicaci\u00f3, motivada i acreditada, a filto@filto.com<\/span><\/p>\n<p><span style=\"color: #000000;\">Tamb\u00e9 t\u00e9 dret a presentar una reclamaci\u00f3 davant de l&#8217;Autoritat de control competent ( <a style=\"color: #000000;\" href=\"https:\/\/aepd.es\/\">www.aepd.es <\/a>) si considera que el tractament no s&#8217;ajusta a la normativa vigent.<\/span><\/p>\n<ol start=\"8\">\n<li><span style=\"color: #000000;\"><strong> Informaci\u00f3 legal <\/strong><\/span><br><span style=\"color: #000000;\">Els requisits d&#8217;aquesta Pol\u00edtica complementen, i no reemplacen, qualsevol altre requisit existent sota la llei de protecci\u00f3 de dades aplicable, que ser\u00e0 la que prevalgui, en qualsevol cas.<\/span><\/li>\n<\/ol>\n<p><span style=\"color: #000000;\">Aquesta Pol\u00edtica est\u00e0 subjecta a revisions peri\u00f2diques i l&#8217;empresa la pot modificar en qualsevol moment. Quan aix\u00f2 passi, us avisarem de qualsevol canvi i us demanarem que torneu a llegir la versi\u00f3 m\u00e9s recent de la nostra Pol\u00edtica i que confirmeu la seva acceptaci\u00f3.<\/span><\/p>\n<p><\/p>\n<\/li>\n<\/ol>\t\t\t\t\t\t<\/div>\n\t\t\t\t<\/div>\n\t\t\t\t\t<\/div>\n\t\t<\/div>\n\t\t\t\t\t\t\t<\/div>\n\t\t<\/section>\n\t\t\t\t\t\t\t<\/div>\n\t\t","protected":false},"excerpt":{"rendered":"<p>Pol\u00edtica de privacitat Informaci\u00f3 a l&#8217;usuari Filto Profiles SL&nbsp;, com a Responsable del Tractament, us informa que, segons el que disposa el Reglament (UE) 2016\/679, de 27 d&#8217;abril, (RGPD) ia la LO 3\/2018, de 5 de desembre, de protecci\u00f3 de dades i garantia dels drets digitals (LOPDGDD), tractarem les vostres dades tal com reflectim en [&hellip;]<\/p>\n","protected":false},"author":2,"featured_media":0,"parent":0,"menu_order":0,"comment_status":"closed","ping_status":"closed","template":"","meta":{"footnotes":""},"class_list":["post-3614","page","type-page","status-publish","hentry"],"yoast_head":"<!-- This site is optimized with the Yoast SEO Premium plugin v27.1 (Yoast SEO v27.1.1) - https:\/\/yoast.com\/product\/yoast-seo-premium-wordpress\/ -->\n<title>Pol\u00edtica de privacitat - Filto Profiles<\/title>\n<meta name=\"robots\" content=\"index, follow, max-snippet:-1, max-image-preview:large, max-video-preview:-1\" \/>\n<link rel=\"canonical\" href=\"https:\/\/www.filtoprofiles.com\/ca\/politica-de-privacidad\/\" \/>\n<meta property=\"og:locale\" content=\"ca_ES\" \/>\n<meta property=\"og:type\" content=\"article\" \/>\n<meta property=\"og:title\" content=\"Pol\u00edtica de privacitat\" \/>\n<meta property=\"og:description\" content=\"Pol\u00edtica de privacitat Informaci\u00f3 a l&#8217;usuari Filto Profiles SL&nbsp;, com a Responsable del Tractament, us informa que, segons el que disposa el Reglament (UE) 2016\/679, de 27 d&#8217;abril, (RGPD) ia la LO 3\/2018, de 5 de desembre, de protecci\u00f3 de dades i garantia dels drets digitals (LOPDGDD), tractarem les vostres dades tal com reflectim en [&hellip;]\" \/>\n<meta property=\"og:url\" content=\"https:\/\/www.filtoprofiles.com\/ca\/politica-de-privacidad\/\" \/>\n<meta property=\"og:site_name\" content=\"Filto Profiles\" \/>\n<meta property=\"article:publisher\" content=\"https:\/\/www.facebook.com\/filtoprofiles\" \/>\n<meta property=\"article:modified_time\" content=\"2023-03-31T06:24:56+00:00\" \/>\n<meta property=\"og:image\" content=\"https:\/\/www.filtoprofiles.com\/wp-content\/uploads\/2023\/04\/TITOL.jpg\" \/>\n\t<meta property=\"og:image:width\" content=\"2077\" \/>\n\t<meta property=\"og:image:height\" content=\"447\" \/>\n\t<meta property=\"og:image:type\" content=\"image\/jpeg\" \/>\n<meta name=\"twitter:card\" content=\"summary_large_image\" \/>\n<meta name=\"twitter:label1\" content=\"Temps estimat de lectura\" \/>\n\t<meta name=\"twitter:data1\" content=\"5 minuts\" \/>\n<script type=\"application\/ld+json\" class=\"yoast-schema-graph\">{\"@context\":\"https:\/\/schema.org\",\"@graph\":[{\"@type\":\"WebPage\",\"@id\":\"https:\/\/www.filtoprofiles.com\/ca\/politica-de-privacidad\/\",\"url\":\"https:\/\/www.filtoprofiles.com\/ca\/politica-de-privacidad\/\",\"name\":\"Pol\u00edtica de privacitat - Filto Profiles\",\"isPartOf\":{\"@id\":\"https:\/\/www.filtoprofiles.com\/#website\"},\"datePublished\":\"2023-01-16T20:44:48+00:00\",\"dateModified\":\"2023-03-31T06:24:56+00:00\",\"breadcrumb\":{\"@id\":\"https:\/\/www.filtoprofiles.com\/ca\/politica-de-privacidad\/#breadcrumb\"},\"inLanguage\":\"ca\",\"potentialAction\":[{\"@type\":\"ReadAction\",\"target\":[\"https:\/\/www.filtoprofiles.com\/ca\/politica-de-privacidad\/\"]}]},{\"@type\":\"BreadcrumbList\",\"@id\":\"https:\/\/www.filtoprofiles.com\/ca\/politica-de-privacidad\/#breadcrumb\",\"itemListElement\":[{\"@type\":\"ListItem\",\"position\":1,\"name\":\"Home\",\"item\":\"https:\/\/www.filtoprofiles.com\/ca\/\"},{\"@type\":\"ListItem\",\"position\":2,\"name\":\"Pol\u00edtica de privacitat\"}]},{\"@type\":\"WebSite\",\"@id\":\"https:\/\/www.filtoprofiles.com\/#website\",\"url\":\"https:\/\/www.filtoprofiles.com\/\",\"name\":\"Filto Profiles\",\"description\":\"Brass Profiles Producer\",\"publisher\":{\"@id\":\"https:\/\/www.filtoprofiles.com\/#organization\"},\"alternateName\":\"Filto\",\"potentialAction\":[{\"@type\":\"SearchAction\",\"target\":{\"@type\":\"EntryPoint\",\"urlTemplate\":\"https:\/\/www.filtoprofiles.com\/?s={search_term_string}\"},\"query-input\":{\"@type\":\"PropertyValueSpecification\",\"valueRequired\":true,\"valueName\":\"search_term_string\"}}],\"inLanguage\":\"ca\"},{\"@type\":\"Organization\",\"@id\":\"https:\/\/www.filtoprofiles.com\/#organization\",\"name\":\"Filto Profiles\",\"alternateName\":\"Filto\",\"url\":\"https:\/\/www.filtoprofiles.com\/\",\"logo\":{\"@type\":\"ImageObject\",\"inLanguage\":\"ca\",\"@id\":\"https:\/\/www.filtoprofiles.com\/#\/schema\/logo\/image\/\",\"url\":\"https:\/\/www.filtoprofiles.com\/wp-content\/uploads\/2023\/04\/filto-logo.jpg\",\"contentUrl\":\"https:\/\/www.filtoprofiles.com\/wp-content\/uploads\/2023\/04\/filto-logo.jpg\",\"width\":420,\"height\":420,\"caption\":\"Filto Profiles\"},\"image\":{\"@id\":\"https:\/\/www.filtoprofiles.com\/#\/schema\/logo\/image\/\"},\"sameAs\":[\"https:\/\/www.facebook.com\/filtoprofiles\",\"https:\/\/www.linkedin.com\/company\/3302369\"]}]}<\/script>\n<!-- \/ Yoast SEO Premium plugin. -->","yoast_head_json":{"title":"Pol\u00edtica de privacitat - Filto Profiles","robots":{"index":"index","follow":"follow","max-snippet":"max-snippet:-1","max-image-preview":"max-image-preview:large","max-video-preview":"max-video-preview:-1"},"canonical":"https:\/\/www.filtoprofiles.com\/ca\/politica-de-privacidad\/","og_locale":"ca_ES","og_type":"article","og_title":"Pol\u00edtica de privacitat","og_description":"Pol\u00edtica de privacitat Informaci\u00f3 a l&#8217;usuari Filto Profiles SL&nbsp;, com a Responsable del Tractament, us informa que, segons el que disposa el Reglament (UE) 2016\/679, de 27 d&#8217;abril, (RGPD) ia la LO 3\/2018, de 5 de desembre, de protecci\u00f3 de dades i garantia dels drets digitals (LOPDGDD), tractarem les vostres dades tal com reflectim en [&hellip;]","og_url":"https:\/\/www.filtoprofiles.com\/ca\/politica-de-privacidad\/","og_site_name":"Filto Profiles","article_publisher":"https:\/\/www.facebook.com\/filtoprofiles","article_modified_time":"2023-03-31T06:24:56+00:00","og_image":[{"width":2077,"height":447,"url":"https:\/\/www.filtoprofiles.com\/wp-content\/uploads\/2023\/04\/TITOL.jpg","type":"image\/jpeg"}],"twitter_card":"summary_large_image","twitter_misc":{"Temps estimat de lectura":"5 minuts"},"schema":{"@context":"https:\/\/schema.org","@graph":[{"@type":"WebPage","@id":"https:\/\/www.filtoprofiles.com\/ca\/politica-de-privacidad\/","url":"https:\/\/www.filtoprofiles.com\/ca\/politica-de-privacidad\/","name":"Pol\u00edtica de privacitat - Filto Profiles","isPartOf":{"@id":"https:\/\/www.filtoprofiles.com\/#website"},"datePublished":"2023-01-16T20:44:48+00:00","dateModified":"2023-03-31T06:24:56+00:00","breadcrumb":{"@id":"https:\/\/www.filtoprofiles.com\/ca\/politica-de-privacidad\/#breadcrumb"},"inLanguage":"ca","potentialAction":[{"@type":"ReadAction","target":["https:\/\/www.filtoprofiles.com\/ca\/politica-de-privacidad\/"]}]},{"@type":"BreadcrumbList","@id":"https:\/\/www.filtoprofiles.com\/ca\/politica-de-privacidad\/#breadcrumb","itemListElement":[{"@type":"ListItem","position":1,"name":"Home","item":"https:\/\/www.filtoprofiles.com\/ca\/"},{"@type":"ListItem","position":2,"name":"Pol\u00edtica de privacitat"}]},{"@type":"WebSite","@id":"https:\/\/www.filtoprofiles.com\/#website","url":"https:\/\/www.filtoprofiles.com\/","name":"Filto Profiles","description":"Brass Profiles Producer","publisher":{"@id":"https:\/\/www.filtoprofiles.com\/#organization"},"alternateName":"Filto","potentialAction":[{"@type":"SearchAction","target":{"@type":"EntryPoint","urlTemplate":"https:\/\/www.filtoprofiles.com\/?s={search_term_string}"},"query-input":{"@type":"PropertyValueSpecification","valueRequired":true,"valueName":"search_term_string"}}],"inLanguage":"ca"},{"@type":"Organization","@id":"https:\/\/www.filtoprofiles.com\/#organization","name":"Filto Profiles","alternateName":"Filto","url":"https:\/\/www.filtoprofiles.com\/","logo":{"@type":"ImageObject","inLanguage":"ca","@id":"https:\/\/www.filtoprofiles.com\/#\/schema\/logo\/image\/","url":"https:\/\/www.filtoprofiles.com\/wp-content\/uploads\/2023\/04\/filto-logo.jpg","contentUrl":"https:\/\/www.filtoprofiles.com\/wp-content\/uploads\/2023\/04\/filto-logo.jpg","width":420,"height":420,"caption":"Filto Profiles"},"image":{"@id":"https:\/\/www.filtoprofiles.com\/#\/schema\/logo\/image\/"},"sameAs":["https:\/\/www.facebook.com\/filtoprofiles","https:\/\/www.linkedin.com\/company\/3302369"]}]}},"_links":{"self":[{"href":"https:\/\/www.filtoprofiles.com\/ca\/wp-json\/wp\/v2\/pages\/3614","targetHints":{"allow":["GET"]}}],"collection":[{"href":"https:\/\/www.filtoprofiles.com\/ca\/wp-json\/wp\/v2\/pages"}],"about":[{"href":"https:\/\/www.filtoprofiles.com\/ca\/wp-json\/wp\/v2\/types\/page"}],"author":[{"embeddable":true,"href":"https:\/\/www.filtoprofiles.com\/ca\/wp-json\/wp\/v2\/users\/2"}],"replies":[{"embeddable":true,"href":"https:\/\/www.filtoprofiles.com\/ca\/wp-json\/wp\/v2\/comments?post=3614"}],"version-history":[{"count":11,"href":"https:\/\/www.filtoprofiles.com\/ca\/wp-json\/wp\/v2\/pages\/3614\/revisions"}],"predecessor-version":[{"id":6108,"href":"https:\/\/www.filtoprofiles.com\/ca\/wp-json\/wp\/v2\/pages\/3614\/revisions\/6108"}],"wp:attachment":[{"href":"https:\/\/www.filtoprofiles.com\/ca\/wp-json\/wp\/v2\/media?parent=3614"}],"curies":[{"name":"wp","href":"https:\/\/api.w.org\/{rel}","templated":true}]}}