{"id":3568,"date":"2023-01-15T18:18:43","date_gmt":"2023-01-15T18:18:43","guid":{"rendered":"https:\/\/www.filtoprofiles.com\/politica-de-cookies\/"},"modified":"2023-03-31T08:37:55","modified_gmt":"2023-03-31T08:37:55","slug":"politica-de-cookies","status":"publish","type":"page","link":"https:\/\/www.filtoprofiles.com\/ca\/politica-de-cookies\/","title":{"rendered":"Pol\u00edtica de Qualitat"},"content":{"rendered":"\t\t<div data-elementor-type=\"wp-page\" data-elementor-id=\"3568\" class=\"elementor elementor-3568 elementor-3557\">\n\t\t\t\t\t\t\t\t\t<section class=\"elementor-section elementor-top-section elementor-element elementor-element-bd844a5 elementor-section-height-min-height elementor-section-boxed elementor-section-height-default elementor-section-items-middle\" data-id=\"bd844a5\" data-element_type=\"section\" data-settings=\"{&quot;background_background&quot;:&quot;classic&quot;}\">\n\t\t\t\t\t\t\t<div class=\"elementor-background-overlay\"><\/div>\n\t\t\t\t\t\t\t<div class=\"elementor-container elementor-column-gap-no\">\n\t\t\t\t\t<div class=\"elementor-column elementor-col-100 elementor-top-column elementor-element elementor-element-2d7b951\" data-id=\"2d7b951\" data-element_type=\"column\">\n\t\t\t<div class=\"elementor-widget-wrap elementor-element-populated\">\n\t\t\t\t\t\t\t\t<div class=\"elementor-element elementor-element-ce86f8b elementor-widget elementor-widget-heading\" data-id=\"ce86f8b\" data-element_type=\"widget\" data-widget_type=\"heading.default\">\n\t\t\t\t<div class=\"elementor-widget-container\">\n\t\t\t<style>\/*! elementor - v3.15.0 - 20-08-2023 *\/\n.elementor-heading-title{padding:0;margin:0;line-height:1}.elementor-widget-heading .elementor-heading-title[class*=elementor-size-]>a{color:inherit;font-size:inherit;line-height:inherit}.elementor-widget-heading .elementor-heading-title.elementor-size-small{font-size:15px}.elementor-widget-heading .elementor-heading-title.elementor-size-medium{font-size:19px}.elementor-widget-heading .elementor-heading-title.elementor-size-large{font-size:29px}.elementor-widget-heading .elementor-heading-title.elementor-size-xl{font-size:39px}.elementor-widget-heading .elementor-heading-title.elementor-size-xxl{font-size:59px}<\/style><h2 class=\"elementor-heading-title elementor-size-default\">Pol\u00edtica de Qualitat<\/h2>\t\t<\/div>\n\t\t\t\t<\/div>\n\t\t\t\t\t<\/div>\n\t\t<\/div>\n\t\t\t\t\t\t\t<\/div>\n\t\t<\/section>\n\t\t\t\t<section class=\"elementor-section elementor-top-section elementor-element elementor-element-1fc53277 elementor-section-boxed elementor-section-height-default elementor-section-height-default\" data-id=\"1fc53277\" data-element_type=\"section\">\n\t\t\t\t\t\t<div class=\"elementor-container elementor-column-gap-default\">\n\t\t\t\t\t<div class=\"elementor-column elementor-col-100 elementor-top-column elementor-element elementor-element-16f4caf8\" data-id=\"16f4caf8\" data-element_type=\"column\">\n\t\t\t<div class=\"elementor-widget-wrap elementor-element-populated\">\n\t\t\t\t\t\t\t\t<div class=\"elementor-element elementor-element-b0be2c1 elementor-widget elementor-widget-spacer\" data-id=\"b0be2c1\" data-element_type=\"widget\" data-widget_type=\"spacer.default\">\n\t\t\t\t<div class=\"elementor-widget-container\">\n\t\t\t<style>\/*! elementor - v3.15.0 - 20-08-2023 *\/\n.elementor-column .elementor-spacer-inner{height:var(--spacer-size)}.e-con{--container-widget-width:100%}.e-con-inner>.elementor-widget-spacer,.e-con>.elementor-widget-spacer{width:var(--container-widget-width,var(--spacer-size));--align-self:var(--container-widget-align-self,initial);--flex-shrink:0}.e-con-inner>.elementor-widget-spacer>.elementor-widget-container,.e-con-inner>.elementor-widget-spacer>.elementor-widget-container>.elementor-spacer,.e-con>.elementor-widget-spacer>.elementor-widget-container,.e-con>.elementor-widget-spacer>.elementor-widget-container>.elementor-spacer{height:100%}.e-con-inner>.elementor-widget-spacer>.elementor-widget-container>.elementor-spacer>.elementor-spacer-inner,.e-con>.elementor-widget-spacer>.elementor-widget-container>.elementor-spacer>.elementor-spacer-inner{height:var(--container-widget-height,var(--spacer-size))}<\/style>\t\t<div class=\"elementor-spacer\">\n\t\t\t<div class=\"elementor-spacer-inner\"><\/div>\n\t\t<\/div>\n\t\t\t\t<\/div>\n\t\t\t\t<\/div>\n\t\t\t\t<div class=\"elementor-element elementor-element-448dd966 elementor-widget__width-initial elementor-widget elementor-widget-text-editor\" data-id=\"448dd966\" data-element_type=\"widget\" data-widget_type=\"text-editor.default\">\n\t\t\t\t<div class=\"elementor-widget-container\">\n\t\t\t<style>\/*! elementor - v3.15.0 - 20-08-2023 *\/\n.elementor-widget-text-editor.elementor-drop-cap-view-stacked .elementor-drop-cap{background-color:#69727d;color:#fff}.elementor-widget-text-editor.elementor-drop-cap-view-framed .elementor-drop-cap{color:#69727d;border:3px solid;background-color:transparent}.elementor-widget-text-editor:not(.elementor-drop-cap-view-default) .elementor-drop-cap{margin-top:8px}.elementor-widget-text-editor:not(.elementor-drop-cap-view-default) .elementor-drop-cap-letter{width:1em;height:1em}.elementor-widget-text-editor .elementor-drop-cap{float:left;text-align:center;line-height:1;font-size:50px}.elementor-widget-text-editor .elementor-drop-cap-letter{display:inline-block}<\/style>\t\t\t\t<p><span style=\"color: #000000;\"><strong>Qu\u00e8 \u00e9s una galeta o cookie?<\/strong><\/span><\/p>\n<p><span style=\"color: #000000;\">Una galeta \u00e9s un fitxer de text inofensiu que s&#8217;emmagatzema al vostre navegador sempre que visiteu aquesta p\u00e0gina web en particular. La utilitat de la cookie \u00e9s que la web sigui capa\u00e7 de recordar la seva visita quan vulgui navegar per aquesta p\u00e0gina. Encara que molta gent no sap que les galetes s&#8217;utilitzen des de fa 20 anys, quan van apar\u00e8ixer els primers navegadors per a la World Wide Web.<\/span><\/p>\n<p><span style=\"color: #000000;\"><strong>Qu\u00e8 NO \u00e9s una cookie?<\/strong><\/span><\/p>\n<p><span style=\"color: #000000;\">No son un virus, ni un troy\u00e0, ni un cuc, ni spam, ni spyware, ni obre finestres pop-up.<\/span><\/p>\n<p><span style=\"color: #000000;\"><strong>Quina informaci\u00f3 emmagatzema una cookie?<\/strong><\/span><\/p>\n<p><span style=\"color: #000000;\">Les cookies no solen emmagatzemar informaci\u00f3 sensible sobre vost\u00e8, com targetes de cr\u00e8dit o dades banc\u00e0ries, fotos, el seu DNI o informaci\u00f3 personal, etc. Les dades que guarden son de car\u00e0cter t\u00e8cnic, prefer\u00e8ncies personals, personalitzaci\u00f3 de continguts, etc.<\/span><\/p>\n<p><span style=\"color: #000000;\">El servidor web no l&#8217;associa a vost\u00e8 com a persona si no al seu navegador web. De fet, si s&#8217;utilitza habitualment Internet Explorer i prova a navegar per la mateixa web amb Firefox o Chrome veur\u00e0&nbsp; que la web no detecta que l&#8217;utilitza la mateixa persona ja que en realitat est\u00e0 associat al navegador, no a la persona.<\/span><\/p>\n<p><span style=\"color: #000000;\"><strong>Quins tipus de cookies existeixen?<\/strong><\/span><\/p>\n<ul style=\"font-size: 18px; background-color: rgb(255, 255, 255);\">\n<li style=\"font-size: 18px;\"><span style=\"color: rgb(0, 0, 0);\">Cookies t\u00e8cniques: s\u00f3n les m\u00e9s b\u00e0siques i permeten, entre altres coses, saber quan est\u00e1 navegant un hum\u00e0 o una aplicaci\u00f3 automatitzada, quan navega un usuari an\u00f2nim o un registrat, tasques b\u00e0siques per al funcionament de qualsevol web din\u00e0mica.<\/span><br><\/li>\n<\/ul>\n<ul>\n<li><span style=\"color: #000000;\">Cookies d&#8217;an\u00e0lisi: Reconeixen informaci\u00f3 sobre el tipus de navegaci\u00f3 que es realitza, les seccions que s\u00f3n m\u00e9s \u00fatils, productes consultats, franja horaria d&#8217;\u00fas, idioma, etc.<\/span><\/li>\n<li><span style=\"color: #000000;\">Cookies publicit\u00e0ries: Mostren publicitat en funci\u00f3 de la seva navegaci\u00f3, el seu pa\u00eds de proced\u00e8ncia, idioma, etc.<\/span><\/li>\n<\/ul>\n<p><span style=\"color: #000000;\"><strong>Quines s\u00f3n les galetes pr\u00f2pies i les de tercers?<\/strong><\/span><\/p>\n<p><span style=\"color: #000000;\">Les cookies pr\u00f2pies s\u00f3n les generades per la p\u00e0gina que est\u00e0 visitant i les de tercers s\u00f3n les generades per serveis o prove\u00efdors externs com Facebook, Google, etc.<\/span><\/p>\n<p><span style=\"color: #000000;\"><strong>Qu\u00e8 passa si desactiven les galetes?<\/strong><\/span><\/p>\n<p><span style=\"color: #000000;\">Per coneixer l&#8217;abast que pot tenir desactivar les galetes, us mostrem uns exemples:<\/span><\/p>\n<ul>\n<li><span style=\"color: #000000;\">No podreu compartir continguts d&#8217;aquesta web a Facebook, o qualsevol altra xarxa social.<\/span><\/li>\n<li><span style=\"color: #000000;\">El lloc web no podr\u00e0 adaptar els continguts a les seves prefer\u00e8ncies personals, com sol pasar a les botigues en l\u00ednia.<\/span><\/li>\n<li><span style=\"color: #000000;\">No podreu accedir a l&#8217;\u00e0rea personal d&#8217;aquesta web, com per exemple El meu compte, o el meu perfil o els meus pedidos.<\/span><\/li>\n<li><span style=\"color: #000000;\">Botigues en l\u00ednia: Li ser\u00e0 impossible realitzar compres en l\u00ednia, hauran de ser telef\u00f3niques o visitar la botiga f\u00edsica si n&#8217;hi ha.<\/span><\/li>\n<li><span style=\"color: #000000;\">No ser\u00e0 possible personalitzar les seves prefer\u00e8ncies geogr\u00e0fiques com la franja horaria, divisa o idioma.<\/span><\/li>\n<li><span style=\"color: #000000;\">El lloc web no podr\u00e0 realitzar anal\u00edtiques web sobre visitant i tr\u00e0nsit a la web, el que dificultar\u00e0 que la web sigui competitiva.<\/span><\/li>\n<li><span style=\"color: #000000;\">No podr\u00e0s escriure al blog, no podr\u00e0s enviar fotos, publicar comentaris, valorar o puntuar continguts. La web tampoc podr\u00e0 saber si l&#8217;utilitza un hum\u00e0 o una aplicaci\u00f3 automatitzada que genera correu brossa.<\/span><\/li>\n<li><span style=\"color: #000000;\">No es podr\u00e0 mostrar publicitat sectoritzada, el que reduir\u00e0 els ingressos publicitaris de la web.<\/span><\/li>\n<li><span style=\"color: #000000;\">Totes les xarxes socials utilitzen galetes, si les desactives no podreu utilitzar cap xarxa social.<\/span><\/li>\n<\/ul>\n<p><span style=\"color: #000000;\"><strong>Pots eliminar les galetes?<\/strong><\/span><\/p>\n<p><span style=\"color: #000000;\">Si. No nom\u00e9s eliminar, tamb\u00e9 bloquejar, de forma general o particular per a un domini espec\u00edfic.<\/span><\/p>\n<p><span style=\"color: #000000;\">Per eliminar les cookies d&#8217;un lloc web, has d&#8217;anar a la configuraci\u00f3 del teu navegador i all\u00e0 pots buscar les associades al domini i eliminar-les.<\/span><\/p>\n<p><span style=\"color: #000000;\"><strong>Configuraci\u00f3 de cookies per a navegadors populars<\/strong><\/span><\/p>\n<p><span style=\"color: #000000;\">A continuaci\u00f3 s&#8217;indica com accedir a una cookie determinada des del navegador <strong><em>Chrome <\/em><\/strong>. Nota: aquest pas pot variar en funci\u00f3 de la versi\u00f3 del navegador:<\/span><\/p>\n<ul>\n<li><span style=\"color: #000000;\">Vagi a la configuraci\u00f3 o prefer\u00e8ncies mitjan\u00e7ant el men\u00fa Arxiu o b\u00e9 clicant l&#8217;icona de personalitzaci\u00f3 que apareix a la dreta.<\/span><\/li>\n<li><span style=\"color: #000000;\">Veur\u00e0 diferents seccions, premeu l&#8217;opci\u00f3 Mostrar opcions avan\u00e7ades.<\/span><\/li>\n<li><span style=\"color: #000000;\">Vagi a Privacitat, Configuraci\u00f3 de contingut.<\/span><\/li>\n<li><span style=\"color: #000000;\">Seleccioneu totes les galetes i les dades dels llocs.<\/span><\/li>\n<li><span style=\"color: #000000;\">Apareixer\u00e0 un llistat amb totes les galetes ordenades per domini.<\/span><\/li>\n<li><span style=\"color: #000000;\">Perqu\u00e8 sigui m\u00e9s f\u00e0cil trobar les galetes d&#8217;un determinat domini introdueixi parcialment o totalment la direcci\u00f3 en el camp Buscar galetes.<\/span><\/li>\n<li><span style=\"color: #000000;\">Despr\u00e9s de realitzar aquest filtre apareixer\u00e0 a la pantalla una o diverses l\u00ednies amb les cookies de la web sol\u00b7licitada. Ara nom\u00e9s haur\u00e0 de seleccionar i pr\u00e8mer la X per procedir a la seva eliminaci\u00f3.<\/span><\/li>\n<\/ul>\n<p><span style=\"color: #000000;\">Per accedir a la configuraci\u00f3 de cookies del navegador <strong><em>Internet Explorer <\/em><\/strong>segueixi aquests passos (poden variar en funci\u00f3 de la versi\u00f3 del navegador):<\/span><\/p>\n<ul>\n<li><span style=\"color: #000000;\">Vagi a Eines, Opcions d&#8217;Internet<\/span><\/li>\n<li><span style=\"color: #000000;\">Fagi clic a Privadesa.<\/span><\/li>\n<li><span style=\"color: #000000;\">Mogui el despla\u00e7ador fins a ajustar el nivell de privacitat que desitgi.<\/span><\/li>\n<\/ul>\n<p><span style=\"color: #000000;\">Per accedir a la configuraci\u00f3 de cookies del navegador <strong><em>Firefox <\/em><\/strong>segueixi aquests passos (pot variar segons la versi\u00f3 del navegador):<\/span><\/p>\n<ul>\n<li><span style=\"color: #000000;\">Aneu a Opcions o Prefer\u00e8ncies segons el seu sistema operatiu.<\/span><\/li>\n<li><span style=\"color: #000000;\">Fagi clic a Privadesa.<\/span><\/li>\n<li><span style=\"color: #000000;\">A l&#8217;Historial esculli Utilitzar una configuraci\u00f3 personalitzada per a l&#8217;historial.<\/span><\/li>\n<li><span style=\"color: #000000;\">Veur\u00e0 l&#8217;opci\u00f3 Accepteu les cookies, podeu activar o desactivar segons les seves prefer\u00e8ncies.<\/span><\/li>\n<\/ul>\n<p><span style=\"color: #000000;\">Per accedir a la configuraci\u00f3 de cookies del navegador <strong><em>Safari <\/em><\/strong>per a OSX segueixi aquests passos (pot variar en funci\u00f3 de la versi\u00f3 del navegador):<\/span><\/p>\n<ul>\n<li><span style=\"color: #000000;\">Aneu a Prefer\u00e8ncies, despr\u00e9s Privacitat.<\/span><\/li>\n<\/ul>\n<ul>\n<li><span style=\"color: #000000;\">En aquest cas, veur\u00e0 l&#8217;opci\u00f3 de bloquejar les cookies per ajustar el tipus de bloqueig que es desitja realitzar.<\/span><\/li>\n<\/ul>\n<p><span style=\"color: #000000;\">Per accedir a la configuraci\u00f3 de cookies del <strong><em>navegador Safari per a iOS<\/em><\/strong><strong>&nbsp;<\/strong>segueixi aquests passos (poden variar en funci\u00f3 de la versi\u00f3 del navegador):<\/span><\/p>\n<ul>\n<li><span style=\"color: #000000;\">Aneu a Par\u00e0metres, despr\u00e9s Safari.<\/span><\/li>\n<li><span style=\"color: #000000;\">Aneu a Privacitat i Seguretat, veur\u00e0 l&#8217;opci\u00f3 Bloquejar les galetes per a ajustar el tipus de blocatge que es desitgi realitzar.<\/span><\/li>\n<\/ul>\n<p><span style=\"color: #000000;\">Per accedir a la configuraci\u00f3 de cookies del navegador per a dispositius <strong><em>Android , <\/em><\/strong>segueix aquests passos (pot variar en funci\u00f3 de la versi\u00f3 del navegador):<\/span><\/p>\n<ul>\n<li><span style=\"color: #000000;\">Executi el navegador i premi la tecla Men\u00fa, despr\u00e9s Ajustos.<\/span><\/li>\n<li><span style=\"color: #000000;\">Vagi a Seguretat i Privacitat, veur\u00e0 l&#8217;opci\u00f3 Acceptar cookies per activar o desactivar la casella.<\/span><\/li>\n<\/ul>\n<p><span style=\"color: #000000;\">Per accedir a la configuraci\u00f3 de cookies del navegador per a dispositius <strong><em>Windows Phone <\/em><\/strong>seguixi aquests passos (pot variar en funci\u00f3 de la versi\u00f3 del navegador):<\/span><\/p>\n<ul>\n<li><span style=\"color: #000000;\">Obri Internet Explorer, despr\u00e9s M\u00e9s, despr\u00e9s Configuraci\u00f3<\/span><\/li>\n<li><span style=\"color: #000000;\">Podr\u00e0 activar o desactivar la casella Permetre cookiessol passa<\/span><\/li>\n<\/ul>\t\t\t\t\t\t<\/div>\n\t\t\t\t<\/div>\n\t\t\t\t\t<\/div>\n\t\t<\/div>\n\t\t\t\t\t\t\t<\/div>\n\t\t<\/section>\n\t\t\t\t\t\t\t<\/div>\n\t\t","protected":false},"excerpt":{"rendered":"<p>Pol\u00edtica de Qualitat Qu\u00e8 \u00e9s una galeta o cookie? Una galeta \u00e9s un fitxer de text inofensiu que s&#8217;emmagatzema al vostre navegador sempre que visiteu aquesta p\u00e0gina web en particular. La utilitat de la cookie \u00e9s que la web sigui capa\u00e7 de recordar la seva visita quan vulgui navegar per aquesta p\u00e0gina. Encara que molta [&hellip;]<\/p>\n","protected":false},"author":2,"featured_media":0,"parent":0,"menu_order":0,"comment_status":"closed","ping_status":"closed","template":"","meta":{"footnotes":""},"class_list":["post-3568","page","type-page","status-publish","hentry"],"yoast_head":"<!-- This site is optimized with the Yoast SEO Premium plugin v27.1 (Yoast SEO v27.1.1) - https:\/\/yoast.com\/product\/yoast-seo-premium-wordpress\/ -->\n<title>Pol\u00edtica de Qualitat - Filto Profiles<\/title>\n<meta name=\"robots\" content=\"index, follow, max-snippet:-1, max-image-preview:large, max-video-preview:-1\" \/>\n<link rel=\"canonical\" href=\"https:\/\/www.filtoprofiles.com\/ca\/politica-de-cookies\/\" \/>\n<meta property=\"og:locale\" content=\"ca_ES\" \/>\n<meta property=\"og:type\" content=\"article\" \/>\n<meta property=\"og:title\" content=\"Pol\u00edtica de Qualitat\" \/>\n<meta property=\"og:description\" content=\"Pol\u00edtica de Qualitat Qu\u00e8 \u00e9s una galeta o cookie? Una galeta \u00e9s un fitxer de text inofensiu que s&#8217;emmagatzema al vostre navegador sempre que visiteu aquesta p\u00e0gina web en particular. La utilitat de la cookie \u00e9s que la web sigui capa\u00e7 de recordar la seva visita quan vulgui navegar per aquesta p\u00e0gina. Encara que molta [&hellip;]\" \/>\n<meta property=\"og:url\" content=\"https:\/\/www.filtoprofiles.com\/ca\/politica-de-cookies\/\" \/>\n<meta property=\"og:site_name\" content=\"Filto Profiles\" \/>\n<meta property=\"article:publisher\" content=\"https:\/\/www.facebook.com\/filtoprofiles\" \/>\n<meta property=\"article:modified_time\" content=\"2023-03-31T08:37:55+00:00\" \/>\n<meta property=\"og:image\" content=\"https:\/\/www.filtoprofiles.com\/wp-content\/uploads\/2023\/04\/TITOL.jpg\" \/>\n\t<meta property=\"og:image:width\" content=\"2077\" \/>\n\t<meta property=\"og:image:height\" content=\"447\" \/>\n\t<meta property=\"og:image:type\" content=\"image\/jpeg\" \/>\n<meta name=\"twitter:card\" content=\"summary_large_image\" \/>\n<meta name=\"twitter:label1\" content=\"Temps estimat de lectura\" \/>\n\t<meta name=\"twitter:data1\" content=\"5 minuts\" \/>\n<script type=\"application\/ld+json\" class=\"yoast-schema-graph\">{\"@context\":\"https:\/\/schema.org\",\"@graph\":[{\"@type\":\"WebPage\",\"@id\":\"https:\/\/www.filtoprofiles.com\/ca\/politica-de-cookies\/\",\"url\":\"https:\/\/www.filtoprofiles.com\/ca\/politica-de-cookies\/\",\"name\":\"Pol\u00edtica de Qualitat - Filto Profiles\",\"isPartOf\":{\"@id\":\"https:\/\/www.filtoprofiles.com\/#website\"},\"datePublished\":\"2023-01-15T18:18:43+00:00\",\"dateModified\":\"2023-03-31T08:37:55+00:00\",\"breadcrumb\":{\"@id\":\"https:\/\/www.filtoprofiles.com\/ca\/politica-de-cookies\/#breadcrumb\"},\"inLanguage\":\"ca\",\"potentialAction\":[{\"@type\":\"ReadAction\",\"target\":[\"https:\/\/www.filtoprofiles.com\/ca\/politica-de-cookies\/\"]}]},{\"@type\":\"BreadcrumbList\",\"@id\":\"https:\/\/www.filtoprofiles.com\/ca\/politica-de-cookies\/#breadcrumb\",\"itemListElement\":[{\"@type\":\"ListItem\",\"position\":1,\"name\":\"Home\",\"item\":\"https:\/\/www.filtoprofiles.com\/ca\/\"},{\"@type\":\"ListItem\",\"position\":2,\"name\":\"Pol\u00edtica de Qualitat\"}]},{\"@type\":\"WebSite\",\"@id\":\"https:\/\/www.filtoprofiles.com\/#website\",\"url\":\"https:\/\/www.filtoprofiles.com\/\",\"name\":\"Filto Profiles\",\"description\":\"Brass Profiles Producer\",\"publisher\":{\"@id\":\"https:\/\/www.filtoprofiles.com\/#organization\"},\"alternateName\":\"Filto\",\"potentialAction\":[{\"@type\":\"SearchAction\",\"target\":{\"@type\":\"EntryPoint\",\"urlTemplate\":\"https:\/\/www.filtoprofiles.com\/?s={search_term_string}\"},\"query-input\":{\"@type\":\"PropertyValueSpecification\",\"valueRequired\":true,\"valueName\":\"search_term_string\"}}],\"inLanguage\":\"ca\"},{\"@type\":\"Organization\",\"@id\":\"https:\/\/www.filtoprofiles.com\/#organization\",\"name\":\"Filto Profiles\",\"alternateName\":\"Filto\",\"url\":\"https:\/\/www.filtoprofiles.com\/\",\"logo\":{\"@type\":\"ImageObject\",\"inLanguage\":\"ca\",\"@id\":\"https:\/\/www.filtoprofiles.com\/#\/schema\/logo\/image\/\",\"url\":\"https:\/\/www.filtoprofiles.com\/wp-content\/uploads\/2023\/04\/filto-logo.jpg\",\"contentUrl\":\"https:\/\/www.filtoprofiles.com\/wp-content\/uploads\/2023\/04\/filto-logo.jpg\",\"width\":420,\"height\":420,\"caption\":\"Filto Profiles\"},\"image\":{\"@id\":\"https:\/\/www.filtoprofiles.com\/#\/schema\/logo\/image\/\"},\"sameAs\":[\"https:\/\/www.facebook.com\/filtoprofiles\",\"https:\/\/www.linkedin.com\/company\/3302369\"]}]}<\/script>\n<!-- \/ Yoast SEO Premium plugin. -->","yoast_head_json":{"title":"Pol\u00edtica de Qualitat - Filto Profiles","robots":{"index":"index","follow":"follow","max-snippet":"max-snippet:-1","max-image-preview":"max-image-preview:large","max-video-preview":"max-video-preview:-1"},"canonical":"https:\/\/www.filtoprofiles.com\/ca\/politica-de-cookies\/","og_locale":"ca_ES","og_type":"article","og_title":"Pol\u00edtica de Qualitat","og_description":"Pol\u00edtica de Qualitat Qu\u00e8 \u00e9s una galeta o cookie? Una galeta \u00e9s un fitxer de text inofensiu que s&#8217;emmagatzema al vostre navegador sempre que visiteu aquesta p\u00e0gina web en particular. La utilitat de la cookie \u00e9s que la web sigui capa\u00e7 de recordar la seva visita quan vulgui navegar per aquesta p\u00e0gina. Encara que molta [&hellip;]","og_url":"https:\/\/www.filtoprofiles.com\/ca\/politica-de-cookies\/","og_site_name":"Filto Profiles","article_publisher":"https:\/\/www.facebook.com\/filtoprofiles","article_modified_time":"2023-03-31T08:37:55+00:00","og_image":[{"width":2077,"height":447,"url":"https:\/\/www.filtoprofiles.com\/wp-content\/uploads\/2023\/04\/TITOL.jpg","type":"image\/jpeg"}],"twitter_card":"summary_large_image","twitter_misc":{"Temps estimat de lectura":"5 minuts"},"schema":{"@context":"https:\/\/schema.org","@graph":[{"@type":"WebPage","@id":"https:\/\/www.filtoprofiles.com\/ca\/politica-de-cookies\/","url":"https:\/\/www.filtoprofiles.com\/ca\/politica-de-cookies\/","name":"Pol\u00edtica de Qualitat - Filto Profiles","isPartOf":{"@id":"https:\/\/www.filtoprofiles.com\/#website"},"datePublished":"2023-01-15T18:18:43+00:00","dateModified":"2023-03-31T08:37:55+00:00","breadcrumb":{"@id":"https:\/\/www.filtoprofiles.com\/ca\/politica-de-cookies\/#breadcrumb"},"inLanguage":"ca","potentialAction":[{"@type":"ReadAction","target":["https:\/\/www.filtoprofiles.com\/ca\/politica-de-cookies\/"]}]},{"@type":"BreadcrumbList","@id":"https:\/\/www.filtoprofiles.com\/ca\/politica-de-cookies\/#breadcrumb","itemListElement":[{"@type":"ListItem","position":1,"name":"Home","item":"https:\/\/www.filtoprofiles.com\/ca\/"},{"@type":"ListItem","position":2,"name":"Pol\u00edtica de Qualitat"}]},{"@type":"WebSite","@id":"https:\/\/www.filtoprofiles.com\/#website","url":"https:\/\/www.filtoprofiles.com\/","name":"Filto Profiles","description":"Brass Profiles Producer","publisher":{"@id":"https:\/\/www.filtoprofiles.com\/#organization"},"alternateName":"Filto","potentialAction":[{"@type":"SearchAction","target":{"@type":"EntryPoint","urlTemplate":"https:\/\/www.filtoprofiles.com\/?s={search_term_string}"},"query-input":{"@type":"PropertyValueSpecification","valueRequired":true,"valueName":"search_term_string"}}],"inLanguage":"ca"},{"@type":"Organization","@id":"https:\/\/www.filtoprofiles.com\/#organization","name":"Filto Profiles","alternateName":"Filto","url":"https:\/\/www.filtoprofiles.com\/","logo":{"@type":"ImageObject","inLanguage":"ca","@id":"https:\/\/www.filtoprofiles.com\/#\/schema\/logo\/image\/","url":"https:\/\/www.filtoprofiles.com\/wp-content\/uploads\/2023\/04\/filto-logo.jpg","contentUrl":"https:\/\/www.filtoprofiles.com\/wp-content\/uploads\/2023\/04\/filto-logo.jpg","width":420,"height":420,"caption":"Filto Profiles"},"image":{"@id":"https:\/\/www.filtoprofiles.com\/#\/schema\/logo\/image\/"},"sameAs":["https:\/\/www.facebook.com\/filtoprofiles","https:\/\/www.linkedin.com\/company\/3302369"]}]}},"_links":{"self":[{"href":"https:\/\/www.filtoprofiles.com\/ca\/wp-json\/wp\/v2\/pages\/3568","targetHints":{"allow":["GET"]}}],"collection":[{"href":"https:\/\/www.filtoprofiles.com\/ca\/wp-json\/wp\/v2\/pages"}],"about":[{"href":"https:\/\/www.filtoprofiles.com\/ca\/wp-json\/wp\/v2\/types\/page"}],"author":[{"embeddable":true,"href":"https:\/\/www.filtoprofiles.com\/ca\/wp-json\/wp\/v2\/users\/2"}],"replies":[{"embeddable":true,"href":"https:\/\/www.filtoprofiles.com\/ca\/wp-json\/wp\/v2\/comments?post=3568"}],"version-history":[{"count":13,"href":"https:\/\/www.filtoprofiles.com\/ca\/wp-json\/wp\/v2\/pages\/3568\/revisions"}],"predecessor-version":[{"id":6112,"href":"https:\/\/www.filtoprofiles.com\/ca\/wp-json\/wp\/v2\/pages\/3568\/revisions\/6112"}],"wp:attachment":[{"href":"https:\/\/www.filtoprofiles.com\/ca\/wp-json\/wp\/v2\/media?parent=3568"}],"curies":[{"name":"wp","href":"https:\/\/api.w.org\/{rel}","templated":true}]}}