{"id":2791,"date":"2022-05-05T07:47:11","date_gmt":"2022-05-05T07:47:11","guid":{"rendered":"https:\/\/www.filtoprofiles.com\/quality-policy\/"},"modified":"2022-08-26T09:52:29","modified_gmt":"2022-08-26T09:52:29","slug":"quality-policy","status":"publish","type":"page","link":"https:\/\/www.filtoprofiles.com\/ca\/quality-policy\/","title":{"rendered":"Quality Policy"},"content":{"rendered":"\t\t<div data-elementor-type=\"wp-page\" data-elementor-id=\"2791\" class=\"elementor elementor-2791 elementor-436\">\n\t\t\t\t\t\t\t\t\t<section class=\"elementor-section elementor-top-section elementor-element elementor-element-42de0b8 elementor-section-boxed elementor-section-height-default elementor-section-height-default\" data-id=\"42de0b8\" data-element_type=\"section\">\n\t\t\t\t\t\t<div class=\"elementor-container elementor-column-gap-default\">\n\t\t\t\t\t<div class=\"elementor-column elementor-col-100 elementor-top-column elementor-element elementor-element-2087688\" data-id=\"2087688\" data-element_type=\"column\">\n\t\t\t<div class=\"elementor-widget-wrap elementor-element-populated\">\n\t\t\t\t\t\t\t\t<div class=\"elementor-element elementor-element-6c9ff21 elementor-widget elementor-widget-heading\" data-id=\"6c9ff21\" data-element_type=\"widget\" data-widget_type=\"heading.default\">\n\t\t\t\t<div class=\"elementor-widget-container\">\n\t\t\t<style>\/*! elementor - v3.15.0 - 20-08-2023 *\/\n.elementor-heading-title{padding:0;margin:0;line-height:1}.elementor-widget-heading .elementor-heading-title[class*=elementor-size-]>a{color:inherit;font-size:inherit;line-height:inherit}.elementor-widget-heading .elementor-heading-title.elementor-size-small{font-size:15px}.elementor-widget-heading .elementor-heading-title.elementor-size-medium{font-size:19px}.elementor-widget-heading .elementor-heading-title.elementor-size-large{font-size:29px}.elementor-widget-heading .elementor-heading-title.elementor-size-xl{font-size:39px}.elementor-widget-heading .elementor-heading-title.elementor-size-xxl{font-size:59px}<\/style><h2 class=\"elementor-heading-title elementor-size-default\">\ufeffPol\u00edtica de Qualitat\n<\/h2>\t\t<\/div>\n\t\t\t\t<\/div>\n\t\t\t\t<div class=\"elementor-element elementor-element-aa5f49e elementor-widget elementor-widget-text-editor\" data-id=\"aa5f49e\" data-element_type=\"widget\" data-widget_type=\"text-editor.default\">\n\t\t\t\t<div class=\"elementor-widget-container\">\n\t\t\t<style>\/*! elementor - v3.15.0 - 20-08-2023 *\/\n.elementor-widget-text-editor.elementor-drop-cap-view-stacked .elementor-drop-cap{background-color:#69727d;color:#fff}.elementor-widget-text-editor.elementor-drop-cap-view-framed .elementor-drop-cap{color:#69727d;border:3px solid;background-color:transparent}.elementor-widget-text-editor:not(.elementor-drop-cap-view-default) .elementor-drop-cap{margin-top:8px}.elementor-widget-text-editor:not(.elementor-drop-cap-view-default) .elementor-drop-cap-letter{width:1em;height:1em}.elementor-widget-text-editor .elementor-drop-cap{float:left;text-align:center;line-height:1;font-size:50px}.elementor-widget-text-editor .elementor-drop-cap-letter{display:inline-block}<\/style>\t\t\t\t<p><em>\u00c9s pol\u00edtica de FILTO PROFILS per a la Fabricaci\u00f3 i venda de perfils de llaut\u00f3 el satisfer les expectatives i necessitats dels nostres Clients mantenint i millorant la qualitat dels nostres productes i serveis prestats.<\/em><\/p><p><em>En s\u00edntesi, la Pol\u00edtica de Qualitat de FILTO PROFILES, es basa en els principis seg\u00fcents:<\/em><\/p><ul><li><p><em>Obtenir el nivell m\u00e9s alt de satisfacci\u00f3 del client com a l\u2019element essencial i la ra\u00f3 de ser de la nostra empresa, que permeti establir una relaci\u00f3 basada en la confian\u00e7a, en terminis de lliurament, en compromisos adquirits i en preus competitius.<\/em><\/p><\/li><li><p><em>FILTO PROFILES aposta pel cam\u00ed de la millora i, per aconseguir-ho, ha d&#8217;integrar el cicle Planificaci\u00f3 &#8211; Execuci\u00f3 &#8211; Comprovaci\u00f3- Actuaci\u00f3 al Sistema de Qualitat, amb l&#8217;objectiu d&#8217;augmentar la qualitat i la productivitat dels nostres productes.<\/em><\/p><\/li><li><p><em>FILTO PROFILES es compromet a mantenir i millorar un sistema de gesti\u00f3 de qualitat que sigui conforme a les exig\u00e8ncies de la norma ISO 9001:2015, aix\u00ed com als requisits normatius, legals i reglamentaris aplicables a l&#8217;activitat dins del sector.<\/em><\/p><\/li><li><p><em>Formar el personal per fomentar-ne la iniciativa, la participaci\u00f3 i la motivaci\u00f3, aspectes imprescindibles per a l&#8217;\u00e8xit i el desenvolupament de l&#8217;empresa.<\/em><\/p><\/li><li><p><em>La nostra Qualitat es mesura, no nom\u00e9s a complir les especificacions i requeriments, sin\u00f3 tamb\u00e9, a superar les expectatives dels nostres Clients, en tots i cadascun dels aspectes del nostre negoci. Assolir aquest objectiu ens assegura el lideratge en el nostre cam\u00ed cap a l&#8217;excel\u00b7l\u00e8ncia.<\/em><\/p><\/li><\/ul><p>El Departament de Presid\u00e8ncia de FILTO PROFILES es compromet a comunicar de manera comprensible a tot el personal aquesta pol\u00edtica, aix\u00ed com establir els recursos necessaris i revisar peri\u00f2dicament aquesta pol\u00edtica per garantir-ne l&#8217;adequaci\u00f3 cont\u00ednua a trav\u00e9s de les revisions del sistema.<\/p><p><em>\u00a0<\/em><\/p><p><strong><em>L&#8217;administrador.<br \/><\/em>Signat: Xavier Serrat Canet<br \/><\/strong><\/p><pre class=\"a-b-r-La\"><strong>Vallirana, 01 de Mar\u00e7 de 2018<\/strong><\/pre><pre><strong><br \/><br \/><br \/><\/strong><\/pre>\t\t\t\t\t\t<\/div>\n\t\t\t\t<\/div>\n\t\t\t\t\t<\/div>\n\t\t<\/div>\n\t\t\t\t\t\t\t<\/div>\n\t\t<\/section>\n\t\t\t\t\t\t\t<\/div>\n\t\t","protected":false},"excerpt":{"rendered":"<p>\ufeffPol\u00edtica de Qualitat \u00c9s pol\u00edtica de FILTO PROFILS per a la Fabricaci\u00f3 i venda de perfils de llaut\u00f3 el satisfer les expectatives i necessitats dels nostres Clients mantenint i millorant la qualitat dels nostres productes i serveis prestats. En s\u00edntesi, la Pol\u00edtica de Qualitat de FILTO PROFILES, es basa en els principis seg\u00fcents: Obtenir el [&hellip;]<\/p>\n","protected":false},"author":2,"featured_media":0,"parent":0,"menu_order":0,"comment_status":"closed","ping_status":"closed","template":"","meta":{"footnotes":""},"class_list":["post-2791","page","type-page","status-publish","hentry"],"yoast_head":"<!-- This site is optimized with the Yoast SEO Premium plugin v27.1 (Yoast SEO v27.1.1) - https:\/\/yoast.com\/product\/yoast-seo-premium-wordpress\/ -->\n<title>Quality Policy - Filto Profiles<\/title>\n<meta name=\"robots\" content=\"index, follow, max-snippet:-1, max-image-preview:large, max-video-preview:-1\" \/>\n<link rel=\"canonical\" href=\"https:\/\/www.filtoprofiles.com\/ca\/quality-policy\/\" \/>\n<meta property=\"og:locale\" content=\"ca_ES\" \/>\n<meta property=\"og:type\" content=\"article\" \/>\n<meta property=\"og:title\" content=\"Quality Policy\" \/>\n<meta property=\"og:description\" content=\"\ufeffPol\u00edtica de Qualitat \u00c9s pol\u00edtica de FILTO PROFILS per a la Fabricaci\u00f3 i venda de perfils de llaut\u00f3 el satisfer les expectatives i necessitats dels nostres Clients mantenint i millorant la qualitat dels nostres productes i serveis prestats. En s\u00edntesi, la Pol\u00edtica de Qualitat de FILTO PROFILES, es basa en els principis seg\u00fcents: Obtenir el [&hellip;]\" \/>\n<meta property=\"og:url\" content=\"https:\/\/www.filtoprofiles.com\/ca\/quality-policy\/\" \/>\n<meta property=\"og:site_name\" content=\"Filto Profiles\" \/>\n<meta property=\"article:publisher\" content=\"https:\/\/www.facebook.com\/filtoprofiles\" \/>\n<meta property=\"article:modified_time\" content=\"2022-08-26T09:52:29+00:00\" \/>\n<meta property=\"og:image\" content=\"https:\/\/www.filtoprofiles.com\/wp-content\/uploads\/2023\/04\/TITOL.jpg\" \/>\n\t<meta property=\"og:image:width\" content=\"2077\" \/>\n\t<meta property=\"og:image:height\" content=\"447\" \/>\n\t<meta property=\"og:image:type\" content=\"image\/jpeg\" \/>\n<meta name=\"twitter:card\" content=\"summary_large_image\" \/>\n<meta name=\"twitter:label1\" content=\"Temps estimat de lectura\" \/>\n\t<meta name=\"twitter:data1\" content=\"2 minuts\" \/>\n<script type=\"application\/ld+json\" class=\"yoast-schema-graph\">{\"@context\":\"https:\/\/schema.org\",\"@graph\":[{\"@type\":\"WebPage\",\"@id\":\"https:\/\/www.filtoprofiles.com\/ca\/quality-policy\/\",\"url\":\"https:\/\/www.filtoprofiles.com\/ca\/quality-policy\/\",\"name\":\"Quality Policy - Filto Profiles\",\"isPartOf\":{\"@id\":\"https:\/\/www.filtoprofiles.com\/#website\"},\"datePublished\":\"2022-05-05T07:47:11+00:00\",\"dateModified\":\"2022-08-26T09:52:29+00:00\",\"breadcrumb\":{\"@id\":\"https:\/\/www.filtoprofiles.com\/ca\/quality-policy\/#breadcrumb\"},\"inLanguage\":\"ca\",\"potentialAction\":[{\"@type\":\"ReadAction\",\"target\":[\"https:\/\/www.filtoprofiles.com\/ca\/quality-policy\/\"]}]},{\"@type\":\"BreadcrumbList\",\"@id\":\"https:\/\/www.filtoprofiles.com\/ca\/quality-policy\/#breadcrumb\",\"itemListElement\":[{\"@type\":\"ListItem\",\"position\":1,\"name\":\"Home\",\"item\":\"https:\/\/www.filtoprofiles.com\/ca\/\"},{\"@type\":\"ListItem\",\"position\":2,\"name\":\"Quality Policy\"}]},{\"@type\":\"WebSite\",\"@id\":\"https:\/\/www.filtoprofiles.com\/#website\",\"url\":\"https:\/\/www.filtoprofiles.com\/\",\"name\":\"Filto Profiles\",\"description\":\"Brass Profiles Producer\",\"publisher\":{\"@id\":\"https:\/\/www.filtoprofiles.com\/#organization\"},\"alternateName\":\"Filto\",\"potentialAction\":[{\"@type\":\"SearchAction\",\"target\":{\"@type\":\"EntryPoint\",\"urlTemplate\":\"https:\/\/www.filtoprofiles.com\/?s={search_term_string}\"},\"query-input\":{\"@type\":\"PropertyValueSpecification\",\"valueRequired\":true,\"valueName\":\"search_term_string\"}}],\"inLanguage\":\"ca\"},{\"@type\":\"Organization\",\"@id\":\"https:\/\/www.filtoprofiles.com\/#organization\",\"name\":\"Filto Profiles\",\"alternateName\":\"Filto\",\"url\":\"https:\/\/www.filtoprofiles.com\/\",\"logo\":{\"@type\":\"ImageObject\",\"inLanguage\":\"ca\",\"@id\":\"https:\/\/www.filtoprofiles.com\/#\/schema\/logo\/image\/\",\"url\":\"https:\/\/www.filtoprofiles.com\/wp-content\/uploads\/2023\/04\/filto-logo.jpg\",\"contentUrl\":\"https:\/\/www.filtoprofiles.com\/wp-content\/uploads\/2023\/04\/filto-logo.jpg\",\"width\":420,\"height\":420,\"caption\":\"Filto Profiles\"},\"image\":{\"@id\":\"https:\/\/www.filtoprofiles.com\/#\/schema\/logo\/image\/\"},\"sameAs\":[\"https:\/\/www.facebook.com\/filtoprofiles\",\"https:\/\/www.linkedin.com\/company\/3302369\"]}]}<\/script>\n<!-- \/ Yoast SEO Premium plugin. -->","yoast_head_json":{"title":"Quality Policy - Filto Profiles","robots":{"index":"index","follow":"follow","max-snippet":"max-snippet:-1","max-image-preview":"max-image-preview:large","max-video-preview":"max-video-preview:-1"},"canonical":"https:\/\/www.filtoprofiles.com\/ca\/quality-policy\/","og_locale":"ca_ES","og_type":"article","og_title":"Quality Policy","og_description":"\ufeffPol\u00edtica de Qualitat \u00c9s pol\u00edtica de FILTO PROFILS per a la Fabricaci\u00f3 i venda de perfils de llaut\u00f3 el satisfer les expectatives i necessitats dels nostres Clients mantenint i millorant la qualitat dels nostres productes i serveis prestats. En s\u00edntesi, la Pol\u00edtica de Qualitat de FILTO PROFILES, es basa en els principis seg\u00fcents: Obtenir el [&hellip;]","og_url":"https:\/\/www.filtoprofiles.com\/ca\/quality-policy\/","og_site_name":"Filto Profiles","article_publisher":"https:\/\/www.facebook.com\/filtoprofiles","article_modified_time":"2022-08-26T09:52:29+00:00","og_image":[{"width":2077,"height":447,"url":"https:\/\/www.filtoprofiles.com\/wp-content\/uploads\/2023\/04\/TITOL.jpg","type":"image\/jpeg"}],"twitter_card":"summary_large_image","twitter_misc":{"Temps estimat de lectura":"2 minuts"},"schema":{"@context":"https:\/\/schema.org","@graph":[{"@type":"WebPage","@id":"https:\/\/www.filtoprofiles.com\/ca\/quality-policy\/","url":"https:\/\/www.filtoprofiles.com\/ca\/quality-policy\/","name":"Quality Policy - Filto Profiles","isPartOf":{"@id":"https:\/\/www.filtoprofiles.com\/#website"},"datePublished":"2022-05-05T07:47:11+00:00","dateModified":"2022-08-26T09:52:29+00:00","breadcrumb":{"@id":"https:\/\/www.filtoprofiles.com\/ca\/quality-policy\/#breadcrumb"},"inLanguage":"ca","potentialAction":[{"@type":"ReadAction","target":["https:\/\/www.filtoprofiles.com\/ca\/quality-policy\/"]}]},{"@type":"BreadcrumbList","@id":"https:\/\/www.filtoprofiles.com\/ca\/quality-policy\/#breadcrumb","itemListElement":[{"@type":"ListItem","position":1,"name":"Home","item":"https:\/\/www.filtoprofiles.com\/ca\/"},{"@type":"ListItem","position":2,"name":"Quality Policy"}]},{"@type":"WebSite","@id":"https:\/\/www.filtoprofiles.com\/#website","url":"https:\/\/www.filtoprofiles.com\/","name":"Filto Profiles","description":"Brass Profiles Producer","publisher":{"@id":"https:\/\/www.filtoprofiles.com\/#organization"},"alternateName":"Filto","potentialAction":[{"@type":"SearchAction","target":{"@type":"EntryPoint","urlTemplate":"https:\/\/www.filtoprofiles.com\/?s={search_term_string}"},"query-input":{"@type":"PropertyValueSpecification","valueRequired":true,"valueName":"search_term_string"}}],"inLanguage":"ca"},{"@type":"Organization","@id":"https:\/\/www.filtoprofiles.com\/#organization","name":"Filto Profiles","alternateName":"Filto","url":"https:\/\/www.filtoprofiles.com\/","logo":{"@type":"ImageObject","inLanguage":"ca","@id":"https:\/\/www.filtoprofiles.com\/#\/schema\/logo\/image\/","url":"https:\/\/www.filtoprofiles.com\/wp-content\/uploads\/2023\/04\/filto-logo.jpg","contentUrl":"https:\/\/www.filtoprofiles.com\/wp-content\/uploads\/2023\/04\/filto-logo.jpg","width":420,"height":420,"caption":"Filto Profiles"},"image":{"@id":"https:\/\/www.filtoprofiles.com\/#\/schema\/logo\/image\/"},"sameAs":["https:\/\/www.facebook.com\/filtoprofiles","https:\/\/www.linkedin.com\/company\/3302369"]}]}},"_links":{"self":[{"href":"https:\/\/www.filtoprofiles.com\/ca\/wp-json\/wp\/v2\/pages\/2791","targetHints":{"allow":["GET"]}}],"collection":[{"href":"https:\/\/www.filtoprofiles.com\/ca\/wp-json\/wp\/v2\/pages"}],"about":[{"href":"https:\/\/www.filtoprofiles.com\/ca\/wp-json\/wp\/v2\/types\/page"}],"author":[{"embeddable":true,"href":"https:\/\/www.filtoprofiles.com\/ca\/wp-json\/wp\/v2\/users\/2"}],"replies":[{"embeddable":true,"href":"https:\/\/www.filtoprofiles.com\/ca\/wp-json\/wp\/v2\/comments?post=2791"}],"version-history":[{"count":3,"href":"https:\/\/www.filtoprofiles.com\/ca\/wp-json\/wp\/v2\/pages\/2791\/revisions"}],"predecessor-version":[{"id":2800,"href":"https:\/\/www.filtoprofiles.com\/ca\/wp-json\/wp\/v2\/pages\/2791\/revisions\/2800"}],"wp:attachment":[{"href":"https:\/\/www.filtoprofiles.com\/ca\/wp-json\/wp\/v2\/media?parent=2791"}],"curies":[{"name":"wp","href":"https:\/\/api.w.org\/{rel}","templated":true}]}}